{"id":2215,"date":"2025-07-07T20:30:01","date_gmt":"2025-07-07T18:30:01","guid":{"rendered":"https:\/\/ellypara.com\/?post_type=product&#038;p=2215"},"modified":"2025-07-07T20:30:29","modified_gmt":"2025-07-07T18:30:29","slug":"la-roche-posay-anthelios-uvmune-400-creme-hydratante-teintee-spf50-50mleau-thermale-50ml-offert","status":"publish","type":"product","link":"https:\/\/ellypara.com\/index.php\/produit\/la-roche-posay-anthelios-uvmune-400-creme-hydratante-teintee-spf50-50mleau-thermale-50ml-offert\/","title":{"rendered":"LA ROCHE POSAY ANTHELIOS UVMUNE 400 CREME HYDRATANTE TEINTEE SPF50+ 50ML+EAU THERMALE 50ML (OFFERT)"},"content":{"rendered":"<p style=\"font-weight: 400;\"><b><strong>Description :<\/strong><\/b><\/p>\n<p style=\"font-weight: 400;\">Cr\u00e8me solaire hydratante teint\u00e9e avec parfum tr\u00e8s haute protection, non grasse et hypoallerg\u00e9nique.<\/p>\n<p style=\"font-weight: 400;\">La Cr\u00e8me Solaire Hydratante Teint\u00e9e avec parfum Tr\u00e8s Haute Protection SPF50+ Anthelios de La Roche Posay contient un nouveau filtre UV Mexoryl 400 issu d&#8217;une innovation scientifique, qui renforce la protection contre les UV les plus insidieux, aussi appel\u00e9s UVA ultra-longs. Parce qu&#8217;ils sont imperceptibles et dommageables, ces UV impactent la peau toute l&#8217;ann\u00e9e.<\/p>\n<p style=\"font-weight: 400;\">Cette cr\u00e8me solaire ultra-r\u00e9sistante \u00e0 l&#8217;eau, \u00e0 la transpiration et au sable, invisible et haute tol\u00e9rance, vient prot\u00e9ger efficacement la peau, m\u00eame sensible et r\u00e9active, et prot\u00e8ge des dommages cellulaires profonds.<\/p>\n<p style=\"font-weight: 400;\">Facile \u00e0 appliquer, elle fond sur la peau comme un voile de douceur et laisse celle-ci confortable et hydrat\u00e9e.<\/p>\n<p style=\"font-weight: 400;\">Sa texture l\u00e9g\u00e8rement teint\u00e9e permet d&#8217;unifier le teint et de lui donner un effet naturel bonne mine.<\/p>\n<p style=\"font-weight: 400;\">Cette cr\u00e8me convient aux peaux sensibles et intol\u00e9rantes au soleil.<\/p>\n<p style=\"font-weight: 400;\"><b><strong>Conseils D\u2019utilisation\u00a0:<\/strong><\/b><\/p>\n<p style=\"font-weight: 400;\">Quand appliquer la cr\u00e8me solaire visage hydratante SPF50+ avec parfum Anthelios UVMUNE 400 Teint\u00e9e de La Roche-Posay ?<\/p>\n<p style=\"font-weight: 400;\">Appliquer 30 minutes avant l&#8217;exposition solaire. Renouveler l&#8217;application toutes les 2 heures et apr\u00e8s chaque baignade.<\/p>\n<p style=\"font-weight: 400;\">Comment appliquer la cr\u00e8me solaire visage hydratante tr\u00e8s haute protection SPF50+ peaux sensibles et s\u00e8ches Anthelios UVMUNE 400 Teint\u00e9e de La Roche-Posay ?<\/p>\n<p style=\"font-weight: 400;\">Appliquer sur tout le visage, du haut du front jusqu&#8217;au bas du menton. Ne pas appliquer sur les yeux. \u00c9taler jusqu&#8217;\u00e0 ce qu&#8217;il n&#8217;y ait plus de traces blanches. Ne pas exposer les enfants de moins de 3 ans. \u00c9viter les heures d&#8217;ensoleillement les plus chaudes, entre 12h et 16h.<\/p>\n<p style=\"font-weight: 400;\"><b><strong>Composition\u00a0:<\/strong><\/b><\/p>\n<p style=\"font-weight: 400;\">885761 1 &#8211; INGREDIENTS: AQUA \/ WATER \/ EAU \u2022 DIISOPROPYL SEBACATE \u2022 ALCOHOL DENAT. \u2022 ETHYLHEXYL SALICYLATE \u2022 ETHYLHEXYL TRIAZONE \u2022 BIS-ETHYLHEXYLOXYPHENOL METHOXYPHENYL TRIAZINE \u2022 DIISOPROPYL ADIPATE \u2022 PEG-8 \u2022 DIPROPYLENE GLYCOL \u2022 C12-22 ALKYL ACRYLATE\/HYDROXYETHYLACRYLATE COPOLYMER \u2022 GLYCERIN \u2022 DROMETRIZOLE TRISILOXANE \u2022 ALUMINUM STARCH OCTENYLSUCCINATE \u2022 BUTYL METHOXYDIBENZOYLMETHANE \u2022 METHOXYPROPYLAMINO CYCLOHEXENYLIDENE ETHOXYETHYLCYANOACETATE \u2022 SILICA \u2022 TOCOPHEROL \u2022 DIETHYLAMINO HYDROXYBENZOYL HEXYL BENZOATE \u2022 ACRYLATES COPOLYMER \u2022 ACRYLATES\/C10-30 ALKYL ACRYLATE CROSSPOLYMER \u2022 CAPRYLYL GLYCOL \u2022 HYDROXYACETOPHENONE \u2022 PENTAERYTHRITYL TETRA-DI-T-BUTYL HYDROXYHYDROCINNAMATE \u2022 SODIUM POLYACRYLATE \u2022 TEREPHTHALYLIDENE DICAMPHOR SULFONIC ACID \u2022 TRIETHANOLAMINE \u2022 TRISODIUM ETHYLENEDIAMINE DISUCCINATE \u2022 PARFUM \/ FRAGRANCE (F.I.L. N283516\/1).<\/p>\n","protected":false},"excerpt":{"rendered":"<p style=\"font-weight: 400;\">Cr\u00e8me solaire hydratante teint\u00e9e avec parfum tr\u00e8s haute protection, non grasse et hypoallerg\u00e9nique.<\/p>\n<p style=\"font-weight: 400;\">La Cr\u00e8me Solaire Hydratante Teint\u00e9e avec parfum Tr\u00e8s Haute Protection SPF50+ Anthelios de La Roche Posay contient un nouveau filtre UV Mexoryl 400 issu d&#8217;une innovation scientifique, qui renforce la protection contre les UV les plus insidieux, aussi appel\u00e9s UVA ultra-longs. Parce qu&#8217;ils sont imperceptibles et dommageables, ces UV impactent la peau toute l&#8217;ann\u00e9e.<\/p>\n","protected":false},"featured_media":2216,"comment_status":"open","ping_status":"closed","template":"","meta":{"ocean_post_layout":"","ocean_both_sidebars_style":"","ocean_both_sidebars_content_width":0,"ocean_both_sidebars_sidebars_width":0,"ocean_sidebar":"0","ocean_second_sidebar":"0","ocean_disable_margins":"enable","ocean_add_body_class":"","ocean_shortcode_before_top_bar":"","ocean_shortcode_after_top_bar":"","ocean_shortcode_before_header":"","ocean_shortcode_after_header":"","ocean_has_shortcode":"","ocean_shortcode_after_title":"","ocean_shortcode_before_footer_widgets":"","ocean_shortcode_after_footer_widgets":"","ocean_shortcode_before_footer_bottom":"","ocean_shortcode_after_footer_bottom":"","ocean_display_top_bar":"default","ocean_display_header":"default","ocean_header_style":"","ocean_center_header_left_menu":"0","ocean_custom_header_template":"0","ocean_custom_logo":0,"ocean_custom_retina_logo":0,"ocean_custom_logo_max_width":0,"ocean_custom_logo_tablet_max_width":0,"ocean_custom_logo_mobile_max_width":0,"ocean_custom_logo_max_height":0,"ocean_custom_logo_tablet_max_height":0,"ocean_custom_logo_mobile_max_height":0,"ocean_header_custom_menu":"0","ocean_menu_typo_font_family":"0","ocean_menu_typo_font_subset":"","ocean_menu_typo_font_size":0,"ocean_menu_typo_font_size_tablet":0,"ocean_menu_typo_font_size_mobile":0,"ocean_menu_typo_font_size_unit":"px","ocean_menu_typo_font_weight":"","ocean_menu_typo_font_weight_tablet":"","ocean_menu_typo_font_weight_mobile":"","ocean_menu_typo_transform":"","ocean_menu_typo_transform_tablet":"","ocean_menu_typo_transform_mobile":"","ocean_menu_typo_line_height":0,"ocean_menu_typo_line_height_tablet":0,"ocean_menu_typo_line_height_mobile":0,"ocean_menu_typo_line_height_unit":"","ocean_menu_typo_spacing":0,"ocean_menu_typo_spacing_tablet":0,"ocean_menu_typo_spacing_mobile":0,"ocean_menu_typo_spacing_unit":"","ocean_menu_link_color":"","ocean_menu_link_color_hover":"","ocean_menu_link_color_active":"","ocean_menu_link_background":"","ocean_menu_link_hover_background":"","ocean_menu_link_active_background":"","ocean_menu_social_links_bg":"","ocean_menu_social_hover_links_bg":"","ocean_menu_social_links_color":"","ocean_menu_social_hover_links_color":"","ocean_disable_title":"default","ocean_disable_heading":"default","ocean_post_title":"","ocean_post_subheading":"","ocean_post_title_style":"","ocean_post_title_background_color":"","ocean_post_title_background":0,"ocean_post_title_bg_image_position":"","ocean_post_title_bg_image_attachment":"","ocean_post_title_bg_image_repeat":"","ocean_post_title_bg_image_size":"","ocean_post_title_height":0,"ocean_post_title_bg_overlay":0.5,"ocean_post_title_bg_overlay_color":"","ocean_disable_breadcrumbs":"default","ocean_breadcrumbs_color":"","ocean_breadcrumbs_separator_color":"","ocean_breadcrumbs_links_color":"","ocean_breadcrumbs_links_hover_color":"","ocean_display_footer_widgets":"default","ocean_display_footer_bottom":"default","ocean_custom_footer_template":"0"},"product_brand":[],"product_cat":[71,20],"product_tag":[],"class_list":{"0":"post-2215","1":"product","2":"type-product","3":"status-publish","4":"has-post-thumbnail","6":"product_cat-cremes-solaires","7":"product_cat-solaire","9":"entry","10":"has-media","12":"first","13":"instock","14":"taxable","15":"shipping-taxable","16":"purchasable","17":"product-type-simple","18":"has-product-nav","19":"col","20":"span_1_of_3","21":"owp-content-center","22":"owp-thumbs-layout-horizontal","23":"owp-btn-normal","24":"owp-tabs-layout-horizontal","25":"has-no-thumbnails"},"_links":{"self":[{"href":"https:\/\/ellypara.com\/index.php\/wp-json\/wp\/v2\/product\/2215","targetHints":{"allow":["GET"]}}],"collection":[{"href":"https:\/\/ellypara.com\/index.php\/wp-json\/wp\/v2\/product"}],"about":[{"href":"https:\/\/ellypara.com\/index.php\/wp-json\/wp\/v2\/types\/product"}],"replies":[{"embeddable":true,"href":"https:\/\/ellypara.com\/index.php\/wp-json\/wp\/v2\/comments?post=2215"}],"wp:featuredmedia":[{"embeddable":true,"href":"https:\/\/ellypara.com\/index.php\/wp-json\/wp\/v2\/media\/2216"}],"wp:attachment":[{"href":"https:\/\/ellypara.com\/index.php\/wp-json\/wp\/v2\/media?parent=2215"}],"wp:term":[{"taxonomy":"product_brand","embeddable":true,"href":"https:\/\/ellypara.com\/index.php\/wp-json\/wp\/v2\/product_brand?post=2215"},{"taxonomy":"product_cat","embeddable":true,"href":"https:\/\/ellypara.com\/index.php\/wp-json\/wp\/v2\/product_cat?post=2215"},{"taxonomy":"product_tag","embeddable":true,"href":"https:\/\/ellypara.com\/index.php\/wp-json\/wp\/v2\/product_tag?post=2215"}],"curies":[{"name":"wp","href":"https:\/\/api.w.org\/{rel}","templated":true}]}}