{"id":2217,"date":"2025-07-07T20:46:17","date_gmt":"2025-07-07T18:46:17","guid":{"rendered":"https:\/\/ellypara.com\/?post_type=product&#038;p=2217"},"modified":"2025-07-07T20:46:18","modified_gmt":"2025-07-07T18:46:18","slug":"la-roche-posay-anthelios-uvmune-400-oil-control-fluide-solaire-ecran-spf50-50ml","status":"publish","type":"product","link":"https:\/\/ellypara.com\/index.php\/produit\/la-roche-posay-anthelios-uvmune-400-oil-control-fluide-solaire-ecran-spf50-50ml\/","title":{"rendered":"La Roche-posay Anthelios Uvmune 400 Oil Control Fluide Solaire Ecran Spf50+ 50ml"},"content":{"rendered":"<p>Le fluide solaire\u00a0<strong>Anthelios UVMune 400 Oil Control<\/strong>\u00a0est une innovation du laboratoire La Roche-Posay. Ce solaire offre une action anti-brillance et s&#8217;adresse principalement aux peaux mixtes \u00e0 grasses, m\u00eame sensibles. Con\u00e7u pour prot\u00e9ger du soleil les peaux sujettes aux brillances, le fluide UVMune 400 Oil Control SPF 50+ garantit une tr\u00e8s haute protection solaire, y compris en cas d&#8217;ensoleillement extr\u00eame. Il permet \u00e9galement de limiter les brillances gr\u00e2ce \u00e0 son effet matifiant 12 heures. Au coeur de la formule de ce fluide solaire, on retrouve le Mexoryl 400, une innovation scientifique qui assure une protection \u00e0 large spectre contre les UVB, les UVA et les UVA ultra-longs. Ainsi, la peau est pr\u00e9serv\u00e9e des coups de soleil, des br\u00fblures, des dommages cellulaires profonds et du vieillissement cutan\u00e9. Le fluide Anthelios UVMune 400 Oil Control dispose d&#8217;une formule enrichie en eau thermale de La Roche-Posay, r\u00e9put\u00e9e pour ses propri\u00e9t\u00e9s anti-irritantes et antioxydantes. Il contient \u00e9galement de la silice et de la perlite qui contribuent \u00e0 absorber l&#8217;exc\u00e8s de s\u00e9bum et donc \u00e0 neutraliser les brillances. Le zinc apporte ses vertus assainissantes et purifiantes pour pr\u00e9venir les imperfections. On retrouve aussi de la glyc\u00e9rine, pour le maintien de l&#8217;hydratation, et de l&#8217;extrait de graines de roucou, choisi pour son effet antioxydant. Dot\u00e9 d&#8217;une texture ultra-l\u00e9g\u00e8re, le fluide Anthelios UVMune 400 Oil Control b\u00e9n\u00e9ficie de la technologie Netlock qui garantit une excellente r\u00e9sistance \u00e0 l&#8217;eau, \u00e0 la transpiration et au sable. Il n&#8217;engendre aucun picotement oculaire, ne laisse aucune trace blanche, offre un fini non gras et un effet peau nue.<strong>\u00a0En Cadeau : Eau Thermale Spray 50ML<\/strong><\/p>\n","protected":false},"excerpt":{"rendered":"<ul>\n<li><strong>le fluide solaire<\/strong> <strong>Anthelios UVMune 400 Oil Control spf 50+<\/strong><\/li>\n<li><strong>En Cadeau : Eau Thermale Spray 50ML<\/strong><\/li>\n<\/ul>\n","protected":false},"featured_media":2218,"comment_status":"open","ping_status":"closed","template":"","meta":{"ocean_post_layout":"","ocean_both_sidebars_style":"","ocean_both_sidebars_content_width":0,"ocean_both_sidebars_sidebars_width":0,"ocean_sidebar":"0","ocean_second_sidebar":"0","ocean_disable_margins":"enable","ocean_add_body_class":"","ocean_shortcode_before_top_bar":"","ocean_shortcode_after_top_bar":"","ocean_shortcode_before_header":"","ocean_shortcode_after_header":"","ocean_has_shortcode":"","ocean_shortcode_after_title":"","ocean_shortcode_before_footer_widgets":"","ocean_shortcode_after_footer_widgets":"","ocean_shortcode_before_footer_bottom":"","ocean_shortcode_after_footer_bottom":"","ocean_display_top_bar":"default","ocean_display_header":"default","ocean_header_style":"","ocean_center_header_left_menu":"0","ocean_custom_header_template":"0","ocean_custom_logo":0,"ocean_custom_retina_logo":0,"ocean_custom_logo_max_width":0,"ocean_custom_logo_tablet_max_width":0,"ocean_custom_logo_mobile_max_width":0,"ocean_custom_logo_max_height":0,"ocean_custom_logo_tablet_max_height":0,"ocean_custom_logo_mobile_max_height":0,"ocean_header_custom_menu":"0","ocean_menu_typo_font_family":"0","ocean_menu_typo_font_subset":"","ocean_menu_typo_font_size":0,"ocean_menu_typo_font_size_tablet":0,"ocean_menu_typo_font_size_mobile":0,"ocean_menu_typo_font_size_unit":"px","ocean_menu_typo_font_weight":"","ocean_menu_typo_font_weight_tablet":"","ocean_menu_typo_font_weight_mobile":"","ocean_menu_typo_transform":"","ocean_menu_typo_transform_tablet":"","ocean_menu_typo_transform_mobile":"","ocean_menu_typo_line_height":0,"ocean_menu_typo_line_height_tablet":0,"ocean_menu_typo_line_height_mobile":0,"ocean_menu_typo_line_height_unit":"","ocean_menu_typo_spacing":0,"ocean_menu_typo_spacing_tablet":0,"ocean_menu_typo_spacing_mobile":0,"ocean_menu_typo_spacing_unit":"","ocean_menu_link_color":"","ocean_menu_link_color_hover":"","ocean_menu_link_color_active":"","ocean_menu_link_background":"","ocean_menu_link_hover_background":"","ocean_menu_link_active_background":"","ocean_menu_social_links_bg":"","ocean_menu_social_hover_links_bg":"","ocean_menu_social_links_color":"","ocean_menu_social_hover_links_color":"","ocean_disable_title":"default","ocean_disable_heading":"default","ocean_post_title":"","ocean_post_subheading":"","ocean_post_title_style":"","ocean_post_title_background_color":"","ocean_post_title_background":0,"ocean_post_title_bg_image_position":"","ocean_post_title_bg_image_attachment":"","ocean_post_title_bg_image_repeat":"","ocean_post_title_bg_image_size":"","ocean_post_title_height":0,"ocean_post_title_bg_overlay":0.5,"ocean_post_title_bg_overlay_color":"","ocean_disable_breadcrumbs":"default","ocean_breadcrumbs_color":"","ocean_breadcrumbs_separator_color":"","ocean_breadcrumbs_links_color":"","ocean_breadcrumbs_links_hover_color":"","ocean_display_footer_widgets":"default","ocean_display_footer_bottom":"default","ocean_custom_footer_template":"0"},"product_brand":[],"product_cat":[37,21],"product_tag":[],"class_list":{"0":"post-2217","1":"product","2":"type-product","3":"status-publish","4":"has-post-thumbnail","6":"product_cat-soins-peau-grasse","7":"product_cat-visage","9":"entry","10":"has-media","12":"first","13":"instock","14":"taxable","15":"shipping-taxable","16":"purchasable","17":"product-type-simple","18":"has-product-nav","19":"col","20":"span_1_of_3","21":"owp-content-center","22":"owp-thumbs-layout-horizontal","23":"owp-btn-normal","24":"owp-tabs-layout-horizontal","25":"has-no-thumbnails"},"_links":{"self":[{"href":"https:\/\/ellypara.com\/index.php\/wp-json\/wp\/v2\/product\/2217","targetHints":{"allow":["GET"]}}],"collection":[{"href":"https:\/\/ellypara.com\/index.php\/wp-json\/wp\/v2\/product"}],"about":[{"href":"https:\/\/ellypara.com\/index.php\/wp-json\/wp\/v2\/types\/product"}],"replies":[{"embeddable":true,"href":"https:\/\/ellypara.com\/index.php\/wp-json\/wp\/v2\/comments?post=2217"}],"wp:featuredmedia":[{"embeddable":true,"href":"https:\/\/ellypara.com\/index.php\/wp-json\/wp\/v2\/media\/2218"}],"wp:attachment":[{"href":"https:\/\/ellypara.com\/index.php\/wp-json\/wp\/v2\/media?parent=2217"}],"wp:term":[{"taxonomy":"product_brand","embeddable":true,"href":"https:\/\/ellypara.com\/index.php\/wp-json\/wp\/v2\/product_brand?post=2217"},{"taxonomy":"product_cat","embeddable":true,"href":"https:\/\/ellypara.com\/index.php\/wp-json\/wp\/v2\/product_cat?post=2217"},{"taxonomy":"product_tag","embeddable":true,"href":"https:\/\/ellypara.com\/index.php\/wp-json\/wp\/v2\/product_tag?post=2217"}],"curies":[{"name":"wp","href":"https:\/\/api.w.org\/{rel}","templated":true}]}}