{"id":2231,"date":"2025-07-08T13:29:57","date_gmt":"2025-07-08T11:29:57","guid":{"rendered":"https:\/\/ellypara.com\/?post_type=product&#038;p=2231"},"modified":"2025-07-08T13:29:58","modified_gmt":"2025-07-08T11:29:58","slug":"daylong-actinica-lotion-80ml","status":"publish","type":"product","link":"https:\/\/ellypara.com\/index.php\/produit\/daylong-actinica-lotion-80ml\/","title":{"rendered":"DAYLONG Actinica Lotion 80ml"},"content":{"rendered":"<p><strong>Actinica Lotion Tr\u00e8s Haute Protection 80g<\/strong><\/p>\n<p><strong>Actinica Lotion<\/strong>\u00a0pr\u00e9vient des diff\u00e9rentes forme de cancer de la peau (non m\u00e9lanome) chez un patient \u00e0 risque (immunosupprim\u00e9). L\u2019efficacit\u00e9 de cette lotion a \u00e9t\u00e9 cliniquement prouv\u00e9 pour pr\u00e9venir des k\u00e9ratoses actiniques et des carcinomes \u00e9pidermo\u00efdes. Elle peut s\u2019appliquer sur le visage, le cou, le cuir chevelu, le d\u00e9collet\u00e9, l\u2019avant-bras, le dos de la main.<\/p>\n<p>C\u2019est une tr\u00e8s haute protection solaire et un dispositif m\u00e9dical qui permet \u00e9galement, en plus de la prot\u00e9ger, d\u2019hydrater votre peau.<\/p>\n<p><strong>Cette protection solaire intervient :<\/strong><\/p>\n<p>pour pr\u00e9venir des k\u00e9ratoses actiniques et des cancers non-m\u00e9lanome chez les sujets \u00e0 risque<br \/>\npour pr\u00e9venir les allergies au soleil<br \/>\nElle contient des filtres solaires UVA et UVB hautement photostables qui r\u00e9sistent \u00e0 l\u2019eau.<\/p>\n<p>Cette lotion est formul\u00e9e sans parfum, sans PEG et est haute tol\u00e9rance.<br \/>\nActinica Lotion est tr\u00e8s bien tol\u00e9r\u00e9e m\u00eame par les peaux les plus intol\u00e9rantes au soleil et prot\u00e8ge des rayons UVA et UVB.<\/p>\n<p>Son plus ? Sa texture fluide et facile \u00e0 \u00e9taler.<\/p>\n<p><strong>Indications :<\/strong><\/p>\n<p>Lotion pour pr\u00e9venir les diff\u00e9rentes formes de cancer de la peau chez les patients \u00e0 risque (immunosupprim\u00e9s)<\/p>\n<p>Visage &amp; Corps .<\/p>\n<p>Tr\u00e8s haute protection contre les UVB et UVA SPF 50+<\/p>\n<p><strong>Conseils d\u2019utilisation :<\/strong><\/p>\n<p>Toute l\u2019ann\u00e9e et chaque matin, appliquer g\u00e9n\u00e9reusement cette lotion sur les parties d\u00e9couvertes du corps.<\/p>\n<p>Ne pas s\u2019exposer directement au soleil. Il est tr\u00e8s important de porter des v\u00eatements protecteurs.<\/p>\n<p>En cas de contact prolong\u00e9 avec l\u2019eau ou lors de forte transpiration renouveler l\u2019application.<\/p>\n<p><strong>Composition :<\/strong><\/p>\n<p>Bis Ethylhexyloxyphenol Methoxyphenyl Triazine, Ethylhexyl Triazone, Isoamyl p-Methoxycinnamate, Ethylhexyl Methoxycinnamate, Methylene Bis-Benzotriazoyl Tetramethylbutylphenol, Butyl Methoxydibenzoylmethane, Propylparaben, Methylparaben, Excipient.<\/p>\n<p><strong>Conditionnement :<\/strong><\/p>\n<p>1 tube de 80g<\/p>\n","protected":false},"excerpt":{"rendered":"<p>Actinica Lotion SPF50+\u00a0est un dispositif m\u00e9dical pour la pr\u00e9vention de diff\u00e9rentes formes du cancer de la peau non m\u00e9lanome chez les patients \u00e0 risque (immunosupprim\u00e9s).<\/p>\n","protected":false},"featured_media":2232,"comment_status":"open","ping_status":"closed","template":"","meta":{"ocean_post_layout":"","ocean_both_sidebars_style":"","ocean_both_sidebars_content_width":0,"ocean_both_sidebars_sidebars_width":0,"ocean_sidebar":"0","ocean_second_sidebar":"0","ocean_disable_margins":"enable","ocean_add_body_class":"","ocean_shortcode_before_top_bar":"","ocean_shortcode_after_top_bar":"","ocean_shortcode_before_header":"","ocean_shortcode_after_header":"","ocean_has_shortcode":"","ocean_shortcode_after_title":"","ocean_shortcode_before_footer_widgets":"","ocean_shortcode_after_footer_widgets":"","ocean_shortcode_before_footer_bottom":"","ocean_shortcode_after_footer_bottom":"","ocean_display_top_bar":"default","ocean_display_header":"default","ocean_header_style":"","ocean_center_header_left_menu":"0","ocean_custom_header_template":"0","ocean_custom_logo":0,"ocean_custom_retina_logo":0,"ocean_custom_logo_max_width":0,"ocean_custom_logo_tablet_max_width":0,"ocean_custom_logo_mobile_max_width":0,"ocean_custom_logo_max_height":0,"ocean_custom_logo_tablet_max_height":0,"ocean_custom_logo_mobile_max_height":0,"ocean_header_custom_menu":"0","ocean_menu_typo_font_family":"0","ocean_menu_typo_font_subset":"","ocean_menu_typo_font_size":0,"ocean_menu_typo_font_size_tablet":0,"ocean_menu_typo_font_size_mobile":0,"ocean_menu_typo_font_size_unit":"px","ocean_menu_typo_font_weight":"","ocean_menu_typo_font_weight_tablet":"","ocean_menu_typo_font_weight_mobile":"","ocean_menu_typo_transform":"","ocean_menu_typo_transform_tablet":"","ocean_menu_typo_transform_mobile":"","ocean_menu_typo_line_height":0,"ocean_menu_typo_line_height_tablet":0,"ocean_menu_typo_line_height_mobile":0,"ocean_menu_typo_line_height_unit":"","ocean_menu_typo_spacing":0,"ocean_menu_typo_spacing_tablet":0,"ocean_menu_typo_spacing_mobile":0,"ocean_menu_typo_spacing_unit":"","ocean_menu_link_color":"","ocean_menu_link_color_hover":"","ocean_menu_link_color_active":"","ocean_menu_link_background":"","ocean_menu_link_hover_background":"","ocean_menu_link_active_background":"","ocean_menu_social_links_bg":"","ocean_menu_social_hover_links_bg":"","ocean_menu_social_links_color":"","ocean_menu_social_hover_links_color":"","ocean_disable_title":"default","ocean_disable_heading":"default","ocean_post_title":"","ocean_post_subheading":"","ocean_post_title_style":"","ocean_post_title_background_color":"","ocean_post_title_background":0,"ocean_post_title_bg_image_position":"","ocean_post_title_bg_image_attachment":"","ocean_post_title_bg_image_repeat":"","ocean_post_title_bg_image_size":"","ocean_post_title_height":0,"ocean_post_title_bg_overlay":0.5,"ocean_post_title_bg_overlay_color":"","ocean_disable_breadcrumbs":"default","ocean_breadcrumbs_color":"","ocean_breadcrumbs_separator_color":"","ocean_breadcrumbs_links_color":"","ocean_breadcrumbs_links_hover_color":"","ocean_display_footer_widgets":"default","ocean_display_footer_bottom":"default","ocean_custom_footer_template":"0"},"product_brand":[],"product_cat":[26,71,20],"product_tag":[],"class_list":{"0":"post-2231","1":"product","2":"type-product","3":"status-publish","4":"has-post-thumbnail","6":"product_cat-promo","7":"product_cat-cremes-solaires","8":"product_cat-solaire","10":"entry","11":"has-media","13":"first","14":"instock","15":"sale","16":"taxable","17":"shipping-taxable","18":"purchasable","19":"product-type-simple","20":"has-product-nav","21":"col","22":"span_1_of_3","23":"owp-content-center","24":"owp-thumbs-layout-horizontal","25":"owp-btn-normal","26":"owp-tabs-layout-horizontal"},"_links":{"self":[{"href":"https:\/\/ellypara.com\/index.php\/wp-json\/wp\/v2\/product\/2231","targetHints":{"allow":["GET"]}}],"collection":[{"href":"https:\/\/ellypara.com\/index.php\/wp-json\/wp\/v2\/product"}],"about":[{"href":"https:\/\/ellypara.com\/index.php\/wp-json\/wp\/v2\/types\/product"}],"replies":[{"embeddable":true,"href":"https:\/\/ellypara.com\/index.php\/wp-json\/wp\/v2\/comments?post=2231"}],"wp:featuredmedia":[{"embeddable":true,"href":"https:\/\/ellypara.com\/index.php\/wp-json\/wp\/v2\/media\/2232"}],"wp:attachment":[{"href":"https:\/\/ellypara.com\/index.php\/wp-json\/wp\/v2\/media?parent=2231"}],"wp:term":[{"taxonomy":"product_brand","embeddable":true,"href":"https:\/\/ellypara.com\/index.php\/wp-json\/wp\/v2\/product_brand?post=2231"},{"taxonomy":"product_cat","embeddable":true,"href":"https:\/\/ellypara.com\/index.php\/wp-json\/wp\/v2\/product_cat?post=2231"},{"taxonomy":"product_tag","embeddable":true,"href":"https:\/\/ellypara.com\/index.php\/wp-json\/wp\/v2\/product_tag?post=2231"}],"curies":[{"name":"wp","href":"https:\/\/api.w.org\/{rel}","templated":true}]}}