{"id":2239,"date":"2025-07-08T13:52:14","date_gmt":"2025-07-08T11:52:14","guid":{"rendered":"https:\/\/ellypara.com\/?post_type=product&#038;p=2239"},"modified":"2025-07-08T13:52:14","modified_gmt":"2025-07-08T11:52:14","slug":"beesline-super-dry-jouri-rose-deodorant-roll-on-50ml","status":"publish","type":"product","link":"https:\/\/ellypara.com\/index.php\/produit\/beesline-super-dry-jouri-rose-deodorant-roll-on-50ml\/","title":{"rendered":"Beesline Super Dry Jouri Rose D\u00e9odorant Roll On 50ml"},"content":{"rendered":"<p><strong>Beesline Super Dry Jouri Rose D\u00e9odorant Roll On<\/strong><\/p>\n<p><strong>Prot\u00e8ge et rafra\u00eechit<\/strong><br \/>\nUne formule roll-on s\u00fbre et innovante qui assure 72 heures de protection et une sensation de s\u00e9cheresse et de fra\u00eecheur extr\u00eame. Il combat les mauvaises odeurs, absorbe la transpiration et apaise la peau gr\u00e2ce au parfum de rose.\u00a0<strong>Beesline Super Dry Jouri Rose D\u00e9odorant Roll On<\/strong>\u00a0donne un \u00e9clat instantan\u00e9 \u00e0 la peau fonc\u00e9e des aisselles et l\u2019\u00e9claircit durablement.<\/p>\n<ul>\n<li>Protection contre la transpiration pendant 72 heures.<\/li>\n<li>Soins de la peau parfaits.<\/li>\n<li>Parfum rafra\u00eechissant.<\/li>\n<\/ul>\n<p><strong>Ingr\u00e9dients:<\/strong><\/p>\n<p>Aqua. Alun de potassium. Lactate de sodium. Glyc\u00e9rine. Gomme Xanthane. Acide lactique. Phosphate d\u2019ascorbyle de magn\u00e9sium. Niacinamide. Huile de ricin hydrog\u00e9n\u00e9e PEG-40. Extrait de feuille d\u2019Aloe Barbadensis. Extrait de feuille d\u2019Olea Europaea. Extrait d\u2019herbe de Carum Petroselinum. Parfum. Ph\u00e9noxy\u00e9thanol. C\u00e9ramique de Propolis. EDTA.<\/p>\n","protected":false},"excerpt":{"rendered":"<p><strong>Beesline Super Dry Jouri Rose D\u00e9odorant Roll On\u00a0<\/strong>\u00e0 la formule s\u00fbre et innovante, garantit 72 heures de protection et une sensation ultra-s\u00e8che et fra\u00eeche. Il combat les odeurs d\u00e9sagr\u00e9ables, absorbe la transpiration et apaise la peau, tout en \u00e9claircissant et unifiant sa couleur.<\/p>\n","protected":false},"featured_media":2240,"comment_status":"open","ping_status":"closed","template":"","meta":{"ocean_post_layout":"","ocean_both_sidebars_style":"","ocean_both_sidebars_content_width":0,"ocean_both_sidebars_sidebars_width":0,"ocean_sidebar":"0","ocean_second_sidebar":"0","ocean_disable_margins":"enable","ocean_add_body_class":"","ocean_shortcode_before_top_bar":"","ocean_shortcode_after_top_bar":"","ocean_shortcode_before_header":"","ocean_shortcode_after_header":"","ocean_has_shortcode":"","ocean_shortcode_after_title":"","ocean_shortcode_before_footer_widgets":"","ocean_shortcode_after_footer_widgets":"","ocean_shortcode_before_footer_bottom":"","ocean_shortcode_after_footer_bottom":"","ocean_display_top_bar":"default","ocean_display_header":"default","ocean_header_style":"","ocean_center_header_left_menu":"0","ocean_custom_header_template":"0","ocean_custom_logo":0,"ocean_custom_retina_logo":0,"ocean_custom_logo_max_width":0,"ocean_custom_logo_tablet_max_width":0,"ocean_custom_logo_mobile_max_width":0,"ocean_custom_logo_max_height":0,"ocean_custom_logo_tablet_max_height":0,"ocean_custom_logo_mobile_max_height":0,"ocean_header_custom_menu":"0","ocean_menu_typo_font_family":"0","ocean_menu_typo_font_subset":"","ocean_menu_typo_font_size":0,"ocean_menu_typo_font_size_tablet":0,"ocean_menu_typo_font_size_mobile":0,"ocean_menu_typo_font_size_unit":"px","ocean_menu_typo_font_weight":"","ocean_menu_typo_font_weight_tablet":"","ocean_menu_typo_font_weight_mobile":"","ocean_menu_typo_transform":"","ocean_menu_typo_transform_tablet":"","ocean_menu_typo_transform_mobile":"","ocean_menu_typo_line_height":0,"ocean_menu_typo_line_height_tablet":0,"ocean_menu_typo_line_height_mobile":0,"ocean_menu_typo_line_height_unit":"","ocean_menu_typo_spacing":0,"ocean_menu_typo_spacing_tablet":0,"ocean_menu_typo_spacing_mobile":0,"ocean_menu_typo_spacing_unit":"","ocean_menu_link_color":"","ocean_menu_link_color_hover":"","ocean_menu_link_color_active":"","ocean_menu_link_background":"","ocean_menu_link_hover_background":"","ocean_menu_link_active_background":"","ocean_menu_social_links_bg":"","ocean_menu_social_hover_links_bg":"","ocean_menu_social_links_color":"","ocean_menu_social_hover_links_color":"","ocean_disable_title":"default","ocean_disable_heading":"default","ocean_post_title":"","ocean_post_subheading":"","ocean_post_title_style":"","ocean_post_title_background_color":"","ocean_post_title_background":0,"ocean_post_title_bg_image_position":"","ocean_post_title_bg_image_attachment":"","ocean_post_title_bg_image_repeat":"","ocean_post_title_bg_image_size":"","ocean_post_title_height":0,"ocean_post_title_bg_overlay":0.5,"ocean_post_title_bg_overlay_color":"","ocean_disable_breadcrumbs":"default","ocean_breadcrumbs_color":"","ocean_breadcrumbs_separator_color":"","ocean_breadcrumbs_links_color":"","ocean_breadcrumbs_links_hover_color":"","ocean_display_footer_widgets":"default","ocean_display_footer_bottom":"default","ocean_custom_footer_template":"0"},"product_brand":[],"product_cat":[86,44],"product_tag":[],"class_list":{"0":"post-2239","1":"product","2":"type-product","3":"status-publish","4":"has-post-thumbnail","6":"product_cat-deodorants-et-anti-transpirants","7":"product_cat-hygiene","9":"entry","10":"has-media","12":"first","13":"instock","14":"taxable","15":"shipping-taxable","16":"purchasable","17":"product-type-simple","18":"has-product-nav","19":"col","20":"span_1_of_3","21":"owp-content-center","22":"owp-thumbs-layout-horizontal","23":"owp-btn-normal","24":"owp-tabs-layout-horizontal","25":"has-no-thumbnails"},"_links":{"self":[{"href":"https:\/\/ellypara.com\/index.php\/wp-json\/wp\/v2\/product\/2239","targetHints":{"allow":["GET"]}}],"collection":[{"href":"https:\/\/ellypara.com\/index.php\/wp-json\/wp\/v2\/product"}],"about":[{"href":"https:\/\/ellypara.com\/index.php\/wp-json\/wp\/v2\/types\/product"}],"replies":[{"embeddable":true,"href":"https:\/\/ellypara.com\/index.php\/wp-json\/wp\/v2\/comments?post=2239"}],"wp:featuredmedia":[{"embeddable":true,"href":"https:\/\/ellypara.com\/index.php\/wp-json\/wp\/v2\/media\/2240"}],"wp:attachment":[{"href":"https:\/\/ellypara.com\/index.php\/wp-json\/wp\/v2\/media?parent=2239"}],"wp:term":[{"taxonomy":"product_brand","embeddable":true,"href":"https:\/\/ellypara.com\/index.php\/wp-json\/wp\/v2\/product_brand?post=2239"},{"taxonomy":"product_cat","embeddable":true,"href":"https:\/\/ellypara.com\/index.php\/wp-json\/wp\/v2\/product_cat?post=2239"},{"taxonomy":"product_tag","embeddable":true,"href":"https:\/\/ellypara.com\/index.php\/wp-json\/wp\/v2\/product_tag?post=2239"}],"curies":[{"name":"wp","href":"https:\/\/api.w.org\/{rel}","templated":true}]}}