{"id":2242,"date":"2025-07-08T13:58:48","date_gmt":"2025-07-08T11:58:48","guid":{"rendered":"https:\/\/ellypara.com\/?post_type=product&#038;p=2242"},"modified":"2025-07-08T13:58:48","modified_gmt":"2025-07-08T11:58:48","slug":"beesline-super-dry-poudre-deodorant-doux-roll-on-50ml","status":"publish","type":"product","link":"https:\/\/ellypara.com\/index.php\/produit\/beesline-super-dry-poudre-deodorant-doux-roll-on-50ml\/","title":{"rendered":"Beesline Super Dry Poudre D\u00e9odorant Doux Roll On 50ml"},"content":{"rendered":"<p><strong>Beesline Super Dry Poudre D\u00e9odorant Doux Roll On<\/strong><\/p>\n<p>Un antisudorifique innovant, s\u00fbr et tr\u00e8s efficace pendant 72 heures, sans chlorhydrate d\u2019aluminium. \u064bNotre formule agit pour combattre les odeurs corporelles, r\u00e9duire la transpiration, apaiser les aisselles et estomper les taches brunes. Avec un doux parfum poudr\u00e9.<\/p>\n<p><strong>Pourquoi est-ce sp\u00e9cial ?<\/strong><\/p>\n<p>Formule naturelle \u00e0 base de pierre d\u2019alun, de vitamine C, de propolis et d\u2019aloe vera<br \/>\nTr\u00e8s efficace avec jusqu\u2019\u00e0 72 heures de protection anti-transpirante<br \/>\nCon\u00e7u pour estomper les taches brunes et unifier le teint<br \/>\nAu doux parfum poudr\u00e9<br \/>\n0 % de chlorhydrate d\u2019aluminium, 0 % de parab\u00e8nes et s\u00fbr \u00e0 utiliser<br \/>\nS\u00e9chage rapide, non collant et ne tache pas<\/p>\n<p><strong>Comment utiliser<\/strong><\/p>\n<p>Utiliser quotidiennement.<br \/>\nAppliquer une fine couche sur une peau propre et s\u00e8che.<br \/>\nR\u00e9appliquer apr\u00e8s une activit\u00e9 physique intense ou un bain.<\/p>\n<p><strong>Ingr\u00e9dients actifs<\/strong><\/p>\n<p>Alum Rock\ud83c\udf31<br \/>\n(potassium alun) est un min\u00e9ral naturel qui poss\u00e8de des propri\u00e9t\u00e9s antimicrobiennes, ce qui le rend efficace pour pr\u00e9venir les odeurs corporelles. Il aide \u00e9galement \u00e0 r\u00e9guler la production de sueur sans obstruer les pores.<\/p>\n<p>L\u2019acide lactique\ud83c\udf31<br \/>\nest un acide alpha-hydroxy (AHA) naturel qui poss\u00e8de des propri\u00e9t\u00e9s anti-inflammatoires qui apaisent et calment la peau irrit\u00e9e, tout en fournissant \u00e9galement une hydratation et des antioxydants pour une peau saine.<\/p>\n<p>La vitamine C\ud83e\uddea<br \/>\n(phosphate d\u2019ascorbyle de magn\u00e9sium) est un puissant antioxydant qui \u00e9claircit et unifie le teint tout en prot\u00e9geant contre les facteurs de stress environnementaux.<\/p>\n<p>La niacinamide \ud83e\uddea<br \/>\nest une forme de vitamine B3 qui am\u00e9liore la texture de la peau et r\u00e9duit l\u2019apparence des taches brunes tout en renfor\u00e7ant la fonction barri\u00e8re de la peau.<\/p>\n<p>L\u2019Aloe Vera \ud83c\udf31<br \/>\n(extrait de feuille d\u2019Aloe Barbadensis) contient des compos\u00e9s naturels qui apaisent et hydratent la peau, ce qui en fait un ingr\u00e9dient efficace pour pr\u00e9venir les irritations et les inflammations.<\/p>\n<p>La Propolis\ud83d\udc1d<br \/>\n(Propolis Cera) est une substance r\u00e9sineuse produite par les abeilles qui poss\u00e8de des propri\u00e9t\u00e9s antibact\u00e9riennes et anti-inflammatoires. Il prot\u00e8ge et apaise la peau.<\/p>\n<p><strong>S\u00e9curit\u00e9 des formulations<\/strong><\/p>\n<p>Sans : chlorhydrate d\u2019aluminium, alcool, parab\u00e8nes, acide kojique, hydroquinone<br \/>\n2 % de mati\u00e8res synth\u00e9tiques s\u00fbres<br \/>\nSans cruaut\u00e9<\/p>\n","protected":false},"excerpt":{"rendered":"<p>Beesline Super Dry Poudre D\u00e9odorant Doux Roll On est un d\u00e9odorant anti-transpirant innovant, s\u00fbr et tr\u00e8s efficace pendant 72 heures, dont il a \u00e9t\u00e9 prouv\u00e9 qu\u2019il procure une sensation super s\u00e8che et une fra\u00eecheur ultime.<\/p>\n","protected":false},"featured_media":2243,"comment_status":"open","ping_status":"closed","template":"","meta":{"ocean_post_layout":"","ocean_both_sidebars_style":"","ocean_both_sidebars_content_width":0,"ocean_both_sidebars_sidebars_width":0,"ocean_sidebar":"0","ocean_second_sidebar":"0","ocean_disable_margins":"enable","ocean_add_body_class":"","ocean_shortcode_before_top_bar":"","ocean_shortcode_after_top_bar":"","ocean_shortcode_before_header":"","ocean_shortcode_after_header":"","ocean_has_shortcode":"","ocean_shortcode_after_title":"","ocean_shortcode_before_footer_widgets":"","ocean_shortcode_after_footer_widgets":"","ocean_shortcode_before_footer_bottom":"","ocean_shortcode_after_footer_bottom":"","ocean_display_top_bar":"default","ocean_display_header":"default","ocean_header_style":"","ocean_center_header_left_menu":"0","ocean_custom_header_template":"0","ocean_custom_logo":0,"ocean_custom_retina_logo":0,"ocean_custom_logo_max_width":0,"ocean_custom_logo_tablet_max_width":0,"ocean_custom_logo_mobile_max_width":0,"ocean_custom_logo_max_height":0,"ocean_custom_logo_tablet_max_height":0,"ocean_custom_logo_mobile_max_height":0,"ocean_header_custom_menu":"0","ocean_menu_typo_font_family":"0","ocean_menu_typo_font_subset":"","ocean_menu_typo_font_size":0,"ocean_menu_typo_font_size_tablet":0,"ocean_menu_typo_font_size_mobile":0,"ocean_menu_typo_font_size_unit":"px","ocean_menu_typo_font_weight":"","ocean_menu_typo_font_weight_tablet":"","ocean_menu_typo_font_weight_mobile":"","ocean_menu_typo_transform":"","ocean_menu_typo_transform_tablet":"","ocean_menu_typo_transform_mobile":"","ocean_menu_typo_line_height":0,"ocean_menu_typo_line_height_tablet":0,"ocean_menu_typo_line_height_mobile":0,"ocean_menu_typo_line_height_unit":"","ocean_menu_typo_spacing":0,"ocean_menu_typo_spacing_tablet":0,"ocean_menu_typo_spacing_mobile":0,"ocean_menu_typo_spacing_unit":"","ocean_menu_link_color":"","ocean_menu_link_color_hover":"","ocean_menu_link_color_active":"","ocean_menu_link_background":"","ocean_menu_link_hover_background":"","ocean_menu_link_active_background":"","ocean_menu_social_links_bg":"","ocean_menu_social_hover_links_bg":"","ocean_menu_social_links_color":"","ocean_menu_social_hover_links_color":"","ocean_disable_title":"default","ocean_disable_heading":"default","ocean_post_title":"","ocean_post_subheading":"","ocean_post_title_style":"","ocean_post_title_background_color":"","ocean_post_title_background":0,"ocean_post_title_bg_image_position":"","ocean_post_title_bg_image_attachment":"","ocean_post_title_bg_image_repeat":"","ocean_post_title_bg_image_size":"","ocean_post_title_height":0,"ocean_post_title_bg_overlay":0.5,"ocean_post_title_bg_overlay_color":"","ocean_disable_breadcrumbs":"default","ocean_breadcrumbs_color":"","ocean_breadcrumbs_separator_color":"","ocean_breadcrumbs_links_color":"","ocean_breadcrumbs_links_hover_color":"","ocean_display_footer_widgets":"default","ocean_display_footer_bottom":"default","ocean_custom_footer_template":"0"},"product_brand":[],"product_cat":[86,44],"product_tag":[],"class_list":{"0":"post-2242","1":"product","2":"type-product","3":"status-publish","4":"has-post-thumbnail","6":"product_cat-deodorants-et-anti-transpirants","7":"product_cat-hygiene","9":"entry","10":"has-media","12":"first","13":"instock","14":"taxable","15":"shipping-taxable","16":"purchasable","17":"product-type-simple","18":"has-product-nav","19":"col","20":"span_1_of_3","21":"owp-content-center","22":"owp-thumbs-layout-horizontal","23":"owp-btn-normal","24":"owp-tabs-layout-horizontal"},"_links":{"self":[{"href":"https:\/\/ellypara.com\/index.php\/wp-json\/wp\/v2\/product\/2242","targetHints":{"allow":["GET"]}}],"collection":[{"href":"https:\/\/ellypara.com\/index.php\/wp-json\/wp\/v2\/product"}],"about":[{"href":"https:\/\/ellypara.com\/index.php\/wp-json\/wp\/v2\/types\/product"}],"replies":[{"embeddable":true,"href":"https:\/\/ellypara.com\/index.php\/wp-json\/wp\/v2\/comments?post=2242"}],"wp:featuredmedia":[{"embeddable":true,"href":"https:\/\/ellypara.com\/index.php\/wp-json\/wp\/v2\/media\/2243"}],"wp:attachment":[{"href":"https:\/\/ellypara.com\/index.php\/wp-json\/wp\/v2\/media?parent=2242"}],"wp:term":[{"taxonomy":"product_brand","embeddable":true,"href":"https:\/\/ellypara.com\/index.php\/wp-json\/wp\/v2\/product_brand?post=2242"},{"taxonomy":"product_cat","embeddable":true,"href":"https:\/\/ellypara.com\/index.php\/wp-json\/wp\/v2\/product_cat?post=2242"},{"taxonomy":"product_tag","embeddable":true,"href":"https:\/\/ellypara.com\/index.php\/wp-json\/wp\/v2\/product_tag?post=2242"}],"curies":[{"name":"wp","href":"https:\/\/api.w.org\/{rel}","templated":true}]}}