{"id":2248,"date":"2025-07-08T14:59:59","date_gmt":"2025-07-08T12:59:59","guid":{"rendered":"https:\/\/ellypara.com\/?post_type=product&#038;p=2248"},"modified":"2025-07-08T14:59:59","modified_gmt":"2025-07-08T12:59:59","slug":"beesline-coffret-gel-nettoyant-4-en-1-deodorant-offert","status":"publish","type":"product","link":"https:\/\/ellypara.com\/index.php\/produit\/beesline-coffret-gel-nettoyant-4-en-1-deodorant-offert\/","title":{"rendered":"Beesline Coffret Gel Nettoyant 4 en 1 + D\u00e9odorant Offert"},"content":{"rendered":"<p>Ce coffret se compose de :<\/p>\n<ul>\n<li class=\"product_title entry-title\"><a href=\"https:\/\/ellypara.com\/index.php\/produit\/beesline-gel-nettoyant-eclaircissant-visage-4-en1-150ml\/\">BEESLINE Gel Nettoyant Visage 4en1 ,150ml<\/a><\/li>\n<\/ul>\n<p>Une formule avanc\u00e9e qui d\u00e9livre 4 actions en 1 produit ; blanchit, nettoie et exfolie la peau quotidiennement tout en agissant comme un masque de boue facial hebdomadaire. Pour une peau lisse, fra\u00eeche, purifi\u00e9e et \u00e9clatante. Pour tous les types de peau.<\/p>\n<ul>\n<li class=\"product_title entry-title\">BEESLINE ROLL-ON Eclaircissant Invisible,50ml OFFERT<\/li>\n<\/ul>\n<p>Un d\u00e9odorant anti-transpirant 48 heures innovant. s\u00fbr et tr\u00e8s efficace qui combat les odeurs corporelles, absorbe l\u2019humidit\u00e9 et apaise la peau\u00a0 tout en \u00e9claircissant et en unifiant le teint pour des aisselles propres et lumineuses.<\/p>\n","protected":false},"excerpt":{"rendered":"<p>Beesline Coffret G<a href=\"https:\/\/ellypara.com\/index.php\/produit\/beesline-gel-nettoyant-eclaircissant-visage-4-en1-150ml\/\">el Nettoyant 4 en 1<\/a> + Deo Offert<\/p>\n","protected":false},"featured_media":2250,"comment_status":"open","ping_status":"closed","template":"","meta":{"ocean_post_layout":"","ocean_both_sidebars_style":"","ocean_both_sidebars_content_width":0,"ocean_both_sidebars_sidebars_width":0,"ocean_sidebar":"0","ocean_second_sidebar":"0","ocean_disable_margins":"enable","ocean_add_body_class":"","ocean_shortcode_before_top_bar":"","ocean_shortcode_after_top_bar":"","ocean_shortcode_before_header":"","ocean_shortcode_after_header":"","ocean_has_shortcode":"","ocean_shortcode_after_title":"","ocean_shortcode_before_footer_widgets":"","ocean_shortcode_after_footer_widgets":"","ocean_shortcode_before_footer_bottom":"","ocean_shortcode_after_footer_bottom":"","ocean_display_top_bar":"default","ocean_display_header":"default","ocean_header_style":"","ocean_center_header_left_menu":"0","ocean_custom_header_template":"0","ocean_custom_logo":0,"ocean_custom_retina_logo":0,"ocean_custom_logo_max_width":0,"ocean_custom_logo_tablet_max_width":0,"ocean_custom_logo_mobile_max_width":0,"ocean_custom_logo_max_height":0,"ocean_custom_logo_tablet_max_height":0,"ocean_custom_logo_mobile_max_height":0,"ocean_header_custom_menu":"0","ocean_menu_typo_font_family":"0","ocean_menu_typo_font_subset":"","ocean_menu_typo_font_size":0,"ocean_menu_typo_font_size_tablet":0,"ocean_menu_typo_font_size_mobile":0,"ocean_menu_typo_font_size_unit":"px","ocean_menu_typo_font_weight":"","ocean_menu_typo_font_weight_tablet":"","ocean_menu_typo_font_weight_mobile":"","ocean_menu_typo_transform":"","ocean_menu_typo_transform_tablet":"","ocean_menu_typo_transform_mobile":"","ocean_menu_typo_line_height":0,"ocean_menu_typo_line_height_tablet":0,"ocean_menu_typo_line_height_mobile":0,"ocean_menu_typo_line_height_unit":"","ocean_menu_typo_spacing":0,"ocean_menu_typo_spacing_tablet":0,"ocean_menu_typo_spacing_mobile":0,"ocean_menu_typo_spacing_unit":"","ocean_menu_link_color":"","ocean_menu_link_color_hover":"","ocean_menu_link_color_active":"","ocean_menu_link_background":"","ocean_menu_link_hover_background":"","ocean_menu_link_active_background":"","ocean_menu_social_links_bg":"","ocean_menu_social_hover_links_bg":"","ocean_menu_social_links_color":"","ocean_menu_social_hover_links_color":"","ocean_disable_title":"default","ocean_disable_heading":"default","ocean_post_title":"","ocean_post_subheading":"","ocean_post_title_style":"","ocean_post_title_background_color":"","ocean_post_title_background":0,"ocean_post_title_bg_image_position":"","ocean_post_title_bg_image_attachment":"","ocean_post_title_bg_image_repeat":"","ocean_post_title_bg_image_size":"","ocean_post_title_height":0,"ocean_post_title_bg_overlay":0.5,"ocean_post_title_bg_overlay_color":"","ocean_disable_breadcrumbs":"default","ocean_breadcrumbs_color":"","ocean_breadcrumbs_separator_color":"","ocean_breadcrumbs_links_color":"","ocean_breadcrumbs_links_hover_color":"","ocean_display_footer_widgets":"default","ocean_display_footer_bottom":"default","ocean_custom_footer_template":"0"},"product_brand":[],"product_cat":[41,86,44,21],"product_tag":[],"class_list":{"0":"post-2248","1":"product","2":"type-product","3":"status-publish","4":"has-post-thumbnail","6":"product_cat-nettoyants-visage","7":"product_cat-deodorants-et-anti-transpirants","8":"product_cat-hygiene","9":"product_cat-visage","11":"entry","12":"has-media","14":"first","15":"instock","16":"taxable","17":"shipping-taxable","18":"purchasable","19":"product-type-simple","20":"has-product-nav","21":"col","22":"span_1_of_3","23":"owp-content-center","24":"owp-thumbs-layout-horizontal","25":"owp-btn-normal","26":"owp-tabs-layout-horizontal"},"_links":{"self":[{"href":"https:\/\/ellypara.com\/index.php\/wp-json\/wp\/v2\/product\/2248","targetHints":{"allow":["GET"]}}],"collection":[{"href":"https:\/\/ellypara.com\/index.php\/wp-json\/wp\/v2\/product"}],"about":[{"href":"https:\/\/ellypara.com\/index.php\/wp-json\/wp\/v2\/types\/product"}],"replies":[{"embeddable":true,"href":"https:\/\/ellypara.com\/index.php\/wp-json\/wp\/v2\/comments?post=2248"}],"wp:featuredmedia":[{"embeddable":true,"href":"https:\/\/ellypara.com\/index.php\/wp-json\/wp\/v2\/media\/2250"}],"wp:attachment":[{"href":"https:\/\/ellypara.com\/index.php\/wp-json\/wp\/v2\/media?parent=2248"}],"wp:term":[{"taxonomy":"product_brand","embeddable":true,"href":"https:\/\/ellypara.com\/index.php\/wp-json\/wp\/v2\/product_brand?post=2248"},{"taxonomy":"product_cat","embeddable":true,"href":"https:\/\/ellypara.com\/index.php\/wp-json\/wp\/v2\/product_cat?post=2248"},{"taxonomy":"product_tag","embeddable":true,"href":"https:\/\/ellypara.com\/index.php\/wp-json\/wp\/v2\/product_tag?post=2248"}],"curies":[{"name":"wp","href":"https:\/\/api.w.org\/{rel}","templated":true}]}}