{"id":2257,"date":"2025-07-08T22:54:53","date_gmt":"2025-07-08T20:54:53","guid":{"rendered":"https:\/\/ellypara.com\/?post_type=product&#038;p=2257"},"modified":"2025-07-08T22:54:53","modified_gmt":"2025-07-08T20:54:53","slug":"la-roche-posay-anthelios-uvmune-400-fluide-solaire-teinte-spf-50","status":"publish","type":"product","link":"https:\/\/ellypara.com\/index.php\/produit\/la-roche-posay-anthelios-uvmune-400-fluide-solaire-teinte-spf-50\/","title":{"rendered":"La Roche-Posay Anthelios UVMune 400 fluide solaire teint\u00e9 SPF 50+"},"content":{"rendered":"<p>La Roche-Posay a \u00e9labor\u00e9 le<strong>\u00a0fluide<\/strong>\u00a0<strong>Anthelios UVMune SPF 50<\/strong>+, une nouvelle protection\u00a0<strong>solaire visage<\/strong>\u00a0<strong>teint\u00e9e<\/strong>\u00a0ultra l\u00e9g\u00e8re qui peut \u00eatre utilis\u00e9e sur les peaux sensibles.<\/p>\n<p>En effet, ce fluide solaire visage est destin\u00e9 aux peaux intol\u00e9rantes, sujettes aux allergies au soleil, et \u00e0 l\u2019ensoleillement extr\u00eame.<\/p>\n<p>Il est dot\u00e9 d\u2019un filtre chimique large et photostable, de\u00a0<strong>tr\u00e8s haute protection<\/strong>\u00a0qui absorbe les UVA (responsables de l\u2019alt\u00e9ration et du vieillissement cutan\u00e9) et les UVB engendrant les br\u00fblures et les \u00e9ryth\u00e8mes. Il est muni d\u2019un nouveau syst\u00e8me filtrant brevet\u00e9\u00a0Mexoryl 400 associ\u00e9 \u00e0 l\u2019<strong>eau thermale apaisante et antioxydante<\/strong>. Le filtre Mexoryl 400 a la capacit\u00e9 d\u2019agir contre les UV qualifi\u00e9s d\u2019ultra-longs (380 \u2013 400 nm). Ces UV constituent presque un tiers des UV qui frappent notre peau, lui infligeant des dommages.<\/p>\n<p>Par ailleurs, Anthelios UVMune fluide solaire teint\u00e9 SPF 50+ est con\u00e7u pour\u00a0<strong>r\u00e9duire les picotements oculaires<\/strong>.<\/p>\n<p>La vitamine E est un puissant antioxydant qui va prot\u00e9ger les cellules des m\u00e9faits du soleil et lutter contre les radicaux libres responsables du vieillissement pr\u00e9matur\u00e9 et ainsi pr\u00e9venir des taches pigmentaires. Ces radicaux libres peuvent aussi \u00eatre g\u00e9n\u00e9r\u00e9s par la pollution.<\/p>\n<p>La perlite est un mat\u00e9riau d\u2019origine volcanique qui poss\u00e8de une grande capacit\u00e9 de r\u00e9tention d\u2019eau jusqu\u2019\u00e0 5 fois son poids\u00a0et permet ainsi de pr\u00e9server l\u2019<strong>hydratation de la peau<\/strong>\u00a0pour un confort ultime.<\/p>\n<p>Anthelios UVMune, d\u00e9licatement parfum\u00e9, allie une protection solaire optimale et un confort de maquillage car sa\u00a0<strong>teinte h\u00e2l\u00e9e naturelle<\/strong>\u00a0et sa texture non grasse permettent un teint unifi\u00e9 et matifi\u00e9.<\/p>\n<p><strong>Caract\u00e9ristiques<\/strong>\u00a0:<\/p>\n<ul>\n<li>Parfum\u00e9.<\/li>\n<li>Tr\u00e8s r\u00e9sistant \u00e0 l\u2019eau et \u00e0 la transpiration.<\/li>\n<li>Ne laisse pas de traces blanches.<\/li>\n<li>Technologie anti-picotement oculaire.<\/li>\n<li>Formule plus respectueuse du milieu marin.<\/li>\n<\/ul>\n<p><strong>Conditionnement<\/strong>\u00a0:\u00a0flacon de 50 ml.<\/p>\n","protected":false},"excerpt":{"rendered":"<p>La Roche-Posay a \u00e9labor\u00e9 le<strong>\u00a0fluide<\/strong>\u00a0<strong>Anthelios UVMune SPF 50<\/strong>+, une nouvelle protection\u00a0<strong>solaire visage<\/strong>\u00a0<strong>teint\u00e9e<\/strong>\u00a0ultra l\u00e9g\u00e8re qui peut \u00eatre utilis\u00e9e sur les peaux sensibles.<\/p>\n","protected":false},"featured_media":2258,"comment_status":"open","ping_status":"closed","template":"","meta":{"ocean_post_layout":"","ocean_both_sidebars_style":"","ocean_both_sidebars_content_width":0,"ocean_both_sidebars_sidebars_width":0,"ocean_sidebar":"0","ocean_second_sidebar":"0","ocean_disable_margins":"enable","ocean_add_body_class":"","ocean_shortcode_before_top_bar":"","ocean_shortcode_after_top_bar":"","ocean_shortcode_before_header":"","ocean_shortcode_after_header":"","ocean_has_shortcode":"","ocean_shortcode_after_title":"","ocean_shortcode_before_footer_widgets":"","ocean_shortcode_after_footer_widgets":"","ocean_shortcode_before_footer_bottom":"","ocean_shortcode_after_footer_bottom":"","ocean_display_top_bar":"default","ocean_display_header":"default","ocean_header_style":"","ocean_center_header_left_menu":"0","ocean_custom_header_template":"0","ocean_custom_logo":0,"ocean_custom_retina_logo":0,"ocean_custom_logo_max_width":0,"ocean_custom_logo_tablet_max_width":0,"ocean_custom_logo_mobile_max_width":0,"ocean_custom_logo_max_height":0,"ocean_custom_logo_tablet_max_height":0,"ocean_custom_logo_mobile_max_height":0,"ocean_header_custom_menu":"0","ocean_menu_typo_font_family":"0","ocean_menu_typo_font_subset":"","ocean_menu_typo_font_size":0,"ocean_menu_typo_font_size_tablet":0,"ocean_menu_typo_font_size_mobile":0,"ocean_menu_typo_font_size_unit":"px","ocean_menu_typo_font_weight":"","ocean_menu_typo_font_weight_tablet":"","ocean_menu_typo_font_weight_mobile":"","ocean_menu_typo_transform":"","ocean_menu_typo_transform_tablet":"","ocean_menu_typo_transform_mobile":"","ocean_menu_typo_line_height":0,"ocean_menu_typo_line_height_tablet":0,"ocean_menu_typo_line_height_mobile":0,"ocean_menu_typo_line_height_unit":"","ocean_menu_typo_spacing":0,"ocean_menu_typo_spacing_tablet":0,"ocean_menu_typo_spacing_mobile":0,"ocean_menu_typo_spacing_unit":"","ocean_menu_link_color":"","ocean_menu_link_color_hover":"","ocean_menu_link_color_active":"","ocean_menu_link_background":"","ocean_menu_link_hover_background":"","ocean_menu_link_active_background":"","ocean_menu_social_links_bg":"","ocean_menu_social_hover_links_bg":"","ocean_menu_social_links_color":"","ocean_menu_social_hover_links_color":"","ocean_disable_title":"default","ocean_disable_heading":"default","ocean_post_title":"","ocean_post_subheading":"","ocean_post_title_style":"","ocean_post_title_background_color":"","ocean_post_title_background":0,"ocean_post_title_bg_image_position":"","ocean_post_title_bg_image_attachment":"","ocean_post_title_bg_image_repeat":"","ocean_post_title_bg_image_size":"","ocean_post_title_height":0,"ocean_post_title_bg_overlay":0.5,"ocean_post_title_bg_overlay_color":"","ocean_disable_breadcrumbs":"default","ocean_breadcrumbs_color":"","ocean_breadcrumbs_separator_color":"","ocean_breadcrumbs_links_color":"","ocean_breadcrumbs_links_hover_color":"","ocean_display_footer_widgets":"default","ocean_display_footer_bottom":"default","ocean_custom_footer_template":"0"},"product_brand":[],"product_cat":[72,20,79],"product_tag":[],"class_list":{"0":"post-2257","1":"product","2":"type-product","3":"status-publish","4":"has-post-thumbnail","6":"product_cat-protection-solaire-solaire","7":"product_cat-solaire","8":"product_cat-tout-type-de-peaux","10":"entry","11":"has-media","13":"first","14":"instock","15":"taxable","16":"shipping-taxable","17":"purchasable","18":"product-type-simple","19":"has-product-nav","20":"col","21":"span_1_of_3","22":"owp-content-center","23":"owp-thumbs-layout-horizontal","24":"owp-btn-normal","25":"owp-tabs-layout-horizontal"},"_links":{"self":[{"href":"https:\/\/ellypara.com\/index.php\/wp-json\/wp\/v2\/product\/2257","targetHints":{"allow":["GET"]}}],"collection":[{"href":"https:\/\/ellypara.com\/index.php\/wp-json\/wp\/v2\/product"}],"about":[{"href":"https:\/\/ellypara.com\/index.php\/wp-json\/wp\/v2\/types\/product"}],"replies":[{"embeddable":true,"href":"https:\/\/ellypara.com\/index.php\/wp-json\/wp\/v2\/comments?post=2257"}],"wp:featuredmedia":[{"embeddable":true,"href":"https:\/\/ellypara.com\/index.php\/wp-json\/wp\/v2\/media\/2258"}],"wp:attachment":[{"href":"https:\/\/ellypara.com\/index.php\/wp-json\/wp\/v2\/media?parent=2257"}],"wp:term":[{"taxonomy":"product_brand","embeddable":true,"href":"https:\/\/ellypara.com\/index.php\/wp-json\/wp\/v2\/product_brand?post=2257"},{"taxonomy":"product_cat","embeddable":true,"href":"https:\/\/ellypara.com\/index.php\/wp-json\/wp\/v2\/product_cat?post=2257"},{"taxonomy":"product_tag","embeddable":true,"href":"https:\/\/ellypara.com\/index.php\/wp-json\/wp\/v2\/product_tag?post=2257"}],"curies":[{"name":"wp","href":"https:\/\/api.w.org\/{rel}","templated":true}]}}