{"id":2260,"date":"2025-07-08T23:21:34","date_gmt":"2025-07-08T21:21:34","guid":{"rendered":"https:\/\/ellypara.com\/?post_type=product&#038;p=2260"},"modified":"2025-07-08T23:21:34","modified_gmt":"2025-07-08T21:21:34","slug":"la-roche-posay-anthelios-uvmune-400-oil-control-gel-creme-teinte-spf50-50ml","status":"publish","type":"product","link":"https:\/\/ellypara.com\/index.php\/produit\/la-roche-posay-anthelios-uvmune-400-oil-control-gel-creme-teinte-spf50-50ml\/","title":{"rendered":"LA ROCHE POSAY ANTHELIOS UVMUNE 400 OIL CONTROL GEL CREME TEINTE SPF50+ 50ML"},"content":{"rendered":"<p style=\"font-weight: 400;\"><b><strong>Description :<br \/>\n<\/strong><\/b><\/p>\n<p style=\"font-weight: 400;\">Tr\u00e8s haute protection du visage contre les UVB\/UVA (m\u00eame longs UVA).<\/p>\n<p style=\"font-weight: 400;\">Test\u00e9 sous contr\u00f4le dermatologique.<\/p>\n<p style=\"font-weight: 400;\">Peau sensible \u00e0 allergique au soleil, dite photoallergie.<\/p>\n<p style=\"font-weight: 400;\">Pour des conditions d&#8217;ensoleillement intense.<\/p>\n<p style=\"font-weight: 400;\">Protection contre les signes induits par le soleil (grossesse, photosensibilit\u00e9).<\/p>\n<p style=\"font-weight: 400;\">Tr\u00e8s haute protection contre les UVB\/UVA (m\u00eame UVA longs).<\/p>\n<p style=\"font-weight: 400;\">[XL-PROTECT.] : Technologie \u00e0 large spectre. Protection contre les rayons UVA\/UVB, (indice de protection UVA : PDD 22, indice de protection UVB : SPF50+) et les dommages dus \u00e0 la pollution de l&#8217;air Pr\u00e9vention du photo vieillissement (taches de rousseur, rides, acn\u00e9, etc.) caus\u00e9 par les IR et l&#8217;hyperthyro\u00efdie.<\/p>\n<p style=\"font-weight: 400;\">Toucher sec : Action double gla\u00e7age, absorption imm\u00e9diate, excellent r\u00e9sultat sec, pas de traces blanches.<\/p>\n<p style=\"font-weight: 400;\">Id\u00e9al pour les peaux mixtes \u00e0 grasses.<\/p>\n<p style=\"font-weight: 400;\">Une exposition excessive au soleil est dangereuse. Gardez les b\u00e9b\u00e9s et les jeunes enfants \u00e0 l&#8217;abri de la lumi\u00e8re directe du soleil. Ne vous asseyez pas longtemps au soleil, m\u00eame avec de la cr\u00e8me solaire, car elle ne vous prot\u00e8ge pas \u00e0 100 %. Appliquer la cr\u00e8me solaire juste avant l&#8217;exposition au soleil. Renouveler fr\u00e9quemment l&#8217;application pour maintenir la protection, notamment apr\u00e8s avoir nag\u00e9, transpir\u00e9 et essuy\u00e9 avec une serviette.<\/p>\n<p style=\"font-weight: 400;\">En usage externe seulement.<\/p>\n<p>Appliquer juste avant l&#8217;exposition au soleil. Renouveler g\u00e9n\u00e9reusement et fr\u00e9quemment, surtout apr\u00e8s une baignade ou apr\u00e8s avoir transpir\u00e9.<\/p>\n<p>Indication : Protection solaire.<\/p>\n<p>Peau sensible ou allergique au soleil.<\/p>\n<p>Peau grasse.<\/p>\n<p><b><strong>Composition :<br \/>\n<\/strong><\/b><\/p>\n<p>Aqua, Homosalate, Ethylhexyl Salicylate, Silica, Ethylhexyl Triazone, Styrene\/Acrylates Copolymer, Bis-Ethylhexyloxyphenol, Methoxyphenyl Triazine, Drometrizole Trisiloxane, Butyl Methoxydibenzoylmethane, Aluminium Starch Octenylsuccinate, Octocrylene, C12-15 Alkyl Benzoate, Glycerin, Pentylene Glycol, Potassium Cetyl Phosphate, Dimethicone, Perlite, Propylene Glycol, Acrylates\/C10-30 Alkyl Acrylate Crosspolymer, Aluminium Hydroxide, Caprylyl Glycol, Disodium Edta, Inulin Lauryl Carbamate, Isopropyl Lauryol Sarcosinate, Peg-8 Laurate, Phenoxyethanol, Stearic Acid, Steraryl Alcohol, Terephtalydinene Dicamphor Sulfonic Acid, Titanium Dioxide (Nano)\/Titanium Dioxide, Tocopherol, Triethanolamine, Xanthan Gum, Zinc Gluconate.<\/p>\n","protected":false},"excerpt":{"rendered":"<p style=\"font-weight: 400;\">Toucher sec : Action double gla\u00e7age, absorption imm\u00e9diate, excellent r\u00e9sultat sec, pas de traces blanches.<\/p>\n<p style=\"font-weight: 400;\">Id\u00e9al pour les peaux mixtes \u00e0 grasses.<\/p>\n","protected":false},"featured_media":2261,"comment_status":"open","ping_status":"closed","template":"","meta":{"ocean_post_layout":"","ocean_both_sidebars_style":"","ocean_both_sidebars_content_width":0,"ocean_both_sidebars_sidebars_width":0,"ocean_sidebar":"0","ocean_second_sidebar":"0","ocean_disable_margins":"enable","ocean_add_body_class":"","ocean_shortcode_before_top_bar":"","ocean_shortcode_after_top_bar":"","ocean_shortcode_before_header":"","ocean_shortcode_after_header":"","ocean_has_shortcode":"","ocean_shortcode_after_title":"","ocean_shortcode_before_footer_widgets":"","ocean_shortcode_after_footer_widgets":"","ocean_shortcode_before_footer_bottom":"","ocean_shortcode_after_footer_bottom":"","ocean_display_top_bar":"default","ocean_display_header":"default","ocean_header_style":"","ocean_center_header_left_menu":"0","ocean_custom_header_template":"0","ocean_custom_logo":0,"ocean_custom_retina_logo":0,"ocean_custom_logo_max_width":0,"ocean_custom_logo_tablet_max_width":0,"ocean_custom_logo_mobile_max_width":0,"ocean_custom_logo_max_height":0,"ocean_custom_logo_tablet_max_height":0,"ocean_custom_logo_mobile_max_height":0,"ocean_header_custom_menu":"0","ocean_menu_typo_font_family":"0","ocean_menu_typo_font_subset":"","ocean_menu_typo_font_size":0,"ocean_menu_typo_font_size_tablet":0,"ocean_menu_typo_font_size_mobile":0,"ocean_menu_typo_font_size_unit":"px","ocean_menu_typo_font_weight":"","ocean_menu_typo_font_weight_tablet":"","ocean_menu_typo_font_weight_mobile":"","ocean_menu_typo_transform":"","ocean_menu_typo_transform_tablet":"","ocean_menu_typo_transform_mobile":"","ocean_menu_typo_line_height":0,"ocean_menu_typo_line_height_tablet":0,"ocean_menu_typo_line_height_mobile":0,"ocean_menu_typo_line_height_unit":"","ocean_menu_typo_spacing":0,"ocean_menu_typo_spacing_tablet":0,"ocean_menu_typo_spacing_mobile":0,"ocean_menu_typo_spacing_unit":"","ocean_menu_link_color":"","ocean_menu_link_color_hover":"","ocean_menu_link_color_active":"","ocean_menu_link_background":"","ocean_menu_link_hover_background":"","ocean_menu_link_active_background":"","ocean_menu_social_links_bg":"","ocean_menu_social_hover_links_bg":"","ocean_menu_social_links_color":"","ocean_menu_social_hover_links_color":"","ocean_disable_title":"default","ocean_disable_heading":"default","ocean_post_title":"","ocean_post_subheading":"","ocean_post_title_style":"","ocean_post_title_background_color":"","ocean_post_title_background":0,"ocean_post_title_bg_image_position":"","ocean_post_title_bg_image_attachment":"","ocean_post_title_bg_image_repeat":"","ocean_post_title_bg_image_size":"","ocean_post_title_height":0,"ocean_post_title_bg_overlay":0.5,"ocean_post_title_bg_overlay_color":"","ocean_disable_breadcrumbs":"default","ocean_breadcrumbs_color":"","ocean_breadcrumbs_separator_color":"","ocean_breadcrumbs_links_color":"","ocean_breadcrumbs_links_hover_color":"","ocean_display_footer_widgets":"default","ocean_display_footer_bottom":"default","ocean_custom_footer_template":"0"},"product_brand":[],"product_cat":[76,72,20],"product_tag":[],"class_list":{"0":"post-2260","1":"product","2":"type-product","3":"status-publish","4":"has-post-thumbnail","6":"product_cat-peaux-mixtes-a-grasses","7":"product_cat-protection-solaire-solaire","8":"product_cat-solaire","10":"entry","11":"has-media","13":"first","14":"outofstock","15":"taxable","16":"shipping-taxable","17":"purchasable","18":"product-type-simple","19":"has-product-nav","20":"col","21":"span_1_of_3","22":"owp-content-center","23":"owp-thumbs-layout-horizontal","24":"owp-btn-normal","25":"owp-tabs-layout-horizontal","26":"has-no-thumbnails"},"_links":{"self":[{"href":"https:\/\/ellypara.com\/index.php\/wp-json\/wp\/v2\/product\/2260","targetHints":{"allow":["GET"]}}],"collection":[{"href":"https:\/\/ellypara.com\/index.php\/wp-json\/wp\/v2\/product"}],"about":[{"href":"https:\/\/ellypara.com\/index.php\/wp-json\/wp\/v2\/types\/product"}],"replies":[{"embeddable":true,"href":"https:\/\/ellypara.com\/index.php\/wp-json\/wp\/v2\/comments?post=2260"}],"wp:featuredmedia":[{"embeddable":true,"href":"https:\/\/ellypara.com\/index.php\/wp-json\/wp\/v2\/media\/2261"}],"wp:attachment":[{"href":"https:\/\/ellypara.com\/index.php\/wp-json\/wp\/v2\/media?parent=2260"}],"wp:term":[{"taxonomy":"product_brand","embeddable":true,"href":"https:\/\/ellypara.com\/index.php\/wp-json\/wp\/v2\/product_brand?post=2260"},{"taxonomy":"product_cat","embeddable":true,"href":"https:\/\/ellypara.com\/index.php\/wp-json\/wp\/v2\/product_cat?post=2260"},{"taxonomy":"product_tag","embeddable":true,"href":"https:\/\/ellypara.com\/index.php\/wp-json\/wp\/v2\/product_tag?post=2260"}],"curies":[{"name":"wp","href":"https:\/\/api.w.org\/{rel}","templated":true}]}}