{"id":2273,"date":"2025-07-29T15:46:15","date_gmt":"2025-07-29T13:46:15","guid":{"rendered":"https:\/\/ellypara.com\/?post_type=product&#038;p=2273"},"modified":"2025-08-25T11:28:21","modified_gmt":"2025-08-25T09:28:21","slug":"mirosa-creme-anti-vergetures-50ml","status":"publish","type":"product","link":"https:\/\/ellypara.com\/index.php\/produit\/mirosa-creme-anti-vergetures-50ml\/","title":{"rendered":"Mirosa Creme Anti Vergetures 50ml"},"content":{"rendered":"<p>MIROSA CREME ANTI VERGETURES contribue \u00e0 pr\u00e9venir les vergetures et \u00e0 r\u00e9duire leur apparence lors de variations de poids (en particulier pendant la grossesse et la pubert\u00e9).<\/p>\n<p>Sa formule associe des actifs qui :<\/p>\n<p>Favorisent la pr\u00e9vention et la r\u00e9duction des vergetures.<br \/>\nAm\u00e9liorent l\u2019\u00e9lasticit\u00e9 et la fermet\u00e9 de la peau.<br \/>\nAident \u00e0 unifier la couleur de la peau.<\/p>\n<p><strong>Composition :<\/strong><\/p>\n<p>AQUA (purified water), PERSEA GRATISSIMA OIL, PRUNUS AMYGDALUS DULCIS OIL, TRITICUM VULGARE GERM OIL, ROSA CANINA SEED OIL, CENTELLA ASIATICA EXTRACT, PHYTOLIQUID FUCUS, PHYTOLIQUID GINSENG P, LINOLEIC ACID (vitamine F), RETINOL, PANTHENOL, DIMETHICONOL, GLYCERYL STEARATE, XANTHAN GUM, TOCOPHEROL, sodium benzoate, potassium sorbate.<\/p>\n<p>&nbsp;<\/p>\n<p><strong>Conseils d\u2019utilisation :<\/strong><\/p>\n<p>MIROSA CREME ANTI VERGETURES s\u2019utilise matin et soir sur une peau propre et s\u00e8che.<br \/>\nAppliquer par l\u00e9gers massages circulaires en insistant sur les zones soumises aux distensions (cuisses, hanches, ventre et seins).<br \/>\nEviter le contact avec les yeux.<br \/>\nUsage externe.<\/p>\n","protected":false},"excerpt":{"rendered":"<p>Cr\u00e8me anti-vergetures MIROSA, contribue \u00e0 pr\u00e9venir les vergetures et \u00e0 r\u00e9duire leur apparence lors de variations de poids (en particulier pendant la grossesse et la pubert\u00e9).<\/p>\n","protected":false},"featured_media":2291,"comment_status":"open","ping_status":"closed","template":"","meta":{"ocean_post_layout":"","ocean_both_sidebars_style":"","ocean_both_sidebars_content_width":0,"ocean_both_sidebars_sidebars_width":0,"ocean_sidebar":"0","ocean_second_sidebar":"0","ocean_disable_margins":"enable","ocean_add_body_class":"","ocean_shortcode_before_top_bar":"","ocean_shortcode_after_top_bar":"","ocean_shortcode_before_header":"","ocean_shortcode_after_header":"","ocean_has_shortcode":"","ocean_shortcode_after_title":"","ocean_shortcode_before_footer_widgets":"","ocean_shortcode_after_footer_widgets":"","ocean_shortcode_before_footer_bottom":"","ocean_shortcode_after_footer_bottom":"","ocean_display_top_bar":"default","ocean_display_header":"default","ocean_header_style":"","ocean_center_header_left_menu":"0","ocean_custom_header_template":"0","ocean_custom_logo":0,"ocean_custom_retina_logo":0,"ocean_custom_logo_max_width":0,"ocean_custom_logo_tablet_max_width":0,"ocean_custom_logo_mobile_max_width":0,"ocean_custom_logo_max_height":0,"ocean_custom_logo_tablet_max_height":0,"ocean_custom_logo_mobile_max_height":0,"ocean_header_custom_menu":"0","ocean_menu_typo_font_family":"0","ocean_menu_typo_font_subset":"","ocean_menu_typo_font_size":0,"ocean_menu_typo_font_size_tablet":0,"ocean_menu_typo_font_size_mobile":0,"ocean_menu_typo_font_size_unit":"px","ocean_menu_typo_font_weight":"","ocean_menu_typo_font_weight_tablet":"","ocean_menu_typo_font_weight_mobile":"","ocean_menu_typo_transform":"","ocean_menu_typo_transform_tablet":"","ocean_menu_typo_transform_mobile":"","ocean_menu_typo_line_height":0,"ocean_menu_typo_line_height_tablet":0,"ocean_menu_typo_line_height_mobile":0,"ocean_menu_typo_line_height_unit":"","ocean_menu_typo_spacing":0,"ocean_menu_typo_spacing_tablet":0,"ocean_menu_typo_spacing_mobile":0,"ocean_menu_typo_spacing_unit":"","ocean_menu_link_color":"","ocean_menu_link_color_hover":"","ocean_menu_link_color_active":"","ocean_menu_link_background":"","ocean_menu_link_hover_background":"","ocean_menu_link_active_background":"","ocean_menu_social_links_bg":"","ocean_menu_social_hover_links_bg":"","ocean_menu_social_links_color":"","ocean_menu_social_hover_links_color":"","ocean_disable_title":"default","ocean_disable_heading":"default","ocean_post_title":"","ocean_post_subheading":"","ocean_post_title_style":"","ocean_post_title_background_color":"","ocean_post_title_background":0,"ocean_post_title_bg_image_position":"","ocean_post_title_bg_image_attachment":"","ocean_post_title_bg_image_repeat":"","ocean_post_title_bg_image_size":"","ocean_post_title_height":0,"ocean_post_title_bg_overlay":0.5,"ocean_post_title_bg_overlay_color":"","ocean_disable_breadcrumbs":"default","ocean_breadcrumbs_color":"","ocean_breadcrumbs_separator_color":"","ocean_breadcrumbs_links_color":"","ocean_breadcrumbs_links_hover_color":"","ocean_display_footer_widgets":"default","ocean_display_footer_bottom":"default","ocean_custom_footer_template":"0"},"product_brand":[],"product_cat":[22,47],"product_tag":[],"class_list":{"0":"post-2273","1":"product","2":"type-product","3":"status-publish","4":"has-post-thumbnail","6":"product_cat-corps","7":"product_cat-soins-corps","9":"entry","10":"has-media","12":"first","13":"instock","14":"taxable","15":"shipping-taxable","16":"purchasable","17":"product-type-simple","18":"has-product-nav","19":"col","20":"span_1_of_3","21":"owp-content-center","22":"owp-thumbs-layout-horizontal","23":"owp-btn-normal","24":"owp-tabs-layout-horizontal","25":"has-no-thumbnails"},"_links":{"self":[{"href":"https:\/\/ellypara.com\/index.php\/wp-json\/wp\/v2\/product\/2273","targetHints":{"allow":["GET"]}}],"collection":[{"href":"https:\/\/ellypara.com\/index.php\/wp-json\/wp\/v2\/product"}],"about":[{"href":"https:\/\/ellypara.com\/index.php\/wp-json\/wp\/v2\/types\/product"}],"replies":[{"embeddable":true,"href":"https:\/\/ellypara.com\/index.php\/wp-json\/wp\/v2\/comments?post=2273"}],"wp:featuredmedia":[{"embeddable":true,"href":"https:\/\/ellypara.com\/index.php\/wp-json\/wp\/v2\/media\/2291"}],"wp:attachment":[{"href":"https:\/\/ellypara.com\/index.php\/wp-json\/wp\/v2\/media?parent=2273"}],"wp:term":[{"taxonomy":"product_brand","embeddable":true,"href":"https:\/\/ellypara.com\/index.php\/wp-json\/wp\/v2\/product_brand?post=2273"},{"taxonomy":"product_cat","embeddable":true,"href":"https:\/\/ellypara.com\/index.php\/wp-json\/wp\/v2\/product_cat?post=2273"},{"taxonomy":"product_tag","embeddable":true,"href":"https:\/\/ellypara.com\/index.php\/wp-json\/wp\/v2\/product_tag?post=2273"}],"curies":[{"name":"wp","href":"https:\/\/api.w.org\/{rel}","templated":true}]}}