{"id":2308,"date":"2025-08-25T13:26:10","date_gmt":"2025-08-25T11:26:10","guid":{"rendered":"https:\/\/ellypara.com\/?post_type=product&#038;p=2308"},"modified":"2025-08-25T13:26:10","modified_gmt":"2025-08-25T11:26:10","slug":"gel-dentifrice-au-charbon-vegetal-70ml-le-naturel","status":"publish","type":"product","link":"https:\/\/ellypara.com\/index.php\/produit\/gel-dentifrice-au-charbon-vegetal-70ml-le-naturel\/","title":{"rendered":"GEL DENTIFRICE AU CHARBON V\u00c9G\u00c9TAL, 70ML \u2013 LE NATUREL"},"content":{"rendered":"<p>Le\u00a0<strong>Gel dentifrice au charbon v\u00e9g\u00e9tal Le Naturel<\/strong>\u00a0assure une hygi\u00e8ne buccale au quotidien. Compos\u00e9 de propolis, Alo\u00e9 vera, calendula, phytolacca et aux huiles essentielles.<\/p>\n<p>Riche en actifs naturels, ce dentifrice est\u00a0<strong>non moussant<\/strong>, il minimise la prolif\u00e9ration bact\u00e9rienne, aide \u00e0 renforcer l\u2019email des dents et participe \u00e0 une bonne hygi\u00e8ne bucco-dentaire. Il est formul\u00e9 avec un maximum d\u2019ingr\u00e9dients naturels et ne contient ni parab\u00e8nes, ni colorants, ni parfum de synth\u00e8se.<\/p>\n<h3>Propri\u00e9t\u00e9s et int\u00e9r\u00eat:<\/h3>\n<p>Ce gel vous permet d\u2019entretenir une gencives saines, des dents blanches et une haleine fraiche. Gr\u00e2ce \u00e0 sa formule qui associe la douceur et la fra\u00eecheur des huiles essentielles avec le pouvoir calmant et cicatrisante du calendula pour participer \u00e0 une bonne hygi\u00e8ne bucco-dentaire \u00e0 chaque brossage.<\/p>\n<h3>Composition:<\/h3>\n<p>Propolis, Calendula, Phytolacca, Sanguinaria, Alo\u00e9 vera, Huiles essentielles (anis, cannelle, girofle, menthe poivr\u00e9e), Sel naturel, Bicarbonate de sodium, Xanthan, Eau, Ethanol, Carbonate de calcium.<\/p>\n<h3>Indications :<\/h3>\n<p>Assure l\u2019hygi\u00e8ne buccale au quotidien\u00a0pour toute la famille:<\/p>\n<ul>\n<li>Evite le d\u00e9chaussement des dents<\/li>\n<li>R\u00e9duit les saignements<\/li>\n<li>Elimine la mauvaise haleine<\/li>\n<li>Lutte contre l\u2019entartrement et les taches<\/li>\n<\/ul>\n<h3><strong>C<\/strong>onseils d\u2019utilisation :<\/h3>\n<p>Usage quotidien apr\u00e8s chaque repas.<\/p>\n<p>Il est conseill\u00e9 de se brosser les dents au moins 2 fois par jour, apr\u00e8s les repas, en utilisant un dentifrice naturel et une brosse \u00e0 dent souple pour ne pas irriter les gencives.<\/p>\n","protected":false},"excerpt":{"rendered":"<p>Le Gel dentifrice Le Naturel assure une hygi\u00e8ne buccale au quotidien. Compos\u00e9 de propolis, Alo\u00e9 vera, calendula, phytolacca et aux huiles essentielles.<\/p>\n<p><strong>Contenance:<\/strong>\u00a070ml<\/p>\n","protected":false},"featured_media":2309,"comment_status":"open","ping_status":"closed","template":"","meta":{"ocean_post_layout":"","ocean_both_sidebars_style":"","ocean_both_sidebars_content_width":0,"ocean_both_sidebars_sidebars_width":0,"ocean_sidebar":"0","ocean_second_sidebar":"0","ocean_disable_margins":"enable","ocean_add_body_class":"","ocean_shortcode_before_top_bar":"","ocean_shortcode_after_top_bar":"","ocean_shortcode_before_header":"","ocean_shortcode_after_header":"","ocean_has_shortcode":"","ocean_shortcode_after_title":"","ocean_shortcode_before_footer_widgets":"","ocean_shortcode_after_footer_widgets":"","ocean_shortcode_before_footer_bottom":"","ocean_shortcode_after_footer_bottom":"","ocean_display_top_bar":"default","ocean_display_header":"default","ocean_header_style":"","ocean_center_header_left_menu":"0","ocean_custom_header_template":"0","ocean_custom_logo":0,"ocean_custom_retina_logo":0,"ocean_custom_logo_max_width":0,"ocean_custom_logo_tablet_max_width":0,"ocean_custom_logo_mobile_max_width":0,"ocean_custom_logo_max_height":0,"ocean_custom_logo_tablet_max_height":0,"ocean_custom_logo_mobile_max_height":0,"ocean_header_custom_menu":"0","ocean_menu_typo_font_family":"0","ocean_menu_typo_font_subset":"","ocean_menu_typo_font_size":0,"ocean_menu_typo_font_size_tablet":0,"ocean_menu_typo_font_size_mobile":0,"ocean_menu_typo_font_size_unit":"px","ocean_menu_typo_font_weight":"","ocean_menu_typo_font_weight_tablet":"","ocean_menu_typo_font_weight_mobile":"","ocean_menu_typo_transform":"","ocean_menu_typo_transform_tablet":"","ocean_menu_typo_transform_mobile":"","ocean_menu_typo_line_height":0,"ocean_menu_typo_line_height_tablet":0,"ocean_menu_typo_line_height_mobile":0,"ocean_menu_typo_line_height_unit":"","ocean_menu_typo_spacing":0,"ocean_menu_typo_spacing_tablet":0,"ocean_menu_typo_spacing_mobile":0,"ocean_menu_typo_spacing_unit":"","ocean_menu_link_color":"","ocean_menu_link_color_hover":"","ocean_menu_link_color_active":"","ocean_menu_link_background":"","ocean_menu_link_hover_background":"","ocean_menu_link_active_background":"","ocean_menu_social_links_bg":"","ocean_menu_social_hover_links_bg":"","ocean_menu_social_links_color":"","ocean_menu_social_hover_links_color":"","ocean_disable_title":"default","ocean_disable_heading":"default","ocean_post_title":"","ocean_post_subheading":"","ocean_post_title_style":"","ocean_post_title_background_color":"","ocean_post_title_background":0,"ocean_post_title_bg_image_position":"","ocean_post_title_bg_image_attachment":"","ocean_post_title_bg_image_repeat":"","ocean_post_title_bg_image_size":"","ocean_post_title_height":0,"ocean_post_title_bg_overlay":0.5,"ocean_post_title_bg_overlay_color":"","ocean_disable_breadcrumbs":"default","ocean_breadcrumbs_color":"","ocean_breadcrumbs_separator_color":"","ocean_breadcrumbs_links_color":"","ocean_breadcrumbs_links_hover_color":"","ocean_display_footer_widgets":"default","ocean_display_footer_bottom":"default","ocean_custom_footer_template":"0"},"product_brand":[],"product_cat":[93,44,88],"product_tag":[],"class_list":{"0":"post-2308","1":"product","2":"type-product","3":"status-publish","4":"has-post-thumbnail","6":"product_cat-dentifrices","7":"product_cat-hygiene","8":"product_cat-soins-buccodentaires","10":"entry","11":"has-media","13":"first","14":"instock","15":"taxable","16":"shipping-taxable","17":"purchasable","18":"product-type-simple","19":"has-product-nav","20":"col","21":"span_1_of_3","22":"owp-content-center","23":"owp-thumbs-layout-horizontal","24":"owp-btn-normal","25":"owp-tabs-layout-horizontal","26":"has-no-thumbnails"},"_links":{"self":[{"href":"https:\/\/ellypara.com\/index.php\/wp-json\/wp\/v2\/product\/2308","targetHints":{"allow":["GET"]}}],"collection":[{"href":"https:\/\/ellypara.com\/index.php\/wp-json\/wp\/v2\/product"}],"about":[{"href":"https:\/\/ellypara.com\/index.php\/wp-json\/wp\/v2\/types\/product"}],"replies":[{"embeddable":true,"href":"https:\/\/ellypara.com\/index.php\/wp-json\/wp\/v2\/comments?post=2308"}],"wp:featuredmedia":[{"embeddable":true,"href":"https:\/\/ellypara.com\/index.php\/wp-json\/wp\/v2\/media\/2309"}],"wp:attachment":[{"href":"https:\/\/ellypara.com\/index.php\/wp-json\/wp\/v2\/media?parent=2308"}],"wp:term":[{"taxonomy":"product_brand","embeddable":true,"href":"https:\/\/ellypara.com\/index.php\/wp-json\/wp\/v2\/product_brand?post=2308"},{"taxonomy":"product_cat","embeddable":true,"href":"https:\/\/ellypara.com\/index.php\/wp-json\/wp\/v2\/product_cat?post=2308"},{"taxonomy":"product_tag","embeddable":true,"href":"https:\/\/ellypara.com\/index.php\/wp-json\/wp\/v2\/product_tag?post=2308"}],"curies":[{"name":"wp","href":"https:\/\/api.w.org\/{rel}","templated":true}]}}