{"id":2310,"date":"2025-08-25T13:34:27","date_gmt":"2025-08-25T11:34:27","guid":{"rendered":"https:\/\/ellypara.com\/?post_type=product&#038;p=2310"},"modified":"2025-08-25T13:34:27","modified_gmt":"2025-08-25T11:34:27","slug":"roge-cavailles-intime-soin-toilette-intime-extra-doux-250ml-2","status":"publish","type":"product","link":"https:\/\/ellypara.com\/index.php\/produit\/roge-cavailles-intime-soin-toilette-intime-extra-doux-250ml-2\/","title":{"rendered":"ROGE CAVAILLES Intime Soin Toilette Intime Extra Doux 250ml"},"content":{"rendered":"<p><strong>Rog\u00e9 Cavaill\u00e8s Soin Lavant Intime Extra-Doux 250 ml<\/strong><\/p>\n<p>Rog\u00e9 Cavaill\u00e8s\u00a0Soin Lavant Intime\u00a0Extra-Doux 250 ml est un soin surgras sans savon pour l\u2019hygi\u00e8ne intime.<\/p>\n<p>Une zone intime respect\u00e9e et prot\u00e9g\u00e9e : enrichie en pr\u00e9biotique, la formule sans savon nettoie en douceur et aide \u00e0 prot\u00e9ger l\u2019\u00e9quilibre intime.<br \/>\nUn moment de bien-\u00eatre gr\u00e2ce au surgras v\u00e9g\u00e9tal pro-r\u00e9g\u00e9n\u00e9rant et aux extraits de calendula apaisant pour un confort optimal.<br \/>\nAdapt\u00e9 \u00e0 toutes les muqueuses, m\u00eame sensibles, avec son pH physiologique.<br \/>\nTest\u00e9 gyn\u00e9cologiquement.<\/p>\n<p>97% d\u2019ingr\u00e9dients d\u2019origine naturelle.<\/p>\n<p><strong>CONSEIL D\u2019UTILISATION<\/strong><\/p>\n<p>S\u2019utilise comme un savon liquide, une \u00e0 deux fois par jour et au quotidien. Rincer soigneusement.<\/p>\n<p>Usage externe.<\/p>\n<p><strong>Indication :<\/strong>\u00a0Hygi\u00e8ne intime.<\/p>\n<p><strong>COMPOSITION<\/strong><\/p>\n<p>Aqua, Decyl Glucoside, Glycerin, Coco-Betaine, Sodium Lauroyl Glutamate, Glyceryl Oleate, Parfum, Xanthan Gum, Calendula Officinalis Flower Extract, Alpha-Glucan Oligosaccharide, Sodium Benzoate, Lactic Acid, Prunus Amygdalus Dulcis Oil, Coco-Glucoside, Levulinic Acid, Sodium Levulinate, Potassium Sorbate, Caesalpinia Spinosa Gum, Sodium Gluconate, Citric Acid, Sodium Hydroxide.<\/p>\n","protected":false},"excerpt":{"rendered":"<p>Compos\u00e9 \u00e0 97% d\u2019ingr\u00e9dients d\u2019origine naturelle, ce Gel Toilette Intime ultra-respectueux est recommand\u00e9 par les gyn\u00e9cologues. Il nettoie tout en douceur les muqueuses, pour un confort optimal. Le partenaire du bien-\u00eatre au quotidien !<\/p>\n","protected":false},"featured_media":2311,"comment_status":"open","ping_status":"closed","template":"","meta":{"ocean_post_layout":"","ocean_both_sidebars_style":"","ocean_both_sidebars_content_width":0,"ocean_both_sidebars_sidebars_width":0,"ocean_sidebar":"0","ocean_second_sidebar":"0","ocean_disable_margins":"enable","ocean_add_body_class":"","ocean_shortcode_before_top_bar":"","ocean_shortcode_after_top_bar":"","ocean_shortcode_before_header":"","ocean_shortcode_after_header":"","ocean_has_shortcode":"","ocean_shortcode_after_title":"","ocean_shortcode_before_footer_widgets":"","ocean_shortcode_after_footer_widgets":"","ocean_shortcode_before_footer_bottom":"","ocean_shortcode_after_footer_bottom":"","ocean_display_top_bar":"default","ocean_display_header":"default","ocean_header_style":"","ocean_center_header_left_menu":"0","ocean_custom_header_template":"0","ocean_custom_logo":0,"ocean_custom_retina_logo":0,"ocean_custom_logo_max_width":0,"ocean_custom_logo_tablet_max_width":0,"ocean_custom_logo_mobile_max_width":0,"ocean_custom_logo_max_height":0,"ocean_custom_logo_tablet_max_height":0,"ocean_custom_logo_mobile_max_height":0,"ocean_header_custom_menu":"0","ocean_menu_typo_font_family":"0","ocean_menu_typo_font_subset":"","ocean_menu_typo_font_size":0,"ocean_menu_typo_font_size_tablet":0,"ocean_menu_typo_font_size_mobile":0,"ocean_menu_typo_font_size_unit":"px","ocean_menu_typo_font_weight":"","ocean_menu_typo_font_weight_tablet":"","ocean_menu_typo_font_weight_mobile":"","ocean_menu_typo_transform":"","ocean_menu_typo_transform_tablet":"","ocean_menu_typo_transform_mobile":"","ocean_menu_typo_line_height":0,"ocean_menu_typo_line_height_tablet":0,"ocean_menu_typo_line_height_mobile":0,"ocean_menu_typo_line_height_unit":"","ocean_menu_typo_spacing":0,"ocean_menu_typo_spacing_tablet":0,"ocean_menu_typo_spacing_mobile":0,"ocean_menu_typo_spacing_unit":"","ocean_menu_link_color":"","ocean_menu_link_color_hover":"","ocean_menu_link_color_active":"","ocean_menu_link_background":"","ocean_menu_link_hover_background":"","ocean_menu_link_active_background":"","ocean_menu_social_links_bg":"","ocean_menu_social_hover_links_bg":"","ocean_menu_social_links_color":"","ocean_menu_social_hover_links_color":"","ocean_disable_title":"default","ocean_disable_heading":"default","ocean_post_title":"","ocean_post_subheading":"","ocean_post_title_style":"","ocean_post_title_background_color":"","ocean_post_title_background":0,"ocean_post_title_bg_image_position":"","ocean_post_title_bg_image_attachment":"","ocean_post_title_bg_image_repeat":"","ocean_post_title_bg_image_size":"","ocean_post_title_height":0,"ocean_post_title_bg_overlay":0.5,"ocean_post_title_bg_overlay_color":"","ocean_disable_breadcrumbs":"default","ocean_breadcrumbs_color":"","ocean_breadcrumbs_separator_color":"","ocean_breadcrumbs_links_color":"","ocean_breadcrumbs_links_hover_color":"","ocean_display_footer_widgets":"default","ocean_display_footer_bottom":"default","ocean_custom_footer_template":"0"},"product_brand":[],"product_cat":[26,44,87,96],"product_tag":[],"class_list":{"0":"post-2310","1":"product","2":"type-product","3":"status-publish","4":"has-post-thumbnail","6":"product_cat-promo","7":"product_cat-hygiene","8":"product_cat-hygiene-intime","9":"product_cat-toilette-intime","11":"entry","12":"has-media","14":"first","15":"instock","16":"sale","17":"taxable","18":"shipping-taxable","19":"purchasable","20":"product-type-simple","21":"has-product-nav","22":"col","23":"span_1_of_3","24":"owp-content-center","25":"owp-thumbs-layout-horizontal","26":"owp-btn-normal","27":"owp-tabs-layout-horizontal"},"_links":{"self":[{"href":"https:\/\/ellypara.com\/index.php\/wp-json\/wp\/v2\/product\/2310","targetHints":{"allow":["GET"]}}],"collection":[{"href":"https:\/\/ellypara.com\/index.php\/wp-json\/wp\/v2\/product"}],"about":[{"href":"https:\/\/ellypara.com\/index.php\/wp-json\/wp\/v2\/types\/product"}],"replies":[{"embeddable":true,"href":"https:\/\/ellypara.com\/index.php\/wp-json\/wp\/v2\/comments?post=2310"}],"wp:featuredmedia":[{"embeddable":true,"href":"https:\/\/ellypara.com\/index.php\/wp-json\/wp\/v2\/media\/2311"}],"wp:attachment":[{"href":"https:\/\/ellypara.com\/index.php\/wp-json\/wp\/v2\/media?parent=2310"}],"wp:term":[{"taxonomy":"product_brand","embeddable":true,"href":"https:\/\/ellypara.com\/index.php\/wp-json\/wp\/v2\/product_brand?post=2310"},{"taxonomy":"product_cat","embeddable":true,"href":"https:\/\/ellypara.com\/index.php\/wp-json\/wp\/v2\/product_cat?post=2310"},{"taxonomy":"product_tag","embeddable":true,"href":"https:\/\/ellypara.com\/index.php\/wp-json\/wp\/v2\/product_tag?post=2310"}],"curies":[{"name":"wp","href":"https:\/\/api.w.org\/{rel}","templated":true}]}}