{"id":2313,"date":"2025-08-25T13:58:47","date_gmt":"2025-08-25T11:58:47","guid":{"rendered":"https:\/\/ellypara.com\/?post_type=product&#038;p=2313"},"modified":"2025-08-25T13:58:48","modified_gmt":"2025-08-25T11:58:48","slug":"beesline-instant-bright-glow-serum-30ml","status":"publish","type":"product","link":"https:\/\/ellypara.com\/index.php\/produit\/beesline-instant-bright-glow-serum-30ml\/","title":{"rendered":"Beesline Instant Bright Glow Serum 30ml"},"content":{"rendered":"<p>S\u00e9rum ultra-enrichi pour un \u00e9clat et un \u00e9clat instantan\u00e9s<br \/>\n\u00c9claircit et repulpe visiblement la peau<br \/>\nUnifie le teint et cible l\u2019hyperpigmentation<br \/>\nR\u00e9sultats prouv\u00e9s en 4 semaines<br \/>\nId\u00e9al pour un usage quotidien, matin et soir<\/p>\n<p><strong>Comment utiliser<\/strong><\/p>\n<p>Utiliser deux fois par jour, matin et soir.<br \/>\nCommencez par nettoyer votre peau avec le nettoyant 5 en 1 Beesline Instant Bright.<br \/>\nSuivez avec le tonique instantan\u00e9 pour le visage pour pr\u00e9parer la peau.<br \/>\nAppliquez le s\u00e9rum sur le visage et le cou et massez doucement sur la peau jusqu\u2019\u00e0 absorption compl\u00e8te.<\/p>\n<p><strong>Ingr\u00e9dients actifs<\/strong><\/p>\n<p>L\u2019acide hyaluronique \ud83e\uddea<br \/>\n(hyaluronate de sodium) est un ingr\u00e9dient hydratant qui attire et retient l\u2019humidit\u00e9 de la peau, favorisant un teint plus rebondi et plus lisse.<\/p>\n<p>Le Saphir Blanc \ud83e\uddea<br \/>\nest un min\u00e9ral naturel qui procure un effet \u00e9claircissant instantan\u00e9 et un \u00e9clat radieux \u00e0 la peau.<\/p>\n<p>La provitamine B572\u00a0\ud83e\uddea<br \/>\n(panth\u00e9nol) est un ingr\u00e9dient hydratant et apaisant qui retient l\u2019humidit\u00e9 et renforce l\u2019\u00e9lasticit\u00e9 de la peau. Il soutient \u00e9galement la barri\u00e8re cutan\u00e9e, la gardant saine et prot\u00e9g\u00e9e.<\/p>\n<p>L\u2019Aloe Vera \ud83c\udf31<br \/>\n(Aloe Barbadensis Leaf Juice) est un ingr\u00e9dient apaisant qui calme et hydrate la peau.<\/p>\n<p>La vitamine C \ud83e\uddea<br \/>\n(phosphate d\u2019ascorbyle de magn\u00e9sium) est un puissant antioxydant qui \u00e9claircit la peau, unifie le teint et r\u00e9duit l\u2019apparence des taches brunes et de l\u2019hyperpigmentation. Il stimule \u00e9galement la production de collag\u00e8ne pour une peau plus ferme et plus jeune.<\/p>\n<p>La vitamine E \ud83e\uddea<br \/>\n(ac\u00e9tate de tocoph\u00e9rol) est un puissant antioxydant qui prot\u00e8ge la peau des radicaux libres, r\u00e9duisant les dommages et favorisant la sant\u00e9 globale de la peau.<\/p>\n<p>Lumiskin\ud83e\uddea<br \/>\n(Diacetyl Boldine) ou extrait d\u2019arbre boldo est un puissant booster d\u2019\u00e9clat qui estompe les taches brunes et unifie le teint.<\/p>\n<p><strong>Ingr\u00e9dients complets<\/strong><\/p>\n<p>Aqua (Eau). Triglyc\u00e9ride caprylique\/caprique. Glyc\u00e9rine. St\u00e9arate de glyc\u00e9ryle SE. Polysorbate 80. Cyclopentasiloxane. Ceteareth-20. \u00c9thylhexylglyc\u00e9rine. Polym\u00e8re crois\u00e9 de m\u00e9thacrylate de m\u00e9thyle. Nitrure de bore. Ph\u00e9noxy\u00e9thanol. Mica. Dim\u00e9thicone. Panth\u00e9nol (Provitamine B5). Allanto\u00efne. Extrait de feuille d\u2019Aloe Barbadensis (Aloe Vera). Le dioxyde de titane. Gomme Xanthane. Ac\u00e9tate de tocoph\u00e9rol (vitamine E). Polysilicone-11. Hyaluronate de sodium. Poudre de saphir. Huile de fleur de Rosa Damascena (Rose). Phosphate d\u2019ascorbyle de magn\u00e9sium (vitamine E). Diac\u00e9tyle Boldine (Lumiskin). Citronellol. G\u00e9raniol.<\/p>\n<p>&nbsp;<\/p>\n","protected":false},"excerpt":{"rendered":"<p>Un s\u00e9rum ultra-enrichi qui booste instantan\u00e9ment l\u2019\u00e9clat et l\u2019\u00e9clat, laissant la peau visiblement plus lumineuse et plus rebondie d\u00e8s la premi\u00e8re utilisation. Unifie le teint et cible l\u2019hyperpigmentation, avec des r\u00e9sultats prouv\u00e9s en 4 semaines.<\/p>\n","protected":false},"featured_media":2315,"comment_status":"open","ping_status":"closed","template":"","meta":{"ocean_post_layout":"","ocean_both_sidebars_style":"","ocean_both_sidebars_content_width":0,"ocean_both_sidebars_sidebars_width":0,"ocean_sidebar":"0","ocean_second_sidebar":"0","ocean_disable_margins":"enable","ocean_add_body_class":"","ocean_shortcode_before_top_bar":"","ocean_shortcode_after_top_bar":"","ocean_shortcode_before_header":"","ocean_shortcode_after_header":"","ocean_has_shortcode":"","ocean_shortcode_after_title":"","ocean_shortcode_before_footer_widgets":"","ocean_shortcode_after_footer_widgets":"","ocean_shortcode_before_footer_bottom":"","ocean_shortcode_after_footer_bottom":"","ocean_display_top_bar":"default","ocean_display_header":"default","ocean_header_style":"","ocean_center_header_left_menu":"0","ocean_custom_header_template":"0","ocean_custom_logo":0,"ocean_custom_retina_logo":0,"ocean_custom_logo_max_width":0,"ocean_custom_logo_tablet_max_width":0,"ocean_custom_logo_mobile_max_width":0,"ocean_custom_logo_max_height":0,"ocean_custom_logo_tablet_max_height":0,"ocean_custom_logo_mobile_max_height":0,"ocean_header_custom_menu":"0","ocean_menu_typo_font_family":"0","ocean_menu_typo_font_subset":"","ocean_menu_typo_font_size":0,"ocean_menu_typo_font_size_tablet":0,"ocean_menu_typo_font_size_mobile":0,"ocean_menu_typo_font_size_unit":"px","ocean_menu_typo_font_weight":"","ocean_menu_typo_font_weight_tablet":"","ocean_menu_typo_font_weight_mobile":"","ocean_menu_typo_transform":"","ocean_menu_typo_transform_tablet":"","ocean_menu_typo_transform_mobile":"","ocean_menu_typo_line_height":0,"ocean_menu_typo_line_height_tablet":0,"ocean_menu_typo_line_height_mobile":0,"ocean_menu_typo_line_height_unit":"","ocean_menu_typo_spacing":0,"ocean_menu_typo_spacing_tablet":0,"ocean_menu_typo_spacing_mobile":0,"ocean_menu_typo_spacing_unit":"","ocean_menu_link_color":"","ocean_menu_link_color_hover":"","ocean_menu_link_color_active":"","ocean_menu_link_background":"","ocean_menu_link_hover_background":"","ocean_menu_link_active_background":"","ocean_menu_social_links_bg":"","ocean_menu_social_hover_links_bg":"","ocean_menu_social_links_color":"","ocean_menu_social_hover_links_color":"","ocean_disable_title":"default","ocean_disable_heading":"default","ocean_post_title":"","ocean_post_subheading":"","ocean_post_title_style":"","ocean_post_title_background_color":"","ocean_post_title_background":0,"ocean_post_title_bg_image_position":"","ocean_post_title_bg_image_attachment":"","ocean_post_title_bg_image_repeat":"","ocean_post_title_bg_image_size":"","ocean_post_title_height":0,"ocean_post_title_bg_overlay":0.5,"ocean_post_title_bg_overlay_color":"","ocean_disable_breadcrumbs":"default","ocean_breadcrumbs_color":"","ocean_breadcrumbs_separator_color":"","ocean_breadcrumbs_links_color":"","ocean_breadcrumbs_links_hover_color":"","ocean_display_footer_widgets":"default","ocean_display_footer_bottom":"default","ocean_custom_footer_template":"0"},"product_brand":[],"product_cat":[26,39,21],"product_tag":[],"class_list":{"0":"post-2313","1":"product","2":"type-product","3":"status-publish","4":"has-post-thumbnail","6":"product_cat-promo","7":"product_cat-soins-anti-taches-et-depigmentants","8":"product_cat-visage","10":"entry","11":"has-media","13":"first","14":"instock","15":"sale","16":"taxable","17":"shipping-taxable","18":"purchasable","19":"product-type-simple","20":"has-product-nav","21":"col","22":"span_1_of_3","23":"owp-content-center","24":"owp-thumbs-layout-horizontal","25":"owp-btn-normal","26":"owp-tabs-layout-horizontal","27":"has-no-thumbnails"},"_links":{"self":[{"href":"https:\/\/ellypara.com\/index.php\/wp-json\/wp\/v2\/product\/2313","targetHints":{"allow":["GET"]}}],"collection":[{"href":"https:\/\/ellypara.com\/index.php\/wp-json\/wp\/v2\/product"}],"about":[{"href":"https:\/\/ellypara.com\/index.php\/wp-json\/wp\/v2\/types\/product"}],"replies":[{"embeddable":true,"href":"https:\/\/ellypara.com\/index.php\/wp-json\/wp\/v2\/comments?post=2313"}],"wp:featuredmedia":[{"embeddable":true,"href":"https:\/\/ellypara.com\/index.php\/wp-json\/wp\/v2\/media\/2315"}],"wp:attachment":[{"href":"https:\/\/ellypara.com\/index.php\/wp-json\/wp\/v2\/media?parent=2313"}],"wp:term":[{"taxonomy":"product_brand","embeddable":true,"href":"https:\/\/ellypara.com\/index.php\/wp-json\/wp\/v2\/product_brand?post=2313"},{"taxonomy":"product_cat","embeddable":true,"href":"https:\/\/ellypara.com\/index.php\/wp-json\/wp\/v2\/product_cat?post=2313"},{"taxonomy":"product_tag","embeddable":true,"href":"https:\/\/ellypara.com\/index.php\/wp-json\/wp\/v2\/product_tag?post=2313"}],"curies":[{"name":"wp","href":"https:\/\/api.w.org\/{rel}","templated":true}]}}