{"id":2318,"date":"2025-08-25T14:15:48","date_gmt":"2025-08-25T12:15:48","guid":{"rendered":"https:\/\/ellypara.com\/?post_type=product&#038;p=2318"},"modified":"2025-08-25T14:15:48","modified_gmt":"2025-08-25T12:15:48","slug":"beesline-instant-bright-eau-micellaire-400ml","status":"publish","type":"product","link":"https:\/\/ellypara.com\/index.php\/produit\/beesline-instant-bright-eau-micellaire-400ml\/","title":{"rendered":"Beesline Instant Bright Eau Micellaire 400ml"},"content":{"rendered":"<p>Eau micellaire \u00e9claircissante pour un teint plus uniforme<br \/>\nBoost\u00e9 en acide lactique, l\u2019AHA le plus doux<br \/>\nNettoie en profondeur et d\u00e9maquille en 2 passages<br \/>\nEmp\u00eache l\u2019accumulation dans les pores pour une peau plus claire<br \/>\nFormule douce aux propri\u00e9t\u00e9s apaisantes<br \/>\nLe rin\u00e7age est facultatif<\/p>\n<p><strong>Comment utiliser<\/strong><\/p>\n<p>Utilisez l\u2019eau micellaire pour \u00e9liminer les impuret\u00e9s et le maquillage du quotidien, sur le visage, les yeux et les l\u00e8vres.<br \/>\nPour le d\u00e9maquillage des yeux, imbibez un coton et pressez-le quelques secondes contre vos yeux ferm\u00e9s. Essuyez doucement sans frotter trop fort.<br \/>\nLe rin\u00e7age est facultatif.<\/p>\n<p><strong>Ingr\u00e9dients actifs<\/strong><\/p>\n<p>Acide lactique\ud83c\udf31<\/p>\n<p>est un AHA (acide alpha-hydroxy) exfoliant doux qui am\u00e9liore le teint et la texture de la peau. Il favorise le renouvellement cellulaire, r\u00e9v\u00e9lant un teint plus lumineux et plus \u00e9clatant.<\/p>\n<p>Lactate de sodium \ud83c\udf31<\/p>\n<p>est un agent hydratant naturel qui hydrate la peau et maintient son \u00e9quilibre hydrique. Il poss\u00e8de \u00e9galement des propri\u00e9t\u00e9s exfoliantes qui \u00e9liminent les cellules mortes de la peau, laissant la peau plus lisse et plus uniforme.<\/p>\n<p><strong>Ingr\u00e9dients complets<\/strong><\/p>\n<p>Aqua (Eau). Poloxamer 184. PEG-6 Glyc\u00e9rides caprylique\/caprique.\u00a0Propyl\u00e8ne glycol.\u00a0Polysorbate 80. Biguanide de polyaminopropyle.\u00a0Lactate de sodium.\u00a0Acide lactique.<\/p>\n","protected":false},"excerpt":{"rendered":"<p>Une eau micellaire \u00e9claircissante pour un teint plus uniforme. Cette formule douce mais efficace nettoie votre peau en profondeur, d\u00e9maquille et pr\u00e9vient l\u2019accumulation dans les pores. Gr\u00e2ce \u00e0 ses propri\u00e9t\u00e9s apaisantes, il laisse votre peau rafra\u00eechie et revitalis\u00e9e.<\/p>\n","protected":false},"featured_media":2319,"comment_status":"open","ping_status":"closed","template":"","meta":{"ocean_post_layout":"","ocean_both_sidebars_style":"","ocean_both_sidebars_content_width":0,"ocean_both_sidebars_sidebars_width":0,"ocean_sidebar":"0","ocean_second_sidebar":"0","ocean_disable_margins":"enable","ocean_add_body_class":"","ocean_shortcode_before_top_bar":"","ocean_shortcode_after_top_bar":"","ocean_shortcode_before_header":"","ocean_shortcode_after_header":"","ocean_has_shortcode":"","ocean_shortcode_after_title":"","ocean_shortcode_before_footer_widgets":"","ocean_shortcode_after_footer_widgets":"","ocean_shortcode_before_footer_bottom":"","ocean_shortcode_after_footer_bottom":"","ocean_display_top_bar":"default","ocean_display_header":"default","ocean_header_style":"","ocean_center_header_left_menu":"0","ocean_custom_header_template":"0","ocean_custom_logo":0,"ocean_custom_retina_logo":0,"ocean_custom_logo_max_width":0,"ocean_custom_logo_tablet_max_width":0,"ocean_custom_logo_mobile_max_width":0,"ocean_custom_logo_max_height":0,"ocean_custom_logo_tablet_max_height":0,"ocean_custom_logo_mobile_max_height":0,"ocean_header_custom_menu":"0","ocean_menu_typo_font_family":"0","ocean_menu_typo_font_subset":"","ocean_menu_typo_font_size":0,"ocean_menu_typo_font_size_tablet":0,"ocean_menu_typo_font_size_mobile":0,"ocean_menu_typo_font_size_unit":"px","ocean_menu_typo_font_weight":"","ocean_menu_typo_font_weight_tablet":"","ocean_menu_typo_font_weight_mobile":"","ocean_menu_typo_transform":"","ocean_menu_typo_transform_tablet":"","ocean_menu_typo_transform_mobile":"","ocean_menu_typo_line_height":0,"ocean_menu_typo_line_height_tablet":0,"ocean_menu_typo_line_height_mobile":0,"ocean_menu_typo_line_height_unit":"","ocean_menu_typo_spacing":0,"ocean_menu_typo_spacing_tablet":0,"ocean_menu_typo_spacing_mobile":0,"ocean_menu_typo_spacing_unit":"","ocean_menu_link_color":"","ocean_menu_link_color_hover":"","ocean_menu_link_color_active":"","ocean_menu_link_background":"","ocean_menu_link_hover_background":"","ocean_menu_link_active_background":"","ocean_menu_social_links_bg":"","ocean_menu_social_hover_links_bg":"","ocean_menu_social_links_color":"","ocean_menu_social_hover_links_color":"","ocean_disable_title":"default","ocean_disable_heading":"default","ocean_post_title":"","ocean_post_subheading":"","ocean_post_title_style":"","ocean_post_title_background_color":"","ocean_post_title_background":0,"ocean_post_title_bg_image_position":"","ocean_post_title_bg_image_attachment":"","ocean_post_title_bg_image_repeat":"","ocean_post_title_bg_image_size":"","ocean_post_title_height":0,"ocean_post_title_bg_overlay":0.5,"ocean_post_title_bg_overlay_color":"","ocean_disable_breadcrumbs":"default","ocean_breadcrumbs_color":"","ocean_breadcrumbs_separator_color":"","ocean_breadcrumbs_links_color":"","ocean_breadcrumbs_links_hover_color":"","ocean_display_footer_widgets":"default","ocean_display_footer_bottom":"default","ocean_custom_footer_template":"0"},"product_brand":[],"product_cat":[41,21],"product_tag":[],"class_list":{"0":"post-2318","1":"product","2":"type-product","3":"status-publish","4":"has-post-thumbnail","6":"product_cat-nettoyants-visage","7":"product_cat-visage","9":"entry","10":"has-media","12":"first","13":"outofstock","14":"taxable","15":"shipping-taxable","16":"purchasable","17":"product-type-simple","18":"has-product-nav","19":"col","20":"span_1_of_3","21":"owp-content-center","22":"owp-thumbs-layout-horizontal","23":"owp-btn-normal","24":"owp-tabs-layout-horizontal","25":"has-no-thumbnails"},"_links":{"self":[{"href":"https:\/\/ellypara.com\/index.php\/wp-json\/wp\/v2\/product\/2318","targetHints":{"allow":["GET"]}}],"collection":[{"href":"https:\/\/ellypara.com\/index.php\/wp-json\/wp\/v2\/product"}],"about":[{"href":"https:\/\/ellypara.com\/index.php\/wp-json\/wp\/v2\/types\/product"}],"replies":[{"embeddable":true,"href":"https:\/\/ellypara.com\/index.php\/wp-json\/wp\/v2\/comments?post=2318"}],"wp:featuredmedia":[{"embeddable":true,"href":"https:\/\/ellypara.com\/index.php\/wp-json\/wp\/v2\/media\/2319"}],"wp:attachment":[{"href":"https:\/\/ellypara.com\/index.php\/wp-json\/wp\/v2\/media?parent=2318"}],"wp:term":[{"taxonomy":"product_brand","embeddable":true,"href":"https:\/\/ellypara.com\/index.php\/wp-json\/wp\/v2\/product_brand?post=2318"},{"taxonomy":"product_cat","embeddable":true,"href":"https:\/\/ellypara.com\/index.php\/wp-json\/wp\/v2\/product_cat?post=2318"},{"taxonomy":"product_tag","embeddable":true,"href":"https:\/\/ellypara.com\/index.php\/wp-json\/wp\/v2\/product_tag?post=2318"}],"curies":[{"name":"wp","href":"https:\/\/api.w.org\/{rel}","templated":true}]}}