{"id":2327,"date":"2025-08-26T14:23:37","date_gmt":"2025-08-26T12:23:37","guid":{"rendered":"https:\/\/ellypara.com\/?post_type=product&#038;p=2327"},"modified":"2025-08-26T14:23:37","modified_gmt":"2025-08-26T12:23:37","slug":"evadry-spray-aphtes-buccaux-100ml","status":"publish","type":"product","link":"https:\/\/ellypara.com\/index.php\/produit\/evadry-spray-aphtes-buccaux-100ml\/","title":{"rendered":"EVADRY SPRAY APHTES BUCCAUX 100ML"},"content":{"rendered":"<p>Soulage efficacement la douleur d\u00e8s la premi\u00e8re application.<\/p>\n<p>Soulage imm\u00e9diatement et durablement la douleur.<\/p>\n<p>Favorise une cicatrisation rapide.<\/p>\n<p>Ne pique pas, ne br\u00fble pas, n\u2019engourdit pas la bouche.<\/p>\n<p>Facile \u00e0 appliquer gr\u00e2ce \u00e0 sa pompe multidirectionnelle pour une application cibl\u00e9e et un maximum d\u2019hygi\u00e8ne.<\/p>\n<p>Les aphtes sont des l\u00e9sions douloureuses qui apparaissent sur la langue, les gencives, le palais ou \u00e0 l\u2019int\u00e9rieur des l\u00e8vres ou des joues. Lorsqu\u2019on enl\u00e8ve la couche sup\u00e9rieure de la muqueuse buccale, les cellules nerveuses sont expos\u00e9es.<\/p>\n<p>Nourriture, boissons, air et salive peuvent alors irriter ces terminaisons nerveuses, amplifiant la douleur et ralentissant le processus de gu\u00e9rison. C\u2019est pourquoi les aphtes peuvent affecter votre capacit\u00e9 \u00e0 vous concentrer, manger, boire et m\u00eame parler normalement.<\/p>\n<p>La bonne nouvelle est que nous avons une solution. Le spray GUM AftaClear agit comme une barri\u00e8re pour prot\u00e9ger la plaie et favoriser la cicatrisation en procurant un soulagement rapide de la douleur \u2013 vous pouvez alors retrouver une vie normale !<\/p>\n<h2>Indications\u00a0:<\/h2>\n<p>Peut \u00eatre utilis\u00e9 pour le traitement des aphtes et des petites l\u00e9sions de la muqueuse telles les blessures li\u00e9es aux appareils orthodontiques, les irritations caus\u00e9es par les proth\u00e8ses et les br\u00fblures mineures.<br \/>\n\u2013 Recommand\u00e9 pour une application sur les zones difficiles d\u2019acc\u00e8s comme le fond de la bouche<br \/>\n\u2013 Pour adultes et enfants<\/p>\n<h2>Conseils d\u2019utilisation<\/h2>\n<p>Appliquer 2 \u00e0 3 fois par jour, ou plus si n\u00e9cessaire, apr\u00e8s les repas, pendant une semaine ou jusqu\u2019\u00e0 disparition des sympt\u00f4mes.<\/p>\n","protected":false},"excerpt":{"rendered":"<p>EVADRY Spray, votre alli\u00e9 naturel contre la bouche s\u00e8che et les aphtes buccaux ! Hydratation imm\u00e9diate, soulagement durable.<\/p>\n","protected":false},"featured_media":2328,"comment_status":"open","ping_status":"closed","template":"","meta":{"ocean_post_layout":"","ocean_both_sidebars_style":"","ocean_both_sidebars_content_width":0,"ocean_both_sidebars_sidebars_width":0,"ocean_sidebar":"0","ocean_second_sidebar":"0","ocean_disable_margins":"enable","ocean_add_body_class":"","ocean_shortcode_before_top_bar":"","ocean_shortcode_after_top_bar":"","ocean_shortcode_before_header":"","ocean_shortcode_after_header":"","ocean_has_shortcode":"","ocean_shortcode_after_title":"","ocean_shortcode_before_footer_widgets":"","ocean_shortcode_after_footer_widgets":"","ocean_shortcode_before_footer_bottom":"","ocean_shortcode_after_footer_bottom":"","ocean_display_top_bar":"default","ocean_display_header":"default","ocean_header_style":"","ocean_center_header_left_menu":"0","ocean_custom_header_template":"0","ocean_custom_logo":0,"ocean_custom_retina_logo":0,"ocean_custom_logo_max_width":0,"ocean_custom_logo_tablet_max_width":0,"ocean_custom_logo_mobile_max_width":0,"ocean_custom_logo_max_height":0,"ocean_custom_logo_tablet_max_height":0,"ocean_custom_logo_mobile_max_height":0,"ocean_header_custom_menu":"0","ocean_menu_typo_font_family":"0","ocean_menu_typo_font_subset":"","ocean_menu_typo_font_size":0,"ocean_menu_typo_font_size_tablet":0,"ocean_menu_typo_font_size_mobile":0,"ocean_menu_typo_font_size_unit":"px","ocean_menu_typo_font_weight":"","ocean_menu_typo_font_weight_tablet":"","ocean_menu_typo_font_weight_mobile":"","ocean_menu_typo_transform":"","ocean_menu_typo_transform_tablet":"","ocean_menu_typo_transform_mobile":"","ocean_menu_typo_line_height":0,"ocean_menu_typo_line_height_tablet":0,"ocean_menu_typo_line_height_mobile":0,"ocean_menu_typo_line_height_unit":"","ocean_menu_typo_spacing":0,"ocean_menu_typo_spacing_tablet":0,"ocean_menu_typo_spacing_mobile":0,"ocean_menu_typo_spacing_unit":"","ocean_menu_link_color":"","ocean_menu_link_color_hover":"","ocean_menu_link_color_active":"","ocean_menu_link_background":"","ocean_menu_link_hover_background":"","ocean_menu_link_active_background":"","ocean_menu_social_links_bg":"","ocean_menu_social_hover_links_bg":"","ocean_menu_social_links_color":"","ocean_menu_social_hover_links_color":"","ocean_disable_title":"default","ocean_disable_heading":"default","ocean_post_title":"","ocean_post_subheading":"","ocean_post_title_style":"","ocean_post_title_background_color":"","ocean_post_title_background":0,"ocean_post_title_bg_image_position":"","ocean_post_title_bg_image_attachment":"","ocean_post_title_bg_image_repeat":"","ocean_post_title_bg_image_size":"","ocean_post_title_height":0,"ocean_post_title_bg_overlay":0.5,"ocean_post_title_bg_overlay_color":"","ocean_disable_breadcrumbs":"default","ocean_breadcrumbs_color":"","ocean_breadcrumbs_separator_color":"","ocean_breadcrumbs_links_color":"","ocean_breadcrumbs_links_hover_color":"","ocean_display_footer_widgets":"default","ocean_display_footer_bottom":"default","ocean_custom_footer_template":"0"},"product_brand":[],"product_cat":[94,44,88],"product_tag":[],"class_list":{"0":"post-2327","1":"product","2":"type-product","3":"status-publish","4":"has-post-thumbnail","6":"product_cat-bain-de-bouche-et-solution-gingivale","7":"product_cat-hygiene","8":"product_cat-soins-buccodentaires","10":"entry","11":"has-media","13":"first","14":"instock","15":"taxable","16":"shipping-taxable","17":"purchasable","18":"product-type-simple","19":"has-product-nav","20":"col","21":"span_1_of_3","22":"owp-content-center","23":"owp-thumbs-layout-horizontal","24":"owp-btn-normal","25":"owp-tabs-layout-horizontal"},"_links":{"self":[{"href":"https:\/\/ellypara.com\/index.php\/wp-json\/wp\/v2\/product\/2327","targetHints":{"allow":["GET"]}}],"collection":[{"href":"https:\/\/ellypara.com\/index.php\/wp-json\/wp\/v2\/product"}],"about":[{"href":"https:\/\/ellypara.com\/index.php\/wp-json\/wp\/v2\/types\/product"}],"replies":[{"embeddable":true,"href":"https:\/\/ellypara.com\/index.php\/wp-json\/wp\/v2\/comments?post=2327"}],"wp:featuredmedia":[{"embeddable":true,"href":"https:\/\/ellypara.com\/index.php\/wp-json\/wp\/v2\/media\/2328"}],"wp:attachment":[{"href":"https:\/\/ellypara.com\/index.php\/wp-json\/wp\/v2\/media?parent=2327"}],"wp:term":[{"taxonomy":"product_brand","embeddable":true,"href":"https:\/\/ellypara.com\/index.php\/wp-json\/wp\/v2\/product_brand?post=2327"},{"taxonomy":"product_cat","embeddable":true,"href":"https:\/\/ellypara.com\/index.php\/wp-json\/wp\/v2\/product_cat?post=2327"},{"taxonomy":"product_tag","embeddable":true,"href":"https:\/\/ellypara.com\/index.php\/wp-json\/wp\/v2\/product_tag?post=2327"}],"curies":[{"name":"wp","href":"https:\/\/api.w.org\/{rel}","templated":true}]}}