{"id":2334,"date":"2025-08-28T16:37:13","date_gmt":"2025-08-28T14:37:13","guid":{"rendered":"https:\/\/ellypara.com\/?post_type=product&#038;p=2334"},"modified":"2025-08-28T16:37:14","modified_gmt":"2025-08-28T14:37:14","slug":"sensilis-purify-essential-cleanser-400-ml-2","status":"publish","type":"product","link":"https:\/\/ellypara.com\/index.php\/produit\/sensilis-purify-essential-cleanser-400-ml-2\/","title":{"rendered":"Sensilis Purify Essential Cleanser 400 ml"},"content":{"rendered":"<p>Gel nettoyant purifiant qui, gr\u00e2ce au zinc et \u00e0 l\u2019extrait de lin, \u00e9limine les impuret\u00e9s de la peau, minimise l\u2019apparence des pores et normalise la s\u00e9cr\u00e9tion s\u00e9bac\u00e9e sans produire de pouss\u00e9e et limitant la prolif\u00e9ration bact\u00e9rienne.<\/p>\n<p>Il est particuli\u00e8rement indiqu\u00e9 pour les peaux mixtes ou grasses, pr\u00e9sentant des impuret\u00e9s ou dont les pores sont tr\u00e8s visibles et\/ou obstru\u00e9s.<\/p>\n<p><strong>Conseils d\u2019application<\/strong><\/p>\n<p>01<\/p>\n<p>Appliquer le gel sur le visage l\u00e9g\u00e8rement humide.<\/p>\n<p>02<\/p>\n<p>Masser en profondeur en faisant des mouvements circulaires pour que le gel \u00e9mulsionne et p\u00e9n\u00e8tre en profondeur.<\/p>\n<p>03<\/p>\n<p>S\u00e9cher la peau en la tapotant doucement \u00e0 l\u2019aide d\u2019une serviette pour ne pas irriter la peau.<\/p>\n<p><iframe id=\"widget2\" title=\"Purify Essential Cleanser | Cleansing ENG\" src=\"https:\/\/www.youtube.com\/embed\/khLFn7RrvZU?feature=oembed&amp;enablejsapi=1&amp;origin=https:%2F%2Fwww.maparatunisie.tn\" width=\"1020\" height=\"574\" frameborder=\"0\" allowfullscreen=\"allowfullscreen\" data-gtm-yt-inspected-9=\"true\" data-mce-fragment=\"1\"><\/iframe><\/p>\n<p><strong>INGR\u00c9DIENTS<\/strong><\/p>\n<p>Aqua (Water); Cocamidopropyl Betaine; Sodium Cocoamphoacetate; Sodium Lauroyl Sarcosinate; Glycerin; Ceteareth-60 Myristyl Glycol; Sodium Chloride; Sodium Hyaluronate; Barosma; Betulina Leaf Extract; Linum Usitatissimum (Linseed) Seed Extract; Zinc PCA; Panthenol; Lactic Acid; Hydroxyacetophenone; Glyceryl Oleate; Butylene Glycol; Coco-Glucoside; 1,2-Hexanediol; Tetrasodium Glutamate Diacetate; Sodium Hydroxide; Citric Acid; Parfum (Fragrance)<\/p>\n","protected":false},"excerpt":{"rendered":"<p>Gel nettoyant purifiant qui, gr\u00e2ce au zinc et \u00e0 l\u2019extrait de lin, \u00e9limine les impuret\u00e9s de la peau, minimise l\u2019apparence des pores.<\/p>\n","protected":false},"featured_media":2335,"comment_status":"open","ping_status":"closed","template":"","meta":{"ocean_post_layout":"","ocean_both_sidebars_style":"","ocean_both_sidebars_content_width":0,"ocean_both_sidebars_sidebars_width":0,"ocean_sidebar":"0","ocean_second_sidebar":"0","ocean_disable_margins":"enable","ocean_add_body_class":"","ocean_shortcode_before_top_bar":"","ocean_shortcode_after_top_bar":"","ocean_shortcode_before_header":"","ocean_shortcode_after_header":"","ocean_has_shortcode":"","ocean_shortcode_after_title":"","ocean_shortcode_before_footer_widgets":"","ocean_shortcode_after_footer_widgets":"","ocean_shortcode_before_footer_bottom":"","ocean_shortcode_after_footer_bottom":"","ocean_display_top_bar":"default","ocean_display_header":"default","ocean_header_style":"","ocean_center_header_left_menu":"0","ocean_custom_header_template":"0","ocean_custom_logo":0,"ocean_custom_retina_logo":0,"ocean_custom_logo_max_width":0,"ocean_custom_logo_tablet_max_width":0,"ocean_custom_logo_mobile_max_width":0,"ocean_custom_logo_max_height":0,"ocean_custom_logo_tablet_max_height":0,"ocean_custom_logo_mobile_max_height":0,"ocean_header_custom_menu":"0","ocean_menu_typo_font_family":"0","ocean_menu_typo_font_subset":"","ocean_menu_typo_font_size":0,"ocean_menu_typo_font_size_tablet":0,"ocean_menu_typo_font_size_mobile":0,"ocean_menu_typo_font_size_unit":"px","ocean_menu_typo_font_weight":"","ocean_menu_typo_font_weight_tablet":"","ocean_menu_typo_font_weight_mobile":"","ocean_menu_typo_transform":"","ocean_menu_typo_transform_tablet":"","ocean_menu_typo_transform_mobile":"","ocean_menu_typo_line_height":0,"ocean_menu_typo_line_height_tablet":0,"ocean_menu_typo_line_height_mobile":0,"ocean_menu_typo_line_height_unit":"","ocean_menu_typo_spacing":0,"ocean_menu_typo_spacing_tablet":0,"ocean_menu_typo_spacing_mobile":0,"ocean_menu_typo_spacing_unit":"","ocean_menu_link_color":"","ocean_menu_link_color_hover":"","ocean_menu_link_color_active":"","ocean_menu_link_background":"","ocean_menu_link_hover_background":"","ocean_menu_link_active_background":"","ocean_menu_social_links_bg":"","ocean_menu_social_hover_links_bg":"","ocean_menu_social_links_color":"","ocean_menu_social_hover_links_color":"","ocean_disable_title":"default","ocean_disable_heading":"default","ocean_post_title":"","ocean_post_subheading":"","ocean_post_title_style":"","ocean_post_title_background_color":"","ocean_post_title_background":0,"ocean_post_title_bg_image_position":"","ocean_post_title_bg_image_attachment":"","ocean_post_title_bg_image_repeat":"","ocean_post_title_bg_image_size":"","ocean_post_title_height":0,"ocean_post_title_bg_overlay":0.5,"ocean_post_title_bg_overlay_color":"","ocean_disable_breadcrumbs":"default","ocean_breadcrumbs_color":"","ocean_breadcrumbs_separator_color":"","ocean_breadcrumbs_links_color":"","ocean_breadcrumbs_links_hover_color":"","ocean_display_footer_widgets":"default","ocean_display_footer_bottom":"default","ocean_custom_footer_template":"0"},"product_brand":[],"product_cat":[41,37,21],"product_tag":[],"class_list":{"0":"post-2334","1":"product","2":"type-product","3":"status-publish","4":"has-post-thumbnail","6":"product_cat-nettoyants-visage","7":"product_cat-soins-peau-grasse","8":"product_cat-visage","10":"entry","11":"has-media","13":"first","14":"outofstock","15":"taxable","16":"shipping-taxable","17":"purchasable","18":"product-type-simple","19":"has-product-nav","20":"col","21":"span_1_of_3","22":"owp-content-center","23":"owp-thumbs-layout-horizontal","24":"owp-btn-normal","25":"owp-tabs-layout-horizontal"},"_links":{"self":[{"href":"https:\/\/ellypara.com\/index.php\/wp-json\/wp\/v2\/product\/2334","targetHints":{"allow":["GET"]}}],"collection":[{"href":"https:\/\/ellypara.com\/index.php\/wp-json\/wp\/v2\/product"}],"about":[{"href":"https:\/\/ellypara.com\/index.php\/wp-json\/wp\/v2\/types\/product"}],"replies":[{"embeddable":true,"href":"https:\/\/ellypara.com\/index.php\/wp-json\/wp\/v2\/comments?post=2334"}],"wp:featuredmedia":[{"embeddable":true,"href":"https:\/\/ellypara.com\/index.php\/wp-json\/wp\/v2\/media\/2335"}],"wp:attachment":[{"href":"https:\/\/ellypara.com\/index.php\/wp-json\/wp\/v2\/media?parent=2334"}],"wp:term":[{"taxonomy":"product_brand","embeddable":true,"href":"https:\/\/ellypara.com\/index.php\/wp-json\/wp\/v2\/product_brand?post=2334"},{"taxonomy":"product_cat","embeddable":true,"href":"https:\/\/ellypara.com\/index.php\/wp-json\/wp\/v2\/product_cat?post=2334"},{"taxonomy":"product_tag","embeddable":true,"href":"https:\/\/ellypara.com\/index.php\/wp-json\/wp\/v2\/product_tag?post=2334"}],"curies":[{"name":"wp","href":"https:\/\/api.w.org\/{rel}","templated":true}]}}