{"id":2339,"date":"2025-08-28T19:25:18","date_gmt":"2025-08-28T17:25:18","guid":{"rendered":"https:\/\/ellypara.com\/?post_type=product&#038;p=2339"},"modified":"2025-08-28T19:25:18","modified_gmt":"2025-08-28T17:25:18","slug":"collagene-access-complement-alimentaire-60-gelules","status":"publish","type":"product","link":"https:\/\/ellypara.com\/index.php\/produit\/collagene-access-complement-alimentaire-60-gelules\/","title":{"rendered":"COLLAGENE ACCESS &#8211; Compl\u00e9ment alimentaire &#8211; 60 g\u00e9lules"},"content":{"rendered":"<p><strong>Collag\u00e8ne Access<\/strong>\u00a0est un compl\u00e9ment alimentaire de haute qualit\u00e9, formul\u00e9 pour apporter \u00e0 votre peau et \u00e0 vos articulations les bienfaits du collag\u00e8ne, une prot\u00e9ine essentielle qui contribue \u00e0 maintenir leur souplesse, leur \u00e9lasticit\u00e9 et leur vitalit\u00e9. Ce suppl\u00e9ment est sp\u00e9cialement con\u00e7u pour aider \u00e0 lutter contre les signes de l\u2019\u00e2ge et soutenir la sant\u00e9 des articulations, en particulier apr\u00e8s 30 ans, lorsque la production naturelle de collag\u00e8ne diminue.<\/p>\n<p><strong>B\u00e9n\u00e9fices<\/strong>\u00a0:<\/p>\n<ul>\n<li><strong>Peau plus ferme et plus \u00e9lastique<\/strong>\u00a0: Le collag\u00e8ne est un composant cl\u00e9 de la peau qui aide \u00e0 maintenir sa structure et \u00e0 r\u00e9duire l&#8217;apparition des rides et des ridules.<\/li>\n<li><strong>Am\u00e9lioration de la mobilit\u00e9 articulaire<\/strong>\u00a0: Aide \u00e0 renforcer les articulations, en favorisant leur souplesse et en r\u00e9duisant les douleurs articulaires.<\/li>\n<li><strong>Renforcement des cheveux et des ongles<\/strong>\u00a0: Le collag\u00e8ne contribue \u00e9galement \u00e0 la sant\u00e9 des cheveux et des ongles en les rendant plus r\u00e9sistants et plus forts.<\/li>\n<li><strong>Action anti-\u00e2ge<\/strong>\u00a0: En soutenant la production de collag\u00e8ne, ce compl\u00e9ment aide \u00e0 combattre les signes du vieillissement cutan\u00e9 et articulaire.<\/li>\n<\/ul>\n<p><strong>Conseils d\u2019utilisation<\/strong> : Prenez la dose recommand\u00e9e chaque jour, g\u00e9n\u00e9ralement sous forme de g\u00e9lules ou de poudre, en fonction de la pr\u00e9sentation choisie.<\/p>\n<p>Hydratation du visage &amp; Corps : 2 G\u00e9lules Matin et 2 le soir<br \/>\nRides au niveau des yeux : 4 G\u00e9lules Matin et 4 le soir<br \/>\nCellulite &amp; Vergeture\u00a0: 4 G\u00e9lules Matin et 4 le soir<br \/>\nDouleurs articulaires : 1 g\u00e9lule par jour<br \/>\nPerte de Cheveux :\u00a04 G\u00e9lules Matin et 4 le soir<br \/>\nRenforcement des ongles fragiles :\u00a04 G\u00e9lules Matin et 4 le soir<\/p>\n<p>Les r\u00e9sultats sont observ\u00e9s \u00e0 partir du 3 -\u00e8me mois de la cure.<\/p>\n","protected":false},"excerpt":{"rendered":"<p>COLLAGENE ACCESS est un compl\u00e9ment alimentaire, \u00e0 base de Peptides\u00a0de Collag\u00e8ne Marin, de Vitamine C et E.Boite de 60 g\u00e9lules.<\/p>\n<p><strong>\u00a0<\/strong><\/p>\n","protected":false},"featured_media":2340,"comment_status":"open","ping_status":"closed","template":"","meta":{"ocean_post_layout":"","ocean_both_sidebars_style":"","ocean_both_sidebars_content_width":0,"ocean_both_sidebars_sidebars_width":0,"ocean_sidebar":"0","ocean_second_sidebar":"0","ocean_disable_margins":"enable","ocean_add_body_class":"","ocean_shortcode_before_top_bar":"","ocean_shortcode_after_top_bar":"","ocean_shortcode_before_header":"","ocean_shortcode_after_header":"","ocean_has_shortcode":"","ocean_shortcode_after_title":"","ocean_shortcode_before_footer_widgets":"","ocean_shortcode_after_footer_widgets":"","ocean_shortcode_before_footer_bottom":"","ocean_shortcode_after_footer_bottom":"","ocean_display_top_bar":"default","ocean_display_header":"default","ocean_header_style":"","ocean_center_header_left_menu":"0","ocean_custom_header_template":"0","ocean_custom_logo":0,"ocean_custom_retina_logo":0,"ocean_custom_logo_max_width":0,"ocean_custom_logo_tablet_max_width":0,"ocean_custom_logo_mobile_max_width":0,"ocean_custom_logo_max_height":0,"ocean_custom_logo_tablet_max_height":0,"ocean_custom_logo_mobile_max_height":0,"ocean_header_custom_menu":"0","ocean_menu_typo_font_family":"0","ocean_menu_typo_font_subset":"","ocean_menu_typo_font_size":0,"ocean_menu_typo_font_size_tablet":0,"ocean_menu_typo_font_size_mobile":0,"ocean_menu_typo_font_size_unit":"px","ocean_menu_typo_font_weight":"","ocean_menu_typo_font_weight_tablet":"","ocean_menu_typo_font_weight_mobile":"","ocean_menu_typo_transform":"","ocean_menu_typo_transform_tablet":"","ocean_menu_typo_transform_mobile":"","ocean_menu_typo_line_height":0,"ocean_menu_typo_line_height_tablet":0,"ocean_menu_typo_line_height_mobile":0,"ocean_menu_typo_line_height_unit":"","ocean_menu_typo_spacing":0,"ocean_menu_typo_spacing_tablet":0,"ocean_menu_typo_spacing_mobile":0,"ocean_menu_typo_spacing_unit":"","ocean_menu_link_color":"","ocean_menu_link_color_hover":"","ocean_menu_link_color_active":"","ocean_menu_link_background":"","ocean_menu_link_hover_background":"","ocean_menu_link_active_background":"","ocean_menu_social_links_bg":"","ocean_menu_social_hover_links_bg":"","ocean_menu_social_links_color":"","ocean_menu_social_hover_links_color":"","ocean_disable_title":"default","ocean_disable_heading":"default","ocean_post_title":"","ocean_post_subheading":"","ocean_post_title_style":"","ocean_post_title_background_color":"","ocean_post_title_background":0,"ocean_post_title_bg_image_position":"","ocean_post_title_bg_image_attachment":"","ocean_post_title_bg_image_repeat":"","ocean_post_title_bg_image_size":"","ocean_post_title_height":0,"ocean_post_title_bg_overlay":0.5,"ocean_post_title_bg_overlay_color":"","ocean_disable_breadcrumbs":"default","ocean_breadcrumbs_color":"","ocean_breadcrumbs_separator_color":"","ocean_breadcrumbs_links_color":"","ocean_breadcrumbs_links_hover_color":"","ocean_display_footer_widgets":"default","ocean_display_footer_bottom":"default","ocean_custom_footer_template":"0"},"product_brand":[],"product_cat":[26,25,66],"product_tag":[],"class_list":{"0":"post-2339","1":"product","2":"type-product","3":"status-publish","4":"has-post-thumbnail","6":"product_cat-promo","7":"product_cat-complements-alimentaires","8":"product_cat-sante","10":"entry","11":"has-media","13":"first","14":"instock","15":"sale","16":"taxable","17":"shipping-taxable","18":"purchasable","19":"product-type-simple","20":"has-product-nav","21":"col","22":"span_1_of_3","23":"owp-content-center","24":"owp-thumbs-layout-horizontal","25":"owp-btn-normal","26":"owp-tabs-layout-horizontal"},"_links":{"self":[{"href":"https:\/\/ellypara.com\/index.php\/wp-json\/wp\/v2\/product\/2339","targetHints":{"allow":["GET"]}}],"collection":[{"href":"https:\/\/ellypara.com\/index.php\/wp-json\/wp\/v2\/product"}],"about":[{"href":"https:\/\/ellypara.com\/index.php\/wp-json\/wp\/v2\/types\/product"}],"replies":[{"embeddable":true,"href":"https:\/\/ellypara.com\/index.php\/wp-json\/wp\/v2\/comments?post=2339"}],"wp:featuredmedia":[{"embeddable":true,"href":"https:\/\/ellypara.com\/index.php\/wp-json\/wp\/v2\/media\/2340"}],"wp:attachment":[{"href":"https:\/\/ellypara.com\/index.php\/wp-json\/wp\/v2\/media?parent=2339"}],"wp:term":[{"taxonomy":"product_brand","embeddable":true,"href":"https:\/\/ellypara.com\/index.php\/wp-json\/wp\/v2\/product_brand?post=2339"},{"taxonomy":"product_cat","embeddable":true,"href":"https:\/\/ellypara.com\/index.php\/wp-json\/wp\/v2\/product_cat?post=2339"},{"taxonomy":"product_tag","embeddable":true,"href":"https:\/\/ellypara.com\/index.php\/wp-json\/wp\/v2\/product_tag?post=2339"}],"curies":[{"name":"wp","href":"https:\/\/api.w.org\/{rel}","templated":true}]}}