{"id":2351,"date":"2025-09-08T18:35:11","date_gmt":"2025-09-08T16:35:11","guid":{"rendered":"https:\/\/ellypara.com\/?post_type=product&#038;p=2351"},"modified":"2025-09-08T18:35:11","modified_gmt":"2025-09-08T16:35:11","slug":"laino-soin-des-levres-senteur-pomme-4g","status":"publish","type":"product","link":"https:\/\/ellypara.com\/index.php\/produit\/laino-soin-des-levres-senteur-pomme-4g\/","title":{"rendered":"LAINO Soin Des Levres Senteur Pomme 4g"},"content":{"rendered":"<p>LAINO a s\u00e9lectionn\u00e9 le meilleur du bassin m\u00e9diterran\u00e9en pour parer vos l\u00e8vres d\u2019un\u00a0<strong>soin \u00e0 la senteur pomme<\/strong>. Gr\u00e2ce \u00e0 sa formule \u00e0<strong>\u00a097% d\u2019ingr\u00e9dients d\u2019origine naturelle\u00a0<\/strong>contenant\u00a0<strong>exclusivement des huiles\u00a0<\/strong><strong>v\u00e9g\u00e9tales et \u00e0 l\u2019association cire d\u2019abeille et beurre de karit\u00e9<\/strong>, vos l\u00e8vres sont\u00a0<strong>apais\u00e9es<\/strong><\/p>\n<p>Sans paraben et sans ph\u00e9noxy\u00e9thanol.<\/p>\n<h2>Conseil d\u2019utilisation<\/h2>\n<h2>Composition<\/h2>\n<p>PETROLATUM, OZOKERITE, HYDROGENATED COCONUT OIL, PARAFFINUM LIQUIDUM (MINERAL OIL), ETHYLHEXYL METHOXYCINNAMATE (OCTINOXATE), PARFUM (FRAGRANCE), CALCIUM ALUMINUM BOROSILICATE, RICINUS COMMUNIS (CASTOR) SEED OIL, PRUNUS ARMENIACA (APRICOT) KERNEL OIL, CALENDULA OFFICINALIS FLOWER EXTRACT, AMMONIUM GLYCYRRHIZATE, TRILINOLEIN, TRIOLEIN, TRIPALMITIN, TRILINOLENIN, TRISTEARIN, TRIARACHIDIN, BUTYL METHOXYDIBENZOYLMETHANE (AVOBENZONE), BHT, TIN OXIDE, SILICA, MICA, CI 77891 (TITANIUM DIOXIDE), CI 45410 (RED 28 LAKE), CI 15850 (RED 6).<\/p>\n","protected":false},"excerpt":{"rendered":"<p>Laino a s\u00e9lectionn\u00e9 le meilleur des actifs m\u00e9diterran\u00e9ens pour parer vos l\u00e8vres d\u2019un soin paillet\u00e9 \u00e0 la senteur pomme.<\/p>\n","protected":false},"featured_media":2352,"comment_status":"open","ping_status":"closed","template":"","meta":{"ocean_post_layout":"","ocean_both_sidebars_style":"","ocean_both_sidebars_content_width":0,"ocean_both_sidebars_sidebars_width":0,"ocean_sidebar":"0","ocean_second_sidebar":"0","ocean_disable_margins":"enable","ocean_add_body_class":"","ocean_shortcode_before_top_bar":"","ocean_shortcode_after_top_bar":"","ocean_shortcode_before_header":"","ocean_shortcode_after_header":"","ocean_has_shortcode":"","ocean_shortcode_after_title":"","ocean_shortcode_before_footer_widgets":"","ocean_shortcode_after_footer_widgets":"","ocean_shortcode_before_footer_bottom":"","ocean_shortcode_after_footer_bottom":"","ocean_display_top_bar":"default","ocean_display_header":"default","ocean_header_style":"","ocean_center_header_left_menu":"0","ocean_custom_header_template":"0","ocean_custom_logo":0,"ocean_custom_retina_logo":0,"ocean_custom_logo_max_width":0,"ocean_custom_logo_tablet_max_width":0,"ocean_custom_logo_mobile_max_width":0,"ocean_custom_logo_max_height":0,"ocean_custom_logo_tablet_max_height":0,"ocean_custom_logo_mobile_max_height":0,"ocean_header_custom_menu":"0","ocean_menu_typo_font_family":"0","ocean_menu_typo_font_subset":"","ocean_menu_typo_font_size":0,"ocean_menu_typo_font_size_tablet":0,"ocean_menu_typo_font_size_mobile":0,"ocean_menu_typo_font_size_unit":"px","ocean_menu_typo_font_weight":"","ocean_menu_typo_font_weight_tablet":"","ocean_menu_typo_font_weight_mobile":"","ocean_menu_typo_transform":"","ocean_menu_typo_transform_tablet":"","ocean_menu_typo_transform_mobile":"","ocean_menu_typo_line_height":0,"ocean_menu_typo_line_height_tablet":0,"ocean_menu_typo_line_height_mobile":0,"ocean_menu_typo_line_height_unit":"","ocean_menu_typo_spacing":0,"ocean_menu_typo_spacing_tablet":0,"ocean_menu_typo_spacing_mobile":0,"ocean_menu_typo_spacing_unit":"","ocean_menu_link_color":"","ocean_menu_link_color_hover":"","ocean_menu_link_color_active":"","ocean_menu_link_background":"","ocean_menu_link_hover_background":"","ocean_menu_link_active_background":"","ocean_menu_social_links_bg":"","ocean_menu_social_hover_links_bg":"","ocean_menu_social_links_color":"","ocean_menu_social_hover_links_color":"","ocean_disable_title":"default","ocean_disable_heading":"default","ocean_post_title":"","ocean_post_subheading":"","ocean_post_title_style":"","ocean_post_title_background_color":"","ocean_post_title_background":0,"ocean_post_title_bg_image_position":"","ocean_post_title_bg_image_attachment":"","ocean_post_title_bg_image_repeat":"","ocean_post_title_bg_image_size":"","ocean_post_title_height":0,"ocean_post_title_bg_overlay":0.5,"ocean_post_title_bg_overlay_color":"","ocean_disable_breadcrumbs":"default","ocean_breadcrumbs_color":"","ocean_breadcrumbs_separator_color":"","ocean_breadcrumbs_links_color":"","ocean_breadcrumbs_links_hover_color":"","ocean_display_footer_widgets":"default","ocean_display_footer_bottom":"default","ocean_custom_footer_template":"0"},"product_brand":[],"product_cat":[111],"product_tag":[],"class_list":{"0":"post-2351","1":"product","2":"type-product","3":"status-publish","4":"has-post-thumbnail","6":"product_cat-sticks-baumes-levres-et-reparateurs","8":"entry","9":"has-media","11":"first","12":"instock","13":"taxable","14":"shipping-taxable","15":"purchasable","16":"product-type-simple","17":"has-product-nav","18":"col","19":"span_1_of_3","20":"owp-content-center","21":"owp-thumbs-layout-horizontal","22":"owp-btn-normal","23":"owp-tabs-layout-horizontal","24":"has-no-thumbnails"},"_links":{"self":[{"href":"https:\/\/ellypara.com\/index.php\/wp-json\/wp\/v2\/product\/2351","targetHints":{"allow":["GET"]}}],"collection":[{"href":"https:\/\/ellypara.com\/index.php\/wp-json\/wp\/v2\/product"}],"about":[{"href":"https:\/\/ellypara.com\/index.php\/wp-json\/wp\/v2\/types\/product"}],"replies":[{"embeddable":true,"href":"https:\/\/ellypara.com\/index.php\/wp-json\/wp\/v2\/comments?post=2351"}],"wp:featuredmedia":[{"embeddable":true,"href":"https:\/\/ellypara.com\/index.php\/wp-json\/wp\/v2\/media\/2352"}],"wp:attachment":[{"href":"https:\/\/ellypara.com\/index.php\/wp-json\/wp\/v2\/media?parent=2351"}],"wp:term":[{"taxonomy":"product_brand","embeddable":true,"href":"https:\/\/ellypara.com\/index.php\/wp-json\/wp\/v2\/product_brand?post=2351"},{"taxonomy":"product_cat","embeddable":true,"href":"https:\/\/ellypara.com\/index.php\/wp-json\/wp\/v2\/product_cat?post=2351"},{"taxonomy":"product_tag","embeddable":true,"href":"https:\/\/ellypara.com\/index.php\/wp-json\/wp\/v2\/product_tag?post=2351"}],"curies":[{"name":"wp","href":"https:\/\/api.w.org\/{rel}","templated":true}]}}