{"id":2359,"date":"2025-09-08T18:50:07","date_gmt":"2025-09-08T16:50:07","guid":{"rendered":"https:\/\/ellypara.com\/?post_type=product&#038;p=2359"},"modified":"2025-09-08T18:50:07","modified_gmt":"2025-09-08T16:50:07","slug":"laino-soin-des-levres-senteur-coco-4g","status":"publish","type":"product","link":"https:\/\/ellypara.com\/index.php\/produit\/laino-soin-des-levres-senteur-coco-4g\/","title":{"rendered":"LAINO Soin Des Levres Senteur Coco 4g"},"content":{"rendered":"<p>Ce\u00a0<strong>soin des l\u00e8vres<\/strong>\u00a0Laino \u00e0 la texture fondante, pare vos l\u00e8vres fragilis\u00e9es d\u2019un soin\u00a0<strong>paillet\u00e9<\/strong>\u00a0\u00e0 la senteur\u00a0<strong>coco<\/strong>.<\/p>\n<p>Le complexe phyto-actif d\u2019huiles v\u00e9g\u00e9tales, de cire d\u2019abeille et de beurre de karit\u00e9 laisse un film protecteur sur les l\u00e8vres et les apaise.<\/p>\n<p>R\u00e9sultats : les l\u00e8vres sont\u00a0<strong>soulag\u00e9es, r\u00e9par\u00e9es et adoucies.<\/strong><\/p>\n<p><em>Sa formule\u00a0naturelle peut entra\u00eener un ph\u00e9nom\u00e8ne de givre.<\/em><\/p>\n<p>Sans paraben et sans ph\u00e9noxy\u00e9thanol.<\/p>\n<h4><strong>Conseil d\u2019utilisation ;\u00a0<\/strong><\/h4>\n<p>Appliquer sur vos l\u00e8vres.<\/p>\n<h4><strong>Composition ;\u00a0<\/strong><\/h4>\n<p>PETROLATUM, OZOKERITE, HYDROGENATED COCONUT OIL, PARAFFINUM LIQUIDUM (MINERAL OIL), ETHYLHEXYL METHOXYCINNAMATE (OCTINOXATE), PARFUM (FRAGRANCE), CALCIUM ALUMINUM BOROSILICATE, RICINUS COMMUNIS (CASTOR) SEED OIL, PRUNUS ARMENIACA (APRICOT) KERNEL OIL, CALENDULA OFFICINALIS FLOWER EXTRACT, AMMONIUM GLYCYRRHIZATE, TRILINOLEIN, TRIOLEIN, TRIPALMITIN, TRILINOLENIN, TRISTEARIN, TRIARACHIDIN, BUTYL METHOXYDIBENZOYLMETHANE (AVOBENZONE), BHT, TIN OXIDE, SILICA, MICA, CI 77891 (TITANIUM DIOXIDE), CI 45410 (RED 28 LAKE), CI 15850 (RED 6).<\/p>\n","protected":false},"excerpt":{"rendered":"<ul>\n<li>Senteur coco<\/li>\n<li>Huiles v\u00e9g\u00e9tales<\/li>\n<li>97% d\u2019ingr\u00e9dients d\u2019origine naturelle<\/li>\n<li>Excellent sur Yuka<\/li>\n<li>Made in France<\/li>\n<\/ul>\n","protected":false},"featured_media":2360,"comment_status":"open","ping_status":"closed","template":"","meta":{"ocean_post_layout":"","ocean_both_sidebars_style":"","ocean_both_sidebars_content_width":0,"ocean_both_sidebars_sidebars_width":0,"ocean_sidebar":"0","ocean_second_sidebar":"0","ocean_disable_margins":"enable","ocean_add_body_class":"","ocean_shortcode_before_top_bar":"","ocean_shortcode_after_top_bar":"","ocean_shortcode_before_header":"","ocean_shortcode_after_header":"","ocean_has_shortcode":"","ocean_shortcode_after_title":"","ocean_shortcode_before_footer_widgets":"","ocean_shortcode_after_footer_widgets":"","ocean_shortcode_before_footer_bottom":"","ocean_shortcode_after_footer_bottom":"","ocean_display_top_bar":"default","ocean_display_header":"default","ocean_header_style":"","ocean_center_header_left_menu":"0","ocean_custom_header_template":"0","ocean_custom_logo":0,"ocean_custom_retina_logo":0,"ocean_custom_logo_max_width":0,"ocean_custom_logo_tablet_max_width":0,"ocean_custom_logo_mobile_max_width":0,"ocean_custom_logo_max_height":0,"ocean_custom_logo_tablet_max_height":0,"ocean_custom_logo_mobile_max_height":0,"ocean_header_custom_menu":"0","ocean_menu_typo_font_family":"0","ocean_menu_typo_font_subset":"","ocean_menu_typo_font_size":0,"ocean_menu_typo_font_size_tablet":0,"ocean_menu_typo_font_size_mobile":0,"ocean_menu_typo_font_size_unit":"px","ocean_menu_typo_font_weight":"","ocean_menu_typo_font_weight_tablet":"","ocean_menu_typo_font_weight_mobile":"","ocean_menu_typo_transform":"","ocean_menu_typo_transform_tablet":"","ocean_menu_typo_transform_mobile":"","ocean_menu_typo_line_height":0,"ocean_menu_typo_line_height_tablet":0,"ocean_menu_typo_line_height_mobile":0,"ocean_menu_typo_line_height_unit":"","ocean_menu_typo_spacing":0,"ocean_menu_typo_spacing_tablet":0,"ocean_menu_typo_spacing_mobile":0,"ocean_menu_typo_spacing_unit":"","ocean_menu_link_color":"","ocean_menu_link_color_hover":"","ocean_menu_link_color_active":"","ocean_menu_link_background":"","ocean_menu_link_hover_background":"","ocean_menu_link_active_background":"","ocean_menu_social_links_bg":"","ocean_menu_social_hover_links_bg":"","ocean_menu_social_links_color":"","ocean_menu_social_hover_links_color":"","ocean_disable_title":"default","ocean_disable_heading":"default","ocean_post_title":"","ocean_post_subheading":"","ocean_post_title_style":"","ocean_post_title_background_color":"","ocean_post_title_background":0,"ocean_post_title_bg_image_position":"","ocean_post_title_bg_image_attachment":"","ocean_post_title_bg_image_repeat":"","ocean_post_title_bg_image_size":"","ocean_post_title_height":0,"ocean_post_title_bg_overlay":0.5,"ocean_post_title_bg_overlay_color":"","ocean_disable_breadcrumbs":"default","ocean_breadcrumbs_color":"","ocean_breadcrumbs_separator_color":"","ocean_breadcrumbs_links_color":"","ocean_breadcrumbs_links_hover_color":"","ocean_display_footer_widgets":"default","ocean_display_footer_bottom":"default","ocean_custom_footer_template":"0"},"product_brand":[],"product_cat":[111],"product_tag":[],"class_list":{"0":"post-2359","1":"product","2":"type-product","3":"status-publish","4":"has-post-thumbnail","6":"product_cat-sticks-baumes-levres-et-reparateurs","8":"entry","9":"has-media","11":"first","12":"instock","13":"taxable","14":"shipping-taxable","15":"purchasable","16":"product-type-simple","17":"has-product-nav","18":"col","19":"span_1_of_3","20":"owp-content-center","21":"owp-thumbs-layout-horizontal","22":"owp-btn-normal","23":"owp-tabs-layout-horizontal","24":"has-no-thumbnails"},"_links":{"self":[{"href":"https:\/\/ellypara.com\/index.php\/wp-json\/wp\/v2\/product\/2359","targetHints":{"allow":["GET"]}}],"collection":[{"href":"https:\/\/ellypara.com\/index.php\/wp-json\/wp\/v2\/product"}],"about":[{"href":"https:\/\/ellypara.com\/index.php\/wp-json\/wp\/v2\/types\/product"}],"replies":[{"embeddable":true,"href":"https:\/\/ellypara.com\/index.php\/wp-json\/wp\/v2\/comments?post=2359"}],"wp:featuredmedia":[{"embeddable":true,"href":"https:\/\/ellypara.com\/index.php\/wp-json\/wp\/v2\/media\/2360"}],"wp:attachment":[{"href":"https:\/\/ellypara.com\/index.php\/wp-json\/wp\/v2\/media?parent=2359"}],"wp:term":[{"taxonomy":"product_brand","embeddable":true,"href":"https:\/\/ellypara.com\/index.php\/wp-json\/wp\/v2\/product_brand?post=2359"},{"taxonomy":"product_cat","embeddable":true,"href":"https:\/\/ellypara.com\/index.php\/wp-json\/wp\/v2\/product_cat?post=2359"},{"taxonomy":"product_tag","embeddable":true,"href":"https:\/\/ellypara.com\/index.php\/wp-json\/wp\/v2\/product_tag?post=2359"}],"curies":[{"name":"wp","href":"https:\/\/api.w.org\/{rel}","templated":true}]}}