{"id":2361,"date":"2025-09-08T23:47:08","date_gmt":"2025-09-08T21:47:08","guid":{"rendered":"https:\/\/ellypara.com\/?post_type=product&#038;p=2361"},"modified":"2025-09-08T23:47:08","modified_gmt":"2025-09-08T21:47:08","slug":"isdin-ecran-solaire-active-unify-fusion-fluid-invisible-spf50-50ml","status":"publish","type":"product","link":"https:\/\/ellypara.com\/index.php\/produit\/isdin-ecran-solaire-active-unify-fusion-fluid-invisible-spf50-50ml\/","title":{"rendered":"ISDIN \u00c9cran Solaire Active Unify Fusion Fluid Invisible SPF50+ 50ml"},"content":{"rendered":"<p><strong>Foto Ultra 100 ISDIN\u00ae Active Unify Fusion Fluid SPF50+<\/strong>\u00a0<strong>50ml<\/strong>\u00a0est une\u00a0<strong>tr\u00e8s haute protection solaire<\/strong>\u00a0qui aide \u00e0 r\u00e9duire et \u00e0\u00a0<strong>pr\u00e9venir l\u2019apparition de taches<\/strong>\u00a0li\u00e9es \u00e0 l\u2019exposition au soleil.<\/p>\n<p>Gr\u00e2ce au\u00a0<strong>DP3-Unify Complex<\/strong>, ce soin solaire aide \u00e0 r\u00e9guler la\u00a0<strong>production de m\u00e9lanine<\/strong>\u00a0et \u00e0 pr\u00e9venir les troubles de la pigmentation ou les\u00a0<strong>taches solaires<\/strong>\u00a0sur la peau tout en unifiant le teint. De plus, sa texture\u00a0<em>fusion fluide<\/em>\u00a0facilite son application et est facilement absorb\u00e9e.<\/p>\n<p>Id\u00e9al pour les\u00a0<strong>peaux photosensibles<\/strong>\u00a0qui doivent minimiser l\u2019incidence des rayons UV sur la peau.<\/p>\n<p><strong>Mode d\u2019emploi<\/strong><\/p>\n<ul>\n<li>Agiter avant emploi.<\/li>\n<li>Appliquer uniform\u00e9ment la quantit\u00e9 de deux doigts sur la peau pr\u00e9alablement nettoy\u00e9e du visage, du cou et du d\u00e9collet\u00e9, 30 minutes avant l\u2019exposition au soleil.<\/li>\n<li>\u00c9viter tout contact avec les yeux.<\/li>\n<li>Masser jusqu\u2019\u00e0 absorption compl\u00e8te.<\/li>\n<li>Afin de maintenir une protection efficace, renouveler l\u2019application toutes les 2 heures et syst\u00e9matiquement apr\u00e8s avoir nag\u00e9, transpir\u00e9 ou vous \u00eatre s\u00e9ch\u00e9.<\/li>\n<\/ul>\n<p><strong>Composition<\/strong><\/p>\n<p>AQUA (WATER), DIBUTYL ADIPATE, CYCLOPENTASILOXANE, OCTOCRYLENE, NIACINAMIDE, ALCOHOL DENAT., TITANIUM DIOXIDE [NANO], BUTYL METHOXYDIBENZOYLMETHANE, CYCLOHEXASILOXANE, BIS-ETHYLHEXYLOXYPHENOL METHOXYPHENYL TRIAZINE, BUTYLENE GLYCOL, PEG-30 DIPOLYHYDROXYSTEARATE, GLYCERIN, NYLON-12, PEG-10 DIMETHICONE, SODIUM CHLORIDE, PHENOXYETHANOL, SILICA, DIMETHICONE, PHENYLETHYL RESORCINOL, DISTEARDIMONIUM HECTORITE, PANTHENOL, TOCOPHERYL ACETATE, ALLANTOIN, GLYCERYL STEARATE, PARFUM (FRAGRANCE), DISODIUM EDTA, ETHYLHEXYLGLYCERIN, SODIUM HYALURONATE, DIMETHICONOL, PEG-8, TOCOPHEROL, TETRAPEPTIDE-30, ASCORBYL PALMITATE, ASCORBIC ACID, CITRIC ACID.<\/p>\n<p><strong>Conseil Pharmaceutique ISDIN \u00c9cran Solaire Active Unify Fusion Fluid Invisible<\/strong><\/p>\n<p>L\u2019utilisation d\u2019une\u00a0<strong>cr\u00e8me solaire<\/strong>\u00a0est indispensable pour prot\u00e9ger la peau et emp\u00eacher les rayons UVA et UVB d\u2019y p\u00e9n\u00e9trer. Gr\u00e2ce aux filtres solaires contenus dans les protections solaires, une barri\u00e8re se cr\u00e9e sur la peau, la prot\u00e9geant des irritations, br\u00fblures, allergies ou rougeurs. Pour que la photoprotection soit efficace, elle doit \u00eatre appliqu\u00e9e en\u00a0<strong>quantit\u00e9 suffisante<\/strong>\u00a0et\u00a0<strong>r\u00e9partie uniform\u00e9ment<\/strong>\u00a0sur toute la surface cutan\u00e9e.<\/p>\n<p>De plus, il est n\u00e9cessaire de\u00a0<strong>renouveler son application toutes les 2 heures<\/strong>, apr\u00e8s s\u2019\u00eatre baign\u00e9, avoir fait du sport ou transpir\u00e9. Il est \u00e9galement important de ne pas s\u2019exposer en milieu de journ\u00e9e (entre 12h et 16h) et d\u2019\u00e9viter toute exposition directe au soleil pour les nourrissons et les b\u00e9b\u00e9s. Pour rappel, le soleil est responsable du vieillissement de la peau ; une surexposition \u00e0 ses rayons entra\u00eene le photovieillissement, provoque des\u00a0<strong>dommages oxydatifs<\/strong>\u00a0et favorise l\u2019apparition de maladies cutan\u00e9es. Cette action de protection peut \u00eatre renforc\u00e9e par la prise de compl\u00e9ments alimentaires associ\u00e9e \u00e0 une alimentation \u00e9quilibr\u00e9e et le port d\u2019accessoires tels que des lunettes de soleil et\/ou chapeaux \u00e0 larges bords.<\/p>\n<p>Une attention toute particuli\u00e8re doit \u00eatre port\u00e9e sur le\u00a0<strong>visage<\/strong>. En effet, sa peau \u00e9tant plus fine et sensible que celle du corps, il est particuli\u00e8rement touch\u00e9 par l\u2019action n\u00e9faste des rayons du soleil, favorisant un\u00a0<strong>vieillissement pr\u00e9matur\u00e9<\/strong>\u00a0de la peau. Il est donc indispensable d\u2019utiliser une cr\u00e8me solaire sp\u00e9cialement con\u00e7ue pour cette zone. Par ailleurs, son application permettant de prot\u00e9ger les prot\u00e9ines, la k\u00e9ratine et l\u2019\u00e9lastine, vous \u00e9viterez la formation de taches.<\/p>\n<p>Enfin, n\u2019oubliez pas d\u2019appliquer de l\u2019<strong>apr\u00e8s-soleil<\/strong>, sur le visage et le corps, afin que la peau conserve les antioxydants et l\u2019hydratation dont elle a besoin. Si vous prenez des m\u00e9dicaments photosensibilisants ou si vous souffrez de probl\u00e8mes de peau, il est particuli\u00e8rement important de suivre ces recommandations. Dans tous les cas, si apr\u00e8s une exposition au soleil, des cloques, de la fi\u00e8vre ou des maux de t\u00eate apparaissent, consultez votre m\u00e9decin.<\/p>\n","protected":false},"excerpt":{"rendered":"<p>Foto Ultra 100 ISDIN\u00ae Active Unify Fusion Fluid SPF50+ 50ml est une tr\u00e8s haute protection solaire qui aide \u00e0 r\u00e9duire et \u00e0 pr\u00e9venir l\u2019apparition de taches.<\/p>\n","protected":false},"featured_media":2362,"comment_status":"open","ping_status":"closed","template":"","meta":{"ocean_post_layout":"","ocean_both_sidebars_style":"","ocean_both_sidebars_content_width":0,"ocean_both_sidebars_sidebars_width":0,"ocean_sidebar":"0","ocean_second_sidebar":"0","ocean_disable_margins":"enable","ocean_add_body_class":"","ocean_shortcode_before_top_bar":"","ocean_shortcode_after_top_bar":"","ocean_shortcode_before_header":"","ocean_shortcode_after_header":"","ocean_has_shortcode":"","ocean_shortcode_after_title":"","ocean_shortcode_before_footer_widgets":"","ocean_shortcode_after_footer_widgets":"","ocean_shortcode_before_footer_bottom":"","ocean_shortcode_after_footer_bottom":"","ocean_display_top_bar":"default","ocean_display_header":"default","ocean_header_style":"","ocean_center_header_left_menu":"0","ocean_custom_header_template":"0","ocean_custom_logo":0,"ocean_custom_retina_logo":0,"ocean_custom_logo_max_width":0,"ocean_custom_logo_tablet_max_width":0,"ocean_custom_logo_mobile_max_width":0,"ocean_custom_logo_max_height":0,"ocean_custom_logo_tablet_max_height":0,"ocean_custom_logo_mobile_max_height":0,"ocean_header_custom_menu":"0","ocean_menu_typo_font_family":"0","ocean_menu_typo_font_subset":"","ocean_menu_typo_font_size":0,"ocean_menu_typo_font_size_tablet":0,"ocean_menu_typo_font_size_mobile":0,"ocean_menu_typo_font_size_unit":"px","ocean_menu_typo_font_weight":"","ocean_menu_typo_font_weight_tablet":"","ocean_menu_typo_font_weight_mobile":"","ocean_menu_typo_transform":"","ocean_menu_typo_transform_tablet":"","ocean_menu_typo_transform_mobile":"","ocean_menu_typo_line_height":0,"ocean_menu_typo_line_height_tablet":0,"ocean_menu_typo_line_height_mobile":0,"ocean_menu_typo_line_height_unit":"","ocean_menu_typo_spacing":0,"ocean_menu_typo_spacing_tablet":0,"ocean_menu_typo_spacing_mobile":0,"ocean_menu_typo_spacing_unit":"","ocean_menu_link_color":"","ocean_menu_link_color_hover":"","ocean_menu_link_color_active":"","ocean_menu_link_background":"","ocean_menu_link_hover_background":"","ocean_menu_link_active_background":"","ocean_menu_social_links_bg":"","ocean_menu_social_hover_links_bg":"","ocean_menu_social_links_color":"","ocean_menu_social_hover_links_color":"","ocean_disable_title":"default","ocean_disable_heading":"default","ocean_post_title":"","ocean_post_subheading":"","ocean_post_title_style":"","ocean_post_title_background_color":"","ocean_post_title_background":0,"ocean_post_title_bg_image_position":"","ocean_post_title_bg_image_attachment":"","ocean_post_title_bg_image_repeat":"","ocean_post_title_bg_image_size":"","ocean_post_title_height":0,"ocean_post_title_bg_overlay":0.5,"ocean_post_title_bg_overlay_color":"","ocean_disable_breadcrumbs":"default","ocean_breadcrumbs_color":"","ocean_breadcrumbs_separator_color":"","ocean_breadcrumbs_links_color":"","ocean_breadcrumbs_links_hover_color":"","ocean_display_footer_widgets":"default","ocean_display_footer_bottom":"default","ocean_custom_footer_template":"0"},"product_brand":[],"product_cat":[71,39,20],"product_tag":[],"class_list":{"0":"post-2361","1":"product","2":"type-product","3":"status-publish","4":"has-post-thumbnail","6":"product_cat-cremes-solaires","7":"product_cat-soins-anti-taches-et-depigmentants","8":"product_cat-solaire","10":"entry","11":"has-media","13":"first","14":"instock","15":"taxable","16":"shipping-taxable","17":"purchasable","18":"product-type-simple","19":"has-product-nav","20":"col","21":"span_1_of_3","22":"owp-content-center","23":"owp-thumbs-layout-horizontal","24":"owp-btn-normal","25":"owp-tabs-layout-horizontal"},"_links":{"self":[{"href":"https:\/\/ellypara.com\/index.php\/wp-json\/wp\/v2\/product\/2361","targetHints":{"allow":["GET"]}}],"collection":[{"href":"https:\/\/ellypara.com\/index.php\/wp-json\/wp\/v2\/product"}],"about":[{"href":"https:\/\/ellypara.com\/index.php\/wp-json\/wp\/v2\/types\/product"}],"replies":[{"embeddable":true,"href":"https:\/\/ellypara.com\/index.php\/wp-json\/wp\/v2\/comments?post=2361"}],"wp:featuredmedia":[{"embeddable":true,"href":"https:\/\/ellypara.com\/index.php\/wp-json\/wp\/v2\/media\/2362"}],"wp:attachment":[{"href":"https:\/\/ellypara.com\/index.php\/wp-json\/wp\/v2\/media?parent=2361"}],"wp:term":[{"taxonomy":"product_brand","embeddable":true,"href":"https:\/\/ellypara.com\/index.php\/wp-json\/wp\/v2\/product_brand?post=2361"},{"taxonomy":"product_cat","embeddable":true,"href":"https:\/\/ellypara.com\/index.php\/wp-json\/wp\/v2\/product_cat?post=2361"},{"taxonomy":"product_tag","embeddable":true,"href":"https:\/\/ellypara.com\/index.php\/wp-json\/wp\/v2\/product_tag?post=2361"}],"curies":[{"name":"wp","href":"https:\/\/api.w.org\/{rel}","templated":true}]}}