{"id":2364,"date":"2025-09-08T23:55:56","date_gmt":"2025-09-08T21:55:56","guid":{"rendered":"https:\/\/ellypara.com\/?post_type=product&#038;p=2364"},"modified":"2025-09-08T23:55:56","modified_gmt":"2025-09-08T21:55:56","slug":"isdin-active-unify-color-fusion-fluid-spf-50","status":"publish","type":"product","link":"https:\/\/ellypara.com\/index.php\/produit\/isdin-active-unify-color-fusion-fluid-spf-50\/","title":{"rendered":"ISDIN Active Unify COLOR Fusion Fluid SPF 50+"},"content":{"rendered":"<p>ISDIN l&#8217;ecran Unify Color permet d&#8217;\u00e9claircir et unifier le teint de votre peau. il permet d&#8217;Aider \u00e0 r\u00e9duire les trouble pigmentaires caus\u00e9s par le soleil et aider \u00e0 r\u00e9guler la production de m\u00e9lanine gr\u00e2ce au DP3-Unify Complex qui agit sur les principales phases de la m\u00e9lanogen\u00e8se et unifier le teint gr\u00e2ce \u00e0 sa formule teint\u00e9e. Offre une protection contre les rayons UVA qui stimulent la pigmentation, 2 fois sup\u00e9rieure au minimum requis dans un protecteur solaire SPF 50+. SPF 106 et UVA 49. Sa texture Fusion Fluid fond sur votre peau.<\/p>\n<p style=\"font-weight: 400;\"><b><strong>Description\u00a0:<\/strong><\/b><\/p>\n<p style=\"font-weight: 400;\">\u00c9cran solaire \u00e0 l&#8217;effet d\u00e9pigmentant qui \u00e9claircit et unifie le teint. Dissimule les imperfections et donne un effet bonne mine aux peaux claires \u00e0 medium.<\/p>\n<p style=\"font-weight: 400;\">Cr\u00e8me solaire visage haute protection SPF50+ qui \u00e9claircit et unifie le teint de votre peau. Aide \u00e0 r\u00e9duire les troubles pigmentaires et taches caus\u00e9s par le soleil. Unifie le teint et dissimule les imperfections des peaux claires \u00e0 medium.<\/p>\n<p style=\"font-weight: 400;\"><b><strong>B\u00e9n\u00e9fices\u00a0:<\/strong><\/b><\/p>\n<p style=\"font-weight: 400;\">Aide \u00e0 r\u00e9guler la production de m\u00e9lanine gr\u00e2ce au DP3-Unify Complex qui agit sur les principales phases de la m\u00e9lanogen\u00e8se. Unifie le teint gr\u00e2ce \u00e0 sa formule teint\u00e9e. Offre une protection contre les rayons UVA qui stimulent la pigmentation, 2 fois sup\u00e9rieure au minimum requis dans un protecteur solaire SPF 50+. Sa texture Fusion Fluid fond sur votre peau.<\/p>\n<p style=\"font-weight: 400;\"><b><strong>Conseils D\u2019utilisation\u00a0:<\/strong><\/b><\/p>\n<p style=\"font-weight: 400;\">Appliquer le matin et \u00e0 midi. Renouveler l\u2019application toutes les 2 heures et aussi souvent que n\u00e9cessaire. Pour un r\u00e9sultat optimal, appliquer pendant une p\u00e9riode de minimum 3 mois.<\/p>\n<p style=\"font-weight: 400;\"><b><strong>Composition\u00a0:<\/strong><\/b><\/p>\n<p style=\"font-weight: 400;\">Aqua (Water), Dibutyl Adipate, Propylene Glycol Dicaprylate\/Dicaprate, Silica, Diethylamino Hydroxybenzoyl Hexyl Benzoate, Isododecane, Bis-Ethylhexyloxyphenol Methoxyphenyl Triazine, Diisopropyl Sebacate, Ethylhexyl Salicylate, Ethylhexyl Triazone, Caprylic\/Capric Triglyceride, Glycerin, Niacinamide, C12-15 Alkyl Benzoate, Titanium Dioxide [nano], Titanium Dioxide, Polyglyceryl-6 Polyhydroxystearate, Maltodextrin, Polyglyceryl-6 Polyricinoleate, 1,2-Hexanediol, Sodium Chloride, Sucrose Dilaurate, Stearalkonium Hectorite, Hydroxyacetophenone, Polyglyceryl-2 Dipolyhydroxystearate, Tocopheryl Acetate, Trimethylpentanediol\/Adipic Acid\/Glycerin Crosspolymer, Polyglyceryl-3 Diisostearate, Polyglyceryl-3 Polyricinoleate, Sclareolide, Diethylhexyl Syringylidenemalonate, Sodium Cocoyl Glutamate, Sorbitan Laurate, CI 77492 (Iron Oxides), Dimethicone, Ethylhexylglycerin, C18-36 Acid Glycol Ester, C18-36 Acid Triglyceride, Pisum Sativum (Pea) Extract, CI 77491 (Iron Oxides), Glyceryl Stearate, Tetrasodium Glutamate Diacetate, CI 77499 (Iron Oxides), Triethoxycaprylylsilane, Palmitoyl Tripeptide-1, Palmitoyl Tetrapeptide-7.<\/p>\n","protected":false},"excerpt":{"rendered":"<p>permet d&#8217;\u00e9claircir et unifier le teint de votre peau. il permet d&#8217;Aider \u00e0 r\u00e9duire les trouble pigmentaires caus\u00e9s par le soleil et aider \u00e0 r\u00e9guler la production de m\u00e9lanine.<\/p>\n","protected":false},"featured_media":2365,"comment_status":"open","ping_status":"closed","template":"","meta":{"ocean_post_layout":"","ocean_both_sidebars_style":"","ocean_both_sidebars_content_width":0,"ocean_both_sidebars_sidebars_width":0,"ocean_sidebar":"0","ocean_second_sidebar":"0","ocean_disable_margins":"enable","ocean_add_body_class":"","ocean_shortcode_before_top_bar":"","ocean_shortcode_after_top_bar":"","ocean_shortcode_before_header":"","ocean_shortcode_after_header":"","ocean_has_shortcode":"","ocean_shortcode_after_title":"","ocean_shortcode_before_footer_widgets":"","ocean_shortcode_after_footer_widgets":"","ocean_shortcode_before_footer_bottom":"","ocean_shortcode_after_footer_bottom":"","ocean_display_top_bar":"default","ocean_display_header":"default","ocean_header_style":"","ocean_center_header_left_menu":"0","ocean_custom_header_template":"0","ocean_custom_logo":0,"ocean_custom_retina_logo":0,"ocean_custom_logo_max_width":0,"ocean_custom_logo_tablet_max_width":0,"ocean_custom_logo_mobile_max_width":0,"ocean_custom_logo_max_height":0,"ocean_custom_logo_tablet_max_height":0,"ocean_custom_logo_mobile_max_height":0,"ocean_header_custom_menu":"0","ocean_menu_typo_font_family":"0","ocean_menu_typo_font_subset":"","ocean_menu_typo_font_size":0,"ocean_menu_typo_font_size_tablet":0,"ocean_menu_typo_font_size_mobile":0,"ocean_menu_typo_font_size_unit":"px","ocean_menu_typo_font_weight":"","ocean_menu_typo_font_weight_tablet":"","ocean_menu_typo_font_weight_mobile":"","ocean_menu_typo_transform":"","ocean_menu_typo_transform_tablet":"","ocean_menu_typo_transform_mobile":"","ocean_menu_typo_line_height":0,"ocean_menu_typo_line_height_tablet":0,"ocean_menu_typo_line_height_mobile":0,"ocean_menu_typo_line_height_unit":"","ocean_menu_typo_spacing":0,"ocean_menu_typo_spacing_tablet":0,"ocean_menu_typo_spacing_mobile":0,"ocean_menu_typo_spacing_unit":"","ocean_menu_link_color":"","ocean_menu_link_color_hover":"","ocean_menu_link_color_active":"","ocean_menu_link_background":"","ocean_menu_link_hover_background":"","ocean_menu_link_active_background":"","ocean_menu_social_links_bg":"","ocean_menu_social_hover_links_bg":"","ocean_menu_social_links_color":"","ocean_menu_social_hover_links_color":"","ocean_disable_title":"default","ocean_disable_heading":"default","ocean_post_title":"","ocean_post_subheading":"","ocean_post_title_style":"","ocean_post_title_background_color":"","ocean_post_title_background":0,"ocean_post_title_bg_image_position":"","ocean_post_title_bg_image_attachment":"","ocean_post_title_bg_image_repeat":"","ocean_post_title_bg_image_size":"","ocean_post_title_height":0,"ocean_post_title_bg_overlay":0.5,"ocean_post_title_bg_overlay_color":"","ocean_disable_breadcrumbs":"default","ocean_breadcrumbs_color":"","ocean_breadcrumbs_separator_color":"","ocean_breadcrumbs_links_color":"","ocean_breadcrumbs_links_hover_color":"","ocean_display_footer_widgets":"default","ocean_display_footer_bottom":"default","ocean_custom_footer_template":"0"},"product_brand":[],"product_cat":[71,20],"product_tag":[],"class_list":{"0":"post-2364","1":"product","2":"type-product","3":"status-publish","4":"has-post-thumbnail","6":"product_cat-cremes-solaires","7":"product_cat-solaire","9":"entry","10":"has-media","12":"first","13":"instock","14":"taxable","15":"shipping-taxable","16":"purchasable","17":"product-type-simple","18":"has-product-nav","19":"col","20":"span_1_of_3","21":"owp-content-center","22":"owp-thumbs-layout-horizontal","23":"owp-btn-normal","24":"owp-tabs-layout-horizontal","25":"has-no-thumbnails"},"_links":{"self":[{"href":"https:\/\/ellypara.com\/index.php\/wp-json\/wp\/v2\/product\/2364","targetHints":{"allow":["GET"]}}],"collection":[{"href":"https:\/\/ellypara.com\/index.php\/wp-json\/wp\/v2\/product"}],"about":[{"href":"https:\/\/ellypara.com\/index.php\/wp-json\/wp\/v2\/types\/product"}],"replies":[{"embeddable":true,"href":"https:\/\/ellypara.com\/index.php\/wp-json\/wp\/v2\/comments?post=2364"}],"wp:featuredmedia":[{"embeddable":true,"href":"https:\/\/ellypara.com\/index.php\/wp-json\/wp\/v2\/media\/2365"}],"wp:attachment":[{"href":"https:\/\/ellypara.com\/index.php\/wp-json\/wp\/v2\/media?parent=2364"}],"wp:term":[{"taxonomy":"product_brand","embeddable":true,"href":"https:\/\/ellypara.com\/index.php\/wp-json\/wp\/v2\/product_brand?post=2364"},{"taxonomy":"product_cat","embeddable":true,"href":"https:\/\/ellypara.com\/index.php\/wp-json\/wp\/v2\/product_cat?post=2364"},{"taxonomy":"product_tag","embeddable":true,"href":"https:\/\/ellypara.com\/index.php\/wp-json\/wp\/v2\/product_tag?post=2364"}],"curies":[{"name":"wp","href":"https:\/\/api.w.org\/{rel}","templated":true}]}}