{"id":2366,"date":"2025-09-08T23:59:48","date_gmt":"2025-09-08T21:59:48","guid":{"rendered":"https:\/\/ellypara.com\/?post_type=product&#038;p=2366"},"modified":"2025-09-08T23:59:48","modified_gmt":"2025-09-08T21:59:48","slug":"isdin-photoprotection-ecran-solaire-fusion-water-teintee-light-spf50-50ml","status":"publish","type":"product","link":"https:\/\/ellypara.com\/index.php\/produit\/isdin-photoprotection-ecran-solaire-fusion-water-teintee-light-spf50-50ml\/","title":{"rendered":"ISDIN PHOTOPROTECTION ECRAN SOLAIRE FUSION WATER TEINTEE LIGHT SPF50+ 50ML"},"content":{"rendered":"<p style=\"font-weight: 400;\"><b><strong>Fotoprotector ISDIN Fusion Water Color Light SPF 50<\/strong><\/b><\/p>\n<p style=\"font-weight: 400;\">Cr\u00e8me solaire visage teint\u00e9e ultra-l\u00e9g\u00e8re, id\u00e9ale pour prot\u00e9ger les peaux claires des rayons UV au quotidien et unifier le teint.<\/p>\n<p style=\"font-weight: 400;\">Cr\u00e8me solaire visage teint\u00e9e \u00e0 la texture ultra l\u00e9g\u00e8re.<\/p>\n<p style=\"font-weight: 400;\">Hydratation intense et absorption imm\u00e9diate qui garantit une haute protection contre les rayons UV.<\/p>\n<p style=\"font-weight: 400;\">Couvrance naturelle qui unifie le teint et donne un effet bonne mine aux peaux claires.<\/p>\n<p style=\"font-weight: 400;\">Existe \u00e9galement en teinte Medium et Bronze.<\/p>\n<p style=\"font-weight: 400;\">Non com\u00e9dog\u00e8ne. Mineral Oil free. Hypoallerg\u00e9nique, formul\u00e9 pour minimiser le risque d&#8217;allergie.<\/p>\n<p style=\"font-weight: 400;\"><b><strong>B\u00e9n\u00e9fices:<\/strong><\/b><\/p>\n<p style=\"font-weight: 400;\">Cr\u00e8me solaire visage teint\u00e9e \u00e0 la couvrance naturelle qui masque les imperfections et unifie le teint des peaux claires.<\/p>\n<p style=\"font-weight: 400;\">Haute protection UV SPF 50, test\u00e9e en laboratoire et dans des conditions r\u00e9elles de fort rayonnement solaire.<\/p>\n<p style=\"font-weight: 400;\">Texture ultra-l\u00e9g\u00e8re. Absorption imm\u00e9diate et sans r\u00e9sidus gras.<\/p>\n<p style=\"font-weight: 400;\"><b><strong>Posologie:<\/strong><\/b><\/p>\n<p style=\"font-weight: 400;\">Appliquer g\u00e9n\u00e9reusement sur peau s\u00e8che ou humide, au moins une demi-heure avant l&#8217;exposition au soleil. Renouveler l&#8217;application toutes les 2 heures, sur peau s\u00e8che ou mouill\u00e9e, et apr\u00e8s avoir transpir\u00e9, nag\u00e9 ou vous \u00eatre essuy\u00e9.<\/p>\n<p style=\"font-weight: 400;\">Une quantit\u00e9 insuffisante de produit r\u00e9duit l\u2019action protectrice.<\/p>\n<p style=\"font-weight: 400;\">Ne pas exposer les b\u00e9b\u00e9s et les jeunes enfants au soleil.<\/p>\n<p style=\"font-weight: 400;\">Tenir le produit hors de port\u00e9e des enfants.<\/p>\n<p style=\"font-weight: 400;\">Ne pas r\u00e9frig\u00e9rer ou congeler.<\/p>\n<p style=\"font-weight: 400;\"><b><strong>Composition:<\/strong><\/b><\/p>\n<p style=\"font-weight: 400;\">Aqua (Water), Dimethicone, Dibutyl Adipate, Ethylhexyl Salicylate, Ethylhexyl Triazone, Bis-Ethylhexyloxyphenol Methoxyphenyl Triazine, CI 77891 (Titanium Dioxide), Butyl Methoxydibenzoylmethane, Phenylbenzimidazole Sulfonic Acid, Propanediol, Arginine, Pentylene Glycol, Glyceryl Oleate, Glycerin, Calcium Sodium Borosilicate, Hydroxyacetophenone, Dimethicone\/Vinyl Dimethicone Crosspolymer, CI 77492 (Iron Oxides), Parfum (Fragrance), Caprylyl Glycol, Hydrated Silica, Tocopheryl Acetate, Polysorbate 60, PEG-10 Dimethicone, Aluminum Hydroxide, Tetrasodium Glutamate Diacetate, Sclerotium Gum, Sodium Hyaluronate, CI 77491 (Iron Oxides), Porphyridium Cruentum Extract, Xanthan Gum, CI 77499 (Iron Oxides), Sodium Lauroyl Glutamate, Lysine, Magnesium Chloride, Sodium Hydroxide.<\/p>\n","protected":false},"excerpt":{"rendered":"<p style=\"font-weight: 400;\">Cr\u00e8me solaire visage teint\u00e9e \u00e0 la couvrance naturelle qui masque les imperfections et unifie le teint des peaux claires.<\/p>\n<p style=\"font-weight: 400;\">Haute protection UV SPF 50, test\u00e9e en laboratoire et dans des conditions r\u00e9elles de fort rayonnement solaire.<\/p>\n<p style=\"font-weight: 400;\">Texture ultra-l\u00e9g\u00e8re. Absorption imm\u00e9diate et sans r\u00e9sidus gras.<\/p>\n","protected":false},"featured_media":2367,"comment_status":"open","ping_status":"closed","template":"","meta":{"ocean_post_layout":"","ocean_both_sidebars_style":"","ocean_both_sidebars_content_width":0,"ocean_both_sidebars_sidebars_width":0,"ocean_sidebar":"0","ocean_second_sidebar":"0","ocean_disable_margins":"enable","ocean_add_body_class":"","ocean_shortcode_before_top_bar":"","ocean_shortcode_after_top_bar":"","ocean_shortcode_before_header":"","ocean_shortcode_after_header":"","ocean_has_shortcode":"","ocean_shortcode_after_title":"","ocean_shortcode_before_footer_widgets":"","ocean_shortcode_after_footer_widgets":"","ocean_shortcode_before_footer_bottom":"","ocean_shortcode_after_footer_bottom":"","ocean_display_top_bar":"default","ocean_display_header":"default","ocean_header_style":"","ocean_center_header_left_menu":"0","ocean_custom_header_template":"0","ocean_custom_logo":0,"ocean_custom_retina_logo":0,"ocean_custom_logo_max_width":0,"ocean_custom_logo_tablet_max_width":0,"ocean_custom_logo_mobile_max_width":0,"ocean_custom_logo_max_height":0,"ocean_custom_logo_tablet_max_height":0,"ocean_custom_logo_mobile_max_height":0,"ocean_header_custom_menu":"0","ocean_menu_typo_font_family":"0","ocean_menu_typo_font_subset":"","ocean_menu_typo_font_size":0,"ocean_menu_typo_font_size_tablet":0,"ocean_menu_typo_font_size_mobile":0,"ocean_menu_typo_font_size_unit":"px","ocean_menu_typo_font_weight":"","ocean_menu_typo_font_weight_tablet":"","ocean_menu_typo_font_weight_mobile":"","ocean_menu_typo_transform":"","ocean_menu_typo_transform_tablet":"","ocean_menu_typo_transform_mobile":"","ocean_menu_typo_line_height":0,"ocean_menu_typo_line_height_tablet":0,"ocean_menu_typo_line_height_mobile":0,"ocean_menu_typo_line_height_unit":"","ocean_menu_typo_spacing":0,"ocean_menu_typo_spacing_tablet":0,"ocean_menu_typo_spacing_mobile":0,"ocean_menu_typo_spacing_unit":"","ocean_menu_link_color":"","ocean_menu_link_color_hover":"","ocean_menu_link_color_active":"","ocean_menu_link_background":"","ocean_menu_link_hover_background":"","ocean_menu_link_active_background":"","ocean_menu_social_links_bg":"","ocean_menu_social_hover_links_bg":"","ocean_menu_social_links_color":"","ocean_menu_social_hover_links_color":"","ocean_disable_title":"default","ocean_disable_heading":"default","ocean_post_title":"","ocean_post_subheading":"","ocean_post_title_style":"","ocean_post_title_background_color":"","ocean_post_title_background":0,"ocean_post_title_bg_image_position":"","ocean_post_title_bg_image_attachment":"","ocean_post_title_bg_image_repeat":"","ocean_post_title_bg_image_size":"","ocean_post_title_height":0,"ocean_post_title_bg_overlay":0.5,"ocean_post_title_bg_overlay_color":"","ocean_disable_breadcrumbs":"default","ocean_breadcrumbs_color":"","ocean_breadcrumbs_separator_color":"","ocean_breadcrumbs_links_color":"","ocean_breadcrumbs_links_hover_color":"","ocean_display_footer_widgets":"default","ocean_display_footer_bottom":"default","ocean_custom_footer_template":"0"},"product_brand":[],"product_cat":[71,20],"product_tag":[],"class_list":{"0":"post-2366","1":"product","2":"type-product","3":"status-publish","4":"has-post-thumbnail","6":"product_cat-cremes-solaires","7":"product_cat-solaire","9":"entry","10":"has-media","12":"first","13":"instock","14":"taxable","15":"shipping-taxable","16":"purchasable","17":"product-type-simple","18":"has-product-nav","19":"col","20":"span_1_of_3","21":"owp-content-center","22":"owp-thumbs-layout-horizontal","23":"owp-btn-normal","24":"owp-tabs-layout-horizontal","25":"has-no-thumbnails"},"_links":{"self":[{"href":"https:\/\/ellypara.com\/index.php\/wp-json\/wp\/v2\/product\/2366","targetHints":{"allow":["GET"]}}],"collection":[{"href":"https:\/\/ellypara.com\/index.php\/wp-json\/wp\/v2\/product"}],"about":[{"href":"https:\/\/ellypara.com\/index.php\/wp-json\/wp\/v2\/types\/product"}],"replies":[{"embeddable":true,"href":"https:\/\/ellypara.com\/index.php\/wp-json\/wp\/v2\/comments?post=2366"}],"wp:featuredmedia":[{"embeddable":true,"href":"https:\/\/ellypara.com\/index.php\/wp-json\/wp\/v2\/media\/2367"}],"wp:attachment":[{"href":"https:\/\/ellypara.com\/index.php\/wp-json\/wp\/v2\/media?parent=2366"}],"wp:term":[{"taxonomy":"product_brand","embeddable":true,"href":"https:\/\/ellypara.com\/index.php\/wp-json\/wp\/v2\/product_brand?post=2366"},{"taxonomy":"product_cat","embeddable":true,"href":"https:\/\/ellypara.com\/index.php\/wp-json\/wp\/v2\/product_cat?post=2366"},{"taxonomy":"product_tag","embeddable":true,"href":"https:\/\/ellypara.com\/index.php\/wp-json\/wp\/v2\/product_tag?post=2366"}],"curies":[{"name":"wp","href":"https:\/\/api.w.org\/{rel}","templated":true}]}}