{"id":2371,"date":"2025-09-09T00:42:38","date_gmt":"2025-09-08T22:42:38","guid":{"rendered":"https:\/\/ellypara.com\/?post_type=product&#038;p=2371"},"modified":"2025-09-09T00:42:38","modified_gmt":"2025-09-08T22:42:38","slug":"ultrasun-face-fluid-anti-pigmentation-spf50-40ml","status":"publish","type":"product","link":"https:\/\/ellypara.com\/index.php\/produit\/ultrasun-face-fluid-anti-pigmentation-spf50-40ml\/","title":{"rendered":"Ultrasun Face Fluid Anti-Pigmentation SPF50+ 40ml"},"content":{"rendered":"<p>Fluide ultra-l\u00e9ger \u00e0 large spectre de protection SPF50+ avec des antioxydants, du Tinosorb A2B (pour prot\u00e9ger contre la lumi\u00e8re bleue) et un extrait anti-pigmentation de l\u2019algue arc-en-ciel.<\/p>\n<p>R\u00e9tablit un niveau d\u2019hydratation optimal et r\u00e9duit l\u2019apparence du vieillissement induit par le soleil (rides, ridules, pores plus larges). La texture est incroyablement rapide \u00e0 absorber, l\u00e9g\u00e8re et non grasse. Id\u00e9al pour les peaux sensibles sujettes \u00e0 la pigmentation. Protection solaire et hydratation pour le visage, le cou et le d\u00e9collet\u00e9.<\/p>\n<p><strong>Ingr\u00e9dients :<\/strong><\/p>\n<p>Aqua, Diethylamino Hydroxybenzoyl Hexyl Benzoate, Alcohol Denat., C12-15 Alkyl Benzoate, Dibutyl Adipate, C15-19 Alkane, Ethylhexyl Triazone, Tris-Biphenyl Triazine (Nano), Propylheptyl Caprylate, C14-22 Alcohols, Bis-Ethylhexyloxyphenol Methoxyphenyl Triazine, Diisopropyl Sebacate, Glycerin, Potassium Cetyl Phosphate, Undecane, Polyglyceryl-3 Stearate\/Sebacate, Propylene Glycol Dicaprylate\/Dicaprate, Tridecane, Silica, Decyl Glucoside, C12-20 Alkyl Glucoside, Hydroxyacetophenone, Diethylhexyl Butamido Triazone, Maltodextrin, Sodium Surfactin, Tocopheryl Acetate, Cetyl Alcohol, Citric Acid, Coco-Caprylate\/Caprate, Hydrogenated Olive Oil Unsaponifiables, Magnolia Officinalis Bark Extract, Microcrystalline Cellulose, Succinoglycan, Sphingomonas Ferment Extract, Butylene Glycol, Disodium Phosphate, Biosaccharide Gum-1, Xanthan Gum, Cellulose Gum, Cystoseira Tamariscifolia Extract, Glucose<\/p>\n<p><strong>Utilisation<\/strong><\/p>\n<ul>\n<li>Toujours, appliquez une couche g\u00e9n\u00e9reuse de protection solaire 15\u201330 minutes avant l\u2019exposition. Une application insuffisante r\u00e9duit consid\u00e9rablement l\u2019effet protecteur. Attention, m\u00eame les cr\u00e8mes solaires \u00e0 indice de protection \u00e9lev\u00e9 ne garantissent pas une protection totale.<\/li>\n<li>Les b\u00e9b\u00e9s et les jeunes enfants\u00a0<strong>ne doivent pas \u00eatre expos\u00e9s directement au soleil<\/strong>. Il est important de les prot\u00e9ger avec un indice de protection solaire \u00e9lev\u00e9 (&gt; SPF30) et des v\u00eatements adapt\u00e9s.<\/li>\n<li><strong>\u00c9vitez le soleil de midi<\/strong>. Une seule application est g\u00e9n\u00e9ralement suffisante.<\/li>\n<li>Mais une nouvelle application est conseill\u00e9e en cas de transpiration abondante, apr\u00e8s un bain ou apr\u00e8s s\u00e9chage avec une serviette.<\/li>\n<li>\u00c9vitez le contact direct avec les v\u00eatements, risque de taches.<\/li>\n<li>\u00c9vitez le contact avec les yeux.<\/li>\n<\/ul>\n","protected":false},"excerpt":{"rendered":"<p>Ultrasun Face Fluid Anti-Pigmentation texture \u00e0 absorption tr\u00e8s rapide, extr\u00eamement l\u00e9g\u00e8re et non grasse. Id\u00e9al pour les peaux sensibles et sujettes \u00e0 la pigmentation (protection solaire et soin de jour visage, cou et d\u00e9collet\u00e9).<\/p>\n","protected":false},"featured_media":2372,"comment_status":"open","ping_status":"closed","template":"","meta":{"ocean_post_layout":"","ocean_both_sidebars_style":"","ocean_both_sidebars_content_width":0,"ocean_both_sidebars_sidebars_width":0,"ocean_sidebar":"0","ocean_second_sidebar":"0","ocean_disable_margins":"enable","ocean_add_body_class":"","ocean_shortcode_before_top_bar":"","ocean_shortcode_after_top_bar":"","ocean_shortcode_before_header":"","ocean_shortcode_after_header":"","ocean_has_shortcode":"","ocean_shortcode_after_title":"","ocean_shortcode_before_footer_widgets":"","ocean_shortcode_after_footer_widgets":"","ocean_shortcode_before_footer_bottom":"","ocean_shortcode_after_footer_bottom":"","ocean_display_top_bar":"default","ocean_display_header":"default","ocean_header_style":"","ocean_center_header_left_menu":"0","ocean_custom_header_template":"0","ocean_custom_logo":0,"ocean_custom_retina_logo":0,"ocean_custom_logo_max_width":0,"ocean_custom_logo_tablet_max_width":0,"ocean_custom_logo_mobile_max_width":0,"ocean_custom_logo_max_height":0,"ocean_custom_logo_tablet_max_height":0,"ocean_custom_logo_mobile_max_height":0,"ocean_header_custom_menu":"0","ocean_menu_typo_font_family":"0","ocean_menu_typo_font_subset":"","ocean_menu_typo_font_size":0,"ocean_menu_typo_font_size_tablet":0,"ocean_menu_typo_font_size_mobile":0,"ocean_menu_typo_font_size_unit":"px","ocean_menu_typo_font_weight":"","ocean_menu_typo_font_weight_tablet":"","ocean_menu_typo_font_weight_mobile":"","ocean_menu_typo_transform":"","ocean_menu_typo_transform_tablet":"","ocean_menu_typo_transform_mobile":"","ocean_menu_typo_line_height":0,"ocean_menu_typo_line_height_tablet":0,"ocean_menu_typo_line_height_mobile":0,"ocean_menu_typo_line_height_unit":"","ocean_menu_typo_spacing":0,"ocean_menu_typo_spacing_tablet":0,"ocean_menu_typo_spacing_mobile":0,"ocean_menu_typo_spacing_unit":"","ocean_menu_link_color":"","ocean_menu_link_color_hover":"","ocean_menu_link_color_active":"","ocean_menu_link_background":"","ocean_menu_link_hover_background":"","ocean_menu_link_active_background":"","ocean_menu_social_links_bg":"","ocean_menu_social_hover_links_bg":"","ocean_menu_social_links_color":"","ocean_menu_social_hover_links_color":"","ocean_disable_title":"default","ocean_disable_heading":"default","ocean_post_title":"","ocean_post_subheading":"","ocean_post_title_style":"","ocean_post_title_background_color":"","ocean_post_title_background":0,"ocean_post_title_bg_image_position":"","ocean_post_title_bg_image_attachment":"","ocean_post_title_bg_image_repeat":"","ocean_post_title_bg_image_size":"","ocean_post_title_height":0,"ocean_post_title_bg_overlay":0.5,"ocean_post_title_bg_overlay_color":"","ocean_disable_breadcrumbs":"default","ocean_breadcrumbs_color":"","ocean_breadcrumbs_separator_color":"","ocean_breadcrumbs_links_color":"","ocean_breadcrumbs_links_hover_color":"","ocean_display_footer_widgets":"default","ocean_display_footer_bottom":"default","ocean_custom_footer_template":"0"},"product_brand":[],"product_cat":[75,72,20],"product_tag":[],"class_list":{"0":"post-2371","1":"product","2":"type-product","3":"status-publish","4":"has-post-thumbnail","6":"product_cat-anti-taches-et-eclaircissant","7":"product_cat-protection-solaire-solaire","8":"product_cat-solaire","10":"entry","11":"has-media","13":"first","14":"instock","15":"taxable","16":"shipping-taxable","17":"purchasable","18":"product-type-simple","19":"has-product-nav","20":"col","21":"span_1_of_3","22":"owp-content-center","23":"owp-thumbs-layout-horizontal","24":"owp-btn-normal","25":"owp-tabs-layout-horizontal"},"_links":{"self":[{"href":"https:\/\/ellypara.com\/index.php\/wp-json\/wp\/v2\/product\/2371","targetHints":{"allow":["GET"]}}],"collection":[{"href":"https:\/\/ellypara.com\/index.php\/wp-json\/wp\/v2\/product"}],"about":[{"href":"https:\/\/ellypara.com\/index.php\/wp-json\/wp\/v2\/types\/product"}],"replies":[{"embeddable":true,"href":"https:\/\/ellypara.com\/index.php\/wp-json\/wp\/v2\/comments?post=2371"}],"wp:featuredmedia":[{"embeddable":true,"href":"https:\/\/ellypara.com\/index.php\/wp-json\/wp\/v2\/media\/2372"}],"wp:attachment":[{"href":"https:\/\/ellypara.com\/index.php\/wp-json\/wp\/v2\/media?parent=2371"}],"wp:term":[{"taxonomy":"product_brand","embeddable":true,"href":"https:\/\/ellypara.com\/index.php\/wp-json\/wp\/v2\/product_brand?post=2371"},{"taxonomy":"product_cat","embeddable":true,"href":"https:\/\/ellypara.com\/index.php\/wp-json\/wp\/v2\/product_cat?post=2371"},{"taxonomy":"product_tag","embeddable":true,"href":"https:\/\/ellypara.com\/index.php\/wp-json\/wp\/v2\/product_tag?post=2371"}],"curies":[{"name":"wp","href":"https:\/\/api.w.org\/{rel}","templated":true}]}}