{"id":2374,"date":"2025-09-09T00:50:43","date_gmt":"2025-09-08T22:50:43","guid":{"rendered":"https:\/\/ellypara.com\/?post_type=product&#038;p=2374"},"modified":"2025-09-09T01:05:44","modified_gmt":"2025-09-08T23:05:44","slug":"isdin-fotoprotector-fusion-water-magic-repair-color-spf50-50ml","status":"publish","type":"product","link":"https:\/\/ellypara.com\/index.php\/produit\/isdin-fotoprotector-fusion-water-magic-repair-color-spf50-50ml\/","title":{"rendered":"ISDIN FOTOPROTECTOR FUSION WATER MAGIC REPAIR COLOR SPF50 50ML"},"content":{"rendered":"<p style=\"font-weight: 400;\"><b><strong>Description :<\/strong><\/b><\/p>\n<p style=\"font-weight: 400;\">Prot\u00e9gez votre peau avec Age Repair Color, l&#8217;\u00e9cran solaire teint\u00e9 pour le visage \u00e0 triple action anti-\u00e2ge. Avec une phase externe aqueuse et une texture ultra-l\u00e9g\u00e8re, il unifie le teint, dissimule les imperfections et hydrate intens\u00e9ment la peau.<\/p>\n<p style=\"font-weight: 400;\">Convient \u00e0 tous les types de peau, y compris les peaux atopiques et sensibles.<\/p>\n<p style=\"font-weight: 400;\"><b><strong>Conseils d&#8217;utilisation :<\/strong><\/b><\/p>\n<p style=\"font-weight: 400;\">Appliquez g\u00e9n\u00e9reusement sur la peau propre et s\u00e8che une demi-heure avant l&#8217;exposition au soleil et comme derni\u00e8re \u00e9tape de la routine, avant le maquillage. Renouvelez l&#8217;application toutes les 2 heures et apr\u00e8s avoir transpir\u00e9, nag\u00e9 ou s\u00e9ch\u00e9 avec une serviette.<\/p>\n<p style=\"font-weight: 400;\"><b><strong>Composition :<\/strong><\/b><\/p>\n<p style=\"font-weight: 400;\">Eau, Octocryl\u00e8ne, Propanediol, Butyl Methoxydibenzoylmethane, Ethylhexyl Salicylate, Polymethyl Methacrylate, CI 77891 (Titanium Dioxide), Phenylbenzimidazole Sulfonic Acid, Polysilicone-15, Caprylic\/Capric Triglyceride, Hydrogenated Polydecene, Dicaprylate\/Dicaprate de Propyl\u00e8ne Glycol, Trom\u00e9thamine, Glyc\u00e9rine, Bis-Ethylhexyloxyloxyph\u00e9nol Methoxyph\u00e9nyl Triazine, Silice, CI 77492 (Oxydes de Fer), Butyl\u00e8ne Glycol, 1,2-Hexanediol, Hydroxyacetophenone, Silicate d&#8217;Aluminium et de Magn\u00e9sium, Polysorbate 60, Disteardimonium Hectorite, Caprylyl Glycol, Ac\u00e9tate de Tocopheryl, Gomme Xanthan, CI 77491 (Oxydes de Fer), Carbonate de Propyl\u00e8ne, CI 77499 (Oxydes de Fer), EDTA Disodique, Parfum (Fragrance), Hydroxyde d&#8217;Aluminium, PEG-8, Lauroyl Glutamate de Sodium, Carbomer, Polysorbate 20, Lactate de sodium, lysine, tocoph\u00e9rol, chlorure de magn\u00e9sium, ph\u00e9noxy\u00e9thanol, l\u00e9cithine, extrait de plancton, palmitate d&#8217;ascorbyle, benzoate de sodium, acide ascorbique, acide citrique, tripeptide-1 de palmitoyle, t\u00e9trapeptide-7 de palmitoyle, trifluoroac\u00e9tate de pentapeptide-34.<\/p>\n","protected":false},"excerpt":{"rendered":"<p>\u00c9cran solaire anti-\u00e2ge teint\u00e9 qui hydrate intens\u00e9ment et unifie le teint.<\/p>\n","protected":false},"featured_media":2375,"comment_status":"open","ping_status":"closed","template":"","meta":{"ocean_post_layout":"","ocean_both_sidebars_style":"","ocean_both_sidebars_content_width":0,"ocean_both_sidebars_sidebars_width":0,"ocean_sidebar":"0","ocean_second_sidebar":"0","ocean_disable_margins":"enable","ocean_add_body_class":"","ocean_shortcode_before_top_bar":"","ocean_shortcode_after_top_bar":"","ocean_shortcode_before_header":"","ocean_shortcode_after_header":"","ocean_has_shortcode":"","ocean_shortcode_after_title":"","ocean_shortcode_before_footer_widgets":"","ocean_shortcode_after_footer_widgets":"","ocean_shortcode_before_footer_bottom":"","ocean_shortcode_after_footer_bottom":"","ocean_display_top_bar":"default","ocean_display_header":"default","ocean_header_style":"","ocean_center_header_left_menu":"0","ocean_custom_header_template":"0","ocean_custom_logo":0,"ocean_custom_retina_logo":0,"ocean_custom_logo_max_width":0,"ocean_custom_logo_tablet_max_width":0,"ocean_custom_logo_mobile_max_width":0,"ocean_custom_logo_max_height":0,"ocean_custom_logo_tablet_max_height":0,"ocean_custom_logo_mobile_max_height":0,"ocean_header_custom_menu":"0","ocean_menu_typo_font_family":"0","ocean_menu_typo_font_subset":"","ocean_menu_typo_font_size":0,"ocean_menu_typo_font_size_tablet":0,"ocean_menu_typo_font_size_mobile":0,"ocean_menu_typo_font_size_unit":"px","ocean_menu_typo_font_weight":"","ocean_menu_typo_font_weight_tablet":"","ocean_menu_typo_font_weight_mobile":"","ocean_menu_typo_transform":"","ocean_menu_typo_transform_tablet":"","ocean_menu_typo_transform_mobile":"","ocean_menu_typo_line_height":0,"ocean_menu_typo_line_height_tablet":0,"ocean_menu_typo_line_height_mobile":0,"ocean_menu_typo_line_height_unit":"","ocean_menu_typo_spacing":0,"ocean_menu_typo_spacing_tablet":0,"ocean_menu_typo_spacing_mobile":0,"ocean_menu_typo_spacing_unit":"","ocean_menu_link_color":"","ocean_menu_link_color_hover":"","ocean_menu_link_color_active":"","ocean_menu_link_background":"","ocean_menu_link_hover_background":"","ocean_menu_link_active_background":"","ocean_menu_social_links_bg":"","ocean_menu_social_hover_links_bg":"","ocean_menu_social_links_color":"","ocean_menu_social_hover_links_color":"","ocean_disable_title":"default","ocean_disable_heading":"default","ocean_post_title":"","ocean_post_subheading":"","ocean_post_title_style":"","ocean_post_title_background_color":"","ocean_post_title_background":0,"ocean_post_title_bg_image_position":"","ocean_post_title_bg_image_attachment":"","ocean_post_title_bg_image_repeat":"","ocean_post_title_bg_image_size":"","ocean_post_title_height":0,"ocean_post_title_bg_overlay":0.5,"ocean_post_title_bg_overlay_color":"","ocean_disable_breadcrumbs":"default","ocean_breadcrumbs_color":"","ocean_breadcrumbs_separator_color":"","ocean_breadcrumbs_links_color":"","ocean_breadcrumbs_links_hover_color":"","ocean_display_footer_widgets":"default","ocean_display_footer_bottom":"default","ocean_custom_footer_template":"0"},"product_brand":[],"product_cat":[78,72,20],"product_tag":[],"class_list":{"0":"post-2374","1":"product","2":"type-product","3":"status-publish","4":"has-post-thumbnail","6":"product_cat-anti-rides","7":"product_cat-protection-solaire-solaire","8":"product_cat-solaire","10":"entry","11":"has-media","13":"first","14":"instock","15":"taxable","16":"shipping-taxable","17":"purchasable","18":"product-type-simple","19":"has-product-nav","20":"col","21":"span_1_of_3","22":"owp-content-center","23":"owp-thumbs-layout-horizontal","24":"owp-btn-normal","25":"owp-tabs-layout-horizontal","26":"has-no-thumbnails"},"_links":{"self":[{"href":"https:\/\/ellypara.com\/index.php\/wp-json\/wp\/v2\/product\/2374","targetHints":{"allow":["GET"]}}],"collection":[{"href":"https:\/\/ellypara.com\/index.php\/wp-json\/wp\/v2\/product"}],"about":[{"href":"https:\/\/ellypara.com\/index.php\/wp-json\/wp\/v2\/types\/product"}],"replies":[{"embeddable":true,"href":"https:\/\/ellypara.com\/index.php\/wp-json\/wp\/v2\/comments?post=2374"}],"wp:featuredmedia":[{"embeddable":true,"href":"https:\/\/ellypara.com\/index.php\/wp-json\/wp\/v2\/media\/2375"}],"wp:attachment":[{"href":"https:\/\/ellypara.com\/index.php\/wp-json\/wp\/v2\/media?parent=2374"}],"wp:term":[{"taxonomy":"product_brand","embeddable":true,"href":"https:\/\/ellypara.com\/index.php\/wp-json\/wp\/v2\/product_brand?post=2374"},{"taxonomy":"product_cat","embeddable":true,"href":"https:\/\/ellypara.com\/index.php\/wp-json\/wp\/v2\/product_cat?post=2374"},{"taxonomy":"product_tag","embeddable":true,"href":"https:\/\/ellypara.com\/index.php\/wp-json\/wp\/v2\/product_tag?post=2374"}],"curies":[{"name":"wp","href":"https:\/\/api.w.org\/{rel}","templated":true}]}}