{"id":2376,"date":"2025-09-09T00:57:10","date_gmt":"2025-09-08T22:57:10","guid":{"rendered":"https:\/\/ellypara.com\/?post_type=product&#038;p=2376"},"modified":"2025-09-09T01:06:58","modified_gmt":"2025-09-08T23:06:58","slug":"isdin-fusion-water-magic-spf50-50ml-2","status":"publish","type":"product","link":"https:\/\/ellypara.com\/index.php\/produit\/isdin-fusion-water-magic-spf50-50ml-2\/","title":{"rendered":"ISDIN Fusion Water Magic SPF50+ 50ml"},"content":{"rendered":"<p><strong>ISDIN Fusion Water Magic\u00a0SPF50 50ml\u00a0<\/strong>est un<strong>\u00a0photoprotecteur facial quotidien\u00a0<\/strong>avec des filtres solaires<strong>\u00a0SPF50\u00a0<\/strong>qui\u00a0<strong>prot\u00e8gent la peau\u00a0<\/strong>de l\u2019action des radicaux libres. Il\u00a0<strong>hydrate<\/strong>\u00a0\u00e9galement\u00a0<strong>la peau<\/strong>\u00a0et sa texture\u00a0<strong>ultra-l\u00e9g\u00e8re est imm\u00e9diatement absorb\u00e9e<\/strong>.<\/p>\n<p>&nbsp;<\/p>\n<p>Compos\u00e9 d\u2019extraits<strong>\u00a0d\u2019algues m\u00e9diterran\u00e9ennes et de vitamine E<\/strong>, qui exercent une action antioxydante, et d\u2019<strong>acide hyaluronique<\/strong>, qui contribue \u00e0 l\u2019hydratation de la peau. Sa\u00a0<strong>texture ultra-l\u00e9g\u00e8re et non\u00a0<\/strong>grasse est rapidement absorb\u00e9e et laisse un fini non gras.<\/p>\n<p>&nbsp;<\/p>\n<p>Convient pour prot\u00e9ger la peau des dommages caus\u00e9s par le soleil.<\/p>\n<p>Convient aux\u00a0peaux grasses\u00a0et matifie la peau sans laisser de r\u00e9sidu gras.<\/p>\n<p><strong>Mode d\u2019emploi<\/strong><\/p>\n<p>Agiter avant emploi.<\/p>\n<p>Appliquer uniform\u00e9ment la quantit\u00e9 de deux doigts sur la peau pr\u00e9alablement nettoy\u00e9e du visage, du cou et du d\u00e9collet\u00e9, 30 minutes avant l\u2019exposition au soleil.<\/p>\n<p>\u00c9viter tout contact avec les yeux.<\/p>\n<p>Masser jusqu\u2019\u00e0 absorption compl\u00e8te.<\/p>\n<p>Afin de maintenir une protection efficace, renouveler l\u2019application toutes les 2 heures et syst\u00e9matiquement apr\u00e8s avoir nag\u00e9, transpir\u00e9 ou vous \u00eatre s\u00e9ch\u00e9.<\/p>\n<p><strong>Composition :<\/strong><\/p>\n<p>AQUA (WATER), OCTOCRYLENE, ETHYLHEXYL SALICYLATE, PROPANEDIOL, BUTYL METHOXYDIBENZOYLMETHANE, POLYMETHYL METHACRYLATE, DIMETHICONE, PHENYLBENZIMIDAZOLE SULFONIC ACID, POLYSILICONE-15, PROPYLENE GLYCOL DICAPRYLATE\/DICAPRATE, TROMETHAMINE, BIS-ETHYLHEXYLOXYPHENOL METHOXYPHENYL TRIAZINE, SILICA, DIMETHICONE\/VINYL DIMETHICONE CROSSPOLYMER, 1,2-HEXANEDIOL, POLYSORBATE 60, PEG-10 DIMETHICONE, SODIUM HYALURONATE, TOCOPHERYL ACETATE, XANTHAN GUM, CAPRYLYL GLYCOL, PARFUM (FRAGRANCE), DISODIUM EDTA, PEG-8, TOCOPHEROL, TROPOLONE, ASCORBYL PALMITATE, ASCORBIC ACID, CITRIC ACID.<\/p>\n<p><strong>Conseil :<\/strong><\/p>\n<p>L\u2019utilisation d\u2019une cr\u00e8me solaire est indispensable pour prot\u00e9ger la peau et emp\u00eacher les rayons UVA et UVB d\u2019y p\u00e9n\u00e9trer. Gr\u00e2ce aux filtres solaires contenus dans les protections solaires, une barri\u00e8re se cr\u00e9e sur la peau, la prot\u00e9geant des irritations, br\u00fblures, allergies ou rougeurs. Pour que la photoprotection soit efficace, elle doit \u00eatre appliqu\u00e9e en quantit\u00e9 suffisante et r\u00e9partie uniform\u00e9ment sur toute la surface cutan\u00e9e.<\/p>\n<p>De plus, il est n\u00e9cessaire de renouveler son application toutes les 2 heures, apr\u00e8s s\u2019\u00eatre baign\u00e9, avoir fait du sport ou transpir\u00e9. Il est \u00e9galement important de ne pas s\u2019exposer en milieu de journ\u00e9e (entre 12h et 16h) et d\u2019\u00e9viter toute exposition directe au soleil pour les nourrissons et les b\u00e9b\u00e9s. Pour rappel, le soleil est responsable du vieillissement de la peau ; une surexposition \u00e0 ses rayons entra\u00eene le photovieillissement, provoque des dommages oxydatifs et favorise l\u2019apparition de maladies cutan\u00e9es. Cette action de protection peut \u00eatre renforc\u00e9e par la prise de compl\u00e9ments alimentaires associ\u00e9e \u00e0 une alimentation \u00e9quilibr\u00e9e et le port d\u2019accessoires tels que des lunettes de soleil et\/ou chapeaux \u00e0 larges bords.<\/p>\n<p>Une attention toute particuli\u00e8re doit \u00eatre port\u00e9e sur le visage. En effet, sa peau \u00e9tant plus fine et sensible que celle du corps, il est particuli\u00e8rement touch\u00e9 par l\u2019action n\u00e9faste des rayons du soleil, favorisant un vieillissement pr\u00e9matur\u00e9 de la peau. Il est donc indispensable d\u2019utiliser une cr\u00e8me solaire sp\u00e9cialement con\u00e7ue pour cette zone. Par ailleurs, son application permettant de prot\u00e9ger les prot\u00e9ines, la k\u00e9ratine et l\u2019\u00e9lastine, vous \u00e9viterez la formation de taches.<\/p>\n<p>Enfin, n\u2019oubliez pas d\u2019appliquer de l\u2019apr\u00e8s-soleil, sur le visage et le corps, afin que la peau conserve les antioxydants et l\u2019hydratation dont elle a besoin. Si vous prenez des m\u00e9dicaments photosensibilisants ou si vous souffrez de probl\u00e8mes de peau, il est particuli\u00e8rement important de suivre ces recommandations. Dans tous les cas, si apr\u00e8s une exposition au soleil, des cloques, de la fi\u00e8vre ou des maux de t\u00eate apparaissent, consultez votre m\u00e9decin.<\/p>\n","protected":false},"excerpt":{"rendered":"<p>ISDIN Fusion Water Magic Ecran Solaire Visage Ultra-L\u00e9g\u00e8re SPF50 50ml est formul\u00e9e \u00e0 base d\u2019eau et est donc non grasse et non collante.<\/p>\n","protected":false},"featured_media":2377,"comment_status":"open","ping_status":"closed","template":"","meta":{"ocean_post_layout":"","ocean_both_sidebars_style":"","ocean_both_sidebars_content_width":0,"ocean_both_sidebars_sidebars_width":0,"ocean_sidebar":"0","ocean_second_sidebar":"0","ocean_disable_margins":"enable","ocean_add_body_class":"","ocean_shortcode_before_top_bar":"","ocean_shortcode_after_top_bar":"","ocean_shortcode_before_header":"","ocean_shortcode_after_header":"","ocean_has_shortcode":"","ocean_shortcode_after_title":"","ocean_shortcode_before_footer_widgets":"","ocean_shortcode_after_footer_widgets":"","ocean_shortcode_before_footer_bottom":"","ocean_shortcode_after_footer_bottom":"","ocean_display_top_bar":"default","ocean_display_header":"default","ocean_header_style":"","ocean_center_header_left_menu":"0","ocean_custom_header_template":"0","ocean_custom_logo":0,"ocean_custom_retina_logo":0,"ocean_custom_logo_max_width":0,"ocean_custom_logo_tablet_max_width":0,"ocean_custom_logo_mobile_max_width":0,"ocean_custom_logo_max_height":0,"ocean_custom_logo_tablet_max_height":0,"ocean_custom_logo_mobile_max_height":0,"ocean_header_custom_menu":"0","ocean_menu_typo_font_family":"0","ocean_menu_typo_font_subset":"","ocean_menu_typo_font_size":0,"ocean_menu_typo_font_size_tablet":0,"ocean_menu_typo_font_size_mobile":0,"ocean_menu_typo_font_size_unit":"px","ocean_menu_typo_font_weight":"","ocean_menu_typo_font_weight_tablet":"","ocean_menu_typo_font_weight_mobile":"","ocean_menu_typo_transform":"","ocean_menu_typo_transform_tablet":"","ocean_menu_typo_transform_mobile":"","ocean_menu_typo_line_height":0,"ocean_menu_typo_line_height_tablet":0,"ocean_menu_typo_line_height_mobile":0,"ocean_menu_typo_line_height_unit":"","ocean_menu_typo_spacing":0,"ocean_menu_typo_spacing_tablet":0,"ocean_menu_typo_spacing_mobile":0,"ocean_menu_typo_spacing_unit":"","ocean_menu_link_color":"","ocean_menu_link_color_hover":"","ocean_menu_link_color_active":"","ocean_menu_link_background":"","ocean_menu_link_hover_background":"","ocean_menu_link_active_background":"","ocean_menu_social_links_bg":"","ocean_menu_social_hover_links_bg":"","ocean_menu_social_links_color":"","ocean_menu_social_hover_links_color":"","ocean_disable_title":"default","ocean_disable_heading":"default","ocean_post_title":"","ocean_post_subheading":"","ocean_post_title_style":"","ocean_post_title_background_color":"","ocean_post_title_background":0,"ocean_post_title_bg_image_position":"","ocean_post_title_bg_image_attachment":"","ocean_post_title_bg_image_repeat":"","ocean_post_title_bg_image_size":"","ocean_post_title_height":0,"ocean_post_title_bg_overlay":0.5,"ocean_post_title_bg_overlay_color":"","ocean_disable_breadcrumbs":"default","ocean_breadcrumbs_color":"","ocean_breadcrumbs_separator_color":"","ocean_breadcrumbs_links_color":"","ocean_breadcrumbs_links_hover_color":"","ocean_display_footer_widgets":"default","ocean_display_footer_bottom":"default","ocean_custom_footer_template":"0"},"product_brand":[],"product_cat":[72,20],"product_tag":[],"class_list":{"0":"post-2376","1":"product","2":"type-product","3":"status-publish","4":"has-post-thumbnail","6":"product_cat-protection-solaire-solaire","7":"product_cat-solaire","9":"entry","10":"has-media","12":"first","13":"instock","14":"taxable","15":"shipping-taxable","16":"purchasable","17":"product-type-simple","18":"has-product-nav","19":"col","20":"span_1_of_3","21":"owp-content-center","22":"owp-thumbs-layout-horizontal","23":"owp-btn-normal","24":"owp-tabs-layout-horizontal"},"_links":{"self":[{"href":"https:\/\/ellypara.com\/index.php\/wp-json\/wp\/v2\/product\/2376","targetHints":{"allow":["GET"]}}],"collection":[{"href":"https:\/\/ellypara.com\/index.php\/wp-json\/wp\/v2\/product"}],"about":[{"href":"https:\/\/ellypara.com\/index.php\/wp-json\/wp\/v2\/types\/product"}],"replies":[{"embeddable":true,"href":"https:\/\/ellypara.com\/index.php\/wp-json\/wp\/v2\/comments?post=2376"}],"wp:featuredmedia":[{"embeddable":true,"href":"https:\/\/ellypara.com\/index.php\/wp-json\/wp\/v2\/media\/2377"}],"wp:attachment":[{"href":"https:\/\/ellypara.com\/index.php\/wp-json\/wp\/v2\/media?parent=2376"}],"wp:term":[{"taxonomy":"product_brand","embeddable":true,"href":"https:\/\/ellypara.com\/index.php\/wp-json\/wp\/v2\/product_brand?post=2376"},{"taxonomy":"product_cat","embeddable":true,"href":"https:\/\/ellypara.com\/index.php\/wp-json\/wp\/v2\/product_cat?post=2376"},{"taxonomy":"product_tag","embeddable":true,"href":"https:\/\/ellypara.com\/index.php\/wp-json\/wp\/v2\/product_tag?post=2376"}],"curies":[{"name":"wp","href":"https:\/\/api.w.org\/{rel}","templated":true}]}}