{"id":2382,"date":"2025-09-09T01:04:42","date_gmt":"2025-09-08T23:04:42","guid":{"rendered":"https:\/\/ellypara.com\/?post_type=product&#038;p=2382"},"modified":"2025-09-09T01:04:42","modified_gmt":"2025-09-08T23:04:42","slug":"isdin-ecran-solaire-fusion-water-teintee-medium-spf50-50ml","status":"publish","type":"product","link":"https:\/\/ellypara.com\/index.php\/produit\/isdin-ecran-solaire-fusion-water-teintee-medium-spf50-50ml\/","title":{"rendered":"ISDIN \u00c9cran Solaire Fusion Water Teintee Medium SPF50+ 50ml"},"content":{"rendered":"<p><strong>ISDIN Fotoprotector Fusion Water Color Medium Cr\u00e8me Solaire Visage Teint\u00e9e SPF50 50ml<\/strong><\/p>\n<p>Isdin Fotoprotector Fusion Water Color Cr\u00e8me Solaire Teint\u00e9e SPF50 50ml\u00a0est une cr\u00e8me solaire visage haute protection formul\u00e9e \u00e0 base d\u2019eau et qui p\u00e9n\u00e8tre la peau tr\u00e8s rapidement.<\/p>\n<p>En plus de son SPF50 et de sa teinte qui s\u2019adapte parfaitement \u00e0 votre couleur de peau, ses vertus anti-\u00e2ge et anti-oxydantes en font une protection id\u00e9ale au quotidien.<\/p>\n<p>Isdin Fotoprotector Fusion Water Color Cr\u00e8me Solaire Teint\u00e9e SPF50 50ml\u00a0peut \u00eatre utilis\u00e9 sur tout type de peau, y compris les peaux atopiques. Il est formul\u00e9 sans huile et convient donc \u00e9galement aux peaux mixtes \u00e0 grasses.<\/p>\n<p><strong>Indications :<\/strong><\/p>\n<p>Protection solaire et anti-\u00e2ge teint\u00e9e.<\/p>\n<p><strong>Conseils d\u2019utilisation :<\/strong><\/p>\n<p>Appliquer tous les jours comme une BB cr\u00e8me ou ponctuellement 30 minutes avant l\u2019exposition au soleil.<\/p>\n<p><strong>Composition :<\/strong><\/p>\n<p>Aqua (Water), Ethylhexyl Methoxycinnamate, Butylene Glycol, Propylene Glycol, Polymethyl Methzcrylate, CI 77891 (Titanium Dioxide), Dimethicone, Homosalate, PEG-8, Butyl Methoxydibenzoylmethane, Ethylhexyl Triazone, Silica, Phenoxyethanol, Titanium Dioxide, CI77492 (Iron Oxides), Acrylates\/C10-30 Alkyl Acrylate Crosspolymer, Tocopheryl Acetate, Allantoin, CI 77491 (Iron Oxides), Aluminum Hydroxide, Ethylhexylglycerin, Parfum (Fragrance), Sodium Hyaluronate, CI 77499 (Iron Oxides), Sodium Lauroyl Glutamate, Lysine, Tocopherol, BHT, Magnesium Chloride, Ascorbyl Palmitate, Ascorbic Acid, Citric Acid.<\/p>\n<p><strong>Conditionnement :<\/strong><\/p>\n<p>1 flacon de 50ml.<\/p>\n<p>&nbsp;<\/p>\n","protected":false},"excerpt":{"rendered":"<p>Cr\u00e8me solaire visage teint\u00e9e \u00e0 la texture ultra l\u00e9g\u00e8re. Hydratation intense et absorption imm\u00e9diate qui garantit une haute protection contre les rayons UV.<\/p>\n","protected":false},"featured_media":2383,"comment_status":"open","ping_status":"closed","template":"","meta":{"ocean_post_layout":"","ocean_both_sidebars_style":"","ocean_both_sidebars_content_width":0,"ocean_both_sidebars_sidebars_width":0,"ocean_sidebar":"0","ocean_second_sidebar":"0","ocean_disable_margins":"enable","ocean_add_body_class":"","ocean_shortcode_before_top_bar":"","ocean_shortcode_after_top_bar":"","ocean_shortcode_before_header":"","ocean_shortcode_after_header":"","ocean_has_shortcode":"","ocean_shortcode_after_title":"","ocean_shortcode_before_footer_widgets":"","ocean_shortcode_after_footer_widgets":"","ocean_shortcode_before_footer_bottom":"","ocean_shortcode_after_footer_bottom":"","ocean_display_top_bar":"default","ocean_display_header":"default","ocean_header_style":"","ocean_center_header_left_menu":"0","ocean_custom_header_template":"0","ocean_custom_logo":0,"ocean_custom_retina_logo":0,"ocean_custom_logo_max_width":0,"ocean_custom_logo_tablet_max_width":0,"ocean_custom_logo_mobile_max_width":0,"ocean_custom_logo_max_height":0,"ocean_custom_logo_tablet_max_height":0,"ocean_custom_logo_mobile_max_height":0,"ocean_header_custom_menu":"0","ocean_menu_typo_font_family":"0","ocean_menu_typo_font_subset":"","ocean_menu_typo_font_size":0,"ocean_menu_typo_font_size_tablet":0,"ocean_menu_typo_font_size_mobile":0,"ocean_menu_typo_font_size_unit":"px","ocean_menu_typo_font_weight":"","ocean_menu_typo_font_weight_tablet":"","ocean_menu_typo_font_weight_mobile":"","ocean_menu_typo_transform":"","ocean_menu_typo_transform_tablet":"","ocean_menu_typo_transform_mobile":"","ocean_menu_typo_line_height":0,"ocean_menu_typo_line_height_tablet":0,"ocean_menu_typo_line_height_mobile":0,"ocean_menu_typo_line_height_unit":"","ocean_menu_typo_spacing":0,"ocean_menu_typo_spacing_tablet":0,"ocean_menu_typo_spacing_mobile":0,"ocean_menu_typo_spacing_unit":"","ocean_menu_link_color":"","ocean_menu_link_color_hover":"","ocean_menu_link_color_active":"","ocean_menu_link_background":"","ocean_menu_link_hover_background":"","ocean_menu_link_active_background":"","ocean_menu_social_links_bg":"","ocean_menu_social_hover_links_bg":"","ocean_menu_social_links_color":"","ocean_menu_social_hover_links_color":"","ocean_disable_title":"default","ocean_disable_heading":"default","ocean_post_title":"","ocean_post_subheading":"","ocean_post_title_style":"","ocean_post_title_background_color":"","ocean_post_title_background":0,"ocean_post_title_bg_image_position":"","ocean_post_title_bg_image_attachment":"","ocean_post_title_bg_image_repeat":"","ocean_post_title_bg_image_size":"","ocean_post_title_height":0,"ocean_post_title_bg_overlay":0.5,"ocean_post_title_bg_overlay_color":"","ocean_disable_breadcrumbs":"default","ocean_breadcrumbs_color":"","ocean_breadcrumbs_separator_color":"","ocean_breadcrumbs_links_color":"","ocean_breadcrumbs_links_hover_color":"","ocean_display_footer_widgets":"default","ocean_display_footer_bottom":"default","ocean_custom_footer_template":"0"},"product_brand":[],"product_cat":[71,20],"product_tag":[],"class_list":{"0":"post-2382","1":"product","2":"type-product","3":"status-publish","4":"has-post-thumbnail","6":"product_cat-cremes-solaires","7":"product_cat-solaire","9":"entry","10":"has-media","12":"first","13":"outofstock","14":"taxable","15":"shipping-taxable","16":"purchasable","17":"product-type-simple","18":"has-product-nav","19":"col","20":"span_1_of_3","21":"owp-content-center","22":"owp-thumbs-layout-horizontal","23":"owp-btn-normal","24":"owp-tabs-layout-horizontal"},"_links":{"self":[{"href":"https:\/\/ellypara.com\/index.php\/wp-json\/wp\/v2\/product\/2382","targetHints":{"allow":["GET"]}}],"collection":[{"href":"https:\/\/ellypara.com\/index.php\/wp-json\/wp\/v2\/product"}],"about":[{"href":"https:\/\/ellypara.com\/index.php\/wp-json\/wp\/v2\/types\/product"}],"replies":[{"embeddable":true,"href":"https:\/\/ellypara.com\/index.php\/wp-json\/wp\/v2\/comments?post=2382"}],"wp:featuredmedia":[{"embeddable":true,"href":"https:\/\/ellypara.com\/index.php\/wp-json\/wp\/v2\/media\/2383"}],"wp:attachment":[{"href":"https:\/\/ellypara.com\/index.php\/wp-json\/wp\/v2\/media?parent=2382"}],"wp:term":[{"taxonomy":"product_brand","embeddable":true,"href":"https:\/\/ellypara.com\/index.php\/wp-json\/wp\/v2\/product_brand?post=2382"},{"taxonomy":"product_cat","embeddable":true,"href":"https:\/\/ellypara.com\/index.php\/wp-json\/wp\/v2\/product_cat?post=2382"},{"taxonomy":"product_tag","embeddable":true,"href":"https:\/\/ellypara.com\/index.php\/wp-json\/wp\/v2\/product_tag?post=2382"}],"curies":[{"name":"wp","href":"https:\/\/api.w.org\/{rel}","templated":true}]}}