{"id":2394,"date":"2025-09-10T12:08:40","date_gmt":"2025-09-10T10:08:40","guid":{"rendered":"https:\/\/ellypara.com\/?post_type=product&#038;p=2394"},"modified":"2025-09-10T12:08:40","modified_gmt":"2025-09-10T10:08:40","slug":"roncey-creme-apaisante-50ml","status":"publish","type":"product","link":"https:\/\/ellypara.com\/index.php\/produit\/roncey-creme-apaisante-50ml\/","title":{"rendered":"Roncey Cr\u00e8me Apaisante 50ml"},"content":{"rendered":"<p><strong>Actifs :<\/strong><\/p>\n<p>Extrait de feuille d\u2019Aloe Barbadensis Apaisante : propri\u00e9t\u00e9s anti-inflammatoires, antimicrobiennes, favorise la cicatrisation. Emollient : Adoucit et assouplit la peau. Agent d\u2019entretien de la peau : Maintient la peau en bon \u00e9tat.<\/p>\n<p>Huile de Prunus Amygdalus Dulcis &amp; Propyl\u00e8ne glycol Hydratant : hydrate et maintient la peau en bon \u00e9tat.<\/p>\n<p>Beurre de Butyrospermum Parkii : utilis\u00e9 dans de nombreux produits cosm\u00e9tiques pour ses propri\u00e9t\u00e9s assouplissantes et adoucissantes pour l\u2019\u00e9piderme.<\/p>\n<p>Panth\u00e9nol Pr\u00e9curseur de la vitamine B5 : actif utilis\u00e9 comme hydratant notamment pour soigner les peaux sensibles et s\u00e8ches. Agent d\u2019entretien de la peau : Maintient la peau en bon \u00e9tat.<\/p>\n<p>Polysorbate 20 Nettoyant : nettoie doucement les surfaces de la peau.<\/p>\n<p>Dim\u00e9thicone et palmitate d\u2019isopropyle Emollient : Adoucit et assouplit la peau. Agent d\u2019entretien de la peau : Maintient la peau en bon \u00e9tat. Agent de protection de la peau : Aide \u00e0 \u00e9viter les effets n\u00e9fastes des facteurs externes sur la peau.<\/p>\n<p>Glyc\u00e9rine Humectant : Maintient l\u2019hydratation de la peau.<\/p>\n<p><strong>Indications :<\/strong><\/p>\n<p>Peaux s\u00e8ches<br \/>\nPeaux irrit\u00e9es<br \/>\nTiraillement cutan\u00e9e<br \/>\nApr\u00e8s \u00e9pilation<br \/>\nApr\u00e8s un coup de soleil<br \/>\nApr\u00e8s une piqure d\u2019insecte<br \/>\nApr\u00e8s une s\u00e9ance de laser<\/p>\n<p><strong>Mode d\u2019utilisation :<\/strong><\/p>\n<p>Appliquer Apaisante Roncey directement sur la peau avec un l\u00e9ger massage jusqu\u2019\u00e0 p\u00e9n\u00e9tration cutan\u00e9e.<\/p>\n<p><strong>Ingr\u00e9dients :<\/strong><\/p>\n<p>Extrait de feuille d\u2019Aloe Barbadensis, Huile de Prunus Amygdalus Dulcis &amp; Propyl\u00e8ne glycol, Beurre de Butyrospermum Parkii, Panth\u00e9nol, Polysorbate 20, Dim\u00e9thicone &amp; Palmitate d\u2019isopropyle, glyc\u00e9rine.<\/p>\n","protected":false},"excerpt":{"rendered":"<p>RONCEY Cr\u00e8me Apaisante, peaux s\u00e8ches, peaux irrit\u00e9es, tiraillement cutan\u00e9 apr\u00e8s \u00e9pilation, apr\u00e8s un coup de soleil, apr\u00e8s une piqure d\u2019insecte, apr\u00e8s une s\u00e9ance de laser.<\/p>\n","protected":false},"featured_media":2395,"comment_status":"open","ping_status":"closed","template":"","meta":{"ocean_post_layout":"","ocean_both_sidebars_style":"","ocean_both_sidebars_content_width":0,"ocean_both_sidebars_sidebars_width":0,"ocean_sidebar":"0","ocean_second_sidebar":"0","ocean_disable_margins":"enable","ocean_add_body_class":"","ocean_shortcode_before_top_bar":"","ocean_shortcode_after_top_bar":"","ocean_shortcode_before_header":"","ocean_shortcode_after_header":"","ocean_has_shortcode":"","ocean_shortcode_after_title":"","ocean_shortcode_before_footer_widgets":"","ocean_shortcode_after_footer_widgets":"","ocean_shortcode_before_footer_bottom":"","ocean_shortcode_after_footer_bottom":"","ocean_display_top_bar":"default","ocean_display_header":"default","ocean_header_style":"","ocean_center_header_left_menu":"0","ocean_custom_header_template":"0","ocean_custom_logo":0,"ocean_custom_retina_logo":0,"ocean_custom_logo_max_width":0,"ocean_custom_logo_tablet_max_width":0,"ocean_custom_logo_mobile_max_width":0,"ocean_custom_logo_max_height":0,"ocean_custom_logo_tablet_max_height":0,"ocean_custom_logo_mobile_max_height":0,"ocean_header_custom_menu":"0","ocean_menu_typo_font_family":"0","ocean_menu_typo_font_subset":"","ocean_menu_typo_font_size":0,"ocean_menu_typo_font_size_tablet":0,"ocean_menu_typo_font_size_mobile":0,"ocean_menu_typo_font_size_unit":"px","ocean_menu_typo_font_weight":"","ocean_menu_typo_font_weight_tablet":"","ocean_menu_typo_font_weight_mobile":"","ocean_menu_typo_transform":"","ocean_menu_typo_transform_tablet":"","ocean_menu_typo_transform_mobile":"","ocean_menu_typo_line_height":0,"ocean_menu_typo_line_height_tablet":0,"ocean_menu_typo_line_height_mobile":0,"ocean_menu_typo_line_height_unit":"","ocean_menu_typo_spacing":0,"ocean_menu_typo_spacing_tablet":0,"ocean_menu_typo_spacing_mobile":0,"ocean_menu_typo_spacing_unit":"","ocean_menu_link_color":"","ocean_menu_link_color_hover":"","ocean_menu_link_color_active":"","ocean_menu_link_background":"","ocean_menu_link_hover_background":"","ocean_menu_link_active_background":"","ocean_menu_social_links_bg":"","ocean_menu_social_hover_links_bg":"","ocean_menu_social_links_color":"","ocean_menu_social_hover_links_color":"","ocean_disable_title":"default","ocean_disable_heading":"default","ocean_post_title":"","ocean_post_subheading":"","ocean_post_title_style":"","ocean_post_title_background_color":"","ocean_post_title_background":0,"ocean_post_title_bg_image_position":"","ocean_post_title_bg_image_attachment":"","ocean_post_title_bg_image_repeat":"","ocean_post_title_bg_image_size":"","ocean_post_title_height":0,"ocean_post_title_bg_overlay":0.5,"ocean_post_title_bg_overlay_color":"","ocean_disable_breadcrumbs":"default","ocean_breadcrumbs_color":"","ocean_breadcrumbs_separator_color":"","ocean_breadcrumbs_links_color":"","ocean_breadcrumbs_links_hover_color":"","ocean_display_footer_widgets":"default","ocean_display_footer_bottom":"default","ocean_custom_footer_template":"0"},"product_brand":[],"product_cat":[73,22,46,43,47,20,21],"product_tag":[],"class_list":{"0":"post-2394","1":"product","2":"type-product","3":"status-publish","4":"has-post-thumbnail","6":"product_cat-apres-solaire","7":"product_cat-corps","8":"product_cat-epilation","9":"product_cat-soins-anti-rougeurs-et-peau-sensible","10":"product_cat-soins-corps","11":"product_cat-solaire","12":"product_cat-visage","14":"entry","15":"has-media","17":"first","18":"instock","19":"taxable","20":"shipping-taxable","21":"purchasable","22":"product-type-simple","23":"has-product-nav","24":"col","25":"span_1_of_3","26":"owp-content-center","27":"owp-thumbs-layout-horizontal","28":"owp-btn-normal","29":"owp-tabs-layout-horizontal","30":"has-no-thumbnails"},"_links":{"self":[{"href":"https:\/\/ellypara.com\/index.php\/wp-json\/wp\/v2\/product\/2394","targetHints":{"allow":["GET"]}}],"collection":[{"href":"https:\/\/ellypara.com\/index.php\/wp-json\/wp\/v2\/product"}],"about":[{"href":"https:\/\/ellypara.com\/index.php\/wp-json\/wp\/v2\/types\/product"}],"replies":[{"embeddable":true,"href":"https:\/\/ellypara.com\/index.php\/wp-json\/wp\/v2\/comments?post=2394"}],"wp:featuredmedia":[{"embeddable":true,"href":"https:\/\/ellypara.com\/index.php\/wp-json\/wp\/v2\/media\/2395"}],"wp:attachment":[{"href":"https:\/\/ellypara.com\/index.php\/wp-json\/wp\/v2\/media?parent=2394"}],"wp:term":[{"taxonomy":"product_brand","embeddable":true,"href":"https:\/\/ellypara.com\/index.php\/wp-json\/wp\/v2\/product_brand?post=2394"},{"taxonomy":"product_cat","embeddable":true,"href":"https:\/\/ellypara.com\/index.php\/wp-json\/wp\/v2\/product_cat?post=2394"},{"taxonomy":"product_tag","embeddable":true,"href":"https:\/\/ellypara.com\/index.php\/wp-json\/wp\/v2\/product_tag?post=2394"}],"curies":[{"name":"wp","href":"https:\/\/api.w.org\/{rel}","templated":true}]}}