{"id":2403,"date":"2025-09-10T13:12:21","date_gmt":"2025-09-10T11:12:21","guid":{"rendered":"https:\/\/ellypara.com\/?post_type=product&#038;p=2403"},"modified":"2025-09-10T13:12:22","modified_gmt":"2025-09-10T11:12:22","slug":"milk-hydratation-creme-hydratante-visage-mains-et-corps-spf30-50ml","status":"publish","type":"product","link":"https:\/\/ellypara.com\/index.php\/produit\/milk-hydratation-creme-hydratante-visage-mains-et-corps-spf30-50ml\/","title":{"rendered":"MILK Hydratation Cr\u00e8me Hydratante Visage Mains et Corps SPF30 50ml"},"content":{"rendered":"<p><strong>MILK Hydratation Cr\u00e8me Hydratante Visage Mains Et Corps SPF30 50ml<\/strong><\/p>\n<p>Soignez Vos Peaux S\u00e8ches Ou D\u00e9shydrat\u00e9es. Milk Cr\u00e8me Vous Offre Un Soin Imm\u00e9diat Et De Longue Dur\u00e9e Pour Votre S\u00e9cheresse Cutan\u00e9e; Soin Con\u00e7u Pour L\u2019hydratation Des Mains, Du Visage Ou Du Corps. Milk Hydratation L\u2019innovation En Mati\u00e8re D\u2019hydratation.<br \/>\nLa Nouvelle Cr\u00e8me Enrichie En Provitamine B5, En Vitamine E, En Amande Douce Et Beure De Karit\u00e9, Un V\u00e9ritable Soin Pour Les Peaux Ab\u00eem\u00e9es Et S\u00e8ches.<\/p>\n<p>Une Formule Non Comedog\u00e8ne, Hypoallergenique, Sans Alcool Et Sans Parabens,\u00a0<em>Nourrit Soigne Et Prot\u00e8ge Votre Peau.<\/em><\/p>\n<h4 class=\"marque marque_fiche\"><strong>Marque :<\/strong>\u00a0Naturallabo<\/h4>\n","protected":false},"excerpt":{"rendered":"<p>Cr\u00e8me hydratante multi-utilisation spf30, traite les peaux s\u00e8ches et fragilis\u00e9es, hydrate les peaux alt\u00e9r\u00e9es et d\u00e9shydrat\u00e9es et prot\u00e8ge contre les agressions externes et les rayons UV.<\/p>\n<p>Peaux d\u00e9shydrat\u00e9es et extr\u00eamement s\u00e8ches.<\/p>\n","protected":false},"featured_media":2404,"comment_status":"open","ping_status":"closed","template":"","meta":{"ocean_post_layout":"","ocean_both_sidebars_style":"","ocean_both_sidebars_content_width":0,"ocean_both_sidebars_sidebars_width":0,"ocean_sidebar":"0","ocean_second_sidebar":"0","ocean_disable_margins":"enable","ocean_add_body_class":"","ocean_shortcode_before_top_bar":"","ocean_shortcode_after_top_bar":"","ocean_shortcode_before_header":"","ocean_shortcode_after_header":"","ocean_has_shortcode":"","ocean_shortcode_after_title":"","ocean_shortcode_before_footer_widgets":"","ocean_shortcode_after_footer_widgets":"","ocean_shortcode_before_footer_bottom":"","ocean_shortcode_after_footer_bottom":"","ocean_display_top_bar":"default","ocean_display_header":"default","ocean_header_style":"","ocean_center_header_left_menu":"0","ocean_custom_header_template":"0","ocean_custom_logo":0,"ocean_custom_retina_logo":0,"ocean_custom_logo_max_width":0,"ocean_custom_logo_tablet_max_width":0,"ocean_custom_logo_mobile_max_width":0,"ocean_custom_logo_max_height":0,"ocean_custom_logo_tablet_max_height":0,"ocean_custom_logo_mobile_max_height":0,"ocean_header_custom_menu":"0","ocean_menu_typo_font_family":"0","ocean_menu_typo_font_subset":"","ocean_menu_typo_font_size":0,"ocean_menu_typo_font_size_tablet":0,"ocean_menu_typo_font_size_mobile":0,"ocean_menu_typo_font_size_unit":"px","ocean_menu_typo_font_weight":"","ocean_menu_typo_font_weight_tablet":"","ocean_menu_typo_font_weight_mobile":"","ocean_menu_typo_transform":"","ocean_menu_typo_transform_tablet":"","ocean_menu_typo_transform_mobile":"","ocean_menu_typo_line_height":0,"ocean_menu_typo_line_height_tablet":0,"ocean_menu_typo_line_height_mobile":0,"ocean_menu_typo_line_height_unit":"","ocean_menu_typo_spacing":0,"ocean_menu_typo_spacing_tablet":0,"ocean_menu_typo_spacing_mobile":0,"ocean_menu_typo_spacing_unit":"","ocean_menu_link_color":"","ocean_menu_link_color_hover":"","ocean_menu_link_color_active":"","ocean_menu_link_background":"","ocean_menu_link_hover_background":"","ocean_menu_link_active_background":"","ocean_menu_social_links_bg":"","ocean_menu_social_hover_links_bg":"","ocean_menu_social_links_color":"","ocean_menu_social_hover_links_color":"","ocean_disable_title":"default","ocean_disable_heading":"default","ocean_post_title":"","ocean_post_subheading":"","ocean_post_title_style":"","ocean_post_title_background_color":"","ocean_post_title_background":0,"ocean_post_title_bg_image_position":"","ocean_post_title_bg_image_attachment":"","ocean_post_title_bg_image_repeat":"","ocean_post_title_bg_image_size":"","ocean_post_title_height":0,"ocean_post_title_bg_overlay":0.5,"ocean_post_title_bg_overlay_color":"","ocean_disable_breadcrumbs":"default","ocean_breadcrumbs_color":"","ocean_breadcrumbs_separator_color":"","ocean_breadcrumbs_links_color":"","ocean_breadcrumbs_links_hover_color":"","ocean_display_footer_widgets":"default","ocean_display_footer_bottom":"default","ocean_custom_footer_template":"0"},"product_brand":[],"product_cat":[42,35,21],"product_tag":[],"class_list":{"0":"post-2403","1":"product","2":"type-product","3":"status-publish","4":"has-post-thumbnail","6":"product_cat-peaux-seches","7":"product_cat-soins-hydratants-et-nourrissants","8":"product_cat-visage","10":"entry","11":"has-media","13":"first","14":"instock","15":"taxable","16":"shipping-taxable","17":"purchasable","18":"product-type-simple","19":"has-product-nav","20":"col","21":"span_1_of_3","22":"owp-content-center","23":"owp-thumbs-layout-horizontal","24":"owp-btn-normal","25":"owp-tabs-layout-horizontal","26":"has-no-thumbnails"},"_links":{"self":[{"href":"https:\/\/ellypara.com\/index.php\/wp-json\/wp\/v2\/product\/2403","targetHints":{"allow":["GET"]}}],"collection":[{"href":"https:\/\/ellypara.com\/index.php\/wp-json\/wp\/v2\/product"}],"about":[{"href":"https:\/\/ellypara.com\/index.php\/wp-json\/wp\/v2\/types\/product"}],"replies":[{"embeddable":true,"href":"https:\/\/ellypara.com\/index.php\/wp-json\/wp\/v2\/comments?post=2403"}],"wp:featuredmedia":[{"embeddable":true,"href":"https:\/\/ellypara.com\/index.php\/wp-json\/wp\/v2\/media\/2404"}],"wp:attachment":[{"href":"https:\/\/ellypara.com\/index.php\/wp-json\/wp\/v2\/media?parent=2403"}],"wp:term":[{"taxonomy":"product_brand","embeddable":true,"href":"https:\/\/ellypara.com\/index.php\/wp-json\/wp\/v2\/product_brand?post=2403"},{"taxonomy":"product_cat","embeddable":true,"href":"https:\/\/ellypara.com\/index.php\/wp-json\/wp\/v2\/product_cat?post=2403"},{"taxonomy":"product_tag","embeddable":true,"href":"https:\/\/ellypara.com\/index.php\/wp-json\/wp\/v2\/product_tag?post=2403"}],"curies":[{"name":"wp","href":"https:\/\/api.w.org\/{rel}","templated":true}]}}