{"id":2405,"date":"2025-09-11T16:59:18","date_gmt":"2025-09-11T14:59:18","guid":{"rendered":"https:\/\/ellypara.com\/?post_type=product&#038;p=2405"},"modified":"2025-09-11T16:59:19","modified_gmt":"2025-09-11T14:59:19","slug":"dermedic-hydrain-3-beurre-a-lacide-hyaluronique-pour-corps-225ml","status":"publish","type":"product","link":"https:\/\/ellypara.com\/index.php\/produit\/dermedic-hydrain-3-beurre-a-lacide-hyaluronique-pour-corps-225ml\/","title":{"rendered":"Dermedic Hydrain 3 Beurre \u00e0 l\u2019Acide Hyaluronique pour Corps 225ml"},"content":{"rendered":"<p>Les peaux s\u00e8ches et d\u00e9shydrat\u00e9es demandent une attention particuli\u00e8re et une bonne routine quotidienne avec des produits de qualit\u00e9. Les sp\u00e9cialistes de la marque polonaise Dermedic vous proposent le beurre pour corps Hialuro de la gamme Hydrain3.<\/p>\n<p>Ultra hydratante et nourrissante, sa formule innovante est bas\u00e9e sur 4 types d\u2019acides hyaluroniques, de l\u2019eau thermale, de l\u2019huile de coco, des beurres de karit\u00e9 et de cacao, de l\u2019huile d\u2019amande et de la vitamine E. Ces principes actifs agissent parfaitement en syn\u00e9rgie afin d\u2019assurer un niveau d\u2019hydratation optimal, d\u2019\u00e9liminer les tiraillements et d\u2019offrir instantan\u00e9ment une sensation de confort et d\u2019apaisement durable.<\/p>\n<p>Hydrate profond\u00e9ment et durablement.<\/p>\n<p>Procure un soulagement imm\u00e9diat et r\u00e9duit la sensation de tiraillement.<\/p>\n<p>R\u00e9tablit le bon fonctionnement de la barri\u00e8re protectrice de l\u2019\u00e9piderme.<\/p>\n<p>A l\u2019eau thermale.<\/p>\n<p><strong>Indications :<\/strong><\/p>\n<p>Pour le soin de la peau de tout le corps, y compris les peaux tr\u00e8s s\u00e8ches, rugueuses et squameuses.<\/p>\n<p><strong>Conseils d\u2019utilisation :<\/strong><\/p>\n<p>Appliquez une fine couche de la pr\u00e9paration uniform\u00e9ment sur la peau et laissez-la \u00eatre absorb\u00e9e.<\/p>\n<p><strong>Composition :<\/strong><\/p>\n<p>Complexe Aqualare : (acide hyaluronique + eau thermale + tr\u00e9halose), Glyc\u00e9rine, Huile de Coco, Beurre de Karit\u00e9 (Karite), Beurre de Cacao, Huile d\u2019Amande, Vitamine E.<\/p>\n","protected":false},"excerpt":{"rendered":"<p>soin barri\u00e8re hydratant intense pour les peaux tr\u00e8s s\u00e8ches, rugueuses et squameuses.<\/p>\n","protected":false},"featured_media":2406,"comment_status":"open","ping_status":"closed","template":"","meta":{"ocean_post_layout":"","ocean_both_sidebars_style":"","ocean_both_sidebars_content_width":0,"ocean_both_sidebars_sidebars_width":0,"ocean_sidebar":"0","ocean_second_sidebar":"0","ocean_disable_margins":"enable","ocean_add_body_class":"","ocean_shortcode_before_top_bar":"","ocean_shortcode_after_top_bar":"","ocean_shortcode_before_header":"","ocean_shortcode_after_header":"","ocean_has_shortcode":"","ocean_shortcode_after_title":"","ocean_shortcode_before_footer_widgets":"","ocean_shortcode_after_footer_widgets":"","ocean_shortcode_before_footer_bottom":"","ocean_shortcode_after_footer_bottom":"","ocean_display_top_bar":"default","ocean_display_header":"default","ocean_header_style":"","ocean_center_header_left_menu":"0","ocean_custom_header_template":"0","ocean_custom_logo":0,"ocean_custom_retina_logo":0,"ocean_custom_logo_max_width":0,"ocean_custom_logo_tablet_max_width":0,"ocean_custom_logo_mobile_max_width":0,"ocean_custom_logo_max_height":0,"ocean_custom_logo_tablet_max_height":0,"ocean_custom_logo_mobile_max_height":0,"ocean_header_custom_menu":"0","ocean_menu_typo_font_family":"0","ocean_menu_typo_font_subset":"","ocean_menu_typo_font_size":0,"ocean_menu_typo_font_size_tablet":0,"ocean_menu_typo_font_size_mobile":0,"ocean_menu_typo_font_size_unit":"px","ocean_menu_typo_font_weight":"","ocean_menu_typo_font_weight_tablet":"","ocean_menu_typo_font_weight_mobile":"","ocean_menu_typo_transform":"","ocean_menu_typo_transform_tablet":"","ocean_menu_typo_transform_mobile":"","ocean_menu_typo_line_height":0,"ocean_menu_typo_line_height_tablet":0,"ocean_menu_typo_line_height_mobile":0,"ocean_menu_typo_line_height_unit":"","ocean_menu_typo_spacing":0,"ocean_menu_typo_spacing_tablet":0,"ocean_menu_typo_spacing_mobile":0,"ocean_menu_typo_spacing_unit":"","ocean_menu_link_color":"","ocean_menu_link_color_hover":"","ocean_menu_link_color_active":"","ocean_menu_link_background":"","ocean_menu_link_hover_background":"","ocean_menu_link_active_background":"","ocean_menu_social_links_bg":"","ocean_menu_social_hover_links_bg":"","ocean_menu_social_links_color":"","ocean_menu_social_hover_links_color":"","ocean_disable_title":"default","ocean_disable_heading":"default","ocean_post_title":"","ocean_post_subheading":"","ocean_post_title_style":"","ocean_post_title_background_color":"","ocean_post_title_background":0,"ocean_post_title_bg_image_position":"","ocean_post_title_bg_image_attachment":"","ocean_post_title_bg_image_repeat":"","ocean_post_title_bg_image_size":"","ocean_post_title_height":0,"ocean_post_title_bg_overlay":0.5,"ocean_post_title_bg_overlay_color":"","ocean_disable_breadcrumbs":"default","ocean_breadcrumbs_color":"","ocean_breadcrumbs_separator_color":"","ocean_breadcrumbs_links_color":"","ocean_breadcrumbs_links_hover_color":"","ocean_display_footer_widgets":"default","ocean_display_footer_bottom":"default","ocean_custom_footer_template":"0"},"product_brand":[],"product_cat":[22,45],"product_tag":[],"class_list":{"0":"post-2405","1":"product","2":"type-product","3":"status-publish","4":"has-post-thumbnail","6":"product_cat-corps","7":"product_cat-hydratation-et-nutrition-corps","9":"entry","10":"has-media","12":"first","13":"instock","14":"taxable","15":"shipping-taxable","16":"purchasable","17":"product-type-simple","18":"has-product-nav","19":"col","20":"span_1_of_3","21":"owp-content-center","22":"owp-thumbs-layout-horizontal","23":"owp-btn-normal","24":"owp-tabs-layout-horizontal"},"_links":{"self":[{"href":"https:\/\/ellypara.com\/index.php\/wp-json\/wp\/v2\/product\/2405","targetHints":{"allow":["GET"]}}],"collection":[{"href":"https:\/\/ellypara.com\/index.php\/wp-json\/wp\/v2\/product"}],"about":[{"href":"https:\/\/ellypara.com\/index.php\/wp-json\/wp\/v2\/types\/product"}],"replies":[{"embeddable":true,"href":"https:\/\/ellypara.com\/index.php\/wp-json\/wp\/v2\/comments?post=2405"}],"wp:featuredmedia":[{"embeddable":true,"href":"https:\/\/ellypara.com\/index.php\/wp-json\/wp\/v2\/media\/2406"}],"wp:attachment":[{"href":"https:\/\/ellypara.com\/index.php\/wp-json\/wp\/v2\/media?parent=2405"}],"wp:term":[{"taxonomy":"product_brand","embeddable":true,"href":"https:\/\/ellypara.com\/index.php\/wp-json\/wp\/v2\/product_brand?post=2405"},{"taxonomy":"product_cat","embeddable":true,"href":"https:\/\/ellypara.com\/index.php\/wp-json\/wp\/v2\/product_cat?post=2405"},{"taxonomy":"product_tag","embeddable":true,"href":"https:\/\/ellypara.com\/index.php\/wp-json\/wp\/v2\/product_tag?post=2405"}],"curies":[{"name":"wp","href":"https:\/\/api.w.org\/{rel}","templated":true}]}}