{"id":2409,"date":"2025-09-11T17:07:28","date_gmt":"2025-09-11T15:07:28","guid":{"rendered":"https:\/\/ellypara.com\/?post_type=product&#038;p=2409"},"modified":"2025-09-11T17:07:28","modified_gmt":"2025-09-11T15:07:28","slug":"dermedic-hydrain-3-gel-creme-ultra-hydratant-50g","status":"publish","type":"product","link":"https:\/\/ellypara.com\/index.php\/produit\/dermedic-hydrain-3-gel-creme-ultra-hydratant-50g\/","title":{"rendered":"Dermedic Hydrain 3 Gel Creme Ultra-Hydratant 50g"},"content":{"rendered":"<p>Une peau souffrant de d\u00e9shydratation perd de sa beaut\u00e9, devenant terne et sans vie. Pour \u00e9viter cela, nous vous recommandons de consid\u00e9rer un excellent produit th\u00e9rapeutique : la Cr\u00e8me Hydrain 3 Hialuro, une cr\u00e8me-gel hydratante pour le visage de la marque polonaise Dermedic.<\/p>\n<p>Ce produit unique convient \u00e0 tous les types de peau ayant besoin d\u2019hydratation. La cr\u00e8me sp\u00e9cialement formul\u00e9e p\u00e9n\u00e8tre profond\u00e9ment dans l\u2019\u00e9piderme, le nourrissant intens\u00e9ment en lui apportant hydratation et nutriments, pour un confort et une fra\u00eecheur durables. Une utilisation r\u00e9guli\u00e8re du gel revitalise et renforce la peau, la rendant ferme et velout\u00e9e. Le produit se distingue par sa texture l\u00e9g\u00e8re et non grasse qui s\u2019absorbe extr\u00eamement rapidement et peut \u00eatre utilis\u00e9 comme base de maquillage.<\/p>\n<p><strong>Recommand\u00e9 pour<\/strong><\/p>\n<p>Convient \u00e0 tous les types de peau ayant besoin d\u2019une hydratation intense, y compris les peaux sensibles.<\/p>\n<p><strong>Conseils d\u2019utilisation<\/strong><\/p>\n<p>Appliquer uniform\u00e9ment sur le visage, le cou et le d\u00e9collet\u00e9 bien nettoy\u00e9s, masser l\u00e9g\u00e8rement et laisser absorber.<\/p>\n<p><strong>Ingr\u00e9dients actifs<\/strong><\/p>\n<p>Complexe Aqualare\u00ae (eau thermale + 4 formes d\u2019acide hyaluronique + glycosaminoglycanes + tr\u00e9halose), ur\u00e9e, glyc\u00e9rine, DUB DIOL, b\u00e9ta\u00efne, phytosqualan-squalan, vitamine E, allanto\u00efne.<\/p>\n","protected":false},"excerpt":{"rendered":"<p>Le gel-cr\u00e8me profond\u00e9ment hydratant Dermedic Hydrain3 Hialuro est capable de rapidement compl\u00e9ter l\u2019insuffisance en eau de votre peau. Gr\u00e2ce \u00e0 ses substances actives sous forme d\u2019eau thermale et d\u2019acide hyaluronique, votre peau restera hydrat\u00e9e et renforc\u00e9e pendant 48 heures.<\/p>\n","protected":false},"featured_media":2410,"comment_status":"open","ping_status":"closed","template":"","meta":{"ocean_post_layout":"","ocean_both_sidebars_style":"","ocean_both_sidebars_content_width":0,"ocean_both_sidebars_sidebars_width":0,"ocean_sidebar":"0","ocean_second_sidebar":"0","ocean_disable_margins":"enable","ocean_add_body_class":"","ocean_shortcode_before_top_bar":"","ocean_shortcode_after_top_bar":"","ocean_shortcode_before_header":"","ocean_shortcode_after_header":"","ocean_has_shortcode":"","ocean_shortcode_after_title":"","ocean_shortcode_before_footer_widgets":"","ocean_shortcode_after_footer_widgets":"","ocean_shortcode_before_footer_bottom":"","ocean_shortcode_after_footer_bottom":"","ocean_display_top_bar":"default","ocean_display_header":"default","ocean_header_style":"","ocean_center_header_left_menu":"0","ocean_custom_header_template":"0","ocean_custom_logo":0,"ocean_custom_retina_logo":0,"ocean_custom_logo_max_width":0,"ocean_custom_logo_tablet_max_width":0,"ocean_custom_logo_mobile_max_width":0,"ocean_custom_logo_max_height":0,"ocean_custom_logo_tablet_max_height":0,"ocean_custom_logo_mobile_max_height":0,"ocean_header_custom_menu":"0","ocean_menu_typo_font_family":"0","ocean_menu_typo_font_subset":"","ocean_menu_typo_font_size":0,"ocean_menu_typo_font_size_tablet":0,"ocean_menu_typo_font_size_mobile":0,"ocean_menu_typo_font_size_unit":"px","ocean_menu_typo_font_weight":"","ocean_menu_typo_font_weight_tablet":"","ocean_menu_typo_font_weight_mobile":"","ocean_menu_typo_transform":"","ocean_menu_typo_transform_tablet":"","ocean_menu_typo_transform_mobile":"","ocean_menu_typo_line_height":0,"ocean_menu_typo_line_height_tablet":0,"ocean_menu_typo_line_height_mobile":0,"ocean_menu_typo_line_height_unit":"","ocean_menu_typo_spacing":0,"ocean_menu_typo_spacing_tablet":0,"ocean_menu_typo_spacing_mobile":0,"ocean_menu_typo_spacing_unit":"","ocean_menu_link_color":"","ocean_menu_link_color_hover":"","ocean_menu_link_color_active":"","ocean_menu_link_background":"","ocean_menu_link_hover_background":"","ocean_menu_link_active_background":"","ocean_menu_social_links_bg":"","ocean_menu_social_hover_links_bg":"","ocean_menu_social_links_color":"","ocean_menu_social_hover_links_color":"","ocean_disable_title":"default","ocean_disable_heading":"default","ocean_post_title":"","ocean_post_subheading":"","ocean_post_title_style":"","ocean_post_title_background_color":"","ocean_post_title_background":0,"ocean_post_title_bg_image_position":"","ocean_post_title_bg_image_attachment":"","ocean_post_title_bg_image_repeat":"","ocean_post_title_bg_image_size":"","ocean_post_title_height":0,"ocean_post_title_bg_overlay":0.5,"ocean_post_title_bg_overlay_color":"","ocean_disable_breadcrumbs":"default","ocean_breadcrumbs_color":"","ocean_breadcrumbs_separator_color":"","ocean_breadcrumbs_links_color":"","ocean_breadcrumbs_links_hover_color":"","ocean_display_footer_widgets":"default","ocean_display_footer_bottom":"default","ocean_custom_footer_template":"0"},"product_brand":[],"product_cat":[35,21],"product_tag":[],"class_list":{"0":"post-2409","1":"product","2":"type-product","3":"status-publish","4":"has-post-thumbnail","6":"product_cat-soins-hydratants-et-nourrissants","7":"product_cat-visage","9":"entry","10":"has-media","12":"first","13":"outofstock","14":"taxable","15":"shipping-taxable","16":"purchasable","17":"product-type-simple","18":"has-product-nav","19":"col","20":"span_1_of_3","21":"owp-content-center","22":"owp-thumbs-layout-horizontal","23":"owp-btn-normal","24":"owp-tabs-layout-horizontal"},"_links":{"self":[{"href":"https:\/\/ellypara.com\/index.php\/wp-json\/wp\/v2\/product\/2409","targetHints":{"allow":["GET"]}}],"collection":[{"href":"https:\/\/ellypara.com\/index.php\/wp-json\/wp\/v2\/product"}],"about":[{"href":"https:\/\/ellypara.com\/index.php\/wp-json\/wp\/v2\/types\/product"}],"replies":[{"embeddable":true,"href":"https:\/\/ellypara.com\/index.php\/wp-json\/wp\/v2\/comments?post=2409"}],"wp:featuredmedia":[{"embeddable":true,"href":"https:\/\/ellypara.com\/index.php\/wp-json\/wp\/v2\/media\/2410"}],"wp:attachment":[{"href":"https:\/\/ellypara.com\/index.php\/wp-json\/wp\/v2\/media?parent=2409"}],"wp:term":[{"taxonomy":"product_brand","embeddable":true,"href":"https:\/\/ellypara.com\/index.php\/wp-json\/wp\/v2\/product_brand?post=2409"},{"taxonomy":"product_cat","embeddable":true,"href":"https:\/\/ellypara.com\/index.php\/wp-json\/wp\/v2\/product_cat?post=2409"},{"taxonomy":"product_tag","embeddable":true,"href":"https:\/\/ellypara.com\/index.php\/wp-json\/wp\/v2\/product_tag?post=2409"}],"curies":[{"name":"wp","href":"https:\/\/api.w.org\/{rel}","templated":true}]}}