{"id":2417,"date":"2025-09-11T19:04:22","date_gmt":"2025-09-11T17:04:22","guid":{"rendered":"https:\/\/ellypara.com\/?post_type=product&#038;p=2417"},"modified":"2025-09-11T19:04:22","modified_gmt":"2025-09-11T17:04:22","slug":"dermedic-hydrain-3-creme-hydratante-en-profondeur-spf15-50ml","status":"publish","type":"product","link":"https:\/\/ellypara.com\/index.php\/produit\/dermedic-hydrain-3-creme-hydratante-en-profondeur-spf15-50ml\/","title":{"rendered":"Dermedic Hydrain 3 Creme Hydratante en Profondeur SPF15 50ml"},"content":{"rendered":"<p>La cr\u00e8me hydratante en profondeur est un pansement intens\u00e9ment hydratant et nourrissant pour les peaux sensibles, s\u00e8ches et d\u00e9shydrat\u00e9es.<\/p>\n<p>La cr\u00e8me restaure la capacit\u00e9 d\u2019hydratation naturelle de la peau et limite la perte d\u2019eau trans\u00e9pidermique (TEWL). Le complexe unique Aqualare\u00ae, en instance de brevet, contient 4 formes d\u2019acide hyaluronique de diff\u00e9rentes tailles mol\u00e9culaires. L\u2019Acide Hyaluronique Multiforme atteint diff\u00e9rentes couches de l\u2019\u00e9piderme, restaure et maintient \u00e0 long terme l\u2019\u00e9quilibre hydro-\u00e9pidermique de la peau.<\/p>\n<p>Les esters d\u2019acides gras essentiels om\u00e9ga-3 et om\u00e9ga-6, Xpertmoist, les filtres UVA + UVB (SPF15) et Physavie\u00ae prot\u00e8gent contre les effets nocifs de l\u2019environnement ext\u00e9rieur, y compris le spectre complet du rayonnement solaire, la pollution et les radicaux libres, et soutiennent \u00e9galement la barri\u00e8re \u00e9pidermique. La vitamine E a un effet antioxydant, pr\u00e9venant le vieillissement cutan\u00e9.<\/p>\n<p><strong>recommand\u00e9 pour<\/strong><\/p>\n<p>Soin quotidien pour peaux sensibles, s\u00e8ches, tr\u00e8s s\u00e8ches et d\u00e9shydrat\u00e9es.<\/p>\n<p><strong>mode d\u2019emploi<\/strong><\/p>\n<p>Appliquer une couche uniforme de la pr\u00e9paration sur le visage, le cou et le d\u00e9collet\u00e9 et laisser absorber.<\/p>\n<p><strong>Principes actifs<\/strong><\/p>\n<p>Complexe Aqualare\u00ae (Eau thermale + 4 formes d\u2019acide hyaluronique + Glycosaminoglycanes + Tr\u00e9halose), Ester om\u00e9ga-3 et 6, Xpertmoist, Filtres UVA et UVB (SPF 15), Glyc\u00e9rine, Allanto\u00efne, Tr\u00e9halose, Extrait de Physavie\u00ae, Vitamine E, Arginine<\/p>\n","protected":false},"excerpt":{"rendered":"<p>Hydrain3 Hialuro Deeply Moisturizing, sp\u00e9cialement d\u00e9velopp\u00e9e par la marque polonaise Dermedic, assure \u00e0 la peau une hydratation intense et aide \u00e0 retenir l\u2019eau dans l\u2019\u00e9piderme.<\/p>\n","protected":false},"featured_media":2418,"comment_status":"open","ping_status":"closed","template":"","meta":{"ocean_post_layout":"","ocean_both_sidebars_style":"","ocean_both_sidebars_content_width":0,"ocean_both_sidebars_sidebars_width":0,"ocean_sidebar":"0","ocean_second_sidebar":"0","ocean_disable_margins":"enable","ocean_add_body_class":"","ocean_shortcode_before_top_bar":"","ocean_shortcode_after_top_bar":"","ocean_shortcode_before_header":"","ocean_shortcode_after_header":"","ocean_has_shortcode":"","ocean_shortcode_after_title":"","ocean_shortcode_before_footer_widgets":"","ocean_shortcode_after_footer_widgets":"","ocean_shortcode_before_footer_bottom":"","ocean_shortcode_after_footer_bottom":"","ocean_display_top_bar":"default","ocean_display_header":"default","ocean_header_style":"","ocean_center_header_left_menu":"0","ocean_custom_header_template":"0","ocean_custom_logo":0,"ocean_custom_retina_logo":0,"ocean_custom_logo_max_width":0,"ocean_custom_logo_tablet_max_width":0,"ocean_custom_logo_mobile_max_width":0,"ocean_custom_logo_max_height":0,"ocean_custom_logo_tablet_max_height":0,"ocean_custom_logo_mobile_max_height":0,"ocean_header_custom_menu":"0","ocean_menu_typo_font_family":"0","ocean_menu_typo_font_subset":"","ocean_menu_typo_font_size":0,"ocean_menu_typo_font_size_tablet":0,"ocean_menu_typo_font_size_mobile":0,"ocean_menu_typo_font_size_unit":"px","ocean_menu_typo_font_weight":"","ocean_menu_typo_font_weight_tablet":"","ocean_menu_typo_font_weight_mobile":"","ocean_menu_typo_transform":"","ocean_menu_typo_transform_tablet":"","ocean_menu_typo_transform_mobile":"","ocean_menu_typo_line_height":0,"ocean_menu_typo_line_height_tablet":0,"ocean_menu_typo_line_height_mobile":0,"ocean_menu_typo_line_height_unit":"","ocean_menu_typo_spacing":0,"ocean_menu_typo_spacing_tablet":0,"ocean_menu_typo_spacing_mobile":0,"ocean_menu_typo_spacing_unit":"","ocean_menu_link_color":"","ocean_menu_link_color_hover":"","ocean_menu_link_color_active":"","ocean_menu_link_background":"","ocean_menu_link_hover_background":"","ocean_menu_link_active_background":"","ocean_menu_social_links_bg":"","ocean_menu_social_hover_links_bg":"","ocean_menu_social_links_color":"","ocean_menu_social_hover_links_color":"","ocean_disable_title":"default","ocean_disable_heading":"default","ocean_post_title":"","ocean_post_subheading":"","ocean_post_title_style":"","ocean_post_title_background_color":"","ocean_post_title_background":0,"ocean_post_title_bg_image_position":"","ocean_post_title_bg_image_attachment":"","ocean_post_title_bg_image_repeat":"","ocean_post_title_bg_image_size":"","ocean_post_title_height":0,"ocean_post_title_bg_overlay":0.5,"ocean_post_title_bg_overlay_color":"","ocean_disable_breadcrumbs":"default","ocean_breadcrumbs_color":"","ocean_breadcrumbs_separator_color":"","ocean_breadcrumbs_links_color":"","ocean_breadcrumbs_links_hover_color":"","ocean_display_footer_widgets":"default","ocean_display_footer_bottom":"default","ocean_custom_footer_template":"0"},"product_brand":[],"product_cat":[35,21],"product_tag":[],"class_list":{"0":"post-2417","1":"product","2":"type-product","3":"status-publish","4":"has-post-thumbnail","6":"product_cat-soins-hydratants-et-nourrissants","7":"product_cat-visage","9":"entry","10":"has-media","12":"first","13":"instock","14":"taxable","15":"shipping-taxable","16":"purchasable","17":"product-type-simple","18":"has-product-nav","19":"col","20":"span_1_of_3","21":"owp-content-center","22":"owp-thumbs-layout-horizontal","23":"owp-btn-normal","24":"owp-tabs-layout-horizontal"},"_links":{"self":[{"href":"https:\/\/ellypara.com\/index.php\/wp-json\/wp\/v2\/product\/2417","targetHints":{"allow":["GET"]}}],"collection":[{"href":"https:\/\/ellypara.com\/index.php\/wp-json\/wp\/v2\/product"}],"about":[{"href":"https:\/\/ellypara.com\/index.php\/wp-json\/wp\/v2\/types\/product"}],"replies":[{"embeddable":true,"href":"https:\/\/ellypara.com\/index.php\/wp-json\/wp\/v2\/comments?post=2417"}],"wp:featuredmedia":[{"embeddable":true,"href":"https:\/\/ellypara.com\/index.php\/wp-json\/wp\/v2\/media\/2418"}],"wp:attachment":[{"href":"https:\/\/ellypara.com\/index.php\/wp-json\/wp\/v2\/media?parent=2417"}],"wp:term":[{"taxonomy":"product_brand","embeddable":true,"href":"https:\/\/ellypara.com\/index.php\/wp-json\/wp\/v2\/product_brand?post=2417"},{"taxonomy":"product_cat","embeddable":true,"href":"https:\/\/ellypara.com\/index.php\/wp-json\/wp\/v2\/product_cat?post=2417"},{"taxonomy":"product_tag","embeddable":true,"href":"https:\/\/ellypara.com\/index.php\/wp-json\/wp\/v2\/product_tag?post=2417"}],"curies":[{"name":"wp","href":"https:\/\/api.w.org\/{rel}","templated":true}]}}