{"id":2422,"date":"2025-09-11T19:16:44","date_gmt":"2025-09-11T17:16:44","guid":{"rendered":"https:\/\/ellypara.com\/?post_type=product&#038;p=2422"},"modified":"2025-09-11T19:16:44","modified_gmt":"2025-09-11T17:16:44","slug":"dermedic-hydrain-3-eau-micellaire-500ml","status":"publish","type":"product","link":"https:\/\/ellypara.com\/index.php\/produit\/dermedic-hydrain-3-eau-micellaire-500ml\/","title":{"rendered":"Dermedic Hydrain 3 Eau Micellaire 500ml"},"content":{"rendered":"<p>Un maquillage magnifique et de haute qualit\u00e9 vous permet d\u2019\u00eatre impeccable en toutes circonstances. Cependant, il est essentiel de se rappeler qu\u2019apr\u00e8s avoir appliqu\u00e9 une quantit\u00e9 importante de maquillage, votre peau a besoin de nettoyage et de repos.<\/p>\n<p>Tout comme vous choisissez soigneusement votre fond de teint, votre rouge \u00e0 l\u00e8vres, votre mascara et vos autres produits cosm\u00e9tiques, vous devriez \u00e9galement s\u00e9lectionner vos produits de nettoyage avec soin. L\u2019un des choix les plus efficaces et populaires parmi les passionn\u00e9s de beaut\u00e9 modernes est l\u2019eau micellaire. Son action remarquable est assur\u00e9e par les micelles\u2014des micro-particules sp\u00e9ciales qui capturent les impuret\u00e9s et les \u00e9liminent des couches les plus profondes de la peau.<\/p>\n<p><strong>Conseils d\u2019utilisation<\/strong><\/p>\n<p>Appliquer sur un coton et nettoyer doucement et lentement le visage, le cou et le d\u00e9collet\u00e9. Nettoyer les paupi\u00e8res en passant l\u00e9g\u00e8rement le coton sur l\u2019\u0153il.<\/p>\n<p><strong>Ingr\u00e9dients<\/strong><\/p>\n<p>Aqua, Peg-6 Caprylic\/Capric Glycerides, Glycerin, Peg-40 Hydrogenated Castor Oil, Sodium Hyaluronate, Urea, Diglycerin, Sodium Pca, Hydrolyzed Wheat Protein, Sorbitol, Lysine, Allantoin, Lactic Acid, Parfum, Cetrimonium Bromide, Phenoxyethanol, Ethylhexylglycerin.<\/p>\n","protected":false},"excerpt":{"rendered":"<p>C\u2019est exactement ce que lui procurera l\u2019eau micellaire Dermedic Hydrain3 Hialuro pendant le d\u00e9maquillage. Celle-ci \u00e9limine parfaitement le fond de teint et toutes les impuret\u00e9s du visage, y compris du contour des yeux sensible, laissant sur la peau une agr\u00e9able sensation de fra\u00eecheur.<\/p>\n","protected":false},"featured_media":2425,"comment_status":"open","ping_status":"closed","template":"","meta":{"ocean_post_layout":"","ocean_both_sidebars_style":"","ocean_both_sidebars_content_width":0,"ocean_both_sidebars_sidebars_width":0,"ocean_sidebar":"0","ocean_second_sidebar":"0","ocean_disable_margins":"enable","ocean_add_body_class":"","ocean_shortcode_before_top_bar":"","ocean_shortcode_after_top_bar":"","ocean_shortcode_before_header":"","ocean_shortcode_after_header":"","ocean_has_shortcode":"","ocean_shortcode_after_title":"","ocean_shortcode_before_footer_widgets":"","ocean_shortcode_after_footer_widgets":"","ocean_shortcode_before_footer_bottom":"","ocean_shortcode_after_footer_bottom":"","ocean_display_top_bar":"default","ocean_display_header":"default","ocean_header_style":"","ocean_center_header_left_menu":"0","ocean_custom_header_template":"0","ocean_custom_logo":0,"ocean_custom_retina_logo":0,"ocean_custom_logo_max_width":0,"ocean_custom_logo_tablet_max_width":0,"ocean_custom_logo_mobile_max_width":0,"ocean_custom_logo_max_height":0,"ocean_custom_logo_tablet_max_height":0,"ocean_custom_logo_mobile_max_height":0,"ocean_header_custom_menu":"0","ocean_menu_typo_font_family":"0","ocean_menu_typo_font_subset":"","ocean_menu_typo_font_size":0,"ocean_menu_typo_font_size_tablet":0,"ocean_menu_typo_font_size_mobile":0,"ocean_menu_typo_font_size_unit":"px","ocean_menu_typo_font_weight":"","ocean_menu_typo_font_weight_tablet":"","ocean_menu_typo_font_weight_mobile":"","ocean_menu_typo_transform":"","ocean_menu_typo_transform_tablet":"","ocean_menu_typo_transform_mobile":"","ocean_menu_typo_line_height":0,"ocean_menu_typo_line_height_tablet":0,"ocean_menu_typo_line_height_mobile":0,"ocean_menu_typo_line_height_unit":"","ocean_menu_typo_spacing":0,"ocean_menu_typo_spacing_tablet":0,"ocean_menu_typo_spacing_mobile":0,"ocean_menu_typo_spacing_unit":"","ocean_menu_link_color":"","ocean_menu_link_color_hover":"","ocean_menu_link_color_active":"","ocean_menu_link_background":"","ocean_menu_link_hover_background":"","ocean_menu_link_active_background":"","ocean_menu_social_links_bg":"","ocean_menu_social_hover_links_bg":"","ocean_menu_social_links_color":"","ocean_menu_social_hover_links_color":"","ocean_disable_title":"default","ocean_disable_heading":"default","ocean_post_title":"","ocean_post_subheading":"","ocean_post_title_style":"","ocean_post_title_background_color":"","ocean_post_title_background":0,"ocean_post_title_bg_image_position":"","ocean_post_title_bg_image_attachment":"","ocean_post_title_bg_image_repeat":"","ocean_post_title_bg_image_size":"","ocean_post_title_height":0,"ocean_post_title_bg_overlay":0.5,"ocean_post_title_bg_overlay_color":"","ocean_disable_breadcrumbs":"default","ocean_breadcrumbs_color":"","ocean_breadcrumbs_separator_color":"","ocean_breadcrumbs_links_color":"","ocean_breadcrumbs_links_hover_color":"","ocean_display_footer_widgets":"default","ocean_display_footer_bottom":"default","ocean_custom_footer_template":"0"},"product_brand":[],"product_cat":[41,21],"product_tag":[],"class_list":{"0":"post-2422","1":"product","2":"type-product","3":"status-publish","4":"has-post-thumbnail","6":"product_cat-nettoyants-visage","7":"product_cat-visage","9":"entry","10":"has-media","12":"first","13":"instock","14":"taxable","15":"shipping-taxable","16":"purchasable","17":"product-type-simple","18":"has-product-nav","19":"col","20":"span_1_of_3","21":"owp-content-center","22":"owp-thumbs-layout-horizontal","23":"owp-btn-normal","24":"owp-tabs-layout-horizontal"},"_links":{"self":[{"href":"https:\/\/ellypara.com\/index.php\/wp-json\/wp\/v2\/product\/2422","targetHints":{"allow":["GET"]}}],"collection":[{"href":"https:\/\/ellypara.com\/index.php\/wp-json\/wp\/v2\/product"}],"about":[{"href":"https:\/\/ellypara.com\/index.php\/wp-json\/wp\/v2\/types\/product"}],"replies":[{"embeddable":true,"href":"https:\/\/ellypara.com\/index.php\/wp-json\/wp\/v2\/comments?post=2422"}],"wp:featuredmedia":[{"embeddable":true,"href":"https:\/\/ellypara.com\/index.php\/wp-json\/wp\/v2\/media\/2425"}],"wp:attachment":[{"href":"https:\/\/ellypara.com\/index.php\/wp-json\/wp\/v2\/media?parent=2422"}],"wp:term":[{"taxonomy":"product_brand","embeddable":true,"href":"https:\/\/ellypara.com\/index.php\/wp-json\/wp\/v2\/product_brand?post=2422"},{"taxonomy":"product_cat","embeddable":true,"href":"https:\/\/ellypara.com\/index.php\/wp-json\/wp\/v2\/product_cat?post=2422"},{"taxonomy":"product_tag","embeddable":true,"href":"https:\/\/ellypara.com\/index.php\/wp-json\/wp\/v2\/product_tag?post=2422"}],"curies":[{"name":"wp","href":"https:\/\/api.w.org\/{rel}","templated":true}]}}