{"id":2427,"date":"2025-09-11T19:50:19","date_gmt":"2025-09-11T17:50:19","guid":{"rendered":"https:\/\/ellypara.com\/?post_type=product&#038;p=2427"},"modified":"2025-09-11T19:50:20","modified_gmt":"2025-09-11T17:50:20","slug":"sensilis-purify-essential-cleanser-gel-nettoyant-200ml","status":"publish","type":"product","link":"https:\/\/ellypara.com\/index.php\/produit\/sensilis-purify-essential-cleanser-gel-nettoyant-200ml\/","title":{"rendered":"Sensilis Purify Essential Cleanser Gel Nettoyant 200ml"},"content":{"rendered":"<p>Gel \u00e0 texture l\u00e9g\u00e8re, sp\u00e9cialement con\u00e7u pour nettoyer les peaux mixtes, grasses ou acn\u00e9iques, qui aide \u00e0 \u00e9liminer les impuret\u00e9s de la peau et \u00e0 minimiser l\u2019apparence des pores. Sa formule enrichie en zinc, extrait de lin, acide hyaluronique et provitamine B5 r\u00e9gule la production de s\u00e9bum et limite la prolif\u00e9ration des bact\u00e9ries.<\/p>\n<p><strong>Mode d\u2019emploi<\/strong><\/p>\n<p>1. Prendre une noix de produit et faire mousser avec l\u2019aide des paumes des mains.<\/p>\n<p>2. Appliquer le produit sur le visage et le cou pr\u00e9alablement humidifi\u00e9s.<\/p>\n<p>3. Effectuer de petits massages en mouvements circulaires, en \u00e9vitant le contour des yeux.<\/p>\n<p>4. Rincer le produit \u00e0 l\u2019eau abondante.<\/p>\n<p><strong>Composition<\/strong><\/p>\n<p>Aqua (Water); Cocamidopropyl Betaine; Sodium Cocoamphoacetate; Sodium Lauroyl Sarcosinate; Glycerin; Ceteareth-60 Myristyl Glycol; Sodium Chloride; Sodium Hyaluronate; Barosma; Betulina Leaf Extract; Linum Usitatissimum (Linseed) Seed Extract; Zinc PCA; Panthenol; Lactic Acid; Hydroxyacetophenone; Glyceryl Oleate; Butylene Glycol; Coco-Glucoside; 1,2-Hexanediol; Tetrasodium Glutamate Diacetate; Sodium Hydroxide; Citric Acid; Parfum (Fragrance)<\/p>\n","protected":false},"excerpt":{"rendered":"<p>SENSILIS Purify Essential Cleanser Gel NettoyantPurify Essential Cleanser est un gel nettoyant purifiant id\u00e9al pour les peaux mixtes et grasses.<\/p>\n","protected":false},"featured_media":2428,"comment_status":"open","ping_status":"closed","template":"","meta":{"ocean_post_layout":"","ocean_both_sidebars_style":"","ocean_both_sidebars_content_width":0,"ocean_both_sidebars_sidebars_width":0,"ocean_sidebar":"0","ocean_second_sidebar":"0","ocean_disable_margins":"enable","ocean_add_body_class":"","ocean_shortcode_before_top_bar":"","ocean_shortcode_after_top_bar":"","ocean_shortcode_before_header":"","ocean_shortcode_after_header":"","ocean_has_shortcode":"","ocean_shortcode_after_title":"","ocean_shortcode_before_footer_widgets":"","ocean_shortcode_after_footer_widgets":"","ocean_shortcode_before_footer_bottom":"","ocean_shortcode_after_footer_bottom":"","ocean_display_top_bar":"default","ocean_display_header":"default","ocean_header_style":"","ocean_center_header_left_menu":"0","ocean_custom_header_template":"0","ocean_custom_logo":0,"ocean_custom_retina_logo":0,"ocean_custom_logo_max_width":0,"ocean_custom_logo_tablet_max_width":0,"ocean_custom_logo_mobile_max_width":0,"ocean_custom_logo_max_height":0,"ocean_custom_logo_tablet_max_height":0,"ocean_custom_logo_mobile_max_height":0,"ocean_header_custom_menu":"0","ocean_menu_typo_font_family":"0","ocean_menu_typo_font_subset":"","ocean_menu_typo_font_size":0,"ocean_menu_typo_font_size_tablet":0,"ocean_menu_typo_font_size_mobile":0,"ocean_menu_typo_font_size_unit":"px","ocean_menu_typo_font_weight":"","ocean_menu_typo_font_weight_tablet":"","ocean_menu_typo_font_weight_mobile":"","ocean_menu_typo_transform":"","ocean_menu_typo_transform_tablet":"","ocean_menu_typo_transform_mobile":"","ocean_menu_typo_line_height":0,"ocean_menu_typo_line_height_tablet":0,"ocean_menu_typo_line_height_mobile":0,"ocean_menu_typo_line_height_unit":"","ocean_menu_typo_spacing":0,"ocean_menu_typo_spacing_tablet":0,"ocean_menu_typo_spacing_mobile":0,"ocean_menu_typo_spacing_unit":"","ocean_menu_link_color":"","ocean_menu_link_color_hover":"","ocean_menu_link_color_active":"","ocean_menu_link_background":"","ocean_menu_link_hover_background":"","ocean_menu_link_active_background":"","ocean_menu_social_links_bg":"","ocean_menu_social_hover_links_bg":"","ocean_menu_social_links_color":"","ocean_menu_social_hover_links_color":"","ocean_disable_title":"default","ocean_disable_heading":"default","ocean_post_title":"","ocean_post_subheading":"","ocean_post_title_style":"","ocean_post_title_background_color":"","ocean_post_title_background":0,"ocean_post_title_bg_image_position":"","ocean_post_title_bg_image_attachment":"","ocean_post_title_bg_image_repeat":"","ocean_post_title_bg_image_size":"","ocean_post_title_height":0,"ocean_post_title_bg_overlay":0.5,"ocean_post_title_bg_overlay_color":"","ocean_disable_breadcrumbs":"default","ocean_breadcrumbs_color":"","ocean_breadcrumbs_separator_color":"","ocean_breadcrumbs_links_color":"","ocean_breadcrumbs_links_hover_color":"","ocean_display_footer_widgets":"default","ocean_display_footer_bottom":"default","ocean_custom_footer_template":"0"},"product_brand":[],"product_cat":[41,21],"product_tag":[],"class_list":{"0":"post-2427","1":"product","2":"type-product","3":"status-publish","4":"has-post-thumbnail","6":"product_cat-nettoyants-visage","7":"product_cat-visage","9":"entry","10":"has-media","12":"first","13":"instock","14":"taxable","15":"shipping-taxable","16":"purchasable","17":"product-type-simple","18":"has-product-nav","19":"col","20":"span_1_of_3","21":"owp-content-center","22":"owp-thumbs-layout-horizontal","23":"owp-btn-normal","24":"owp-tabs-layout-horizontal","25":"has-no-thumbnails"},"_links":{"self":[{"href":"https:\/\/ellypara.com\/index.php\/wp-json\/wp\/v2\/product\/2427","targetHints":{"allow":["GET"]}}],"collection":[{"href":"https:\/\/ellypara.com\/index.php\/wp-json\/wp\/v2\/product"}],"about":[{"href":"https:\/\/ellypara.com\/index.php\/wp-json\/wp\/v2\/types\/product"}],"replies":[{"embeddable":true,"href":"https:\/\/ellypara.com\/index.php\/wp-json\/wp\/v2\/comments?post=2427"}],"wp:featuredmedia":[{"embeddable":true,"href":"https:\/\/ellypara.com\/index.php\/wp-json\/wp\/v2\/media\/2428"}],"wp:attachment":[{"href":"https:\/\/ellypara.com\/index.php\/wp-json\/wp\/v2\/media?parent=2427"}],"wp:term":[{"taxonomy":"product_brand","embeddable":true,"href":"https:\/\/ellypara.com\/index.php\/wp-json\/wp\/v2\/product_brand?post=2427"},{"taxonomy":"product_cat","embeddable":true,"href":"https:\/\/ellypara.com\/index.php\/wp-json\/wp\/v2\/product_cat?post=2427"},{"taxonomy":"product_tag","embeddable":true,"href":"https:\/\/ellypara.com\/index.php\/wp-json\/wp\/v2\/product_tag?post=2427"}],"curies":[{"name":"wp","href":"https:\/\/api.w.org\/{rel}","templated":true}]}}