{"id":2434,"date":"2025-11-12T11:36:43","date_gmt":"2025-11-12T10:36:43","guid":{"rendered":"https:\/\/ellypara.com\/?post_type=product&#038;p=2434"},"modified":"2025-11-12T11:36:43","modified_gmt":"2025-11-12T10:36:43","slug":"evoluderm-lait-de-corps-hydratant-monoi-a-la-folie-500ml","status":"publish","type":"product","link":"https:\/\/ellypara.com\/index.php\/produit\/evoluderm-lait-de-corps-hydratant-monoi-a-la-folie-500ml\/","title":{"rendered":"EVOLUDERM LAIT DE CORPS HYDRATANT MONOI A LA FOLIE 500ML"},"content":{"rendered":"<ul>\n<li>V\u00e9gan<\/li>\n<li>Contient 1% de Mono\u00ef de Tahiti<\/li>\n<li>Test\u00e9 dermatologiquement<\/li>\n<li>Fabriqu\u00e9 en France<\/li>\n<\/ul>\n<p>Gr\u00e2ce \u00e0 sa formule enrichie en Mono\u00ef de Tahiti, ce lait corps hydrate et prot\u00e8ge la peau en douceur tout en laissant un d\u00e9licat parfum ensoleill\u00e9 sur le corps.<\/p>\n<div class=\"description_product\">\n<p>Sp\u00e9cifiquement con\u00e7u pour apaiser et r\u00e9parer les peaux s\u00e8ches en profondeur, ce lait pour le corps v\u00e9gan hydrate* et prot\u00e8ge l&#8217;\u00e9piderme pour le rendre plus soyeux et plus souple \u00e0 chaque application. Enrichi au Mono\u00ef de Tahiti, le Lait Corps Hydratant Mono\u00ef \u00e0 la Folie d\u00e9gage des notes chaudes et enveloppantes qui exhalent une senteur exotique et d\u00e9posent un d\u00e9licat parfum de vacances sur la peau. V\u00e9ritable invitation au voyage, sa texture l\u00e9g\u00e8re et soyeuse p\u00e9n\u00e8tre instantan\u00e9ment sans laisser de film gras ni d\u2019effet collant. Ce lait corporel est riche en Huile de Mono\u00ef, secret de beaut\u00e9 mill\u00e9naire venu de Polyn\u00e9sie. Cette huile unique, obtenue \u00e0 partir de la fleur de Tiar\u00e9, poss\u00e8de des propri\u00e9t\u00e9s nourrissantes reconnues. Soin traditionnel des \u00eeles du Pacifique, ce soin fera le bonheur des peaux s\u00e8ches et tiraill\u00e9es. Alors, \u00e9vadez-vous et sublimez votre corps en seulement quelques gestes ! Ce produit vous est propos\u00e9 dans un format 500 ml g\u00e9n\u00e9reux pour prendre soin de votre peau jour apr\u00e8s jour.<\/p>\n<p>*les couches sup\u00e9rieures de l\u2019\u00e9piderme<\/p>\n<\/div>\n<p>Appliquez ce lait quotidiennement sur l\u2019ensemble de votre corps et massez par mouvements circulaires jusqu\u2019\u00e0 absorption compl\u00e8te.<\/p>\n<div id=\"shopify-section-template--26973780312411__d2c1948b-5bed-4879-b7f5-d321e8e26374\" class=\"shopify-section\">\n<div id=\"tabs--product\" class=\"tabs tabs--product\">\n<div class=\"tabs__body  section--colored\">\n<div id=\"tab3\" class=\"tab active\">\n<h3 class=\"tab__title\">Ingr\u00e9dients<\/h3>\n<p>WATER (AQUA), MINERAL OIL (PARAFFINUM LIQUIDUM), GLYCERIN, COCOS NUCIFERA (COCONUT) OIL, PHENOXYETHANOL, OLETH-10, XANTHAN GUM, OLETH-5, FRAGRANCE (PARFUM), CARBOMER, CHLORPHENESIN, ALLANTOIN, SODIUM HYDROXIDE, HYDROXYCITRONELLAL, AMYL CINNAMAL, HEXYL CINNAMAL, LINALOOL, GARDENIA TAITENSIS FLOWER, ALPHA-ISOMETHYL IONONE, GERANIOL, TOCOPHEROL.<\/p>\n<\/div>\n<\/div>\n<\/div>\n<\/div>\n<section id=\"shopify-section-template--26973780312411__related-products\" class=\"shopify-section section\">\n<div class=\"color-background-1 gradient no-js-hidden\">\n<h3 class=\"tab__title\">INFO TRI ET R\u00c9GLEMENTATION<\/h3>\n<div id=\"content-container-demo\">\n<p id=\"isPasted\">Fiche produit relative aux qualit\u00e9s et\/ou caract\u00e9ristiques environnementales.<\/p>\n<table>\n<tbody>\n<tr>\n<td><u><strong>PACKAGING<\/strong><\/u><\/td>\n<td><img decoding=\"async\" class=\"fr-fic fr-dii\" src=\"https:\/\/cdn.accentuate.cloud\/images\/8501592179\/INFOTRI-FLACONPOMPE-v1729258662919.png\" \/><\/td>\n<td><u><strong>[TRI] Flacon &amp; Pompe\u00a0<\/strong><\/u><strong>:\u00a0500\u00a0<\/strong><strong>ml<\/strong><\/p>\n<ul>\n<li>Majoritairement recyclable<\/li>\n<\/ul>\n<\/td>\n<\/tr>\n<\/tbody>\n<\/table>\n<\/div>\n<\/div>\n<\/section>\n<p>&nbsp;<\/p>\n","protected":false},"excerpt":{"rendered":"<p>Le lait de corps hydratant Mono\u00ef \u00e0 la folie plonge vos sens au c\u0153ur des \u00eeles polyn\u00e9siennes\u00a0: fermez les yeux, vous \u00eates sous les tropiques\u00a0! enrichie en mono\u00ef de Tahiti appellation d\u2019origine aux vertus hydratantes et r\u00e9g\u00e9n\u00e9rantes, sa texture ultra-cr\u00e9meuse p\u00e9n\u00e8tre intens\u00e9ment sans effet collant et enveloppe la peau d\u2019un \u00e9clat parfum exotique.<\/p>\n<p>V\u00e9ritable invitation au voyage, ce lait nourrit et prot\u00e8ge en profondeur les peaux les plus s\u00e8ches.<\/p>\n<p>Sublim\u00e9e au quotidien, la peau est soyeuse, elle retrouve toute sa souplesse .<\/p>\n","protected":false},"featured_media":2435,"comment_status":"open","ping_status":"closed","template":"","meta":{"ocean_post_layout":"","ocean_both_sidebars_style":"","ocean_both_sidebars_content_width":0,"ocean_both_sidebars_sidebars_width":0,"ocean_sidebar":"0","ocean_second_sidebar":"0","ocean_disable_margins":"enable","ocean_add_body_class":"","ocean_shortcode_before_top_bar":"","ocean_shortcode_after_top_bar":"","ocean_shortcode_before_header":"","ocean_shortcode_after_header":"","ocean_has_shortcode":"","ocean_shortcode_after_title":"","ocean_shortcode_before_footer_widgets":"","ocean_shortcode_after_footer_widgets":"","ocean_shortcode_before_footer_bottom":"","ocean_shortcode_after_footer_bottom":"","ocean_display_top_bar":"default","ocean_display_header":"default","ocean_header_style":"","ocean_center_header_left_menu":"0","ocean_custom_header_template":"0","ocean_custom_logo":0,"ocean_custom_retina_logo":0,"ocean_custom_logo_max_width":0,"ocean_custom_logo_tablet_max_width":0,"ocean_custom_logo_mobile_max_width":0,"ocean_custom_logo_max_height":0,"ocean_custom_logo_tablet_max_height":0,"ocean_custom_logo_mobile_max_height":0,"ocean_header_custom_menu":"0","ocean_menu_typo_font_family":"0","ocean_menu_typo_font_subset":"","ocean_menu_typo_font_size":0,"ocean_menu_typo_font_size_tablet":0,"ocean_menu_typo_font_size_mobile":0,"ocean_menu_typo_font_size_unit":"px","ocean_menu_typo_font_weight":"","ocean_menu_typo_font_weight_tablet":"","ocean_menu_typo_font_weight_mobile":"","ocean_menu_typo_transform":"","ocean_menu_typo_transform_tablet":"","ocean_menu_typo_transform_mobile":"","ocean_menu_typo_line_height":0,"ocean_menu_typo_line_height_tablet":0,"ocean_menu_typo_line_height_mobile":0,"ocean_menu_typo_line_height_unit":"","ocean_menu_typo_spacing":0,"ocean_menu_typo_spacing_tablet":0,"ocean_menu_typo_spacing_mobile":0,"ocean_menu_typo_spacing_unit":"","ocean_menu_link_color":"","ocean_menu_link_color_hover":"","ocean_menu_link_color_active":"","ocean_menu_link_background":"","ocean_menu_link_hover_background":"","ocean_menu_link_active_background":"","ocean_menu_social_links_bg":"","ocean_menu_social_hover_links_bg":"","ocean_menu_social_links_color":"","ocean_menu_social_hover_links_color":"","ocean_disable_title":"default","ocean_disable_heading":"default","ocean_post_title":"","ocean_post_subheading":"","ocean_post_title_style":"","ocean_post_title_background_color":"","ocean_post_title_background":0,"ocean_post_title_bg_image_position":"","ocean_post_title_bg_image_attachment":"","ocean_post_title_bg_image_repeat":"","ocean_post_title_bg_image_size":"","ocean_post_title_height":0,"ocean_post_title_bg_overlay":0.5,"ocean_post_title_bg_overlay_color":"","ocean_disable_breadcrumbs":"default","ocean_breadcrumbs_color":"","ocean_breadcrumbs_separator_color":"","ocean_breadcrumbs_links_color":"","ocean_breadcrumbs_links_hover_color":"","ocean_display_footer_widgets":"default","ocean_display_footer_bottom":"default","ocean_custom_footer_template":"0"},"product_brand":[],"product_cat":[22,45,47],"product_tag":[],"class_list":{"0":"post-2434","1":"product","2":"type-product","3":"status-publish","4":"has-post-thumbnail","6":"product_cat-corps","7":"product_cat-hydratation-et-nutrition-corps","8":"product_cat-soins-corps","10":"entry","11":"has-media","13":"first","14":"instock","15":"taxable","16":"shipping-taxable","17":"purchasable","18":"product-type-simple","19":"has-product-nav","20":"col","21":"span_1_of_3","22":"owp-content-center","23":"owp-thumbs-layout-horizontal","24":"owp-btn-normal","25":"owp-tabs-layout-horizontal","26":"has-no-thumbnails"},"_links":{"self":[{"href":"https:\/\/ellypara.com\/index.php\/wp-json\/wp\/v2\/product\/2434","targetHints":{"allow":["GET"]}}],"collection":[{"href":"https:\/\/ellypara.com\/index.php\/wp-json\/wp\/v2\/product"}],"about":[{"href":"https:\/\/ellypara.com\/index.php\/wp-json\/wp\/v2\/types\/product"}],"replies":[{"embeddable":true,"href":"https:\/\/ellypara.com\/index.php\/wp-json\/wp\/v2\/comments?post=2434"}],"wp:featuredmedia":[{"embeddable":true,"href":"https:\/\/ellypara.com\/index.php\/wp-json\/wp\/v2\/media\/2435"}],"wp:attachment":[{"href":"https:\/\/ellypara.com\/index.php\/wp-json\/wp\/v2\/media?parent=2434"}],"wp:term":[{"taxonomy":"product_brand","embeddable":true,"href":"https:\/\/ellypara.com\/index.php\/wp-json\/wp\/v2\/product_brand?post=2434"},{"taxonomy":"product_cat","embeddable":true,"href":"https:\/\/ellypara.com\/index.php\/wp-json\/wp\/v2\/product_cat?post=2434"},{"taxonomy":"product_tag","embeddable":true,"href":"https:\/\/ellypara.com\/index.php\/wp-json\/wp\/v2\/product_tag?post=2434"}],"curies":[{"name":"wp","href":"https:\/\/api.w.org\/{rel}","templated":true}]}}