{"id":2436,"date":"2025-11-12T13:41:17","date_gmt":"2025-11-12T12:41:17","guid":{"rendered":"https:\/\/ellypara.com\/?post_type=product&#038;p=2436"},"modified":"2025-11-12T13:41:17","modified_gmt":"2025-11-12T12:41:17","slug":"lodet-lait-de-corps-a-lavoine-500-ml","status":"publish","type":"product","link":"https:\/\/ellypara.com\/index.php\/produit\/lodet-lait-de-corps-a-lavoine-500-ml\/","title":{"rendered":"L\u2019Odet \u2013 Lait De Corps \u00c0 L\u2019Avoine 500 Ml"},"content":{"rendered":"<p><span class=\"html-span xexx8yu xyri2b x18d9i69 x1c1uobl x1hl2dhg x16tdsg8 x1vvkbs x3nfvp2 x1j61x8r x1fcty0u xdj266r xat24cr xm2jcoa x1mpyi22 xxymvpz xlup9mm x1kky2od\"><img decoding=\"async\" class=\"xz74otr x15mokao x1ga7v0g x16uus16 xbiv7yw\" src=\"https:\/\/static.xx.fbcdn.net\/images\/emoji.php\/v9\/t9d\/1\/16\/1f33e.png\" alt=\"\ud83c\udf3e\" width=\"16\" height=\"16\" \/><\/span>\u00a0\ud835\udc6f\ud835\udc9a\ud835\udc91\ud835\udc90\ud835\udc82\ud835\udc8d\ud835\udc8d\ud835\udc86\ud835\udc93\ud835\udc88\ud835\udc86\u0301\ud835\udc8f\ud835\udc8a\ud835\udc92\ud835\udc96\ud835\udc86: Con\u00e7u pour les peaux les plus sensibles, notre formule hypoallerg\u00e9nique est douce et respectueuse de votre \u00e9piderme.<br class=\"html-br\" \/><span class=\"html-span xexx8yu xyri2b x18d9i69 x1c1uobl x1hl2dhg x16tdsg8 x1vvkbs x3nfvp2 x1j61x8r x1fcty0u xdj266r xat24cr xm2jcoa x1mpyi22 xxymvpz xlup9mm x1kky2od\"><img decoding=\"async\" class=\"xz74otr x15mokao x1ga7v0g x16uus16 xbiv7yw\" src=\"https:\/\/static.xx.fbcdn.net\/images\/emoji.php\/v9\/t6f\/1\/16\/1f6ab.png\" alt=\"\ud83d\udeab\" width=\"16\" height=\"16\" \/><\/span>\u00a00% \ud835\udc6a\ud835\udc90\ud835\udc8d\ud835\udc90\ud835\udc93\ud835\udc82\ud835\udc8f\ud835\udc95\ud835\udc94, \ud835\udc68\ud835\udc8d\ud835\udc8d\ud835\udc86\ud835\udc93\ud835\udc88\ud835\udc86\u0300\ud835\udc8f\ud835\udc86\ud835\udc94 \ud835\udc86\ud835\udc95 \ud835\udc77\ud835\udc82\ud835\udc93\ud835\udc82\ud835\udc83\ud835\udc86\u0300\ud835\udc8f\ud835\udc86\ud835\udc94: Parce que votre bien-\u00eatre est notre priorit\u00e9, notre produit est exempt de tout ce qui pourrait irriter votre peau.<br class=\"html-br\" \/><span class=\"html-span xexx8yu xyri2b x18d9i69 x1c1uobl x1hl2dhg x16tdsg8 x1vvkbs x3nfvp2 x1j61x8r x1fcty0u xdj266r xat24cr xm2jcoa x1mpyi22 xxymvpz xlup9mm x1kky2od\"><img decoding=\"async\" class=\"xz74otr x15mokao x1ga7v0g x16uus16 xbiv7yw\" src=\"https:\/\/static.xx.fbcdn.net\/images\/emoji.php\/v9\/tde\/1\/16\/1f95b.png\" alt=\"\ud83e\udd5b\" width=\"16\" height=\"16\" \/><\/span> \ud835\udc73\ud835\udc82\ud835\udc8a\ud835\udc95 \ud835\udc85&#8217;\ud835\udc68\ud835\udc97\ud835\udc90\ud835\udc8a\ud835\udc8f\ud835\udc86 \ud835\udc75\ud835\udc82\ud835\udc95\ud835\udc96\ud835\udc93\ud835\udc86\ud835\udc8d: Le secret r\u00e9side dans le lait d&#8217;avoine naturellement apaisant qui hydrate en profondeur et laisse votre peau douce comme de la soie.<\/p>\n<p>Ce soin gourmand unifie la carnation et aide \u00e0 limiter l\u2019apparition de taches pigmentaires en boostant la r\u00e9g\u00e9n\u00e9ration cellulaire.\u00a0 Les peaux s\u00e8ches en manque d\u2019\u00e9clat sont raviv\u00e9es par la formule vitamin\u00e9e de ce soin onctueux. Jour apr\u00e8s jour, elles sont sublim\u00e9es et redeviennent soyeuses. \u00c0 chaque utilisation, ce lait parfume d\u00e9licatement votre corps pour vous offrir un v\u00e9ritable moment de d\u00e9tente. Ce produit vous est propos\u00e9 dans un format 500 ml g\u00e9n\u00e9reux pour prendre soin de votre peau jour apr\u00e8s jour.<\/p>\n<p>*les couches sup\u00e9rieures de l\u2019\u00e9piderme.<\/p>\n<p>Sa texture lait riche et fondante, au parfum gourmand, forme comme un pansement invisible sur la peau. Votre peau est imm\u00e9diatement hydrat\u00e9e, durablement nourrie et prot\u00e9g\u00e9e des agressions ext\u00e9rieures.<\/p>\n","protected":false},"excerpt":{"rendered":"<p>Ajoutez une touche de luxe \u00e0 votre routine quotidienne de soin de la peau avec notre Lait de Corps \u00e0 Base de Lait d&#8217;Avoine Lodet. Votre peau m\u00e9rite ce qu&#8217;il y a de mieux, alors offrez-lui l&#8217;attention qu&#8217;elle m\u00e9rite.<\/p>\n","protected":false},"featured_media":2437,"comment_status":"open","ping_status":"closed","template":"","meta":{"ocean_post_layout":"","ocean_both_sidebars_style":"","ocean_both_sidebars_content_width":0,"ocean_both_sidebars_sidebars_width":0,"ocean_sidebar":"0","ocean_second_sidebar":"0","ocean_disable_margins":"enable","ocean_add_body_class":"","ocean_shortcode_before_top_bar":"","ocean_shortcode_after_top_bar":"","ocean_shortcode_before_header":"","ocean_shortcode_after_header":"","ocean_has_shortcode":"","ocean_shortcode_after_title":"","ocean_shortcode_before_footer_widgets":"","ocean_shortcode_after_footer_widgets":"","ocean_shortcode_before_footer_bottom":"","ocean_shortcode_after_footer_bottom":"","ocean_display_top_bar":"default","ocean_display_header":"default","ocean_header_style":"","ocean_center_header_left_menu":"0","ocean_custom_header_template":"0","ocean_custom_logo":0,"ocean_custom_retina_logo":0,"ocean_custom_logo_max_width":0,"ocean_custom_logo_tablet_max_width":0,"ocean_custom_logo_mobile_max_width":0,"ocean_custom_logo_max_height":0,"ocean_custom_logo_tablet_max_height":0,"ocean_custom_logo_mobile_max_height":0,"ocean_header_custom_menu":"0","ocean_menu_typo_font_family":"0","ocean_menu_typo_font_subset":"","ocean_menu_typo_font_size":0,"ocean_menu_typo_font_size_tablet":0,"ocean_menu_typo_font_size_mobile":0,"ocean_menu_typo_font_size_unit":"px","ocean_menu_typo_font_weight":"","ocean_menu_typo_font_weight_tablet":"","ocean_menu_typo_font_weight_mobile":"","ocean_menu_typo_transform":"","ocean_menu_typo_transform_tablet":"","ocean_menu_typo_transform_mobile":"","ocean_menu_typo_line_height":0,"ocean_menu_typo_line_height_tablet":0,"ocean_menu_typo_line_height_mobile":0,"ocean_menu_typo_line_height_unit":"","ocean_menu_typo_spacing":0,"ocean_menu_typo_spacing_tablet":0,"ocean_menu_typo_spacing_mobile":0,"ocean_menu_typo_spacing_unit":"","ocean_menu_link_color":"","ocean_menu_link_color_hover":"","ocean_menu_link_color_active":"","ocean_menu_link_background":"","ocean_menu_link_hover_background":"","ocean_menu_link_active_background":"","ocean_menu_social_links_bg":"","ocean_menu_social_hover_links_bg":"","ocean_menu_social_links_color":"","ocean_menu_social_hover_links_color":"","ocean_disable_title":"default","ocean_disable_heading":"default","ocean_post_title":"","ocean_post_subheading":"","ocean_post_title_style":"","ocean_post_title_background_color":"","ocean_post_title_background":0,"ocean_post_title_bg_image_position":"","ocean_post_title_bg_image_attachment":"","ocean_post_title_bg_image_repeat":"","ocean_post_title_bg_image_size":"","ocean_post_title_height":0,"ocean_post_title_bg_overlay":0.5,"ocean_post_title_bg_overlay_color":"","ocean_disable_breadcrumbs":"default","ocean_breadcrumbs_color":"","ocean_breadcrumbs_separator_color":"","ocean_breadcrumbs_links_color":"","ocean_breadcrumbs_links_hover_color":"","ocean_display_footer_widgets":"default","ocean_display_footer_bottom":"default","ocean_custom_footer_template":"0"},"product_brand":[],"product_cat":[22,45,47],"product_tag":[],"class_list":{"0":"post-2436","1":"product","2":"type-product","3":"status-publish","4":"has-post-thumbnail","6":"product_cat-corps","7":"product_cat-hydratation-et-nutrition-corps","8":"product_cat-soins-corps","10":"entry","11":"has-media","13":"first","14":"instock","15":"taxable","16":"shipping-taxable","17":"purchasable","18":"product-type-simple","19":"has-product-nav","20":"col","21":"span_1_of_3","22":"owp-content-center","23":"owp-thumbs-layout-horizontal","24":"owp-btn-normal","25":"owp-tabs-layout-horizontal","26":"has-no-thumbnails"},"_links":{"self":[{"href":"https:\/\/ellypara.com\/index.php\/wp-json\/wp\/v2\/product\/2436","targetHints":{"allow":["GET"]}}],"collection":[{"href":"https:\/\/ellypara.com\/index.php\/wp-json\/wp\/v2\/product"}],"about":[{"href":"https:\/\/ellypara.com\/index.php\/wp-json\/wp\/v2\/types\/product"}],"replies":[{"embeddable":true,"href":"https:\/\/ellypara.com\/index.php\/wp-json\/wp\/v2\/comments?post=2436"}],"wp:featuredmedia":[{"embeddable":true,"href":"https:\/\/ellypara.com\/index.php\/wp-json\/wp\/v2\/media\/2437"}],"wp:attachment":[{"href":"https:\/\/ellypara.com\/index.php\/wp-json\/wp\/v2\/media?parent=2436"}],"wp:term":[{"taxonomy":"product_brand","embeddable":true,"href":"https:\/\/ellypara.com\/index.php\/wp-json\/wp\/v2\/product_brand?post=2436"},{"taxonomy":"product_cat","embeddable":true,"href":"https:\/\/ellypara.com\/index.php\/wp-json\/wp\/v2\/product_cat?post=2436"},{"taxonomy":"product_tag","embeddable":true,"href":"https:\/\/ellypara.com\/index.php\/wp-json\/wp\/v2\/product_tag?post=2436"}],"curies":[{"name":"wp","href":"https:\/\/api.w.org\/{rel}","templated":true}]}}