{"id":2452,"date":"2026-01-14T14:44:10","date_gmt":"2026-01-14T13:44:10","guid":{"rendered":"https:\/\/ellypara.com\/?post_type=product&#038;p=2452"},"modified":"2026-01-14T14:44:10","modified_gmt":"2026-01-14T13:44:10","slug":"avene-cicalfate-creme-reparatrice-protectrice-40ml","status":"publish","type":"product","link":"https:\/\/ellypara.com\/index.php\/produit\/avene-cicalfate-creme-reparatrice-protectrice-40ml\/","title":{"rendered":"Avene Cicalfate+ Cr\u00e8me R\u00e9paratrice Protectrice 40ml"},"content":{"rendered":"<p>La\u00a0<strong>cr\u00e8me r\u00e9paratrice Cicalfate + d\u2019Av\u00e8ne<\/strong>\u00a0est un soin multi-usages destin\u00e9 \u00e0\u00a0<strong>apaiser, r\u00e9parer, assainir et prot\u00e9ger les peaux sensibles irrit\u00e9es et ab\u00eem\u00e9es<\/strong>. Elle favorise la r\u00e9g\u00e9n\u00e9ration des cellules de l\u2019\u00e9piderme, \u00e9vite la prolif\u00e9ration des bact\u00e9ries sur les zones touch\u00e9es et acc\u00e9l\u00e8re le processus de\u00a0<strong>cicatrisation<\/strong>\u00a0suite \u00e0 une plaie.<\/p>\n<p>L\u2019action de la\u00a0<strong>cr\u00e8me r\u00e9paratrice Cicalfate +<\/strong>\u00a0vient des ingr\u00e9dients qui ont \u00e9t\u00e9 minutieusement s\u00e9lectionn\u00e9s pour sa composition.<br \/>\nOn retrouve ainsi, comme dans tous les produits de la marque, de l\u2019eau thermale d\u2019Av\u00e8ne, r\u00e9put\u00e9e pour ses\u00a0<strong>propri\u00e9t\u00e9s apaisantes et anti-irritantes<\/strong>.<br \/>\nDe l\u2019oxyde et du sulfate de zinc sont associ\u00e9s \u00e0 du sulfate de cuivre pour leur haut\u00a0<strong>pouvoir antibact\u00e9rien et purifiant<\/strong>\u00a0qui \u00e9vite le d\u00e9veloppement de mauvaises bact\u00e9ries.<br \/>\nEnfin, de la glyc\u00e9rine et de la cire d\u2019abeille sont ajout\u00e9es pour leurs\u00a0<strong>vertus hydratantes, adoucissantes, r\u00e9paratrices et protectrices<\/strong>.<br \/>\nEnfin, la formule est enrichie en\u00a0<strong>actif postbiotique, le C+ Restore,<\/strong>\u00a0qui favorise la r\u00e9paration de l\u2019\u00e9piderme.<\/p>\n<p>La\u00a0<strong>cr\u00e8me r\u00e9paratrice Cicalfate +<\/strong>\u00a0est un produit phare chez\u00a0<strong>Av\u00e8ne<\/strong>, recommand\u00e9 par de nombreux dermatologues. Elle peut \u00eatre utilis\u00e9e par toute la famille, y compris sur les nourrissons pour calmer les \u00e9ryth\u00e8mes fessiers. Cette cr\u00e8me contribue \u00e0\u00a0<strong>att\u00e9nuer les cicatrices<\/strong>\u00a0dues par exemple \u00e0 une intervention chirurgicale et peut \u00e9galement\u00a0<strong>soulager l\u2019ecz\u00e9ma<\/strong>\u00a0ou les r\u00e9actions li\u00e9es \u00e0 une allergie cosm\u00e9tique.<\/p>\n<p><strong>Av\u00e8ne<\/strong>\u00a0est une marque fran\u00e7aise qui d\u00e9veloppe des produits adapt\u00e9s aux peaux les plus sensibles. Elle propose des produits nettoyants, des soins visage et corps, des produits de protection solaire ainsi que des gammes d\u00e9di\u00e9es aux hommes et aux b\u00e9b\u00e9s.<\/p>\n<p><strong>Caract\u00e9ristiques :<\/strong><\/p>\n<ul>\n<li>Sans parfum<\/li>\n<li>Sans paraben<\/li>\n<li>Hypoallerg\u00e9nique<\/li>\n<li>Non com\u00e9dog\u00e8ne<\/li>\n<\/ul>\n<p><strong>Composition :<\/strong><\/p>\n<p>AVENE THERMAL SPRING WATER (AVENE AQUA). CAPRYLIC\/CAPRIC TRIGLYCERIDE. MINERAL OIL (PARAFFINUM LIQUIDUM). GLYCERIN. HYDROGENATED VEGETABLE OIL. ZINC OXIDE. PROPYLENE GLYCOL. POLYGLYCERYL-2 SESQUIISOSTEARATE. PEG-22\/DODECYL GLYCOL COPOLYMER. ALUMINUM SUCROSE OCTASULFATE. ALUMINUM STEARATE. BEESWAX (CERA ALBA). COPPER SULFATE. MAGNESIUM STEARATE. MAGNESIUM SULFATE. MICROCRYSTALLINE WAX (CERA MICROCRISTALLINA). ZINC SULFATE.<\/p>\n<p><strong>Conditionnement au choix :<\/strong>\u00a0Tube de 40 ml ou 100 ml<\/p>\n<p>&nbsp;<\/p>\n<p>Dans la m\u00eame gamme, Av\u00e8ne propose\u00a0\u00a0AVENE Cicalfate+ Creme Reparatrice Protectrice 100ml<\/p>\n","protected":false},"excerpt":{"rendered":"<p>La cr\u00e8me soin Cicalfate+ est id\u00e9ale pour r\u00e9parer et apaiser les peaux irrit\u00e9es et ab\u00eem\u00e9s (tatouage, rougeurs, ger\u00e7ures, coupures\u2026.) et soigner les petits bobos du quotidien. Ce soin Av\u00e8ne aide aussi \u00e0 soulager les sensations d\u2019inconfort cutan\u00e9.<\/p>\n","protected":false},"featured_media":2453,"comment_status":"open","ping_status":"closed","template":"","meta":{"ocean_post_layout":"","ocean_both_sidebars_style":"","ocean_both_sidebars_content_width":0,"ocean_both_sidebars_sidebars_width":0,"ocean_sidebar":"0","ocean_second_sidebar":"0","ocean_disable_margins":"enable","ocean_add_body_class":"","ocean_shortcode_before_top_bar":"","ocean_shortcode_after_top_bar":"","ocean_shortcode_before_header":"","ocean_shortcode_after_header":"","ocean_has_shortcode":"","ocean_shortcode_after_title":"","ocean_shortcode_before_footer_widgets":"","ocean_shortcode_after_footer_widgets":"","ocean_shortcode_before_footer_bottom":"","ocean_shortcode_after_footer_bottom":"","ocean_display_top_bar":"default","ocean_display_header":"default","ocean_header_style":"","ocean_center_header_left_menu":"0","ocean_custom_header_template":"0","ocean_custom_logo":0,"ocean_custom_retina_logo":0,"ocean_custom_logo_max_width":0,"ocean_custom_logo_tablet_max_width":0,"ocean_custom_logo_mobile_max_width":0,"ocean_custom_logo_max_height":0,"ocean_custom_logo_tablet_max_height":0,"ocean_custom_logo_mobile_max_height":0,"ocean_header_custom_menu":"0","ocean_menu_typo_font_family":"0","ocean_menu_typo_font_subset":"","ocean_menu_typo_font_size":0,"ocean_menu_typo_font_size_tablet":0,"ocean_menu_typo_font_size_mobile":0,"ocean_menu_typo_font_size_unit":"px","ocean_menu_typo_font_weight":"","ocean_menu_typo_font_weight_tablet":"","ocean_menu_typo_font_weight_mobile":"","ocean_menu_typo_transform":"","ocean_menu_typo_transform_tablet":"","ocean_menu_typo_transform_mobile":"","ocean_menu_typo_line_height":0,"ocean_menu_typo_line_height_tablet":0,"ocean_menu_typo_line_height_mobile":0,"ocean_menu_typo_line_height_unit":"","ocean_menu_typo_spacing":0,"ocean_menu_typo_spacing_tablet":0,"ocean_menu_typo_spacing_mobile":0,"ocean_menu_typo_spacing_unit":"","ocean_menu_link_color":"","ocean_menu_link_color_hover":"","ocean_menu_link_color_active":"","ocean_menu_link_background":"","ocean_menu_link_hover_background":"","ocean_menu_link_active_background":"","ocean_menu_social_links_bg":"","ocean_menu_social_hover_links_bg":"","ocean_menu_social_links_color":"","ocean_menu_social_hover_links_color":"","ocean_disable_title":"default","ocean_disable_heading":"default","ocean_post_title":"","ocean_post_subheading":"","ocean_post_title_style":"","ocean_post_title_background_color":"","ocean_post_title_background":0,"ocean_post_title_bg_image_position":"","ocean_post_title_bg_image_attachment":"","ocean_post_title_bg_image_repeat":"","ocean_post_title_bg_image_size":"","ocean_post_title_height":0,"ocean_post_title_bg_overlay":0.5,"ocean_post_title_bg_overlay_color":"","ocean_disable_breadcrumbs":"default","ocean_breadcrumbs_color":"","ocean_breadcrumbs_separator_color":"","ocean_breadcrumbs_links_color":"","ocean_breadcrumbs_links_hover_color":"","ocean_display_footer_widgets":"default","ocean_display_footer_bottom":"default","ocean_custom_footer_template":"0"},"product_brand":[],"product_cat":[22,47],"product_tag":[],"class_list":{"0":"post-2452","1":"product","2":"type-product","3":"status-publish","4":"has-post-thumbnail","6":"product_cat-corps","7":"product_cat-soins-corps","9":"entry","10":"has-media","12":"first","13":"outofstock","14":"taxable","15":"shipping-taxable","16":"purchasable","17":"product-type-simple","18":"has-product-nav","19":"col","20":"span_1_of_3","21":"owp-content-center","22":"owp-thumbs-layout-horizontal","23":"owp-btn-normal","24":"owp-tabs-layout-horizontal"},"_links":{"self":[{"href":"https:\/\/ellypara.com\/index.php\/wp-json\/wp\/v2\/product\/2452","targetHints":{"allow":["GET"]}}],"collection":[{"href":"https:\/\/ellypara.com\/index.php\/wp-json\/wp\/v2\/product"}],"about":[{"href":"https:\/\/ellypara.com\/index.php\/wp-json\/wp\/v2\/types\/product"}],"replies":[{"embeddable":true,"href":"https:\/\/ellypara.com\/index.php\/wp-json\/wp\/v2\/comments?post=2452"}],"wp:featuredmedia":[{"embeddable":true,"href":"https:\/\/ellypara.com\/index.php\/wp-json\/wp\/v2\/media\/2453"}],"wp:attachment":[{"href":"https:\/\/ellypara.com\/index.php\/wp-json\/wp\/v2\/media?parent=2452"}],"wp:term":[{"taxonomy":"product_brand","embeddable":true,"href":"https:\/\/ellypara.com\/index.php\/wp-json\/wp\/v2\/product_brand?post=2452"},{"taxonomy":"product_cat","embeddable":true,"href":"https:\/\/ellypara.com\/index.php\/wp-json\/wp\/v2\/product_cat?post=2452"},{"taxonomy":"product_tag","embeddable":true,"href":"https:\/\/ellypara.com\/index.php\/wp-json\/wp\/v2\/product_tag?post=2452"}],"curies":[{"name":"wp","href":"https:\/\/api.w.org\/{rel}","templated":true}]}}