{"id":2467,"date":"2026-01-14T17:23:39","date_gmt":"2026-01-14T16:23:39","guid":{"rendered":"https:\/\/ellypara.com\/?post_type=product&#038;p=2467"},"modified":"2026-01-14T17:23:40","modified_gmt":"2026-01-14T16:23:40","slug":"forty-drink-preparation-proteinee-instantanee-arome-vanille-49-3g","status":"publish","type":"product","link":"https:\/\/ellypara.com\/index.php\/produit\/forty-drink-preparation-proteinee-instantanee-arome-vanille-49-3g\/","title":{"rendered":"Forty Drink Preparation Proteinee Instantanee Arome Vanille 49.3g"},"content":{"rendered":"<p>FORTY DRINK est un compl\u00e9ment alimentaire oral hyperprot\u00e9in\u00e9, hypercalorique.<\/p>\n<p>C\u2019est une pr\u00e9paration prot\u00e9in\u00e9e instantan\u00e9e, con\u00e7ue pour les personnes ayant des besoins nutritionnels sp\u00e9cifiques, y compris les personnes \u00e2g\u00e9es ou celles souffrant de maladies chroniques.<\/p>\n<p><strong>Mode de pr\u00e9paration :<\/strong><\/p>\n<p>Ajouter 1 dose (49,3g) de poudre dans 150ml d\u2019eau ou de lat M\u00e9langer jusqu\u2019\u00e0 dissolution totale.<\/p>\n<p><strong>Conditions d\u2019utilisations :<\/strong><\/p>\n<p>Conserver \u00e0 temp\u00e9rature ambiante (15-25 c*)<\/p>\n<p>Apr\u00e8s ouverture, placer toujours au r\u00e9frig\u00e9rateur et consommer dans les 24 heures.<\/p>\n<p>Vitamines et Min\u00e9raux par 49,3g :<\/p>\n<p>Sodium 120mg, Calcium 220mg, Phosphate 228mg, Vitamine D3 2.25\u00b5g Vitamine K2 16,3\u00b5g, Vitamine E 3,75mg. B\u00e9ta carot\u00e8ne 1600\u00b5g. Vitami 810.46mg, Vitamine B2 0.53mg. Vitamine B3 6mg. Vitamine B5 2mg Vitamin B6 0.66mg. Vitamine B8 50\u03bcg. Vitamine B9 66.66\u00b5g Vitamine 812 0.83\u00b5g Vitamine C 26.66mg, Chrome 8.33\u00b5g, Zinc 3.33mg Selenium 16,6\u00b5g, Molybd\u00e8ne 5\u00b5g, Fer 1,66mg, Magn\u00e9sium 100mg<\/p>\n<p><strong>Pr\u00e9cautions d\u2019emploi :<\/strong><\/p>\n<p>\u00ab\u00a0Ce produit n\u2019est pas destin\u00e9 \u00e0 remplacer une alimentation vari\u00e9e et \u00e9quilibr\u00e9e, pas d\u00e9passer la dose recommand\u00e9e.<\/p>\n<p>En cas de doute, consulter un professionnel de sant\u00e9 avant utilisation, notamment en cas de condition m\u00e9dicale sp\u00e9cifique (par exemple malade<\/p>\n<p><strong>Ingr\u00e9dients :<\/strong><\/p>\n<p>Lactos\u00e9rum 80% WPC, Triglyc\u00e9rides \u00e0 chaine moyenne (MCT), Maltodextrine, Dextrine r\u00e9sistante, L\u00e9cithine de soja, Ar\u00f4me vanille, Carboxym\u00e9thylcellulose CMC, E955, E950, Citrate de sodium, Carbonate de calcium, Phosphate dipotassique, Beta-carot\u00e8ne, Vitamine B1 (Thiamine), Vitamine B2 (Riboflavine), Vitamine B3(Niacine), Vitamine B5 (Acide pantoth\u00e9nique). Vitamine B6 (Pyridoxine), Vitamine B8(Biotine), Vitamine B9(Acide folique), Vitamine B12(Cobalamine), Vitamine C, Sulfate de zinc, S\u00e9l\u00e9nate de sodium, Molybdate de sodium [Molybd\u00e9ne (VI)] Chlorure de chrome (III), Fumarate de fer, Oxyde de magn\u00e9suim, Vitamine D3, Vitamine K2, Vitamine E, Sorbate de potassium, Benzoate de sodium et Colorant jaune.<\/p>\n","protected":false},"excerpt":{"rendered":"<p>c\u2019est une pr\u00e9paration prot\u00e9in\u00e9e instantan\u00e9e, con\u00e7ue pour les personnes ayant des besoins nutritionnels sp\u00e9cifiques, y compris les personnes \u00e2g\u00e9es ou celles souffrant de maladies chroniques.<\/p>\n","protected":false},"featured_media":2468,"comment_status":"open","ping_status":"closed","template":"","meta":{"ocean_post_layout":"","ocean_both_sidebars_style":"","ocean_both_sidebars_content_width":0,"ocean_both_sidebars_sidebars_width":0,"ocean_sidebar":"0","ocean_second_sidebar":"0","ocean_disable_margins":"enable","ocean_add_body_class":"","ocean_shortcode_before_top_bar":"","ocean_shortcode_after_top_bar":"","ocean_shortcode_before_header":"","ocean_shortcode_after_header":"","ocean_has_shortcode":"","ocean_shortcode_after_title":"","ocean_shortcode_before_footer_widgets":"","ocean_shortcode_after_footer_widgets":"","ocean_shortcode_before_footer_bottom":"","ocean_shortcode_after_footer_bottom":"","ocean_display_top_bar":"default","ocean_display_header":"default","ocean_header_style":"","ocean_center_header_left_menu":"0","ocean_custom_header_template":"0","ocean_custom_logo":0,"ocean_custom_retina_logo":0,"ocean_custom_logo_max_width":0,"ocean_custom_logo_tablet_max_width":0,"ocean_custom_logo_mobile_max_width":0,"ocean_custom_logo_max_height":0,"ocean_custom_logo_tablet_max_height":0,"ocean_custom_logo_mobile_max_height":0,"ocean_header_custom_menu":"0","ocean_menu_typo_font_family":"0","ocean_menu_typo_font_subset":"","ocean_menu_typo_font_size":0,"ocean_menu_typo_font_size_tablet":0,"ocean_menu_typo_font_size_mobile":0,"ocean_menu_typo_font_size_unit":"px","ocean_menu_typo_font_weight":"","ocean_menu_typo_font_weight_tablet":"","ocean_menu_typo_font_weight_mobile":"","ocean_menu_typo_transform":"","ocean_menu_typo_transform_tablet":"","ocean_menu_typo_transform_mobile":"","ocean_menu_typo_line_height":0,"ocean_menu_typo_line_height_tablet":0,"ocean_menu_typo_line_height_mobile":0,"ocean_menu_typo_line_height_unit":"","ocean_menu_typo_spacing":0,"ocean_menu_typo_spacing_tablet":0,"ocean_menu_typo_spacing_mobile":0,"ocean_menu_typo_spacing_unit":"","ocean_menu_link_color":"","ocean_menu_link_color_hover":"","ocean_menu_link_color_active":"","ocean_menu_link_background":"","ocean_menu_link_hover_background":"","ocean_menu_link_active_background":"","ocean_menu_social_links_bg":"","ocean_menu_social_hover_links_bg":"","ocean_menu_social_links_color":"","ocean_menu_social_hover_links_color":"","ocean_disable_title":"default","ocean_disable_heading":"default","ocean_post_title":"","ocean_post_subheading":"","ocean_post_title_style":"","ocean_post_title_background_color":"","ocean_post_title_background":0,"ocean_post_title_bg_image_position":"","ocean_post_title_bg_image_attachment":"","ocean_post_title_bg_image_repeat":"","ocean_post_title_bg_image_size":"","ocean_post_title_height":0,"ocean_post_title_bg_overlay":0.5,"ocean_post_title_bg_overlay_color":"","ocean_disable_breadcrumbs":"default","ocean_breadcrumbs_color":"","ocean_breadcrumbs_separator_color":"","ocean_breadcrumbs_links_color":"","ocean_breadcrumbs_links_hover_color":"","ocean_display_footer_widgets":"default","ocean_display_footer_bottom":"default","ocean_custom_footer_template":"0"},"product_brand":[],"product_cat":[25,66],"product_tag":[],"class_list":{"0":"post-2467","1":"product","2":"type-product","3":"status-publish","4":"has-post-thumbnail","6":"product_cat-complements-alimentaires","7":"product_cat-sante","9":"entry","10":"has-media","12":"first","13":"instock","14":"taxable","15":"shipping-taxable","16":"purchasable","17":"product-type-simple","18":"has-product-nav","19":"col","20":"span_1_of_3","21":"owp-content-center","22":"owp-thumbs-layout-horizontal","23":"owp-btn-normal","24":"owp-tabs-layout-horizontal","25":"has-no-thumbnails"},"_links":{"self":[{"href":"https:\/\/ellypara.com\/index.php\/wp-json\/wp\/v2\/product\/2467","targetHints":{"allow":["GET"]}}],"collection":[{"href":"https:\/\/ellypara.com\/index.php\/wp-json\/wp\/v2\/product"}],"about":[{"href":"https:\/\/ellypara.com\/index.php\/wp-json\/wp\/v2\/types\/product"}],"replies":[{"embeddable":true,"href":"https:\/\/ellypara.com\/index.php\/wp-json\/wp\/v2\/comments?post=2467"}],"wp:featuredmedia":[{"embeddable":true,"href":"https:\/\/ellypara.com\/index.php\/wp-json\/wp\/v2\/media\/2468"}],"wp:attachment":[{"href":"https:\/\/ellypara.com\/index.php\/wp-json\/wp\/v2\/media?parent=2467"}],"wp:term":[{"taxonomy":"product_brand","embeddable":true,"href":"https:\/\/ellypara.com\/index.php\/wp-json\/wp\/v2\/product_brand?post=2467"},{"taxonomy":"product_cat","embeddable":true,"href":"https:\/\/ellypara.com\/index.php\/wp-json\/wp\/v2\/product_cat?post=2467"},{"taxonomy":"product_tag","embeddable":true,"href":"https:\/\/ellypara.com\/index.php\/wp-json\/wp\/v2\/product_tag?post=2467"}],"curies":[{"name":"wp","href":"https:\/\/api.w.org\/{rel}","templated":true}]}}