{"id":298,"date":"2025-01-14T12:32:53","date_gmt":"2025-01-14T11:32:53","guid":{"rendered":"https:\/\/ellypara.com\/?post_type=product&#038;p=298"},"modified":"2025-01-14T12:41:57","modified_gmt":"2025-01-14T11:41:57","slug":"uriage-xemose-baume-oleo-apaisant-200ml","status":"publish","type":"product","link":"https:\/\/ellypara.com\/index.php\/produit\/uriage-xemose-baume-oleo-apaisant-200ml\/","title":{"rendered":"URIAGE XEMOSE Baume Oleo Apaisant 200ml"},"content":{"rendered":"<p><strong>URIAGE XEMOSE \u2013 Baume Ol\u00e9o-Apaisant Anti-Grattage \u2013 Visage et Corps \u2013 Peaux Tr\u00e8s S\u00e8ches \u00e0 Tendance Atopique, 200ml<\/strong><\/p>\n<p>Ce baume de la gamme X\u00e9mose, Ol\u00e9o-Apaisant Anti-Grattage, 200ml de la marque Uriage est sp\u00e9cialement con\u00e7u pour les peaux atopiques.<\/p>\n<p>Il apaise les sensations de d\u00e9mangeaison et de peau s\u00e8che. Ce baume nourrit la peau. Sa texture laisse sur la peau un film protecteur non gras pour une longue dur\u00e9e.<\/p>\n<p>Il convient \u00e0 tous les membres de la famille : parents et enfants. Il peut \u00eatre appliqu\u00e9 sur le visage et\/ou sur tout le corps.<\/p>\n<p>Le beurre de karit\u00e9 et l\u2019huile d\u2019illip\u00e9 contenus dans ce baume, nourissent la peau en profondeur.<\/p>\n<p>Ce baume est hypoallergenique et il ne contient pas de parfum.<\/p>\n<p><strong>Composition<\/strong><\/p>\n<p>Aqua (Water\/Eau), C13-15 Alkane, Hydrogenated Polydecene, Butyrospermum Parkii (Shea Butter), Cetearyl Ethylhexanoate, Isononyl Isonanoate, Beheneth-25, Butylene Glycol, Glycerin, 1-2 Hexanediol, Shorea Stenoptera Seed Butter, Brassica Campestris (Rapeseed) Sterols, Chlorphenesin, Xanthan Gum, Acrylates\/C10-30 Alkyl Acrylate Crosspolymer, Sodium Polyacrylate, O-Cy-Men-5-Ol, Tocopheryl Acetate, Raspberry Seed Oil\/Palm Oil, Aminopropanediol Esterds, Sodium Hydroxide, Asiaticoside, Phytosphingosine, Borage Seed Oil Aminopropanediol Amides, Citric Acid.<\/p>\n<p><strong>Conseil d\u2019utilisation<\/strong><\/p>\n<p>Appliquer sur une peau nettoy\u00e9e matin et\/ou soir .<\/p>\n","protected":false},"excerpt":{"rendered":"<p>Ce\u00a0baume\u00a0de la gamme X\u00e9mose,\u00a0Ol\u00e9o-Apaisant\u00a0Anti-Grattage,\u00a0200ml\u00a0de la marque\u00a0Uriage\u00a0est sp\u00e9cialement con\u00e7u pour les peaux atopiques.<\/p>\n","protected":false},"featured_media":299,"comment_status":"open","ping_status":"closed","template":"","meta":{"ocean_post_layout":"","ocean_both_sidebars_style":"","ocean_both_sidebars_content_width":0,"ocean_both_sidebars_sidebars_width":0,"ocean_sidebar":"0","ocean_second_sidebar":"0","ocean_disable_margins":"enable","ocean_add_body_class":"","ocean_shortcode_before_top_bar":"","ocean_shortcode_after_top_bar":"","ocean_shortcode_before_header":"","ocean_shortcode_after_header":"","ocean_has_shortcode":"","ocean_shortcode_after_title":"","ocean_shortcode_before_footer_widgets":"","ocean_shortcode_after_footer_widgets":"","ocean_shortcode_before_footer_bottom":"","ocean_shortcode_after_footer_bottom":"","ocean_display_top_bar":"default","ocean_display_header":"default","ocean_header_style":"","ocean_center_header_left_menu":"0","ocean_custom_header_template":"0","ocean_custom_logo":0,"ocean_custom_retina_logo":0,"ocean_custom_logo_max_width":0,"ocean_custom_logo_tablet_max_width":0,"ocean_custom_logo_mobile_max_width":0,"ocean_custom_logo_max_height":0,"ocean_custom_logo_tablet_max_height":0,"ocean_custom_logo_mobile_max_height":0,"ocean_header_custom_menu":"0","ocean_menu_typo_font_family":"0","ocean_menu_typo_font_subset":"","ocean_menu_typo_font_size":0,"ocean_menu_typo_font_size_tablet":0,"ocean_menu_typo_font_size_mobile":0,"ocean_menu_typo_font_size_unit":"px","ocean_menu_typo_font_weight":"","ocean_menu_typo_font_weight_tablet":"","ocean_menu_typo_font_weight_mobile":"","ocean_menu_typo_transform":"","ocean_menu_typo_transform_tablet":"","ocean_menu_typo_transform_mobile":"","ocean_menu_typo_line_height":0,"ocean_menu_typo_line_height_tablet":0,"ocean_menu_typo_line_height_mobile":0,"ocean_menu_typo_line_height_unit":"","ocean_menu_typo_spacing":0,"ocean_menu_typo_spacing_tablet":0,"ocean_menu_typo_spacing_mobile":0,"ocean_menu_typo_spacing_unit":"","ocean_menu_link_color":"","ocean_menu_link_color_hover":"","ocean_menu_link_color_active":"","ocean_menu_link_background":"","ocean_menu_link_hover_background":"","ocean_menu_link_active_background":"","ocean_menu_social_links_bg":"","ocean_menu_social_hover_links_bg":"","ocean_menu_social_links_color":"","ocean_menu_social_hover_links_color":"","ocean_disable_title":"default","ocean_disable_heading":"default","ocean_post_title":"","ocean_post_subheading":"","ocean_post_title_style":"","ocean_post_title_background_color":"","ocean_post_title_background":0,"ocean_post_title_bg_image_position":"","ocean_post_title_bg_image_attachment":"","ocean_post_title_bg_image_repeat":"","ocean_post_title_bg_image_size":"","ocean_post_title_height":0,"ocean_post_title_bg_overlay":0.5,"ocean_post_title_bg_overlay_color":"","ocean_disable_breadcrumbs":"default","ocean_breadcrumbs_color":"","ocean_breadcrumbs_separator_color":"","ocean_breadcrumbs_links_color":"","ocean_breadcrumbs_links_hover_color":"","ocean_display_footer_widgets":"default","ocean_display_footer_bottom":"default","ocean_custom_footer_template":"0"},"product_brand":[],"product_cat":[26,22,45,42,47,35,21],"product_tag":[],"class_list":{"0":"post-298","1":"product","2":"type-product","3":"status-publish","4":"has-post-thumbnail","6":"product_cat-promo","7":"product_cat-corps","8":"product_cat-hydratation-et-nutrition-corps","9":"product_cat-peaux-seches","10":"product_cat-soins-corps","11":"product_cat-soins-hydratants-et-nourrissants","12":"product_cat-visage","14":"entry","15":"has-media","17":"first","18":"instock","19":"sale","20":"taxable","21":"shipping-taxable","22":"purchasable","23":"product-type-simple","24":"has-product-nav","25":"col","26":"span_1_of_3","27":"owp-content-center","28":"owp-thumbs-layout-horizontal","29":"owp-btn-normal","30":"owp-tabs-layout-horizontal","31":"has-no-thumbnails"},"_links":{"self":[{"href":"https:\/\/ellypara.com\/index.php\/wp-json\/wp\/v2\/product\/298","targetHints":{"allow":["GET"]}}],"collection":[{"href":"https:\/\/ellypara.com\/index.php\/wp-json\/wp\/v2\/product"}],"about":[{"href":"https:\/\/ellypara.com\/index.php\/wp-json\/wp\/v2\/types\/product"}],"replies":[{"embeddable":true,"href":"https:\/\/ellypara.com\/index.php\/wp-json\/wp\/v2\/comments?post=298"}],"wp:featuredmedia":[{"embeddable":true,"href":"https:\/\/ellypara.com\/index.php\/wp-json\/wp\/v2\/media\/299"}],"wp:attachment":[{"href":"https:\/\/ellypara.com\/index.php\/wp-json\/wp\/v2\/media?parent=298"}],"wp:term":[{"taxonomy":"product_brand","embeddable":true,"href":"https:\/\/ellypara.com\/index.php\/wp-json\/wp\/v2\/product_brand?post=298"},{"taxonomy":"product_cat","embeddable":true,"href":"https:\/\/ellypara.com\/index.php\/wp-json\/wp\/v2\/product_cat?post=298"},{"taxonomy":"product_tag","embeddable":true,"href":"https:\/\/ellypara.com\/index.php\/wp-json\/wp\/v2\/product_tag?post=298"}],"curies":[{"name":"wp","href":"https:\/\/api.w.org\/{rel}","templated":true}]}}