{"id":302,"date":"2025-01-14T12:54:30","date_gmt":"2025-01-14T11:54:30","guid":{"rendered":"https:\/\/ellypara.com\/?post_type=product&#038;p=302"},"modified":"2025-01-14T13:23:32","modified_gmt":"2025-01-14T12:23:32","slug":"avene-cleanance-gel-nettoyant-200ml","status":"publish","type":"product","link":"https:\/\/ellypara.com\/index.php\/produit\/avene-cleanance-gel-nettoyant-200ml\/","title":{"rendered":"AVENE Cleanance Gel Nettoyant 200ml"},"content":{"rendered":"<p><strong>Av\u00e8ne Cleanance Gel Nettoyant\u00a0<\/strong>est un gel nettoyant purifiant con\u00e7u pour\u00a0<strong>nettoyer en douceur les peaux sensibles<\/strong>,\u00a0<strong>grasses et \u00e0 imperfections<\/strong>.<\/p>\n<p>Le gel Av\u00e8ne Cleanance sera parfait pour prendre soin des peaux sensibles, grasses \u00e0 imperfections.<br \/>\nSa formule associe de l\u2019eau thermale d\u2019Av\u00e8ne apaisante et anti-irritante et de la monolaurine. Un actif qui freine la production de s\u00e9bum et matifie votre peau.<\/p>\n<p>Sa base lavante douce convient aux peaux sensibles et nettoie d\u00e9licatement votre peau sans l\u2019agresser.<br \/>\nCe gel nettoyant peut \u00eatre utilis\u00e9 sur l\u2019ensemble du visage et du corps.<br \/>\nCleanance Gel Nettoyant laisse votre peau propre, saine et purifi\u00e9e.<\/p>\n<p>Gr\u00e2ce \u00e0 sa formule riche en Comedoclastin, un actif v\u00e9g\u00e9tal issu de graines de chardon Marie aux propri\u00e9t\u00e9s brevet\u00e9es, il aide \u00e0\u00a0<strong>\u00e9liminer les impuret\u00e9s et permet de r\u00e9guler la production de s\u00e9bum<\/strong>. Enfin, les propri\u00e9t\u00e9s apaisantes et anti-irritantes de l\u2019<strong>Eau Thermale d\u2019Av\u00e8ne<\/strong>\u00a0contribuent \u00e0 adoucir la peau.<\/p>\n<p>&nbsp;<\/p>\n<p><strong>Gel moussant \u00e0 la texture l\u00e9g\u00e8re<\/strong>. Formul\u00e9<strong>\u00a0sans savon<\/strong>.<\/p>\n<p>Convient aux peaux sensibles, grasses et \u00e0 tendance acn\u00e9ique.<\/p>\n<p>Fabriqu\u00e9 en France.<\/p>\n<p>&nbsp;<\/p>\n<p><strong>Mode d\u2019emploi<\/strong><\/p>\n<p>Appliquer matin et\/ou soir sur la peau pr\u00e9alablement humidifi\u00e9e, faire mousser, rincer abondamment puis s\u00e9cher.<\/p>\n<p>&nbsp;<\/p>\n<p><strong>Composition<\/strong><\/p>\n<p>AVENE THERMAL SPRING WATER (AVENE AQUA). WATER (AQUA). SODIUM LAUROYL METHYL ISETHIONATE. ZINC COCETH SULFATE. POLYSORBATE 20. SODIUM COCOAMPHOACETATE. CETEARETH-60 MYRISTYL GLYCOL. PEG-40 HYDROGENATED CASTOR OIL. CITRIC ACID. DISODIUM EDTA. FRAGRANCE (PARFUM). GLYCERYL LAURATE. GREEN 5 (CI 61570). LAURIC ACID. SODIUM BENZOATE. SODIUM CHLORIDE. SODIUM HYDROXIDE. SODIUM METHYL ISETHIONATE. YELLOW 5 (CI 19140). ZINC GLUCONATE.<\/p>\n<p>&nbsp;<\/p>\n<p><iframe id=\"widget2\" title=\"Cleanance Gel nettoyant\" src=\"https:\/\/www.youtube.com\/embed\/yCI1EPV5kIQ?feature=oembed&amp;enablejsapi=1&amp;origin=https:%2F%2Fwww.maparatunisie.tn\" width=\"1020\" height=\"574\" frameborder=\"0\" allowfullscreen=\"allowfullscreen\" data-gtm-yt-inspected-7=\"true\" data-mce-fragment=\"1\"><\/iframe><\/p>\n<p><strong>Conseil<\/strong><\/p>\n<p>Le zinc a de grands bienfaits sur le syst\u00e8me immunitaire, les cheveux et la peau. C\u2019est un oligo-\u00e9l\u00e9ment, c\u2019est-\u00e0-dire que l\u2019organisme en a besoin mais en petite quantit\u00e9. Important dans la cr\u00e9ation d\u2019ADN, la croissance cellulaire, la construction de prot\u00e9ines et la gu\u00e9rison des tissus endommag\u00e9s, ce compl\u00e9ment aide \u00e9galement \u00e0 maintenir un syst\u00e8me immunitaire sain. De plus, il favorise la synth\u00e8se de k\u00e9ratine et de collag\u00e8ne, aidant ainsi \u00e0 pr\u00e9venir le vieillissement pr\u00e9matur\u00e9 du cheveu et m\u00eame \u00e0 prot\u00e9ger sa pigmentation. Enfin, participant \u00e0 la constitution de la k\u00e9ratine, il favorise le renforcement des cheveux et des ongles.<\/p>\n<p>Vous pouvez l\u2019int\u00e9grer dans votre alimentation en mangeant de la viande, du poisson, des fruits de mer (en particulier des hu\u00eetres), des fruits secs, des c\u00e9r\u00e9ales int\u00e9grales, des l\u00e9gumineuses et\/ou du lait. Une alimentation vari\u00e9e et \u00e9quilibr\u00e9e suffit g\u00e9n\u00e9ralement \u00e0 maintenir un bon niveau de zinc dans l\u2019organisme. En cas de carence, une suppl\u00e9mentation est recommand\u00e9e.<\/p>\n","protected":false},"excerpt":{"rendered":"<p>Un gel nettoyant purifiant, l\u00e9g\u00e8rement moussant, destin\u00e9 aux peaux grasses et \/ou \u00e0 tendance acn\u00e9ique. Cleanance Gel nettoyant convient aux porteurs de lentilles. Avec son pH physiologique, il est formul\u00e9 sans savon, et pr\u00e9sente une tr\u00e8s bonne tol\u00e9rance cutan\u00e9e.<\/p>\n","protected":false},"featured_media":303,"comment_status":"open","ping_status":"closed","template":"","meta":{"ocean_post_layout":"","ocean_both_sidebars_style":"","ocean_both_sidebars_content_width":0,"ocean_both_sidebars_sidebars_width":0,"ocean_sidebar":"0","ocean_second_sidebar":"0","ocean_disable_margins":"enable","ocean_add_body_class":"","ocean_shortcode_before_top_bar":"","ocean_shortcode_after_top_bar":"","ocean_shortcode_before_header":"","ocean_shortcode_after_header":"","ocean_has_shortcode":"","ocean_shortcode_after_title":"","ocean_shortcode_before_footer_widgets":"","ocean_shortcode_after_footer_widgets":"","ocean_shortcode_before_footer_bottom":"","ocean_shortcode_after_footer_bottom":"","ocean_display_top_bar":"default","ocean_display_header":"default","ocean_header_style":"","ocean_center_header_left_menu":"0","ocean_custom_header_template":"0","ocean_custom_logo":0,"ocean_custom_retina_logo":0,"ocean_custom_logo_max_width":0,"ocean_custom_logo_tablet_max_width":0,"ocean_custom_logo_mobile_max_width":0,"ocean_custom_logo_max_height":0,"ocean_custom_logo_tablet_max_height":0,"ocean_custom_logo_mobile_max_height":0,"ocean_header_custom_menu":"0","ocean_menu_typo_font_family":"0","ocean_menu_typo_font_subset":"","ocean_menu_typo_font_size":0,"ocean_menu_typo_font_size_tablet":0,"ocean_menu_typo_font_size_mobile":0,"ocean_menu_typo_font_size_unit":"px","ocean_menu_typo_font_weight":"","ocean_menu_typo_font_weight_tablet":"","ocean_menu_typo_font_weight_mobile":"","ocean_menu_typo_transform":"","ocean_menu_typo_transform_tablet":"","ocean_menu_typo_transform_mobile":"","ocean_menu_typo_line_height":0,"ocean_menu_typo_line_height_tablet":0,"ocean_menu_typo_line_height_mobile":0,"ocean_menu_typo_line_height_unit":"","ocean_menu_typo_spacing":0,"ocean_menu_typo_spacing_tablet":0,"ocean_menu_typo_spacing_mobile":0,"ocean_menu_typo_spacing_unit":"","ocean_menu_link_color":"","ocean_menu_link_color_hover":"","ocean_menu_link_color_active":"","ocean_menu_link_background":"","ocean_menu_link_hover_background":"","ocean_menu_link_active_background":"","ocean_menu_social_links_bg":"","ocean_menu_social_hover_links_bg":"","ocean_menu_social_links_color":"","ocean_menu_social_hover_links_color":"","ocean_disable_title":"default","ocean_disable_heading":"default","ocean_post_title":"","ocean_post_subheading":"","ocean_post_title_style":"","ocean_post_title_background_color":"","ocean_post_title_background":0,"ocean_post_title_bg_image_position":"","ocean_post_title_bg_image_attachment":"","ocean_post_title_bg_image_repeat":"","ocean_post_title_bg_image_size":"","ocean_post_title_height":0,"ocean_post_title_bg_overlay":0.5,"ocean_post_title_bg_overlay_color":"","ocean_disable_breadcrumbs":"default","ocean_breadcrumbs_color":"","ocean_breadcrumbs_separator_color":"","ocean_breadcrumbs_links_color":"","ocean_breadcrumbs_links_hover_color":"","ocean_display_footer_widgets":"default","ocean_display_footer_bottom":"default","ocean_custom_footer_template":"0"},"product_brand":[],"product_cat":[26,41,37,21],"product_tag":[],"class_list":{"0":"post-302","1":"product","2":"type-product","3":"status-publish","4":"has-post-thumbnail","6":"product_cat-promo","7":"product_cat-nettoyants-visage","8":"product_cat-soins-peau-grasse","9":"product_cat-visage","11":"entry","12":"has-media","14":"first","15":"instock","16":"sale","17":"taxable","18":"shipping-taxable","19":"purchasable","20":"product-type-simple","21":"has-product-nav","22":"col","23":"span_1_of_3","24":"owp-content-center","25":"owp-thumbs-layout-horizontal","26":"owp-btn-normal","27":"owp-tabs-layout-horizontal","28":"has-no-thumbnails"},"_links":{"self":[{"href":"https:\/\/ellypara.com\/index.php\/wp-json\/wp\/v2\/product\/302","targetHints":{"allow":["GET"]}}],"collection":[{"href":"https:\/\/ellypara.com\/index.php\/wp-json\/wp\/v2\/product"}],"about":[{"href":"https:\/\/ellypara.com\/index.php\/wp-json\/wp\/v2\/types\/product"}],"replies":[{"embeddable":true,"href":"https:\/\/ellypara.com\/index.php\/wp-json\/wp\/v2\/comments?post=302"}],"wp:featuredmedia":[{"embeddable":true,"href":"https:\/\/ellypara.com\/index.php\/wp-json\/wp\/v2\/media\/303"}],"wp:attachment":[{"href":"https:\/\/ellypara.com\/index.php\/wp-json\/wp\/v2\/media?parent=302"}],"wp:term":[{"taxonomy":"product_brand","embeddable":true,"href":"https:\/\/ellypara.com\/index.php\/wp-json\/wp\/v2\/product_brand?post=302"},{"taxonomy":"product_cat","embeddable":true,"href":"https:\/\/ellypara.com\/index.php\/wp-json\/wp\/v2\/product_cat?post=302"},{"taxonomy":"product_tag","embeddable":true,"href":"https:\/\/ellypara.com\/index.php\/wp-json\/wp\/v2\/product_tag?post=302"}],"curies":[{"name":"wp","href":"https:\/\/api.w.org\/{rel}","templated":true}]}}