{"id":304,"date":"2025-01-14T13:01:12","date_gmt":"2025-01-14T12:01:12","guid":{"rendered":"https:\/\/ellypara.com\/?post_type=product&#038;p=304"},"modified":"2025-02-01T16:59:53","modified_gmt":"2025-02-01T15:59:53","slug":"svr-sebiaclear-serum-30ml","status":"publish","type":"product","link":"https:\/\/ellypara.com\/index.php\/produit\/svr-sebiaclear-serum-30ml\/","title":{"rendered":"SVR Sebiaclear S\u00e9rum 30ml"},"content":{"rendered":"<p><strong>SVR Sebiaclear S\u00e9rum<\/strong>\u00a0est un soin formul\u00e9 avec 14 % Gluconolactone et\u00a04%\u00a0Niacinamide, un duo d\u2019actifs anti-imperfections\u00a0puissant anti-inflammatoire et antibact\u00e9rien.<\/p>\n<p>Cette association est compl\u00e9t\u00e9e par 5% d\u2019agents matifiants \u00e0 l\u2019action s\u00e9bor-r\u00e9gulatrice et matifiante longue dur\u00e9e sans pour autant ass\u00e9cher la peau et d\u2019actifs anti-pollution qui prot\u00e8gent et r\u00e9duisent l\u2019oxydation du s\u00e9bum d\u00fb \u00e0 la pollution.<\/p>\n<p><strong>Indications :<\/strong><\/p>\n<p>S\u00e9rum Correcteur global Anti-imperfections et Anti-marques. Adapt\u00e9 aux peaux mixtes \u00e0 grasses.<\/p>\n<p><strong>Conseils d\u2019utilisation :<\/strong><\/p>\n<p>Appliquer matin et\/ou soir sur l\u2019ensemble du visage, peut \u00e9galement \u00eatre utilis\u00e9 comme base de maquillage.<\/p>\n<p><strong>Composition :<\/strong><\/p>\n<p>Aqua (purified water), gluconolactone, dicaprylyl carbonate, niacinamide, propanediol, dimethicone, glycerin, sodium hydroxide, pseudoalteromonas ferment extract, biosaccharide gum-6, camellia japonica flower extract, cetearyl dimethicone crosspolymer, crithmum maritimum extract, pentaerythrityl tetra-di-t-butyl hydroxyhydrocinnamate, sclerotium gum, sodium hyaluronate, tocopherol, 1-2-hexanediol, caprylic\/capric triglyceride, cetearyl alcohol, glyceryl stearate, hydrogenated vegetable oil, methyl methacrylate crosspolymer, peg-100 stearate, coco-glucoside, sodium salicylate, parfum (fragrance).<\/p>\n<p><strong>Conditionnement :<\/strong><\/p>\n<p>Flacon de 30ml.<\/p>\n","protected":false},"excerpt":{"rendered":"<div class=\"product-short-description\">\n<p>SVR Sebiaclear S\u00e9rum 30 ml est un soin correcteur global sp\u00e9cialement formul\u00e9 pour les peaux adultes \u00e0 tendance acn\u00e9ique.<\/p>\n<\/div>\n<form class=\"cart\" action=\"https:\/\/www.maparatunisie.tn\/produit\/svr-sebiaclear-serum-30ml\/\" enctype=\"multipart\/form-data\" method=\"post\">\n<div class=\"ux-quantity quantity buttons_added\"><\/div>\n<\/form>\n","protected":false},"featured_media":305,"comment_status":"open","ping_status":"closed","template":"","meta":{"ocean_post_layout":"","ocean_both_sidebars_style":"","ocean_both_sidebars_content_width":0,"ocean_both_sidebars_sidebars_width":0,"ocean_sidebar":"0","ocean_second_sidebar":"0","ocean_disable_margins":"enable","ocean_add_body_class":"","ocean_shortcode_before_top_bar":"","ocean_shortcode_after_top_bar":"","ocean_shortcode_before_header":"","ocean_shortcode_after_header":"","ocean_has_shortcode":"","ocean_shortcode_after_title":"","ocean_shortcode_before_footer_widgets":"","ocean_shortcode_after_footer_widgets":"","ocean_shortcode_before_footer_bottom":"","ocean_shortcode_after_footer_bottom":"","ocean_display_top_bar":"default","ocean_display_header":"default","ocean_header_style":"","ocean_center_header_left_menu":"0","ocean_custom_header_template":"0","ocean_custom_logo":0,"ocean_custom_retina_logo":0,"ocean_custom_logo_max_width":0,"ocean_custom_logo_tablet_max_width":0,"ocean_custom_logo_mobile_max_width":0,"ocean_custom_logo_max_height":0,"ocean_custom_logo_tablet_max_height":0,"ocean_custom_logo_mobile_max_height":0,"ocean_header_custom_menu":"0","ocean_menu_typo_font_family":"0","ocean_menu_typo_font_subset":"","ocean_menu_typo_font_size":0,"ocean_menu_typo_font_size_tablet":0,"ocean_menu_typo_font_size_mobile":0,"ocean_menu_typo_font_size_unit":"px","ocean_menu_typo_font_weight":"","ocean_menu_typo_font_weight_tablet":"","ocean_menu_typo_font_weight_mobile":"","ocean_menu_typo_transform":"","ocean_menu_typo_transform_tablet":"","ocean_menu_typo_transform_mobile":"","ocean_menu_typo_line_height":0,"ocean_menu_typo_line_height_tablet":0,"ocean_menu_typo_line_height_mobile":0,"ocean_menu_typo_line_height_unit":"","ocean_menu_typo_spacing":0,"ocean_menu_typo_spacing_tablet":0,"ocean_menu_typo_spacing_mobile":0,"ocean_menu_typo_spacing_unit":"","ocean_menu_link_color":"","ocean_menu_link_color_hover":"","ocean_menu_link_color_active":"","ocean_menu_link_background":"","ocean_menu_link_hover_background":"","ocean_menu_link_active_background":"","ocean_menu_social_links_bg":"","ocean_menu_social_hover_links_bg":"","ocean_menu_social_links_color":"","ocean_menu_social_hover_links_color":"","ocean_disable_title":"default","ocean_disable_heading":"default","ocean_post_title":"","ocean_post_subheading":"","ocean_post_title_style":"","ocean_post_title_background_color":"","ocean_post_title_background":0,"ocean_post_title_bg_image_position":"","ocean_post_title_bg_image_attachment":"","ocean_post_title_bg_image_repeat":"","ocean_post_title_bg_image_size":"","ocean_post_title_height":0,"ocean_post_title_bg_overlay":0.5,"ocean_post_title_bg_overlay_color":"","ocean_disable_breadcrumbs":"default","ocean_breadcrumbs_color":"","ocean_breadcrumbs_separator_color":"","ocean_breadcrumbs_links_color":"","ocean_breadcrumbs_links_hover_color":"","ocean_display_footer_widgets":"default","ocean_display_footer_bottom":"default","ocean_custom_footer_template":"0"},"product_brand":[],"product_cat":[26,37,21],"product_tag":[],"class_list":{"0":"post-304","1":"product","2":"type-product","3":"status-publish","4":"has-post-thumbnail","6":"product_cat-promo","7":"product_cat-soins-peau-grasse","8":"product_cat-visage","10":"entry","11":"has-media","13":"first","14":"instock","15":"sale","16":"taxable","17":"shipping-taxable","18":"purchasable","19":"product-type-simple","20":"has-product-nav","21":"col","22":"span_1_of_3","23":"owp-content-center","24":"owp-thumbs-layout-horizontal","25":"owp-btn-normal","26":"owp-tabs-layout-horizontal"},"_links":{"self":[{"href":"https:\/\/ellypara.com\/index.php\/wp-json\/wp\/v2\/product\/304","targetHints":{"allow":["GET"]}}],"collection":[{"href":"https:\/\/ellypara.com\/index.php\/wp-json\/wp\/v2\/product"}],"about":[{"href":"https:\/\/ellypara.com\/index.php\/wp-json\/wp\/v2\/types\/product"}],"replies":[{"embeddable":true,"href":"https:\/\/ellypara.com\/index.php\/wp-json\/wp\/v2\/comments?post=304"}],"wp:featuredmedia":[{"embeddable":true,"href":"https:\/\/ellypara.com\/index.php\/wp-json\/wp\/v2\/media\/305"}],"wp:attachment":[{"href":"https:\/\/ellypara.com\/index.php\/wp-json\/wp\/v2\/media?parent=304"}],"wp:term":[{"taxonomy":"product_brand","embeddable":true,"href":"https:\/\/ellypara.com\/index.php\/wp-json\/wp\/v2\/product_brand?post=304"},{"taxonomy":"product_cat","embeddable":true,"href":"https:\/\/ellypara.com\/index.php\/wp-json\/wp\/v2\/product_cat?post=304"},{"taxonomy":"product_tag","embeddable":true,"href":"https:\/\/ellypara.com\/index.php\/wp-json\/wp\/v2\/product_tag?post=304"}],"curies":[{"name":"wp","href":"https:\/\/api.w.org\/{rel}","templated":true}]}}