{"id":308,"date":"2025-01-14T13:10:16","date_gmt":"2025-01-14T12:10:16","guid":{"rendered":"https:\/\/ellypara.com\/?post_type=product&#038;p=308"},"modified":"2025-02-01T16:08:43","modified_gmt":"2025-02-01T15:08:43","slug":"clarenia-gel-nettoyant-eclaircissant-double-action-pmg-200-ml","status":"publish","type":"product","link":"https:\/\/ellypara.com\/index.php\/produit\/clarenia-gel-nettoyant-eclaircissant-double-action-pmg-200-ml\/","title":{"rendered":"CLARENIA Gel Nettoyant Eclaircissant Double Action PMG 200 ml"},"content":{"rendered":"<p><strong>Clarenia Gel Nettoyant Eclaircissant Double Action Peau Mixte \u00e0 Grasse<\/strong><\/p>\n<p>Clarenia Gel Nettoyant Eclaircissant Double Action PMG \u00e9limine les impuret\u00e9s et l\u2019exc\u00e8s de s\u00e9bum et corrige les troubles de pigmentation.<\/p>\n<p>Gr\u00e2ce \u00e0 ses actifs 100% naturels, la peau est parfaitement nettoy\u00e9e, fra\u00eeche et douce. Le teint parait plus clair et plus unifi\u00e9. La peau retrouve une luminosit\u00e9 parfaite.<\/p>\n<p>Avec sa haute teneur en agents hydratants, ce nettoyant \u00e0 base de savon ne fait pas s\u00e9cher la peau.<\/p>\n<p><strong>Conseils d\u2019utilisation :<\/strong><\/p>\n<p>\u00c0 utiliser matin et soir : Mettez le gel dans les paumes de vos mains avec de l\u2019eau. Il est pr\u00e9f\u00e9rable d\u2019\u00e9viter le contour des yeux. Rincer soigneusement.<\/p>\n<p><strong>Composition :<\/strong><\/p>\n<p>Eau purifi\u00e9e, potassium cocoate, gel d\u2019aloe vera, cocomidopropyl betaine, extrait de busserole (arbutine), hydrolat de citron, coco glucoside, glyceryl oleate , glycerine v\u00e9g\u00e9tale, sel marin, allantoine, vitamine C, gomme xanthane, huile essentielle de tea tree, sulfate de zinc; acide salicylique, fragrance, alcool benzylique, acide dehydroacetique.<\/p>\n","protected":false},"excerpt":{"rendered":"<p>CLARENIA Gel nettoyant \u00e0 base d\u2019ingr\u00e9dients 100% naturels. Nettoie et purifie la peau tout en apportant de l\u2019\u00e9clat au teint et permet de r\u00e9v\u00e9ler un teint visiblement plus clair et lumineux.<\/p>\n","protected":false},"featured_media":309,"comment_status":"open","ping_status":"closed","template":"","meta":{"ocean_post_layout":"","ocean_both_sidebars_style":"","ocean_both_sidebars_content_width":0,"ocean_both_sidebars_sidebars_width":0,"ocean_sidebar":"0","ocean_second_sidebar":"0","ocean_disable_margins":"enable","ocean_add_body_class":"","ocean_shortcode_before_top_bar":"","ocean_shortcode_after_top_bar":"","ocean_shortcode_before_header":"","ocean_shortcode_after_header":"","ocean_has_shortcode":"","ocean_shortcode_after_title":"","ocean_shortcode_before_footer_widgets":"","ocean_shortcode_after_footer_widgets":"","ocean_shortcode_before_footer_bottom":"","ocean_shortcode_after_footer_bottom":"","ocean_display_top_bar":"default","ocean_display_header":"default","ocean_header_style":"","ocean_center_header_left_menu":"0","ocean_custom_header_template":"0","ocean_custom_logo":0,"ocean_custom_retina_logo":0,"ocean_custom_logo_max_width":0,"ocean_custom_logo_tablet_max_width":0,"ocean_custom_logo_mobile_max_width":0,"ocean_custom_logo_max_height":0,"ocean_custom_logo_tablet_max_height":0,"ocean_custom_logo_mobile_max_height":0,"ocean_header_custom_menu":"0","ocean_menu_typo_font_family":"0","ocean_menu_typo_font_subset":"","ocean_menu_typo_font_size":0,"ocean_menu_typo_font_size_tablet":0,"ocean_menu_typo_font_size_mobile":0,"ocean_menu_typo_font_size_unit":"px","ocean_menu_typo_font_weight":"","ocean_menu_typo_font_weight_tablet":"","ocean_menu_typo_font_weight_mobile":"","ocean_menu_typo_transform":"","ocean_menu_typo_transform_tablet":"","ocean_menu_typo_transform_mobile":"","ocean_menu_typo_line_height":0,"ocean_menu_typo_line_height_tablet":0,"ocean_menu_typo_line_height_mobile":0,"ocean_menu_typo_line_height_unit":"","ocean_menu_typo_spacing":0,"ocean_menu_typo_spacing_tablet":0,"ocean_menu_typo_spacing_mobile":0,"ocean_menu_typo_spacing_unit":"","ocean_menu_link_color":"","ocean_menu_link_color_hover":"","ocean_menu_link_color_active":"","ocean_menu_link_background":"","ocean_menu_link_hover_background":"","ocean_menu_link_active_background":"","ocean_menu_social_links_bg":"","ocean_menu_social_hover_links_bg":"","ocean_menu_social_links_color":"","ocean_menu_social_hover_links_color":"","ocean_disable_title":"default","ocean_disable_heading":"default","ocean_post_title":"","ocean_post_subheading":"","ocean_post_title_style":"","ocean_post_title_background_color":"","ocean_post_title_background":0,"ocean_post_title_bg_image_position":"","ocean_post_title_bg_image_attachment":"","ocean_post_title_bg_image_repeat":"","ocean_post_title_bg_image_size":"","ocean_post_title_height":0,"ocean_post_title_bg_overlay":0.5,"ocean_post_title_bg_overlay_color":"","ocean_disable_breadcrumbs":"default","ocean_breadcrumbs_color":"","ocean_breadcrumbs_separator_color":"","ocean_breadcrumbs_links_color":"","ocean_breadcrumbs_links_hover_color":"","ocean_display_footer_widgets":"default","ocean_display_footer_bottom":"default","ocean_custom_footer_template":"0"},"product_brand":[],"product_cat":[26,41,37,21],"product_tag":[],"class_list":{"0":"post-308","1":"product","2":"type-product","3":"status-publish","4":"has-post-thumbnail","6":"product_cat-promo","7":"product_cat-nettoyants-visage","8":"product_cat-soins-peau-grasse","9":"product_cat-visage","11":"entry","12":"has-media","14":"first","15":"instock","16":"sale","17":"taxable","18":"shipping-taxable","19":"purchasable","20":"product-type-simple","21":"has-product-nav","22":"col","23":"span_1_of_3","24":"owp-content-center","25":"owp-thumbs-layout-horizontal","26":"owp-btn-normal","27":"owp-tabs-layout-horizontal","28":"has-no-thumbnails"},"_links":{"self":[{"href":"https:\/\/ellypara.com\/index.php\/wp-json\/wp\/v2\/product\/308","targetHints":{"allow":["GET"]}}],"collection":[{"href":"https:\/\/ellypara.com\/index.php\/wp-json\/wp\/v2\/product"}],"about":[{"href":"https:\/\/ellypara.com\/index.php\/wp-json\/wp\/v2\/types\/product"}],"replies":[{"embeddable":true,"href":"https:\/\/ellypara.com\/index.php\/wp-json\/wp\/v2\/comments?post=308"}],"wp:featuredmedia":[{"embeddable":true,"href":"https:\/\/ellypara.com\/index.php\/wp-json\/wp\/v2\/media\/309"}],"wp:attachment":[{"href":"https:\/\/ellypara.com\/index.php\/wp-json\/wp\/v2\/media?parent=308"}],"wp:term":[{"taxonomy":"product_brand","embeddable":true,"href":"https:\/\/ellypara.com\/index.php\/wp-json\/wp\/v2\/product_brand?post=308"},{"taxonomy":"product_cat","embeddable":true,"href":"https:\/\/ellypara.com\/index.php\/wp-json\/wp\/v2\/product_cat?post=308"},{"taxonomy":"product_tag","embeddable":true,"href":"https:\/\/ellypara.com\/index.php\/wp-json\/wp\/v2\/product_tag?post=308"}],"curies":[{"name":"wp","href":"https:\/\/api.w.org\/{rel}","templated":true}]}}