{"id":310,"date":"2025-01-14T13:17:48","date_gmt":"2025-01-14T12:17:48","guid":{"rendered":"https:\/\/ellypara.com\/?post_type=product&#038;p=310"},"modified":"2025-01-14T13:19:20","modified_gmt":"2025-01-14T12:19:20","slug":"svr-sebiaclear-matpores-soin-matifiant-40ml","status":"publish","type":"product","link":"https:\/\/ellypara.com\/index.php\/produit\/svr-sebiaclear-matpores-soin-matifiant-40ml\/","title":{"rendered":"SVR Sebiaclear Mat+Pores Soin Matifiant 40ml"},"content":{"rendered":"<p><strong>SVR Sebiaclear Mat+Pores Soin Matifiant 40ml<\/strong>\u00a0est un v\u00e9ritable soin matifiant s\u00e9bo-r\u00e9gulateur afin de lutter contre les pores dilat\u00e9s.<br \/>\nSebiaclear Mat + Pores est sp\u00e9cialement d\u00e9velopp\u00e9 pour les peaux \u00e0 imperfections, il agit \u00e9galement en tant qu\u2019agent hydratant et matifiant de longue dur\u00e9e pour une efficacit\u00e9 garantit de 8h.<\/p>\n<p>Il offre un effet peeling doux sans AHA et contient \u00e9galement de la Gluconolactone associ\u00e9e \u00e0 de l\u2019acide salicylique qui purifient, lissent le grain de peau et r\u00e9duisent les imperfections, ainsi qu\u2019un agent matifiant s\u00e9bo-r\u00e9gulateur qui normalise la production de s\u00e9bum.<\/p>\n<p>Il contient \u00e9galement des sucres physiologiques qui permettent d\u2019hydrater durant 72h.<\/p>\n<p>Sa texture fluide oil-free vous offre un fini mat et velout\u00e9 et constitue une excellente base de maquillage.<\/p>\n<p>PH physiologique \u2013 Hypoallerg\u00e9nique \u2013 Non Com\u00e9dog\u00e8ne. Formul\u00e9 sans paraben.<\/p>\n<p><strong>Indications :<\/strong><\/p>\n<p>Soin matifiant pour peaux \u00e0 imperfections.<\/p>\n<p><strong>Conseils d\u2019utilisation :<\/strong><\/p>\n<p>Appliquer matin et\/ou soir sur l\u2019ensemble du visage.<\/p>\n<p><strong>Composition :<\/strong><\/p>\n<p>Aqua (purified water), propanediol, gluconolactone, niacinamide, caprylyl methicone, cyclopentasiloxane, methyl methacrylate crosspolymer, ammonium acryloyldimethyltaurate\/vp copolymer, salicylic acid, saccharide isomerate, sarcosine, tocopherol, butylene glycol, citric acid, glyceryl stearate, hydroxyethyl acrylate\/sodium acryloyldimethyl taurate\/copolymer, peg-100 stearate, pentylene glycol, polysorbate 60, silica, sodium citrate, sodium hydroxide, sorbitan isostearate, xanthan gum, parfum (fragrance).<\/p>\n<p><strong>Conditionnement :<\/strong><\/p>\n<p>1 tube de 40ml.<\/p>\n","protected":false},"excerpt":{"rendered":"<p>SVR Sebiaclear Mat+Pores 40 ml est un soin matifiant s\u00e9bo-r\u00e9gulateur haute tol\u00e9rance qui permet de lutter contre les pores dilat\u00e9s. Il est sp\u00e9cialement formul\u00e9 pour les peaux mixtes \u00e0 grasses, en cas de boutons, brillance.<\/p>\n<p>&nbsp;<\/p>\n","protected":false},"featured_media":311,"comment_status":"open","ping_status":"closed","template":"","meta":{"ocean_post_layout":"","ocean_both_sidebars_style":"","ocean_both_sidebars_content_width":0,"ocean_both_sidebars_sidebars_width":0,"ocean_sidebar":"0","ocean_second_sidebar":"0","ocean_disable_margins":"enable","ocean_add_body_class":"","ocean_shortcode_before_top_bar":"","ocean_shortcode_after_top_bar":"","ocean_shortcode_before_header":"","ocean_shortcode_after_header":"","ocean_has_shortcode":"","ocean_shortcode_after_title":"","ocean_shortcode_before_footer_widgets":"","ocean_shortcode_after_footer_widgets":"","ocean_shortcode_before_footer_bottom":"","ocean_shortcode_after_footer_bottom":"","ocean_display_top_bar":"default","ocean_display_header":"default","ocean_header_style":"","ocean_center_header_left_menu":"0","ocean_custom_header_template":"0","ocean_custom_logo":0,"ocean_custom_retina_logo":0,"ocean_custom_logo_max_width":0,"ocean_custom_logo_tablet_max_width":0,"ocean_custom_logo_mobile_max_width":0,"ocean_custom_logo_max_height":0,"ocean_custom_logo_tablet_max_height":0,"ocean_custom_logo_mobile_max_height":0,"ocean_header_custom_menu":"0","ocean_menu_typo_font_family":"0","ocean_menu_typo_font_subset":"","ocean_menu_typo_font_size":0,"ocean_menu_typo_font_size_tablet":0,"ocean_menu_typo_font_size_mobile":0,"ocean_menu_typo_font_size_unit":"px","ocean_menu_typo_font_weight":"","ocean_menu_typo_font_weight_tablet":"","ocean_menu_typo_font_weight_mobile":"","ocean_menu_typo_transform":"","ocean_menu_typo_transform_tablet":"","ocean_menu_typo_transform_mobile":"","ocean_menu_typo_line_height":0,"ocean_menu_typo_line_height_tablet":0,"ocean_menu_typo_line_height_mobile":0,"ocean_menu_typo_line_height_unit":"","ocean_menu_typo_spacing":0,"ocean_menu_typo_spacing_tablet":0,"ocean_menu_typo_spacing_mobile":0,"ocean_menu_typo_spacing_unit":"","ocean_menu_link_color":"","ocean_menu_link_color_hover":"","ocean_menu_link_color_active":"","ocean_menu_link_background":"","ocean_menu_link_hover_background":"","ocean_menu_link_active_background":"","ocean_menu_social_links_bg":"","ocean_menu_social_hover_links_bg":"","ocean_menu_social_links_color":"","ocean_menu_social_hover_links_color":"","ocean_disable_title":"default","ocean_disable_heading":"default","ocean_post_title":"","ocean_post_subheading":"","ocean_post_title_style":"","ocean_post_title_background_color":"","ocean_post_title_background":0,"ocean_post_title_bg_image_position":"","ocean_post_title_bg_image_attachment":"","ocean_post_title_bg_image_repeat":"","ocean_post_title_bg_image_size":"","ocean_post_title_height":0,"ocean_post_title_bg_overlay":0.5,"ocean_post_title_bg_overlay_color":"","ocean_disable_breadcrumbs":"default","ocean_breadcrumbs_color":"","ocean_breadcrumbs_separator_color":"","ocean_breadcrumbs_links_color":"","ocean_breadcrumbs_links_hover_color":"","ocean_display_footer_widgets":"default","ocean_display_footer_bottom":"default","ocean_custom_footer_template":"0"},"product_brand":[],"product_cat":[26,37,21],"product_tag":[],"class_list":{"0":"post-310","1":"product","2":"type-product","3":"status-publish","4":"has-post-thumbnail","6":"product_cat-promo","7":"product_cat-soins-peau-grasse","8":"product_cat-visage","10":"entry","11":"has-media","13":"first","14":"instock","15":"sale","16":"taxable","17":"shipping-taxable","18":"purchasable","19":"product-type-simple","20":"has-product-nav","21":"col","22":"span_1_of_3","23":"owp-content-center","24":"owp-thumbs-layout-horizontal","25":"owp-btn-normal","26":"owp-tabs-layout-horizontal"},"_links":{"self":[{"href":"https:\/\/ellypara.com\/index.php\/wp-json\/wp\/v2\/product\/310","targetHints":{"allow":["GET"]}}],"collection":[{"href":"https:\/\/ellypara.com\/index.php\/wp-json\/wp\/v2\/product"}],"about":[{"href":"https:\/\/ellypara.com\/index.php\/wp-json\/wp\/v2\/types\/product"}],"replies":[{"embeddable":true,"href":"https:\/\/ellypara.com\/index.php\/wp-json\/wp\/v2\/comments?post=310"}],"wp:featuredmedia":[{"embeddable":true,"href":"https:\/\/ellypara.com\/index.php\/wp-json\/wp\/v2\/media\/311"}],"wp:attachment":[{"href":"https:\/\/ellypara.com\/index.php\/wp-json\/wp\/v2\/media?parent=310"}],"wp:term":[{"taxonomy":"product_brand","embeddable":true,"href":"https:\/\/ellypara.com\/index.php\/wp-json\/wp\/v2\/product_brand?post=310"},{"taxonomy":"product_cat","embeddable":true,"href":"https:\/\/ellypara.com\/index.php\/wp-json\/wp\/v2\/product_cat?post=310"},{"taxonomy":"product_tag","embeddable":true,"href":"https:\/\/ellypara.com\/index.php\/wp-json\/wp\/v2\/product_tag?post=310"}],"curies":[{"name":"wp","href":"https:\/\/api.w.org\/{rel}","templated":true}]}}