{"id":314,"date":"2025-01-15T10:14:39","date_gmt":"2025-01-15T09:14:39","guid":{"rendered":"https:\/\/ellypara.com\/?post_type=product&#038;p=314"},"modified":"2025-01-15T10:14:40","modified_gmt":"2025-01-15T09:14:40","slug":"ultrasun-ecran-anti-age-et-anti-taches-spf50-50ml","status":"publish","type":"product","link":"https:\/\/ellypara.com\/index.php\/produit\/ultrasun-ecran-anti-age-et-anti-taches-spf50-50ml\/","title":{"rendered":"ULTRASUN Ecran Anti-Age et Anti-Taches SPF50+ 50ml"},"content":{"rendered":"<p>Cet \u00e9cran solaire, hydratant et appr\u00eat tout-en-un pr\u00e9sente des avantages remarquables. Sa formule unique enrichie d\u2019ingr\u00e9dients anti-pigmentation, y compris Illumiscin et Asyntra SL, aide \u00e0 \u00e9claircir les taches brunes et \u00e0 emp\u00eacher la formation de d\u00e9coloration suppl\u00e9mentaire. Il peut r\u00e9duire de mani\u00e8re mesurable l\u2019apparence des ridules et des rides, ainsi qu\u2019hydrater et lisser la peau pour une finition magnifiquement douce et souple. Avec des antioxydants ajout\u00e9s, cet \u00e9cran solaire prot\u00e9gera votre peau contre les rayons UVA \/ UVB et les dommages des radicaux libres.<\/p>\n<p>Formulation avanc\u00e9e combinant une protection \u00e0 large spectre, un indice de protection 50+, de puissants antioxydants et de remarquables composants anti-pigmentation. R\u00e9tablit un niveau d\u2019hydratation optimal, r\u00e9duit l\u2019apparition des rides et des taches de pigmentation. Texture \u00e0 absorption ultra-rapide, l\u00e9g\u00e8re et non grasse. Id\u00e9al pour les peaux tr\u00e8s sensibles (protection solaire et soin quotidien du visage, du d\u00e9collet\u00e9 et des mains). Filtre: chimique et min\u00e9ral (nano) contient des antioxidants sans parfum sans huiles min\u00e9rales sans \u00e9mulsifiants sans conservateurs r\u00e9sistant \u00e0 l\u2019eau.<\/p>\n<p><strong>Avantages de Ultrasun Anti-Pigmentation Face SPF 50+ :<\/strong><\/p>\n<ul>\n<li>Il convient \u00e0 tous les types de peau<\/li>\n<li>\u00c9claircies les taches brunes<\/li>\n<li>Prot\u00e8ge la peau contre les rayons UVA \/ UVB<\/li>\n<li>Id\u00e9al pour une base de maquillage<\/li>\n<li>L\u00e9ger et sans huile<\/li>\n<\/ul>\n<p><strong>Conseil d\u2019utilisation :<\/strong><\/p>\n<p>Appliquer sur les zones de peau propres et expos\u00e9es avant l\u2019exposition au soleil. R\u00e9appliquez fr\u00e9quemment.<\/p>\n<p><strong>Composition :<\/strong><\/p>\n<p>Alcohol, Butyl-Methoxydibenzoylmethane, Aqua, Octocrylene, Glycerin,\u00a0 Dibutyl Adipate,Titanium Dioxide (Nano), Panthenol, Dimethicone, Bis-Ethylhexyloxyphenol Methoxyphenyl Triazine, C12-15 Alkyl Benzoate, Superoxide Dismutase, Diethylhexyl Butamido Triazone, Tocopheryl Acetate, VP\/Eicosene Copolymer, Caprylic\/Capric Triglyceride, Hexylresorcinol, Carbomer, Ascorbyl Glucoside, Ectoin, Silica, Ethyl Linoleate, Ethylhexylglycerin, Acrylates\/C10-30 Alkyl Acrylate Crosspolymer, Olea Europaea Leaf Extract, Zinc PCA, Lecithin, Bisabolol, Ascorbic Acid, Sodium Hydroxide, Disodium EDTA, Pentadecalactone, Lactoperoxidase.<\/p>\n","protected":false},"excerpt":{"rendered":"<p>ULTRASUN Face Anti-ageing et Anti-pigmentation SPF50+ 50ml : Cet \u00e9cran solaire tout-en-un \u00e0 large spectre aidera \u00e0 r\u00e9duire l\u2019apparence des rides et de la pigmentation tout en nourrissant et en prot\u00e9geant votre peau gr\u00e2ce \u00e0 sa formule l\u00e9g\u00e8re et sans huile.<\/p>\n","protected":false},"featured_media":315,"comment_status":"open","ping_status":"closed","template":"","meta":{"ocean_post_layout":"","ocean_both_sidebars_style":"","ocean_both_sidebars_content_width":0,"ocean_both_sidebars_sidebars_width":0,"ocean_sidebar":"0","ocean_second_sidebar":"0","ocean_disable_margins":"enable","ocean_add_body_class":"","ocean_shortcode_before_top_bar":"","ocean_shortcode_after_top_bar":"","ocean_shortcode_before_header":"","ocean_shortcode_after_header":"","ocean_has_shortcode":"","ocean_shortcode_after_title":"","ocean_shortcode_before_footer_widgets":"","ocean_shortcode_after_footer_widgets":"","ocean_shortcode_before_footer_bottom":"","ocean_shortcode_after_footer_bottom":"","ocean_display_top_bar":"default","ocean_display_header":"default","ocean_header_style":"","ocean_center_header_left_menu":"0","ocean_custom_header_template":"0","ocean_custom_logo":0,"ocean_custom_retina_logo":0,"ocean_custom_logo_max_width":0,"ocean_custom_logo_tablet_max_width":0,"ocean_custom_logo_mobile_max_width":0,"ocean_custom_logo_max_height":0,"ocean_custom_logo_tablet_max_height":0,"ocean_custom_logo_mobile_max_height":0,"ocean_header_custom_menu":"0","ocean_menu_typo_font_family":"0","ocean_menu_typo_font_subset":"","ocean_menu_typo_font_size":0,"ocean_menu_typo_font_size_tablet":0,"ocean_menu_typo_font_size_mobile":0,"ocean_menu_typo_font_size_unit":"px","ocean_menu_typo_font_weight":"","ocean_menu_typo_font_weight_tablet":"","ocean_menu_typo_font_weight_mobile":"","ocean_menu_typo_transform":"","ocean_menu_typo_transform_tablet":"","ocean_menu_typo_transform_mobile":"","ocean_menu_typo_line_height":0,"ocean_menu_typo_line_height_tablet":0,"ocean_menu_typo_line_height_mobile":0,"ocean_menu_typo_line_height_unit":"","ocean_menu_typo_spacing":0,"ocean_menu_typo_spacing_tablet":0,"ocean_menu_typo_spacing_mobile":0,"ocean_menu_typo_spacing_unit":"","ocean_menu_link_color":"","ocean_menu_link_color_hover":"","ocean_menu_link_color_active":"","ocean_menu_link_background":"","ocean_menu_link_hover_background":"","ocean_menu_link_active_background":"","ocean_menu_social_links_bg":"","ocean_menu_social_hover_links_bg":"","ocean_menu_social_links_color":"","ocean_menu_social_hover_links_color":"","ocean_disable_title":"default","ocean_disable_heading":"default","ocean_post_title":"","ocean_post_subheading":"","ocean_post_title_style":"","ocean_post_title_background_color":"","ocean_post_title_background":0,"ocean_post_title_bg_image_position":"","ocean_post_title_bg_image_attachment":"","ocean_post_title_bg_image_repeat":"","ocean_post_title_bg_image_size":"","ocean_post_title_height":0,"ocean_post_title_bg_overlay":0.5,"ocean_post_title_bg_overlay_color":"","ocean_disable_breadcrumbs":"default","ocean_breadcrumbs_color":"","ocean_breadcrumbs_separator_color":"","ocean_breadcrumbs_links_color":"","ocean_breadcrumbs_links_hover_color":"","ocean_display_footer_widgets":"default","ocean_display_footer_bottom":"default","ocean_custom_footer_template":"0"},"product_brand":[],"product_cat":[26,78,75,76,77,36,20,79,21],"product_tag":[],"class_list":{"0":"post-314","1":"product","2":"type-product","3":"status-publish","4":"has-post-thumbnail","6":"product_cat-promo","7":"product_cat-anti-rides","8":"product_cat-anti-taches-et-eclaircissant","9":"product_cat-peaux-mixtes-a-grasses","10":"product_cat-peaux-seches-cremes-solaires","11":"product_cat-soins-anti-age-et-anti-rides","12":"product_cat-solaire","13":"product_cat-tout-type-de-peaux","14":"product_cat-visage","16":"entry","17":"has-media","19":"first","20":"instock","21":"sale","22":"taxable","23":"shipping-taxable","24":"purchasable","25":"product-type-simple","26":"has-product-nav","27":"col","28":"span_1_of_3","29":"owp-content-center","30":"owp-thumbs-layout-horizontal","31":"owp-btn-normal","32":"owp-tabs-layout-horizontal","33":"has-no-thumbnails"},"_links":{"self":[{"href":"https:\/\/ellypara.com\/index.php\/wp-json\/wp\/v2\/product\/314","targetHints":{"allow":["GET"]}}],"collection":[{"href":"https:\/\/ellypara.com\/index.php\/wp-json\/wp\/v2\/product"}],"about":[{"href":"https:\/\/ellypara.com\/index.php\/wp-json\/wp\/v2\/types\/product"}],"replies":[{"embeddable":true,"href":"https:\/\/ellypara.com\/index.php\/wp-json\/wp\/v2\/comments?post=314"}],"wp:featuredmedia":[{"embeddable":true,"href":"https:\/\/ellypara.com\/index.php\/wp-json\/wp\/v2\/media\/315"}],"wp:attachment":[{"href":"https:\/\/ellypara.com\/index.php\/wp-json\/wp\/v2\/media?parent=314"}],"wp:term":[{"taxonomy":"product_brand","embeddable":true,"href":"https:\/\/ellypara.com\/index.php\/wp-json\/wp\/v2\/product_brand?post=314"},{"taxonomy":"product_cat","embeddable":true,"href":"https:\/\/ellypara.com\/index.php\/wp-json\/wp\/v2\/product_cat?post=314"},{"taxonomy":"product_tag","embeddable":true,"href":"https:\/\/ellypara.com\/index.php\/wp-json\/wp\/v2\/product_tag?post=314"}],"curies":[{"name":"wp","href":"https:\/\/api.w.org\/{rel}","templated":true}]}}