{"id":316,"date":"2025-01-15T10:31:54","date_gmt":"2025-01-15T09:31:54","guid":{"rendered":"https:\/\/ellypara.com\/?post_type=product&#038;p=316"},"modified":"2025-02-01T16:27:15","modified_gmt":"2025-02-01T15:27:15","slug":"filorga-uv-defence-soin-solaire-anti-age-anti-taches-spf50-40ml","status":"publish","type":"product","link":"https:\/\/ellypara.com\/index.php\/produit\/filorga-uv-defence-soin-solaire-anti-age-anti-taches-spf50-40ml\/","title":{"rendered":"FILORGA UV Defence Soin Solaire Anti-\u00e2ge Anti-taches SPF50+ 40ml"},"content":{"rendered":"<p><strong>UV D\u00e9fense SPF50+ Filorga<\/strong>\u00a0est un\u00a0<strong>soin solaire anti-\u00e2ge<\/strong>\u00a0et\u00a0<strong>anti-taches<\/strong>.<\/p>\n<p>UNE PROTECTION SOLAIRE ANTI-\u00c2GE ET ANTI-TACHES<\/p>\n<p>Issue de l\u2019innovation\u00a0<strong>Filorga<\/strong>, expert en m\u00e9decine esth\u00e9tique,<strong>\u00a0UV D\u00e9fense SPF50+\u00a0<\/strong>associe une tr\u00e8s haute protection solaire pour le visage \u00e0 un soin anti-\u00e2ge et anti-taches. Il contribue \u00e0 :<\/p>\n<ul>\n<li><strong>prot\u00e9ger\u00a0<\/strong>la peau des effets n\u00e9fastes du soleil<\/li>\n<li><strong>limiter\u00a0<\/strong>les signes de vieillissement de la peau (manque de fermet\u00e9, rides, ridules)<\/li>\n<li><strong>r\u00e9duire\u00a0<\/strong>les taches pigmentaires provoqu\u00e9es par le soleil<\/li>\n<\/ul>\n<p><strong>DES ACTIFS UTILIS\u00c9S EN M\u00c9DECINE ESTH\u00c9TIQUE: NCEF ET ACIDE HYALURONIQUE<\/strong><\/p>\n<p>Mode d\u2019action d\u2019UV D\u00e9fense SPF50+ : un soin quotidien \u00e0 la texture fluide non grasse qui combat signes du vieillissement et les taches.<\/p>\n<p><strong>PROTECTION SOLAIRE<\/strong><\/p>\n<ul>\n<li>Les filtres solaires prot\u00e8gent hautement la peau des UV.<\/li>\n<li>La vitamine E aide la peau \u00e0 rester jeune en luttant contre les radicaux libres qui peuvent agresser les cellules de l\u2019\u00e9piderme.<\/li>\n<\/ul>\n<p><strong>BIENFAITS ANTI-TACHES<\/strong><\/p>\n<p>Un extrait de houblon contribue \u00e0 r\u00e9duire l\u2019hyperpigmentation en r\u00e9gulant la synth\u00e8se de m\u00e9lanine (pigment \u00e0 l\u2019origine de la coloration de la peau) afin de r\u00e9duire les taches.<\/p>\n<p><strong>BIENFAITS ANTI-\u00c2GE<\/strong><\/p>\n<ul>\n<li>L\u2019acide hyaluronique repulpe la peau et limite la formation des rides.<\/li>\n<li>L\u2019algue brune combin\u00e9e au\u00a0<strong>NCEF<\/strong>\u00a0et \u00e0 l\u2019acide hyaluronique r\u00e9g\u00e9n\u00e8rent l\u2019\u00e9piderme et lutte contre les signes du vieillissement cutan\u00e9.<\/li>\n<\/ul>\n<p><strong>Le plus du produit<\/strong>\u00a0: une grande partie des marques visibles de l\u2019\u00e2ge comme les rides les taches sont due aux rayons n\u00e9faste du soleil. C\u2019est pourquoi Filorga a cr\u00e9e UV d\u00e9fense un soin solaire urbain qui permet de limiter l\u2019apparition des rides et taches li\u00e9es \u00e0 l\u2019exposition au soleil.<\/p>\n<p>UV D\u00e9fense SPF50+ s\u2019utilise en application quotidienne ou lors des expositions solaires, sa texture fondante et facile \u00e0 appliquer laisse un fini non collant, non gras sur la peau.<\/p>\n<p><strong>Pr\u00e9cautions d\u2019emploi :<\/strong><\/p>\n<p>Avant l\u2019exposition, appliquer une dose suffisante pour bien couvrir la zone expos\u00e9e. La r\u00e9duction de cette quantit\u00e9 diminue le niveau de protection.<br \/>\nRenouveler l\u2019application fr\u00e9quemment surtout apr\u00e8s le bain, en cas de sudation ou apr\u00e8s vous \u00eatre essuy\u00e9.<br \/>\nM\u00eame bien prot\u00e9g\u00e9, \u00e9viter l\u2019exposition solaire aux heures d\u2019ensoleillement maximum.<br \/>\nNe pas exposer les b\u00e9b\u00e9s et les jeunes enfants directement au soleil.<br \/>\nId\u00e9al \u00e9galement pour prot\u00e9ger les peaux sensibilis\u00e9es apr\u00e8s un acte esth\u00e9tique (injections, peelings, laser\u2026).<\/p>\n","protected":false},"excerpt":{"rendered":"<div class=\"product-short-description\">\n<p>UV D\u00e9fense SPF50+ Filorga est un soin solaire<strong> anti-\u00e2ge et anti-taches.<\/strong><\/p>\n<\/div>\n<form class=\"cart\" action=\"https:\/\/www.maparatunisie.tn\/produit\/filorga-uv-defence-soin-solaire-anti-age-anti-taches-spf50-40ml\/\" enctype=\"multipart\/form-data\" method=\"post\">\n<div class=\"ux-quantity quantity buttons_added\"><\/div>\n<\/form>\n","protected":false},"featured_media":317,"comment_status":"open","ping_status":"closed","template":"","meta":{"ocean_post_layout":"","ocean_both_sidebars_style":"","ocean_both_sidebars_content_width":0,"ocean_both_sidebars_sidebars_width":0,"ocean_sidebar":"0","ocean_second_sidebar":"0","ocean_disable_margins":"enable","ocean_add_body_class":"","ocean_shortcode_before_top_bar":"","ocean_shortcode_after_top_bar":"","ocean_shortcode_before_header":"","ocean_shortcode_after_header":"","ocean_has_shortcode":"","ocean_shortcode_after_title":"","ocean_shortcode_before_footer_widgets":"","ocean_shortcode_after_footer_widgets":"","ocean_shortcode_before_footer_bottom":"","ocean_shortcode_after_footer_bottom":"","ocean_display_top_bar":"default","ocean_display_header":"default","ocean_header_style":"","ocean_center_header_left_menu":"0","ocean_custom_header_template":"0","ocean_custom_logo":0,"ocean_custom_retina_logo":0,"ocean_custom_logo_max_width":0,"ocean_custom_logo_tablet_max_width":0,"ocean_custom_logo_mobile_max_width":0,"ocean_custom_logo_max_height":0,"ocean_custom_logo_tablet_max_height":0,"ocean_custom_logo_mobile_max_height":0,"ocean_header_custom_menu":"0","ocean_menu_typo_font_family":"0","ocean_menu_typo_font_subset":"","ocean_menu_typo_font_size":0,"ocean_menu_typo_font_size_tablet":0,"ocean_menu_typo_font_size_mobile":0,"ocean_menu_typo_font_size_unit":"px","ocean_menu_typo_font_weight":"","ocean_menu_typo_font_weight_tablet":"","ocean_menu_typo_font_weight_mobile":"","ocean_menu_typo_transform":"","ocean_menu_typo_transform_tablet":"","ocean_menu_typo_transform_mobile":"","ocean_menu_typo_line_height":0,"ocean_menu_typo_line_height_tablet":0,"ocean_menu_typo_line_height_mobile":0,"ocean_menu_typo_line_height_unit":"","ocean_menu_typo_spacing":0,"ocean_menu_typo_spacing_tablet":0,"ocean_menu_typo_spacing_mobile":0,"ocean_menu_typo_spacing_unit":"","ocean_menu_link_color":"","ocean_menu_link_color_hover":"","ocean_menu_link_color_active":"","ocean_menu_link_background":"","ocean_menu_link_hover_background":"","ocean_menu_link_active_background":"","ocean_menu_social_links_bg":"","ocean_menu_social_hover_links_bg":"","ocean_menu_social_links_color":"","ocean_menu_social_hover_links_color":"","ocean_disable_title":"default","ocean_disable_heading":"default","ocean_post_title":"","ocean_post_subheading":"","ocean_post_title_style":"","ocean_post_title_background_color":"","ocean_post_title_background":0,"ocean_post_title_bg_image_position":"","ocean_post_title_bg_image_attachment":"","ocean_post_title_bg_image_repeat":"","ocean_post_title_bg_image_size":"","ocean_post_title_height":0,"ocean_post_title_bg_overlay":0.5,"ocean_post_title_bg_overlay_color":"","ocean_disable_breadcrumbs":"default","ocean_breadcrumbs_color":"","ocean_breadcrumbs_separator_color":"","ocean_breadcrumbs_links_color":"","ocean_breadcrumbs_links_hover_color":"","ocean_display_footer_widgets":"default","ocean_display_footer_bottom":"default","ocean_custom_footer_template":"0"},"product_brand":[],"product_cat":[26,78,75,37,76,72,36,39,20,21],"product_tag":[],"class_list":{"0":"post-316","1":"product","2":"type-product","3":"status-publish","4":"has-post-thumbnail","6":"product_cat-promo","7":"product_cat-anti-rides","8":"product_cat-anti-taches-et-eclaircissant","9":"product_cat-soins-peau-grasse","10":"product_cat-peaux-mixtes-a-grasses","11":"product_cat-protection-solaire-solaire","12":"product_cat-soins-anti-age-et-anti-rides","13":"product_cat-soins-anti-taches-et-depigmentants","14":"product_cat-solaire","15":"product_cat-visage","17":"entry","18":"has-media","20":"first","21":"instock","22":"sale","23":"taxable","24":"shipping-taxable","25":"purchasable","26":"product-type-simple","27":"has-product-nav","28":"col","29":"span_1_of_3","30":"owp-content-center","31":"owp-thumbs-layout-horizontal","32":"owp-btn-normal","33":"owp-tabs-layout-horizontal","34":"has-no-thumbnails"},"_links":{"self":[{"href":"https:\/\/ellypara.com\/index.php\/wp-json\/wp\/v2\/product\/316","targetHints":{"allow":["GET"]}}],"collection":[{"href":"https:\/\/ellypara.com\/index.php\/wp-json\/wp\/v2\/product"}],"about":[{"href":"https:\/\/ellypara.com\/index.php\/wp-json\/wp\/v2\/types\/product"}],"replies":[{"embeddable":true,"href":"https:\/\/ellypara.com\/index.php\/wp-json\/wp\/v2\/comments?post=316"}],"wp:featuredmedia":[{"embeddable":true,"href":"https:\/\/ellypara.com\/index.php\/wp-json\/wp\/v2\/media\/317"}],"wp:attachment":[{"href":"https:\/\/ellypara.com\/index.php\/wp-json\/wp\/v2\/media?parent=316"}],"wp:term":[{"taxonomy":"product_brand","embeddable":true,"href":"https:\/\/ellypara.com\/index.php\/wp-json\/wp\/v2\/product_brand?post=316"},{"taxonomy":"product_cat","embeddable":true,"href":"https:\/\/ellypara.com\/index.php\/wp-json\/wp\/v2\/product_cat?post=316"},{"taxonomy":"product_tag","embeddable":true,"href":"https:\/\/ellypara.com\/index.php\/wp-json\/wp\/v2\/product_tag?post=316"}],"curies":[{"name":"wp","href":"https:\/\/api.w.org\/{rel}","templated":true}]}}