{"id":318,"date":"2025-01-15T10:58:16","date_gmt":"2025-01-15T09:58:16","guid":{"rendered":"https:\/\/ellypara.com\/?post_type=product&#038;p=318"},"modified":"2025-02-01T16:41:14","modified_gmt":"2025-02-01T15:41:14","slug":"svr-ampoule-a-lift-concentre-lissant-30ml","status":"publish","type":"product","link":"https:\/\/ellypara.com\/index.php\/produit\/svr-ampoule-a-lift-concentre-lissant-30ml\/","title":{"rendered":"SVR Ampoule A Lift Concentr\u00e9 Lissant 30ml"},"content":{"rendered":"<p>L\u2019<strong>Ampoule [A] Lift Concentr\u00e9<\/strong>\u00a0Lissant 30ml du laboratoire SVR est un concentr\u00e9 lissant, retexturisant et anti-rides agissant sur le tissu cutan\u00e9 en profondeur pour apporter un r\u00e9sultat visible sur la peau.<\/p>\n<p>Formul\u00e9 \u00e0 partir de vitamine A\/r\u00e9tinol pur (pur concentr\u00e9 \u00e0 0,1% et pur encapsul\u00e9 \u00e0 0,2%), le soin va permettre \u00e0 la peau de se r\u00e9g\u00e9n\u00e9rer pour retrouver jeunesse et confort.<\/p>\n<p>Le soin agit en profondeur pour :<\/p>\n<p>les peaux irr\u00e9guli\u00e8res<br \/>\nles d\u00e9fauts cutan\u00e9s<br \/>\nles pores dilat\u00e9s<br \/>\nles rides<br \/>\nAu fil des jours, la peau devient lisse, de meilleure qualit\u00e9 et le grain de peau est affin\u00e9.<\/p>\n<p>&nbsp;<\/p>\n<p><strong>Indications SVR [A] Ampoule Lift :<\/strong><\/p>\n<p>Soin anti-\u00e2ge.<\/p>\n<p><strong>Conseils d\u2019utilisation :<\/strong><\/p>\n<p>Appliquer matin ou soir avant le soin quotidien ou m\u00e9langer directement \u00e0 la cr\u00e8me de jour. Eviter le contact avec les yeux.<\/p>\n<p><strong>Composition :<\/strong><\/p>\n<p>Aqua\/water\/eau, caprylic\/capric triglyc\u00e9ride, glycerin, squalane, propanediol, 3-0 ethyl ascorbic acid, vitis vinifera (grape) seed oil, ethyl oleate, retinol, butyrospermum parkii (shea butter) unsaponifiables, palmitoyl tetrapeptide-7, phospholipids, tocopherol, carbomer, ethyl linoleate, ethyl stearate, glycine soja (soybean) oil, lauryl glucoside, palmitoyl tripeptide-1, pentaerythrityl tetra-di-t-butyl hydroxyhydrocinnamate, polyglyceryl-6 laurate, 1,2-hexanediol, butylene glycol, caprylyl glycol, citric acid, disodium edta, hydroxyethyl acrylate\/sodium acryloyldimethyl taurate copolymer, myristyl glucoside, pentylene glycol, polysorbate 20, polysorbate 60, sodium citrate, sodium lactate, sorbitan isostearate, xanthan gum, bha, bht, parfum (fragrance).<\/p>\n<p><strong>Conditionnement :<\/strong><\/p>\n<p>Flacon compte goutte de 30ml.<\/p>\n","protected":false},"excerpt":{"rendered":"<p>SVR [A] Ampoule Lift Concentr\u00e9 Lissant 30 ml est un s\u00e9rum ultra-concentr\u00e9 en vitamine A \u2013 R\u00e9tinol et chrono-lib\u00e9r\u00e9 (0,3%). Il retexturise le tissu cutan\u00e9 pour lisser les peaux irr\u00e9guli\u00e8res, les d\u00e9fauts cutan\u00e9s, les pores dilat\u00e9s et les rides.<\/p>\n","protected":false},"featured_media":319,"comment_status":"open","ping_status":"closed","template":"","meta":{"ocean_post_layout":"","ocean_both_sidebars_style":"","ocean_both_sidebars_content_width":0,"ocean_both_sidebars_sidebars_width":0,"ocean_sidebar":"0","ocean_second_sidebar":"0","ocean_disable_margins":"enable","ocean_add_body_class":"","ocean_shortcode_before_top_bar":"","ocean_shortcode_after_top_bar":"","ocean_shortcode_before_header":"","ocean_shortcode_after_header":"","ocean_has_shortcode":"","ocean_shortcode_after_title":"","ocean_shortcode_before_footer_widgets":"","ocean_shortcode_after_footer_widgets":"","ocean_shortcode_before_footer_bottom":"","ocean_shortcode_after_footer_bottom":"","ocean_display_top_bar":"default","ocean_display_header":"default","ocean_header_style":"","ocean_center_header_left_menu":"0","ocean_custom_header_template":"0","ocean_custom_logo":0,"ocean_custom_retina_logo":0,"ocean_custom_logo_max_width":0,"ocean_custom_logo_tablet_max_width":0,"ocean_custom_logo_mobile_max_width":0,"ocean_custom_logo_max_height":0,"ocean_custom_logo_tablet_max_height":0,"ocean_custom_logo_mobile_max_height":0,"ocean_header_custom_menu":"0","ocean_menu_typo_font_family":"0","ocean_menu_typo_font_subset":"","ocean_menu_typo_font_size":0,"ocean_menu_typo_font_size_tablet":0,"ocean_menu_typo_font_size_mobile":0,"ocean_menu_typo_font_size_unit":"px","ocean_menu_typo_font_weight":"","ocean_menu_typo_font_weight_tablet":"","ocean_menu_typo_font_weight_mobile":"","ocean_menu_typo_transform":"","ocean_menu_typo_transform_tablet":"","ocean_menu_typo_transform_mobile":"","ocean_menu_typo_line_height":0,"ocean_menu_typo_line_height_tablet":0,"ocean_menu_typo_line_height_mobile":0,"ocean_menu_typo_line_height_unit":"","ocean_menu_typo_spacing":0,"ocean_menu_typo_spacing_tablet":0,"ocean_menu_typo_spacing_mobile":0,"ocean_menu_typo_spacing_unit":"","ocean_menu_link_color":"","ocean_menu_link_color_hover":"","ocean_menu_link_color_active":"","ocean_menu_link_background":"","ocean_menu_link_hover_background":"","ocean_menu_link_active_background":"","ocean_menu_social_links_bg":"","ocean_menu_social_hover_links_bg":"","ocean_menu_social_links_color":"","ocean_menu_social_hover_links_color":"","ocean_disable_title":"default","ocean_disable_heading":"default","ocean_post_title":"","ocean_post_subheading":"","ocean_post_title_style":"","ocean_post_title_background_color":"","ocean_post_title_background":0,"ocean_post_title_bg_image_position":"","ocean_post_title_bg_image_attachment":"","ocean_post_title_bg_image_repeat":"","ocean_post_title_bg_image_size":"","ocean_post_title_height":0,"ocean_post_title_bg_overlay":0.5,"ocean_post_title_bg_overlay_color":"","ocean_disable_breadcrumbs":"default","ocean_breadcrumbs_color":"","ocean_breadcrumbs_separator_color":"","ocean_breadcrumbs_links_color":"","ocean_breadcrumbs_links_hover_color":"","ocean_display_footer_widgets":"default","ocean_display_footer_bottom":"default","ocean_custom_footer_template":"0"},"product_brand":[],"product_cat":[26,37,36,39,35,21],"product_tag":[],"class_list":{"0":"post-318","1":"product","2":"type-product","3":"status-publish","4":"has-post-thumbnail","6":"product_cat-promo","7":"product_cat-soins-peau-grasse","8":"product_cat-soins-anti-age-et-anti-rides","9":"product_cat-soins-anti-taches-et-depigmentants","10":"product_cat-soins-hydratants-et-nourrissants","11":"product_cat-visage","13":"entry","14":"has-media","16":"first","17":"instock","18":"sale","19":"taxable","20":"shipping-taxable","21":"purchasable","22":"product-type-simple","23":"has-product-nav","24":"col","25":"span_1_of_3","26":"owp-content-center","27":"owp-thumbs-layout-horizontal","28":"owp-btn-normal","29":"owp-tabs-layout-horizontal"},"_links":{"self":[{"href":"https:\/\/ellypara.com\/index.php\/wp-json\/wp\/v2\/product\/318","targetHints":{"allow":["GET"]}}],"collection":[{"href":"https:\/\/ellypara.com\/index.php\/wp-json\/wp\/v2\/product"}],"about":[{"href":"https:\/\/ellypara.com\/index.php\/wp-json\/wp\/v2\/types\/product"}],"replies":[{"embeddable":true,"href":"https:\/\/ellypara.com\/index.php\/wp-json\/wp\/v2\/comments?post=318"}],"wp:featuredmedia":[{"embeddable":true,"href":"https:\/\/ellypara.com\/index.php\/wp-json\/wp\/v2\/media\/319"}],"wp:attachment":[{"href":"https:\/\/ellypara.com\/index.php\/wp-json\/wp\/v2\/media?parent=318"}],"wp:term":[{"taxonomy":"product_brand","embeddable":true,"href":"https:\/\/ellypara.com\/index.php\/wp-json\/wp\/v2\/product_brand?post=318"},{"taxonomy":"product_cat","embeddable":true,"href":"https:\/\/ellypara.com\/index.php\/wp-json\/wp\/v2\/product_cat?post=318"},{"taxonomy":"product_tag","embeddable":true,"href":"https:\/\/ellypara.com\/index.php\/wp-json\/wp\/v2\/product_tag?post=318"}],"curies":[{"name":"wp","href":"https:\/\/api.w.org\/{rel}","templated":true}]}}