{"id":321,"date":"2025-01-15T11:05:11","date_gmt":"2025-01-15T10:05:11","guid":{"rendered":"https:\/\/ellypara.com\/?post_type=product&#038;p=321"},"modified":"2025-02-01T16:09:24","modified_gmt":"2025-02-01T15:09:24","slug":"cerave-creme-lavante-hydratante-473ml","status":"publish","type":"product","link":"https:\/\/ellypara.com\/index.php\/produit\/cerave-creme-lavante-hydratante-473ml\/","title":{"rendered":"CeraVe Cr\u00e8me lavante hydratante 473ml"},"content":{"rendered":"<p>La\u00a0<strong>cr\u00e8me lavante hydratante<\/strong>\u00a0de la marque\u00a0<strong>Cerave<\/strong>\u00a0est un soin nettoyant pour le visage et pour le corps particuli\u00e8rement recommand\u00e9 aux\u00a0<strong>peaux normales \u00e0 s\u00e8ches<\/strong>\u00a0qui souhaitent un nettoyage tout en douceur. Cette cr\u00e8me peut \u00eatre utilis\u00e9e \u00e0 la fois par les adultes et par les enfants. Elle permet de nettoyer la peau sans agresser ni fragiliser le film hydrolipidique et d\u2019\u00e9liminer efficacement les impuret\u00e9s et les salet\u00e9s accumul\u00e9es durant la journ\u00e9e.<\/p>\n<p>Cette cr\u00e8me lavante hydratante est constitu\u00e9e d\u2019une base nettoyante douce et de\u00a0<strong>glyc\u00e9rine<\/strong>\u00a0qui apporte \u00e0 la peau la dose d\u2019hydratation n\u00e9cessaire pour\u00a0<strong>\u00e9viter le dess\u00e8chement cutan\u00e9<\/strong>. Elle contient \u00e9galement\u00a0<strong>trois c\u00e9ramides essentiels<\/strong>\u00a0au maintien de cette hydratation. Les c\u00e9ramides sont des\u00a0actifs compos\u00e9s d\u2019acides gras qui vont former une\u00a0<strong>barri\u00e8re protectrice<\/strong>\u00a0sur les cellules \u00e9pidermiques afin d\u2019<strong>\u00e9viter la d\u00e9shydratation<\/strong>\u00a0et la p\u00e9n\u00e9tration de substances n\u00e9fastes (pollution, tabac, poussi\u00e8re). De l\u2019<strong>acide hyaluronique<\/strong>\u00a0est ajout\u00e9 \u00e0 la formule pour renforcer l\u2019action des c\u00e9ramides.<\/p>\n<p>Tr\u00e8s pratique \u00e0 utiliser au quotidien gr\u00e2ce \u00e0 son flacon-pompe qui d\u00e9livre la juste dose de produit, la cr\u00e8me lavante hydratante Cerave est l\u2019alli\u00e9e de toute la famille pour la toilette quotidienne. Sa texture cr\u00e8me est tr\u00e8s agr\u00e9able \u00e0 appliquer, cr\u00e9e une mousse d\u00e9licate et ne laisse <strong>pas de sensation de tiraillement<\/strong>.<\/p>\n<p><strong>CERAVE<\/strong>\u00a0est\u00a0une marque venue des Etats-Unis, sp\u00e9cialis\u00e9e dans la dermo-cosm\u00e9tique et recommand\u00e9e par de nombreux dermatologues. Elle propose des produits d\u2019hygi\u00e8ne et de soin pour le visage et le corps, adapt\u00e9s \u00e0 toute la famille et respectueux de tous les types de peaux.<\/p>\n<p><strong>Caract\u00e9ristiques :<\/strong><\/p>\n<ul>\n<li>Sans savon<\/li>\n<li>Sans parfum<\/li>\n<li>Hypoallerg\u00e9nique<\/li>\n<li>D\u00e9velopp\u00e9 avec des dermatologues<\/li>\n<\/ul>\n<p>&nbsp;<\/p>\n","protected":false},"excerpt":{"rendered":"<p>D\u00e8s sa premi\u00e8re utilisation, cette\u00a0<strong>cr\u00e8me nettoyante hydratante<\/strong>\u00a0offre un fini soyeux et doux \u00e0 la peau. Convient \u00e0 toute la famille et est particuli\u00e8rement adapt\u00e9\u00a0<strong>aux peaux normales<\/strong>,\u00a0<strong>s\u00e8ches \u00e0 tr\u00e8s s\u00e8ches<\/strong>.<\/p>\n","protected":false},"featured_media":323,"comment_status":"open","ping_status":"closed","template":"","meta":{"ocean_post_layout":"","ocean_both_sidebars_style":"","ocean_both_sidebars_content_width":0,"ocean_both_sidebars_sidebars_width":0,"ocean_sidebar":"0","ocean_second_sidebar":"0","ocean_disable_margins":"enable","ocean_add_body_class":"","ocean_shortcode_before_top_bar":"","ocean_shortcode_after_top_bar":"","ocean_shortcode_before_header":"","ocean_shortcode_after_header":"","ocean_has_shortcode":"","ocean_shortcode_after_title":"","ocean_shortcode_before_footer_widgets":"","ocean_shortcode_after_footer_widgets":"","ocean_shortcode_before_footer_bottom":"","ocean_shortcode_after_footer_bottom":"","ocean_display_top_bar":"default","ocean_display_header":"default","ocean_header_style":"","ocean_center_header_left_menu":"0","ocean_custom_header_template":"0","ocean_custom_logo":0,"ocean_custom_retina_logo":0,"ocean_custom_logo_max_width":0,"ocean_custom_logo_tablet_max_width":0,"ocean_custom_logo_mobile_max_width":0,"ocean_custom_logo_max_height":0,"ocean_custom_logo_tablet_max_height":0,"ocean_custom_logo_mobile_max_height":0,"ocean_header_custom_menu":"0","ocean_menu_typo_font_family":"0","ocean_menu_typo_font_subset":"","ocean_menu_typo_font_size":0,"ocean_menu_typo_font_size_tablet":0,"ocean_menu_typo_font_size_mobile":0,"ocean_menu_typo_font_size_unit":"px","ocean_menu_typo_font_weight":"","ocean_menu_typo_font_weight_tablet":"","ocean_menu_typo_font_weight_mobile":"","ocean_menu_typo_transform":"","ocean_menu_typo_transform_tablet":"","ocean_menu_typo_transform_mobile":"","ocean_menu_typo_line_height":0,"ocean_menu_typo_line_height_tablet":0,"ocean_menu_typo_line_height_mobile":0,"ocean_menu_typo_line_height_unit":"","ocean_menu_typo_spacing":0,"ocean_menu_typo_spacing_tablet":0,"ocean_menu_typo_spacing_mobile":0,"ocean_menu_typo_spacing_unit":"","ocean_menu_link_color":"","ocean_menu_link_color_hover":"","ocean_menu_link_color_active":"","ocean_menu_link_background":"","ocean_menu_link_hover_background":"","ocean_menu_link_active_background":"","ocean_menu_social_links_bg":"","ocean_menu_social_hover_links_bg":"","ocean_menu_social_links_color":"","ocean_menu_social_hover_links_color":"","ocean_disable_title":"default","ocean_disable_heading":"default","ocean_post_title":"","ocean_post_subheading":"","ocean_post_title_style":"","ocean_post_title_background_color":"","ocean_post_title_background":0,"ocean_post_title_bg_image_position":"","ocean_post_title_bg_image_attachment":"","ocean_post_title_bg_image_repeat":"","ocean_post_title_bg_image_size":"","ocean_post_title_height":0,"ocean_post_title_bg_overlay":0.5,"ocean_post_title_bg_overlay_color":"","ocean_disable_breadcrumbs":"default","ocean_breadcrumbs_color":"","ocean_breadcrumbs_separator_color":"","ocean_breadcrumbs_links_color":"","ocean_breadcrumbs_links_hover_color":"","ocean_display_footer_widgets":"default","ocean_display_footer_bottom":"default","ocean_custom_footer_template":"0"},"product_brand":[],"product_cat":[26,22,45,42,36,43,47,35,21],"product_tag":[],"class_list":{"0":"post-321","1":"product","2":"type-product","3":"status-publish","4":"has-post-thumbnail","6":"product_cat-promo","7":"product_cat-corps","8":"product_cat-hydratation-et-nutrition-corps","9":"product_cat-peaux-seches","10":"product_cat-soins-anti-age-et-anti-rides","11":"product_cat-soins-anti-rougeurs-et-peau-sensible","12":"product_cat-soins-corps","13":"product_cat-soins-hydratants-et-nourrissants","14":"product_cat-visage","16":"entry","17":"has-media","19":"first","20":"instock","21":"sale","22":"taxable","23":"shipping-taxable","24":"purchasable","25":"product-type-simple","26":"has-product-nav","27":"col","28":"span_1_of_3","29":"owp-content-center","30":"owp-thumbs-layout-horizontal","31":"owp-btn-normal","32":"owp-tabs-layout-horizontal"},"_links":{"self":[{"href":"https:\/\/ellypara.com\/index.php\/wp-json\/wp\/v2\/product\/321","targetHints":{"allow":["GET"]}}],"collection":[{"href":"https:\/\/ellypara.com\/index.php\/wp-json\/wp\/v2\/product"}],"about":[{"href":"https:\/\/ellypara.com\/index.php\/wp-json\/wp\/v2\/types\/product"}],"replies":[{"embeddable":true,"href":"https:\/\/ellypara.com\/index.php\/wp-json\/wp\/v2\/comments?post=321"}],"wp:featuredmedia":[{"embeddable":true,"href":"https:\/\/ellypara.com\/index.php\/wp-json\/wp\/v2\/media\/323"}],"wp:attachment":[{"href":"https:\/\/ellypara.com\/index.php\/wp-json\/wp\/v2\/media?parent=321"}],"wp:term":[{"taxonomy":"product_brand","embeddable":true,"href":"https:\/\/ellypara.com\/index.php\/wp-json\/wp\/v2\/product_brand?post=321"},{"taxonomy":"product_cat","embeddable":true,"href":"https:\/\/ellypara.com\/index.php\/wp-json\/wp\/v2\/product_cat?post=321"},{"taxonomy":"product_tag","embeddable":true,"href":"https:\/\/ellypara.com\/index.php\/wp-json\/wp\/v2\/product_tag?post=321"}],"curies":[{"name":"wp","href":"https:\/\/api.w.org\/{rel}","templated":true}]}}