{"id":324,"date":"2025-01-15T11:13:34","date_gmt":"2025-01-15T10:13:34","guid":{"rendered":"https:\/\/ellypara.com\/?post_type=product&#038;p=324"},"modified":"2025-02-01T15:43:24","modified_gmt":"2025-02-01T14:43:24","slug":"isdin-isdinceutics-flavo-c-serum-30-ml","status":"publish","type":"product","link":"https:\/\/ellypara.com\/index.php\/produit\/isdin-isdinceutics-flavo-c-serum-30-ml\/","title":{"rendered":"ISDIN Isdinceutics Flavo C S\u00e9rum 30 ml"},"content":{"rendered":"<p><strong>ISDIN Isdinceutics Flavo-C S\u00e9rum 30ml<\/strong>\u00a0est un\u00a0<strong>s\u00e9rum visage anti-\u00e2ge<\/strong>\u00a0con\u00e7u pour pr\u00e9venir le photovieillissement de la peau.<\/p>\n<p>&nbsp;<\/p>\n<p>Gr\u00e2ce \u00e0 l\u2019action de la\u00a0<strong>vitamine C<\/strong>\u00a0en combinaison avec des\u00a0<strong>antioxydants<\/strong>\u00a0obtenus \u00e0 partir de l\u2019extrait des feuilles du\u00a0<strong>Ginkgo Biloba<\/strong>, ce<strong>\u00a0s\u00e9rum anti-age\u00a0<\/strong>aide \u00e0<strong>\u00a0<\/strong>pr\u00e9venir les radicaux libres, \u00e0 augmenter l\u2019<strong>\u00e9lasticit\u00e9 de la peau<\/strong>\u00a0et \u00e0 l\u2019hydrater en profondeur. La peau para\u00eet plus\u00a0<strong>jeune<\/strong>,\u00a0<strong>raffermie<\/strong>\u00a0et\u00a0<strong>lumineuse<\/strong>. Les rides superficielles sont estomp\u00e9es.<\/p>\n<p>&nbsp;<\/p>\n<p>Flavo-C S\u00e9rum Convient \u00e0 tous les types de peaux.<\/p>\n<p><strong>Mode d\u2019emploi<\/strong><\/p>\n<p>Appliquer Flavo-C S\u00e9rum matin et\/ou soir sur la peau propre avant le soin habituel.<\/p>\n<p>Appliquer 5 gouttes dans la paume de la main et masser d\u00e9licatement du bout des doigts sur le visage, le cou et le d\u00e9collet\u00e9.<\/p>\n<p>\u00c9viter le contour des yeux.<\/p>\n<p><strong>Composition<\/strong><\/p>\n<p>PROPYLENE GLYCOL, AQUA (WATER), GINKGO BILOBA LEAF EXTRACT, ASCORBIC ACID, POLYSORBATE 20, 1,2-HEXANEDIOL, POLYSORBATE 80, PHENOXYETHANOL, LACTIC ACID, SODIUM HYDROXIDE, GINGKO BILOBA.<\/p>\n<p><strong>Conseil<\/strong><\/p>\n<p>La<strong>\u00a0vitamine C<\/strong>\u00a0ou acide ascorbique est l\u2019un des nutriments les plus importants de notre alimentation. Elle renforce le syst\u00e8me immunitaire, favorise l\u2019absorption du fer provenant des aliments et est n\u00e9cessaire \u00e0 la croissance, au d\u00e9veloppement et \u00e0 la r\u00e9paration de tous les tissus cutan\u00e9s.<\/p>\n<p>L\u2019effet antioxydant de la vitamine C neutralise les radicaux libres responsables du stress oxydatif de la peau, retarde les signes du vieillissement, stimule la production de collag\u00e8ne, favorise la cicatrisation des plaies et participe au bon maintien des cartilages, des os et des dents.<\/p>\n<p>N\u2019oubliez pas que les compl\u00e9ments alimentaires ne doivent en aucun cas se substituer \u00e0 une alimentation saine et \u00e9quilibr\u00e9e. En cas de d\u00e9ficit ou d\u2019exc\u00e8s de cette vitamine, il est important de faire appel \u00e0 un professionnel de la sant\u00e9, afin de r\u00e9aliser un diagnostic et recevoir des conseils adapt\u00e9s \u00e0 votre situation.<\/p>\n","protected":false},"excerpt":{"rendered":"<p><strong>ISDIN Isdinceutics Flavo C S\u00e9rum 30 ml<\/strong>\u00a0est un\u00a0<strong>s\u00e9rum visage anti-\u00e2ge<\/strong>\u00a0con\u00e7u pour pr\u00e9venir le photovieillissement de la peau<\/p>\n","protected":false},"featured_media":779,"comment_status":"open","ping_status":"closed","template":"","meta":{"ocean_post_layout":"","ocean_both_sidebars_style":"","ocean_both_sidebars_content_width":0,"ocean_both_sidebars_sidebars_width":0,"ocean_sidebar":"0","ocean_second_sidebar":"0","ocean_disable_margins":"enable","ocean_add_body_class":"","ocean_shortcode_before_top_bar":"","ocean_shortcode_after_top_bar":"","ocean_shortcode_before_header":"","ocean_shortcode_after_header":"","ocean_has_shortcode":"","ocean_shortcode_after_title":"","ocean_shortcode_before_footer_widgets":"","ocean_shortcode_after_footer_widgets":"","ocean_shortcode_before_footer_bottom":"","ocean_shortcode_after_footer_bottom":"","ocean_display_top_bar":"default","ocean_display_header":"default","ocean_header_style":"","ocean_center_header_left_menu":"0","ocean_custom_header_template":"0","ocean_custom_logo":0,"ocean_custom_retina_logo":0,"ocean_custom_logo_max_width":0,"ocean_custom_logo_tablet_max_width":0,"ocean_custom_logo_mobile_max_width":0,"ocean_custom_logo_max_height":0,"ocean_custom_logo_tablet_max_height":0,"ocean_custom_logo_mobile_max_height":0,"ocean_header_custom_menu":"0","ocean_menu_typo_font_family":"0","ocean_menu_typo_font_subset":"","ocean_menu_typo_font_size":0,"ocean_menu_typo_font_size_tablet":0,"ocean_menu_typo_font_size_mobile":0,"ocean_menu_typo_font_size_unit":"px","ocean_menu_typo_font_weight":"","ocean_menu_typo_font_weight_tablet":"","ocean_menu_typo_font_weight_mobile":"","ocean_menu_typo_transform":"","ocean_menu_typo_transform_tablet":"","ocean_menu_typo_transform_mobile":"","ocean_menu_typo_line_height":0,"ocean_menu_typo_line_height_tablet":0,"ocean_menu_typo_line_height_mobile":0,"ocean_menu_typo_line_height_unit":"","ocean_menu_typo_spacing":0,"ocean_menu_typo_spacing_tablet":0,"ocean_menu_typo_spacing_mobile":0,"ocean_menu_typo_spacing_unit":"","ocean_menu_link_color":"","ocean_menu_link_color_hover":"","ocean_menu_link_color_active":"","ocean_menu_link_background":"","ocean_menu_link_hover_background":"","ocean_menu_link_active_background":"","ocean_menu_social_links_bg":"","ocean_menu_social_hover_links_bg":"","ocean_menu_social_links_color":"","ocean_menu_social_hover_links_color":"","ocean_disable_title":"default","ocean_disable_heading":"default","ocean_post_title":"","ocean_post_subheading":"","ocean_post_title_style":"","ocean_post_title_background_color":"","ocean_post_title_background":0,"ocean_post_title_bg_image_position":"","ocean_post_title_bg_image_attachment":"","ocean_post_title_bg_image_repeat":"","ocean_post_title_bg_image_size":"","ocean_post_title_height":0,"ocean_post_title_bg_overlay":0.5,"ocean_post_title_bg_overlay_color":"","ocean_disable_breadcrumbs":"default","ocean_breadcrumbs_color":"","ocean_breadcrumbs_separator_color":"","ocean_breadcrumbs_links_color":"","ocean_breadcrumbs_links_hover_color":"","ocean_display_footer_widgets":"default","ocean_display_footer_bottom":"default","ocean_custom_footer_template":"0"},"product_brand":[],"product_cat":[26,37,36,39,35,21],"product_tag":[],"class_list":{"0":"post-324","1":"product","2":"type-product","3":"status-publish","4":"has-post-thumbnail","6":"product_cat-promo","7":"product_cat-soins-peau-grasse","8":"product_cat-soins-anti-age-et-anti-rides","9":"product_cat-soins-anti-taches-et-depigmentants","10":"product_cat-soins-hydratants-et-nourrissants","11":"product_cat-visage","13":"entry","14":"has-media","16":"first","17":"instock","18":"sale","19":"taxable","20":"shipping-taxable","21":"purchasable","22":"product-type-simple","23":"has-product-nav","24":"col","25":"span_1_of_3","26":"owp-content-center","27":"owp-thumbs-layout-horizontal","28":"owp-btn-normal","29":"owp-tabs-layout-horizontal","30":"has-no-thumbnails"},"_links":{"self":[{"href":"https:\/\/ellypara.com\/index.php\/wp-json\/wp\/v2\/product\/324","targetHints":{"allow":["GET"]}}],"collection":[{"href":"https:\/\/ellypara.com\/index.php\/wp-json\/wp\/v2\/product"}],"about":[{"href":"https:\/\/ellypara.com\/index.php\/wp-json\/wp\/v2\/types\/product"}],"replies":[{"embeddable":true,"href":"https:\/\/ellypara.com\/index.php\/wp-json\/wp\/v2\/comments?post=324"}],"wp:featuredmedia":[{"embeddable":true,"href":"https:\/\/ellypara.com\/index.php\/wp-json\/wp\/v2\/media\/779"}],"wp:attachment":[{"href":"https:\/\/ellypara.com\/index.php\/wp-json\/wp\/v2\/media?parent=324"}],"wp:term":[{"taxonomy":"product_brand","embeddable":true,"href":"https:\/\/ellypara.com\/index.php\/wp-json\/wp\/v2\/product_brand?post=324"},{"taxonomy":"product_cat","embeddable":true,"href":"https:\/\/ellypara.com\/index.php\/wp-json\/wp\/v2\/product_cat?post=324"},{"taxonomy":"product_tag","embeddable":true,"href":"https:\/\/ellypara.com\/index.php\/wp-json\/wp\/v2\/product_tag?post=324"}],"curies":[{"name":"wp","href":"https:\/\/api.w.org\/{rel}","templated":true}]}}