{"id":331,"date":"2025-01-18T15:28:20","date_gmt":"2025-01-18T14:28:20","guid":{"rendered":"https:\/\/ellypara.com\/?post_type=product&#038;p=331"},"modified":"2025-02-01T16:40:04","modified_gmt":"2025-02-01T15:40:04","slug":"phyteal-hydradermine-baume-a-levres-15ml","status":"publish","type":"product","link":"https:\/\/ellypara.com\/index.php\/produit\/phyteal-hydradermine-baume-a-levres-15ml\/","title":{"rendered":"Phyteal Hydradermine Baume \u00e0 Levres 15ml"},"content":{"rendered":"<p>Les l\u00e8vres n\u00e9cessitent des soins particuliers, car leur anatomie est totalement diff\u00e9rente du reste du visage.<\/p>\n<p>La barri\u00e8re de protection des l\u00e8vres est beaucoup plus fine que celle du reste de la peau. Ainsi, les changements climatiques, certains traitements ou certaines maladies font des ravages. Une bonne hydratation s\u2019impose afin de pr\u00e9venir dess\u00e8chement et ger\u00e7ures, et ce gr\u00e2ce \u00e0 l\u2019application de baumes \u00e0 l\u00e8vres non seulement efficace du point de vue hydratation, mais aussi s\u00fbr et sans risque puisque c\u2019est un produit qui est forc\u00e9ment ing\u00e9r\u00e9.<\/p>\n<p>Ainsi, notre produit\u00a0<strong>Hydradermine baume \u00e0 l\u00e8vres hydratant \u00e0 l\u2019huile d\u2019argan<\/strong>\u00a0r\u00e9pond parfaitement \u00e0 cette double exigence. Gr\u00e2ce \u00e0 une composition 100% naturelle, Hydradermine va permettre une hydratation des l\u00e8vres en profondeur avec une formule \u00e0 base de\u00a0:<\/p>\n<p><strong>\u2013 Huile d\u2019Argan<\/strong>\u00a0: action hydratante et lissante<\/p>\n<p><strong>\u2013 Alo\u00e8 Vera<\/strong>\u00a0: action apaisante.<\/p>\n<p><strong>\u2013 Vitamine E<\/strong>\u00a0: action revitalisante (dans les ingr\u00e9dients,\u00a0la vitamine E s\u2019appelle TOCOPHERYL ACETATE).<\/p>\n<p><strong>\u2013 Vitamine B3<\/strong>\u00a0: action nutritive et r\u00e9g\u00e9n\u00e9rative (dans les ingr\u00e9dients,\u00a0la vitamine B3 s\u2019appelle NIACINAMIDE).<\/p>\n<p><strong>\u2013 Cire d\u2019abeille\u00a0:\u00a0<\/strong>action r\u00e9paratrice.<\/p>\n<p><strong>Hydradermine baume \u00e0 l\u00e8vres hydratant \u00e0 l\u2019huile d\u2019argan<\/strong>\u00a0convient ainsi \u00e0 tous les \u00e2ges (b\u00e9b\u00e9, enfant et adulte). Il ne s\u2019agit pas seulement d\u2019un soin hydratant classique puisqu\u2019il est destin\u00e9 \u00e0 traiter les probl\u00e8mes de dess\u00e8chement et de ger\u00e7ures des l\u00e8vres chez les patients sous traitements dess\u00e9chants tel que les traitements contre l\u2019acn\u00e9, la chimioth\u00e9rapie ou encore chez les patients allergiques souffrant de s\u00e9cheresse cutan\u00e9e.<\/p>\n<p><strong>Hydradermine baume \u00e0 l\u00e8vres hydratant \u00e0 l\u2019huile d\u2019argan<\/strong>\u00a0pourrait \u00eatre appliqu\u00e9 plusieurs fois par jour pour une dur\u00e9e prolong\u00e9e. Sa texture fine est tr\u00e8s bien tol\u00e9r\u00e9e et maintenue gr\u00e2ce \u00e0 la pr\u00e9sence de cire d\u2019abeille.<\/p>\n<p>Il s\u2019agit d\u2019une formule sans paraben, sans parfum et hypoallerg\u00e9nique.<\/p>\n","protected":false},"excerpt":{"rendered":"<div class=\"product-short-description\">\n<p>Les l\u00e8vres n\u00e9cessitent des soins particuliers, car leur anatomie est totalement diff\u00e9rente du reste du visage.<\/p>\n<\/div>\n<form class=\"cart\" action=\"https:\/\/www.maparatunisie.tn\/produit\/phyteal-hydradermine-baume-a-levres-15ml\/\" enctype=\"multipart\/form-data\" method=\"post\">\n<div class=\"ux-quantity quantity buttons_added\"><\/div>\n<\/form>\n","protected":false},"featured_media":332,"comment_status":"open","ping_status":"closed","template":"","meta":{"ocean_post_layout":"","ocean_both_sidebars_style":"","ocean_both_sidebars_content_width":0,"ocean_both_sidebars_sidebars_width":0,"ocean_sidebar":"0","ocean_second_sidebar":"0","ocean_disable_margins":"enable","ocean_add_body_class":"","ocean_shortcode_before_top_bar":"","ocean_shortcode_after_top_bar":"","ocean_shortcode_before_header":"","ocean_shortcode_after_header":"","ocean_has_shortcode":"","ocean_shortcode_after_title":"","ocean_shortcode_before_footer_widgets":"","ocean_shortcode_after_footer_widgets":"","ocean_shortcode_before_footer_bottom":"","ocean_shortcode_after_footer_bottom":"","ocean_display_top_bar":"default","ocean_display_header":"default","ocean_header_style":"","ocean_center_header_left_menu":"0","ocean_custom_header_template":"0","ocean_custom_logo":0,"ocean_custom_retina_logo":0,"ocean_custom_logo_max_width":0,"ocean_custom_logo_tablet_max_width":0,"ocean_custom_logo_mobile_max_width":0,"ocean_custom_logo_max_height":0,"ocean_custom_logo_tablet_max_height":0,"ocean_custom_logo_mobile_max_height":0,"ocean_header_custom_menu":"0","ocean_menu_typo_font_family":"0","ocean_menu_typo_font_subset":"","ocean_menu_typo_font_size":0,"ocean_menu_typo_font_size_tablet":0,"ocean_menu_typo_font_size_mobile":0,"ocean_menu_typo_font_size_unit":"px","ocean_menu_typo_font_weight":"","ocean_menu_typo_font_weight_tablet":"","ocean_menu_typo_font_weight_mobile":"","ocean_menu_typo_transform":"","ocean_menu_typo_transform_tablet":"","ocean_menu_typo_transform_mobile":"","ocean_menu_typo_line_height":0,"ocean_menu_typo_line_height_tablet":0,"ocean_menu_typo_line_height_mobile":0,"ocean_menu_typo_line_height_unit":"","ocean_menu_typo_spacing":0,"ocean_menu_typo_spacing_tablet":0,"ocean_menu_typo_spacing_mobile":0,"ocean_menu_typo_spacing_unit":"","ocean_menu_link_color":"","ocean_menu_link_color_hover":"","ocean_menu_link_color_active":"","ocean_menu_link_background":"","ocean_menu_link_hover_background":"","ocean_menu_link_active_background":"","ocean_menu_social_links_bg":"","ocean_menu_social_hover_links_bg":"","ocean_menu_social_links_color":"","ocean_menu_social_hover_links_color":"","ocean_disable_title":"default","ocean_disable_heading":"default","ocean_post_title":"","ocean_post_subheading":"","ocean_post_title_style":"","ocean_post_title_background_color":"","ocean_post_title_background":0,"ocean_post_title_bg_image_position":"","ocean_post_title_bg_image_attachment":"","ocean_post_title_bg_image_repeat":"","ocean_post_title_bg_image_size":"","ocean_post_title_height":0,"ocean_post_title_bg_overlay":0.5,"ocean_post_title_bg_overlay_color":"","ocean_disable_breadcrumbs":"default","ocean_breadcrumbs_color":"","ocean_breadcrumbs_separator_color":"","ocean_breadcrumbs_links_color":"","ocean_breadcrumbs_links_hover_color":"","ocean_display_footer_widgets":"default","ocean_display_footer_bottom":"default","ocean_custom_footer_template":"0"},"product_brand":[],"product_cat":[111,21],"product_tag":[],"class_list":{"0":"post-331","1":"product","2":"type-product","3":"status-publish","4":"has-post-thumbnail","6":"product_cat-sticks-baumes-levres-et-reparateurs","7":"product_cat-visage","9":"entry","10":"has-media","12":"first","13":"instock","14":"taxable","15":"shipping-taxable","16":"purchasable","17":"product-type-simple","18":"has-product-nav","19":"col","20":"span_1_of_3","21":"owp-content-center","22":"owp-thumbs-layout-horizontal","23":"owp-btn-normal","24":"owp-tabs-layout-horizontal","25":"has-no-thumbnails"},"_links":{"self":[{"href":"https:\/\/ellypara.com\/index.php\/wp-json\/wp\/v2\/product\/331","targetHints":{"allow":["GET"]}}],"collection":[{"href":"https:\/\/ellypara.com\/index.php\/wp-json\/wp\/v2\/product"}],"about":[{"href":"https:\/\/ellypara.com\/index.php\/wp-json\/wp\/v2\/types\/product"}],"replies":[{"embeddable":true,"href":"https:\/\/ellypara.com\/index.php\/wp-json\/wp\/v2\/comments?post=331"}],"wp:featuredmedia":[{"embeddable":true,"href":"https:\/\/ellypara.com\/index.php\/wp-json\/wp\/v2\/media\/332"}],"wp:attachment":[{"href":"https:\/\/ellypara.com\/index.php\/wp-json\/wp\/v2\/media?parent=331"}],"wp:term":[{"taxonomy":"product_brand","embeddable":true,"href":"https:\/\/ellypara.com\/index.php\/wp-json\/wp\/v2\/product_brand?post=331"},{"taxonomy":"product_cat","embeddable":true,"href":"https:\/\/ellypara.com\/index.php\/wp-json\/wp\/v2\/product_cat?post=331"},{"taxonomy":"product_tag","embeddable":true,"href":"https:\/\/ellypara.com\/index.php\/wp-json\/wp\/v2\/product_tag?post=331"}],"curies":[{"name":"wp","href":"https:\/\/api.w.org\/{rel}","templated":true}]}}