{"id":333,"date":"2025-01-18T15:36:39","date_gmt":"2025-01-18T14:36:39","guid":{"rendered":"https:\/\/ellypara.com\/?post_type=product&#038;p=333"},"modified":"2025-02-01T16:37:37","modified_gmt":"2025-02-01T15:37:37","slug":"isdin-k-ox-eyes-15ml","status":"publish","type":"product","link":"https:\/\/ellypara.com\/index.php\/produit\/isdin-k-ox-eyes-15ml\/","title":{"rendered":"ISDIN K-OX Eyes 15ml"},"content":{"rendered":"<p><strong>INNOVATION 2021 : K-OX EYES poss\u00e8de d\u00e9sormais un nouvel applicateur c\u00e9ramique.<\/strong><\/p>\n<p>K-OX EYES est un soin du contour des yeux complet \u00e0 la formule intensive et innovante :<\/p>\n<p>\u2013 Vitamine K-Oxyde : agit efficacement sur la coloration des cernes<\/p>\n<p>\u2013 Dextrasulfate de Sodium : agit sur le volume des poches<\/p>\n<p>\u2013 Flavono\u00efdes : aident \u00e0 l\u2019\u00e9limination du fer responsable de la coloration marron des cernes<\/p>\n<p>\u2013 Acide Hyaluronique : hydrate durablement et lisse les ridules<\/p>\n<p>&nbsp;<\/p>\n<p>Ses effets hydratant et tenseur sont imm\u00e9diats. Gr\u00e2ce \u00e0 une utilisation continue, K-OX EYES diminue progressivement le volume des poches ainsi que la couleur violac\u00e9e ou pigment\u00e9e des cernes.<\/p>\n<p>Un soin id\u00e9al pour un contour des yeux plus lisse, un regard repos\u00e9 et lumineux.<\/p>\n<p><strong>Conseils d\u2019utilisation<\/strong><\/p>\n<p>Appliquer K-OX EYES matin et soir sur le contour des yeux en l\u2019\u00e9talant d\u00e9licatement de l\u2019angle interne vers l\u2019angle externe. Tapoter du bout des doigts jusqu\u2019\u00e0 absorption compl\u00e8te du produit.<\/p>\n<p>&nbsp;<\/p>\n<p>Plusieurs mois de traitement en continu seront n\u00e9cessaire pour une action visible sur les cernes et les poches.<\/p>\n<p>Pr\u00e9cautions : \u00e9viter le contact direct avec les yeux ou les muqueuses.<\/p>\n<p>Composition<\/p>\n<p>Actifs phares de K-OX EYES :<\/p>\n<p>Vitamine K Oxyde, Dextrasulfate de Sodium, Acide Hyaluronique.<\/p>\n<p>&nbsp;<\/p>\n<p><strong>Composition d\u00e9taill\u00e9e de K-OX EYES (liste INCI) :<\/strong><\/p>\n<p>Aqua (Water), Glycerin, Isohexadecane, Isopropyl Myristate, PPG-15 Stearyl Ether, PEG-30 Dipolyhydroxystearate, Phytonadione Epoxide, Magnesium Sulfate, Phenoxyethanol, Cera Microcristallina (Microcrystalline Wax), Parfum (Fragrance), CI 77891 (Titanium Dioxide), Sodium Dextran Sulfate, Acrylates\/C12-22 Alkyl Methacrylate Copolymer, Steareth-20, Hesperidin Methyl Chalcone, Disodium EDTA, Hydrolyzed Hyaluronic Acid, Ethylhexylglycerin, PEG-8, Pentylene Glycol, Tocopherol, Chlorhexidine Digluconate, N-Hydroxysuccinimide, Potassium Sorbate, BHT, Dipeptide-2, Ascorbyl Palmitate, Palmitoyl Tetrapeptide-7, Citric Acid, Ascorbic Acid, Chrysin, Palmitoyl Tripeptide-1, Sodium Citrate, Biotin.<\/p>\n","protected":false},"excerpt":{"rendered":"<div class=\"product-short-description\">\n<p>Soin complet du contour de l\u2019oeil \u00e9labor\u00e9 par le laboratoire Isdin pour r\u00e9duire les cernes, les poches et les rides. Id\u00e9al pour d\u00e9fatiguer le regard.<\/p>\n<\/div>\n<form class=\"cart\" action=\"https:\/\/www.maparatunisie.tn\/produit\/isdin-k-ox-eyes-15-ml\/\" enctype=\"multipart\/form-data\" method=\"post\">\n<div class=\"ux-quantity quantity buttons_added\"><\/div>\n<\/form>\n","protected":false},"featured_media":334,"comment_status":"open","ping_status":"closed","template":"","meta":{"ocean_post_layout":"","ocean_both_sidebars_style":"","ocean_both_sidebars_content_width":0,"ocean_both_sidebars_sidebars_width":0,"ocean_sidebar":"0","ocean_second_sidebar":"0","ocean_disable_margins":"enable","ocean_add_body_class":"","ocean_shortcode_before_top_bar":"","ocean_shortcode_after_top_bar":"","ocean_shortcode_before_header":"","ocean_shortcode_after_header":"","ocean_has_shortcode":"","ocean_shortcode_after_title":"","ocean_shortcode_before_footer_widgets":"","ocean_shortcode_after_footer_widgets":"","ocean_shortcode_before_footer_bottom":"","ocean_shortcode_after_footer_bottom":"","ocean_display_top_bar":"default","ocean_display_header":"default","ocean_header_style":"","ocean_center_header_left_menu":"0","ocean_custom_header_template":"0","ocean_custom_logo":0,"ocean_custom_retina_logo":0,"ocean_custom_logo_max_width":0,"ocean_custom_logo_tablet_max_width":0,"ocean_custom_logo_mobile_max_width":0,"ocean_custom_logo_max_height":0,"ocean_custom_logo_tablet_max_height":0,"ocean_custom_logo_mobile_max_height":0,"ocean_header_custom_menu":"0","ocean_menu_typo_font_family":"0","ocean_menu_typo_font_subset":"","ocean_menu_typo_font_size":0,"ocean_menu_typo_font_size_tablet":0,"ocean_menu_typo_font_size_mobile":0,"ocean_menu_typo_font_size_unit":"px","ocean_menu_typo_font_weight":"","ocean_menu_typo_font_weight_tablet":"","ocean_menu_typo_font_weight_mobile":"","ocean_menu_typo_transform":"","ocean_menu_typo_transform_tablet":"","ocean_menu_typo_transform_mobile":"","ocean_menu_typo_line_height":0,"ocean_menu_typo_line_height_tablet":0,"ocean_menu_typo_line_height_mobile":0,"ocean_menu_typo_line_height_unit":"","ocean_menu_typo_spacing":0,"ocean_menu_typo_spacing_tablet":0,"ocean_menu_typo_spacing_mobile":0,"ocean_menu_typo_spacing_unit":"","ocean_menu_link_color":"","ocean_menu_link_color_hover":"","ocean_menu_link_color_active":"","ocean_menu_link_background":"","ocean_menu_link_hover_background":"","ocean_menu_link_active_background":"","ocean_menu_social_links_bg":"","ocean_menu_social_hover_links_bg":"","ocean_menu_social_links_color":"","ocean_menu_social_hover_links_color":"","ocean_disable_title":"default","ocean_disable_heading":"default","ocean_post_title":"","ocean_post_subheading":"","ocean_post_title_style":"","ocean_post_title_background_color":"","ocean_post_title_background":0,"ocean_post_title_bg_image_position":"","ocean_post_title_bg_image_attachment":"","ocean_post_title_bg_image_repeat":"","ocean_post_title_bg_image_size":"","ocean_post_title_height":0,"ocean_post_title_bg_overlay":0.5,"ocean_post_title_bg_overlay_color":"","ocean_disable_breadcrumbs":"default","ocean_breadcrumbs_color":"","ocean_breadcrumbs_separator_color":"","ocean_breadcrumbs_links_color":"","ocean_breadcrumbs_links_hover_color":"","ocean_display_footer_widgets":"default","ocean_display_footer_bottom":"default","ocean_custom_footer_template":"0"},"product_brand":[],"product_cat":[26,36,110,39,35,21],"product_tag":[],"class_list":{"0":"post-333","1":"product","2":"type-product","3":"status-publish","4":"has-post-thumbnail","6":"product_cat-promo","7":"product_cat-soins-anti-age-et-anti-rides","8":"product_cat-soins-anti-poches-et-cernes","9":"product_cat-soins-anti-taches-et-depigmentants","10":"product_cat-soins-hydratants-et-nourrissants","11":"product_cat-visage","13":"entry","14":"has-media","16":"first","17":"instock","18":"sale","19":"taxable","20":"shipping-taxable","21":"purchasable","22":"product-type-simple","23":"has-product-nav","24":"col","25":"span_1_of_3","26":"owp-content-center","27":"owp-thumbs-layout-horizontal","28":"owp-btn-normal","29":"owp-tabs-layout-horizontal","30":"has-no-thumbnails"},"_links":{"self":[{"href":"https:\/\/ellypara.com\/index.php\/wp-json\/wp\/v2\/product\/333","targetHints":{"allow":["GET"]}}],"collection":[{"href":"https:\/\/ellypara.com\/index.php\/wp-json\/wp\/v2\/product"}],"about":[{"href":"https:\/\/ellypara.com\/index.php\/wp-json\/wp\/v2\/types\/product"}],"replies":[{"embeddable":true,"href":"https:\/\/ellypara.com\/index.php\/wp-json\/wp\/v2\/comments?post=333"}],"wp:featuredmedia":[{"embeddable":true,"href":"https:\/\/ellypara.com\/index.php\/wp-json\/wp\/v2\/media\/334"}],"wp:attachment":[{"href":"https:\/\/ellypara.com\/index.php\/wp-json\/wp\/v2\/media?parent=333"}],"wp:term":[{"taxonomy":"product_brand","embeddable":true,"href":"https:\/\/ellypara.com\/index.php\/wp-json\/wp\/v2\/product_brand?post=333"},{"taxonomy":"product_cat","embeddable":true,"href":"https:\/\/ellypara.com\/index.php\/wp-json\/wp\/v2\/product_cat?post=333"},{"taxonomy":"product_tag","embeddable":true,"href":"https:\/\/ellypara.com\/index.php\/wp-json\/wp\/v2\/product_tag?post=333"}],"curies":[{"name":"wp","href":"https:\/\/api.w.org\/{rel}","templated":true}]}}