{"id":337,"date":"2025-01-18T16:00:13","date_gmt":"2025-01-18T15:00:13","guid":{"rendered":"https:\/\/ellypara.com\/?post_type=product&#038;p=337"},"modified":"2025-02-01T17:11:04","modified_gmt":"2025-02-01T16:11:04","slug":"uriage-depiderm-white-contour-des-yeux-eclaircissant-15ml","status":"publish","type":"product","link":"https:\/\/ellypara.com\/index.php\/produit\/uriage-depiderm-white-contour-des-yeux-eclaircissant-15ml\/","title":{"rendered":"URIAGE D\u00e9piderm White Contour des Yeux Eclaircissant 15ml"},"content":{"rendered":"<p><strong>D\u00c9PIDERM WHITE \u2013 CONTOUR DES YEUX \u00c9CLAIRCISSANT<\/strong><\/p>\n<p>SOIN \u00c9CLAT DU REGARD<\/p>\n<p>Une triple action sur le\u00a0contour des yeux\u00a0pour diminuer les r<strong>ides<\/strong>, les\u00a0<strong>poches<\/strong>, les\u00a0<strong>cernes<\/strong>\u00a0et obtenir une effet \u00e9nergisant imm\u00e9diat.<\/p>\n<p><strong>D\u00e9congestionne et \u00e9claircit<\/strong><\/p>\n<p>Le complexe ACTIWHITE permet de d\u00e9congestionner les poches et \u00e9claircir les cernes. Le contour des yeux est \u00e9clatant et plus lumineux.<\/p>\n<p><strong>Lisse les rides et ridules<\/strong><\/p>\n<p>Les actifs lissants et hydratants aident \u00e0 r\u00e9duire les rides et ridules. Les signes de fatigue autour du contour de l\u2019oeil disparaissent.<\/p>\n<p>Une triple action sur le contour des yeux pour diminuer les rides, les poches, les cernes et obtenir une effet \u00e9nergisant imm\u00e9diat.<\/p>\n<h4><strong>D\u00e9congestionne et \u00e9claircit<\/strong><\/h4>\n<p>Le complexe ACTIWHITE permet de\u00a0<strong>d\u00e9congestionner les poches<\/strong>\u00a0et\u00a0<strong>\u00e9claircir les cernes<\/strong>. Le\u00a0<strong>contour des yeux<\/strong>\u00a0est \u00e9clatant et plus lumineux.<\/p>\n<h4>Lisse les rides et ridules<\/h4>\n<p>Les actifs lissants et hydratants aident \u00e0 r\u00e9duire les rides et ridules. Les signes de fatigue autour du contour de l\u2019oeil disparaissent.<\/p>\n<p><strong>Conseils<\/strong><\/p>\n<p>Appliquer le matin et le soir en tapotant d\u00e9licatement autour du contour de l\u2019oeil.<\/p>\n<p><strong>Composition<\/strong><\/p>\n<p>AQUA (WATER, EAU) \u2014 SQUALANE \u2014 DIGLYCERIN \u2014 MALTODEXTRIN \u2014 SODIUM POLYACRYLOYLDIMETHYL TAURATE \u2014 1,2-HEXANEDIOL \u2014 ASCORBYL GLUCOSIDE \u2014 SUCROSE DILAURATE \u2014 DIMETHICONE \u2014 HYDROXYACETOPHENONE \u2014 ACRYLATES\/C10-30 ALKYL ACRYLATE CROSSPOLYMER \u2014 SODIUM DEXTRAN SULFATE \u2014 SODIUM HYDROXIDE \u2014 NIACINAMIDE \u2014 SODIUM COCOYL GLUTAMATE \u2014 SODIUM CITRATE \u2014 MICA \u2014 DIPOTASSIUM GLYCYRRHIZATE \u2014 TOCOPHERYL ACETATE \u2014 CI 77891 (TITANIUM DIOXIDE) \u2014 PISUM SATIVUM EXTRACT (PISUM SATIVUM (PEA) EXTRACT) \u2014 BIOSACCHARIDE GUM-1 \u2014 CITRIC ACID<\/p>\n","protected":false},"excerpt":{"rendered":"<div class=\"product-short-description\">\n<p>Une triple action sur le contour des yeux pour diminuer<strong> les rides, les poches, les cernes<\/strong> et obtenir une effet <strong>\u00e9nergisant<\/strong> imm\u00e9diat.<\/p>\n<\/div>\n","protected":false},"featured_media":338,"comment_status":"open","ping_status":"closed","template":"","meta":{"ocean_post_layout":"","ocean_both_sidebars_style":"","ocean_both_sidebars_content_width":0,"ocean_both_sidebars_sidebars_width":0,"ocean_sidebar":"0","ocean_second_sidebar":"0","ocean_disable_margins":"enable","ocean_add_body_class":"","ocean_shortcode_before_top_bar":"","ocean_shortcode_after_top_bar":"","ocean_shortcode_before_header":"","ocean_shortcode_after_header":"","ocean_has_shortcode":"","ocean_shortcode_after_title":"","ocean_shortcode_before_footer_widgets":"","ocean_shortcode_after_footer_widgets":"","ocean_shortcode_before_footer_bottom":"","ocean_shortcode_after_footer_bottom":"","ocean_display_top_bar":"default","ocean_display_header":"default","ocean_header_style":"","ocean_center_header_left_menu":"0","ocean_custom_header_template":"0","ocean_custom_logo":0,"ocean_custom_retina_logo":0,"ocean_custom_logo_max_width":0,"ocean_custom_logo_tablet_max_width":0,"ocean_custom_logo_mobile_max_width":0,"ocean_custom_logo_max_height":0,"ocean_custom_logo_tablet_max_height":0,"ocean_custom_logo_mobile_max_height":0,"ocean_header_custom_menu":"0","ocean_menu_typo_font_family":"0","ocean_menu_typo_font_subset":"","ocean_menu_typo_font_size":0,"ocean_menu_typo_font_size_tablet":0,"ocean_menu_typo_font_size_mobile":0,"ocean_menu_typo_font_size_unit":"px","ocean_menu_typo_font_weight":"","ocean_menu_typo_font_weight_tablet":"","ocean_menu_typo_font_weight_mobile":"","ocean_menu_typo_transform":"","ocean_menu_typo_transform_tablet":"","ocean_menu_typo_transform_mobile":"","ocean_menu_typo_line_height":0,"ocean_menu_typo_line_height_tablet":0,"ocean_menu_typo_line_height_mobile":0,"ocean_menu_typo_line_height_unit":"","ocean_menu_typo_spacing":0,"ocean_menu_typo_spacing_tablet":0,"ocean_menu_typo_spacing_mobile":0,"ocean_menu_typo_spacing_unit":"","ocean_menu_link_color":"","ocean_menu_link_color_hover":"","ocean_menu_link_color_active":"","ocean_menu_link_background":"","ocean_menu_link_hover_background":"","ocean_menu_link_active_background":"","ocean_menu_social_links_bg":"","ocean_menu_social_hover_links_bg":"","ocean_menu_social_links_color":"","ocean_menu_social_hover_links_color":"","ocean_disable_title":"default","ocean_disable_heading":"default","ocean_post_title":"","ocean_post_subheading":"","ocean_post_title_style":"","ocean_post_title_background_color":"","ocean_post_title_background":0,"ocean_post_title_bg_image_position":"","ocean_post_title_bg_image_attachment":"","ocean_post_title_bg_image_repeat":"","ocean_post_title_bg_image_size":"","ocean_post_title_height":0,"ocean_post_title_bg_overlay":0.5,"ocean_post_title_bg_overlay_color":"","ocean_disable_breadcrumbs":"default","ocean_breadcrumbs_color":"","ocean_breadcrumbs_separator_color":"","ocean_breadcrumbs_links_color":"","ocean_breadcrumbs_links_hover_color":"","ocean_display_footer_widgets":"default","ocean_display_footer_bottom":"default","ocean_custom_footer_template":"0"},"product_brand":[],"product_cat":[26,36,110,43,39,35,21],"product_tag":[],"class_list":{"0":"post-337","1":"product","2":"type-product","3":"status-publish","4":"has-post-thumbnail","6":"product_cat-promo","7":"product_cat-soins-anti-age-et-anti-rides","8":"product_cat-soins-anti-poches-et-cernes","9":"product_cat-soins-anti-rougeurs-et-peau-sensible","10":"product_cat-soins-anti-taches-et-depigmentants","11":"product_cat-soins-hydratants-et-nourrissants","12":"product_cat-visage","14":"entry","15":"has-media","17":"first","18":"instock","19":"sale","20":"taxable","21":"shipping-taxable","22":"purchasable","23":"product-type-simple","24":"has-product-nav","25":"col","26":"span_1_of_3","27":"owp-content-center","28":"owp-thumbs-layout-horizontal","29":"owp-btn-normal","30":"owp-tabs-layout-horizontal","31":"has-no-thumbnails"},"_links":{"self":[{"href":"https:\/\/ellypara.com\/index.php\/wp-json\/wp\/v2\/product\/337","targetHints":{"allow":["GET"]}}],"collection":[{"href":"https:\/\/ellypara.com\/index.php\/wp-json\/wp\/v2\/product"}],"about":[{"href":"https:\/\/ellypara.com\/index.php\/wp-json\/wp\/v2\/types\/product"}],"replies":[{"embeddable":true,"href":"https:\/\/ellypara.com\/index.php\/wp-json\/wp\/v2\/comments?post=337"}],"wp:featuredmedia":[{"embeddable":true,"href":"https:\/\/ellypara.com\/index.php\/wp-json\/wp\/v2\/media\/338"}],"wp:attachment":[{"href":"https:\/\/ellypara.com\/index.php\/wp-json\/wp\/v2\/media?parent=337"}],"wp:term":[{"taxonomy":"product_brand","embeddable":true,"href":"https:\/\/ellypara.com\/index.php\/wp-json\/wp\/v2\/product_brand?post=337"},{"taxonomy":"product_cat","embeddable":true,"href":"https:\/\/ellypara.com\/index.php\/wp-json\/wp\/v2\/product_cat?post=337"},{"taxonomy":"product_tag","embeddable":true,"href":"https:\/\/ellypara.com\/index.php\/wp-json\/wp\/v2\/product_tag?post=337"}],"curies":[{"name":"wp","href":"https:\/\/api.w.org\/{rel}","templated":true}]}}