{"id":343,"date":"2025-01-18T16:20:12","date_gmt":"2025-01-18T15:20:12","guid":{"rendered":"https:\/\/ellypara.com\/?post_type=product&#038;p=343"},"modified":"2025-02-01T16:20:45","modified_gmt":"2025-02-01T15:20:45","slug":"eucerin-urea-repair-plus-creme-pieds-10-100ml","status":"publish","type":"product","link":"https:\/\/ellypara.com\/index.php\/produit\/eucerin-urea-repair-plus-creme-pieds-10-100ml\/","title":{"rendered":"EUCERIN Urea Repair Plus Cr\u00e8me Pieds 10% 100ml"},"content":{"rendered":"<p>La\u00a0<strong>cr\u00e8me pour les pieds Urea Repair Plus\u00a0<\/strong>des laboratoires<strong>\u00a0Eucerin<\/strong>\u00a0est con\u00e7ue pour hydrater, r\u00e9parer et apaiser les<strong>\u00a0pieds secs\u00a0<\/strong>pr\u00e9sentant des rugosit\u00e9s. Elle peut \u00e9galement convenir aux pieds ab\u00eem\u00e9s des personnes diab\u00e9tiques. Cette cr\u00e8me est appr\u00e9ci\u00e9e pour lutter contre la s\u00e9cheresse des pieds \u00e0 un stade l\u00e9ger ou avanc\u00e9. Elle peut \u00eatre appliqu\u00e9e quotidiennement pour prendre soin des\u00a0<strong>pieds crevass\u00e9s<\/strong>\u00a0ou fissur\u00e9s. Elle permet de soulager rapidement les sensations d\u2019inconfort associ\u00e9s \u00e0 la s\u00e9cheresse cutan\u00e9e, notamment les tiraillements, et de r\u00e9duire l\u2019aspect rugueux de la peau s\u00e8che.<\/p>\n<p>Les pieds repr\u00e9sentent l\u2019une des zones les plus fr\u00e9quemment expos\u00e9es au dess\u00e8chement cutan\u00e9. La peau s\u00e8che n\u2019est pas capable de r\u00e9guler correctement son hydratation, c\u2019est pourquoi elle a parfois besoin d\u2019un petit coup de pouce. Cette cr\u00e8me r\u00e9paratrice pour les pieds est compos\u00e9e d\u2019ingr\u00e9dients qui vont venir nourrir et r\u00e9g\u00e9n\u00e9rer l\u2019\u00e9piderme. On retrouve notamment dans la composition de la\u00a0<strong>glyc\u00e9rine<\/strong>\u00a0et de l\u2019<strong>ur\u00e9e<\/strong>, deux agents qui vont\u00a0<strong>hydrater la peau<\/strong>\u00a0en profondeur. L\u2019ur\u00e9e est particuli\u00e8rement recommand\u00e9e pour assurer \u00e0 vos pieds douceur et souplesse. Cette cr\u00e8me contient \u00e9galement des\u00a0<strong>c\u00e9ramides<\/strong>, qui sont des actifs reconnus pour leurs propri\u00e9t\u00e9s relipidantes et protectrices. Appliqu\u00e9e r\u00e9guli\u00e8rement, la cr\u00e8me pieds Eucerin Urea Repair Plus contribue \u00e0 lutter contre les talons fendill\u00e9s, les callosit\u00e9s et les durillons.<\/p>\n<p><strong>Contenance<\/strong>\u00a0: 1 tube de 100 ml<\/p>\n<p><strong>CONSEILS D\u2019UTILISATION<\/strong><\/p>\n<p>Appliquez matin et soir sur des pieds propres et secs.<\/p>\n<p><strong>COMPOSITION<\/strong><\/p>\n<p>Aqua, Urea, Glycerin, Cetearyl Alcohol, Caprylic \/ Capric Triglyceride, Glyceryl stearate, Ethylhexyl Cocoate, Hydrogenated Coco-Glycerides, Octyldodecanol, Sodium Lactate, Glyceryl stearate SE, Distarch phosphate, Ceramide NP, Lactic acid, Arginine HCl, Sodium PCA, Cholesterol, Helianthus annuus seed oil, Alanine, Carnitine, Glycine, Sodium Chloride, Dimethicone, Carbomer, Sorbitan stearate, Sodium cetearyl sulfate, Phenoxyethanol.<\/p>\n<p>&nbsp;<\/p>\n","protected":false},"excerpt":{"rendered":"<p>La\u00a0<strong>cr\u00e8me pour les pieds Urea Repair Plus\u00a0<\/strong>des laboratoires<strong>\u00a0Eucerin<\/strong>\u00a0est con\u00e7ue pour hydrater, r\u00e9parer et apaiser les<strong>\u00a0pieds secs\u00a0<\/strong>pr\u00e9sentant des rugosit\u00e9s.<\/p>\n","protected":false},"featured_media":344,"comment_status":"open","ping_status":"closed","template":"","meta":{"ocean_post_layout":"","ocean_both_sidebars_style":"","ocean_both_sidebars_content_width":0,"ocean_both_sidebars_sidebars_width":0,"ocean_sidebar":"0","ocean_second_sidebar":"0","ocean_disable_margins":"enable","ocean_add_body_class":"","ocean_shortcode_before_top_bar":"","ocean_shortcode_after_top_bar":"","ocean_shortcode_before_header":"","ocean_shortcode_after_header":"","ocean_has_shortcode":"","ocean_shortcode_after_title":"","ocean_shortcode_before_footer_widgets":"","ocean_shortcode_after_footer_widgets":"","ocean_shortcode_before_footer_bottom":"","ocean_shortcode_after_footer_bottom":"","ocean_display_top_bar":"default","ocean_display_header":"default","ocean_header_style":"","ocean_center_header_left_menu":"0","ocean_custom_header_template":"0","ocean_custom_logo":0,"ocean_custom_retina_logo":0,"ocean_custom_logo_max_width":0,"ocean_custom_logo_tablet_max_width":0,"ocean_custom_logo_mobile_max_width":0,"ocean_custom_logo_max_height":0,"ocean_custom_logo_tablet_max_height":0,"ocean_custom_logo_mobile_max_height":0,"ocean_header_custom_menu":"0","ocean_menu_typo_font_family":"0","ocean_menu_typo_font_subset":"","ocean_menu_typo_font_size":0,"ocean_menu_typo_font_size_tablet":0,"ocean_menu_typo_font_size_mobile":0,"ocean_menu_typo_font_size_unit":"px","ocean_menu_typo_font_weight":"","ocean_menu_typo_font_weight_tablet":"","ocean_menu_typo_font_weight_mobile":"","ocean_menu_typo_transform":"","ocean_menu_typo_transform_tablet":"","ocean_menu_typo_transform_mobile":"","ocean_menu_typo_line_height":0,"ocean_menu_typo_line_height_tablet":0,"ocean_menu_typo_line_height_mobile":0,"ocean_menu_typo_line_height_unit":"","ocean_menu_typo_spacing":0,"ocean_menu_typo_spacing_tablet":0,"ocean_menu_typo_spacing_mobile":0,"ocean_menu_typo_spacing_unit":"","ocean_menu_link_color":"","ocean_menu_link_color_hover":"","ocean_menu_link_color_active":"","ocean_menu_link_background":"","ocean_menu_link_hover_background":"","ocean_menu_link_active_background":"","ocean_menu_social_links_bg":"","ocean_menu_social_hover_links_bg":"","ocean_menu_social_links_color":"","ocean_menu_social_hover_links_color":"","ocean_disable_title":"default","ocean_disable_heading":"default","ocean_post_title":"","ocean_post_subheading":"","ocean_post_title_style":"","ocean_post_title_background_color":"","ocean_post_title_background":0,"ocean_post_title_bg_image_position":"","ocean_post_title_bg_image_attachment":"","ocean_post_title_bg_image_repeat":"","ocean_post_title_bg_image_size":"","ocean_post_title_height":0,"ocean_post_title_bg_overlay":0.5,"ocean_post_title_bg_overlay_color":"","ocean_disable_breadcrumbs":"default","ocean_breadcrumbs_color":"","ocean_breadcrumbs_separator_color":"","ocean_breadcrumbs_links_color":"","ocean_breadcrumbs_links_hover_color":"","ocean_display_footer_widgets":"default","ocean_display_footer_bottom":"default","ocean_custom_footer_template":"0"},"product_brand":[],"product_cat":[22,47,49,35],"product_tag":[],"class_list":{"0":"post-343","1":"product","2":"type-product","3":"status-publish","4":"has-post-thumbnail","6":"product_cat-corps","7":"product_cat-soins-corps","8":"product_cat-soins-des-pieds","9":"product_cat-soins-hydratants-et-nourrissants","11":"entry","12":"has-media","14":"first","15":"instock","16":"taxable","17":"shipping-taxable","18":"purchasable","19":"product-type-simple","20":"has-product-nav","21":"col","22":"span_1_of_3","23":"owp-content-center","24":"owp-thumbs-layout-horizontal","25":"owp-btn-normal","26":"owp-tabs-layout-horizontal","27":"has-no-thumbnails"},"_links":{"self":[{"href":"https:\/\/ellypara.com\/index.php\/wp-json\/wp\/v2\/product\/343","targetHints":{"allow":["GET"]}}],"collection":[{"href":"https:\/\/ellypara.com\/index.php\/wp-json\/wp\/v2\/product"}],"about":[{"href":"https:\/\/ellypara.com\/index.php\/wp-json\/wp\/v2\/types\/product"}],"replies":[{"embeddable":true,"href":"https:\/\/ellypara.com\/index.php\/wp-json\/wp\/v2\/comments?post=343"}],"wp:featuredmedia":[{"embeddable":true,"href":"https:\/\/ellypara.com\/index.php\/wp-json\/wp\/v2\/media\/344"}],"wp:attachment":[{"href":"https:\/\/ellypara.com\/index.php\/wp-json\/wp\/v2\/media?parent=343"}],"wp:term":[{"taxonomy":"product_brand","embeddable":true,"href":"https:\/\/ellypara.com\/index.php\/wp-json\/wp\/v2\/product_brand?post=343"},{"taxonomy":"product_cat","embeddable":true,"href":"https:\/\/ellypara.com\/index.php\/wp-json\/wp\/v2\/product_cat?post=343"},{"taxonomy":"product_tag","embeddable":true,"href":"https:\/\/ellypara.com\/index.php\/wp-json\/wp\/v2\/product_tag?post=343"}],"curies":[{"name":"wp","href":"https:\/\/api.w.org\/{rel}","templated":true}]}}